{"id":906,"date":"2024-04-11T10:28:00","date_gmt":"2024-04-11T08:28:00","guid":{"rendered":"https:\/\/asinorge.no\/?page_id=906"},"modified":"2024-04-11T16:10:18","modified_gmt":"2024-04-11T14:10:18","slug":"stovnedfallsmalinger","status":"publish","type":"page","link":"https:\/\/asinorge.no\/en\/stovnedfallsmalinger\/","title":{"rendered":"ST\u00d8VNEDFALLSM\u00c5LINGER"},"content":{"rendered":"<div class=\"wp-block-cover alignfull is-light\" style=\"min-height:625px;aspect-ratio:unset;\"><span aria-hidden=\"true\" class=\"wp-block-cover__background has-background-dim-70 has-background-dim wp-block-cover__gradient-background has-background-gradient\" style=\"background-color:#c5c2bf;background:linear-gradient(135deg,rgb(255,255,255) 0%,rgb(125,0,0) 48%,rgb(64,0,0) 100%)\"><\/span><img loading=\"lazy\" decoding=\"async\" width=\"1100\" height=\"619\" class=\"wp-block-cover__image-background wp-image-1160\" alt=\"\" src=\"https:\/\/asinorge.no\/wp-content\/uploads\/2024\/04\/large-truck-carrying-sand-platinum-mining-site-africa_181624-60189.jpg\" style=\"object-position:74% 100%\" data-object-fit=\"cover\" data-object-position=\"74% 100%\" srcset=\"https:\/\/asinorge.no\/wp-content\/uploads\/2024\/04\/large-truck-carrying-sand-platinum-mining-site-africa_181624-60189.jpg 1100w, https:\/\/asinorge.no\/wp-content\/uploads\/2024\/04\/large-truck-carrying-sand-platinum-mining-site-africa_181624-60189-300x169.jpg 300w, https:\/\/asinorge.no\/wp-content\/uploads\/2024\/04\/large-truck-carrying-sand-platinum-mining-site-africa_181624-60189-1024x576.jpg 1024w, https:\/\/asinorge.no\/wp-content\/uploads\/2024\/04\/large-truck-carrying-sand-platinum-mining-site-africa_181624-60189-768x432.jpg 768w, https:\/\/asinorge.no\/wp-content\/uploads\/2024\/04\/large-truck-carrying-sand-platinum-mining-site-africa_181624-60189-18x10.jpg 18w\" sizes=\"auto, (max-width: 1100px) 100vw, 1100px\" \/><div class=\"wp-block-cover__inner-container is-layout-flow wp-block-cover-is-layout-flow\">\n<div style=\"height:106px\" aria-hidden=\"true\" class=\"wp-block-spacer\"><\/div>\n\n\n\n<h1 class=\"wp-block-heading has-text-align-center\">ST\u00d8VNEDFALLSM\u00c5LINGER<\/h1>\n\n\n\n<p class=\"has-text-align-center has-medium-font-size\"><\/p>\n<\/div><\/div>\n\n\n\n<div style=\"height:99px\" aria-hidden=\"true\" class=\"wp-block-spacer\"><\/div>\n\n\n\n<p>ASI Norge AS er akkreditert for \u00e5 m\u00e5le st\u00f8vnedfall i henhold til standard NS-4852. En st\u00f8vm\u00e5ling kan v\u00e6re aktuelt for sandtak og steinknuseverk som ihht. forurensingsforskriften \u00a7 30-5 (utslipp av st\u00f8v), har krav om \u00e5 dokumenter utslipp av steinst\u00f8v\/st\u00f8v\/partikler og st\u00f8vflukt mot naboer n\u00e6rmere enn 500 meter fra virksomheten, eller annen nabo som blir mer utsatt (jf. \u00a7 30-9).<\/p>\n\n\n\n<figure class=\"wp-block-image alignright size-full is-resized\"><img loading=\"lazy\" decoding=\"async\" width=\"1000\" height=\"656\" src=\"https:\/\/asinorge.no\/wp-content\/uploads\/2024\/04\/20190325_153313.jpg\" alt=\"\" class=\"wp-image-1118\" style=\"width:600px\" srcset=\"https:\/\/asinorge.no\/wp-content\/uploads\/2024\/04\/20190325_153313.jpg 1000w, https:\/\/asinorge.no\/wp-content\/uploads\/2024\/04\/20190325_153313-300x197.jpg 300w, https:\/\/asinorge.no\/wp-content\/uploads\/2024\/04\/20190325_153313-768x504.jpg 768w, https:\/\/asinorge.no\/wp-content\/uploads\/2024\/04\/20190325_153313-18x12.jpg 18w\" sizes=\"auto, (max-width: 1000px) 100vw, 1000px\" \/><\/figure>\n\n\n\n<p>St\u00f8vnedfallsm\u00e5lingen gj\u00f8res som mineralsk st\u00f8vnedfall, men totalt og organisk st\u00f8vnedfall kan ogs\u00e5 rapporteres. Resultatene rapporteres som gram \/ 30 d\u00f8gn \/ m3.<\/p>\n\n\n\n<p>Enkelte industribedrifter har ogs\u00e5 krav om slike m\u00e5linger, og selve st\u00f8vnedfallsm\u00e5lingen kan da ogs\u00e5 suppleres med m\u00e5linger av grunnstoff-sammensetningen i st\u00f8vnedfallet.<\/p>\n\n\n\n<p>St\u00f8vm\u00e5lingen utf\u00f8res ved at personell fra ASI Norge setter ut st\u00f8vsamlere og gir oppl\u00e6ring til personell ved bedriften. Bedriften sender deretter inn pr\u00f8ver en gang per m\u00e5ned for analyse og akkreditert beregning av st\u00f8vnedfall.<\/p>\n\n\n\n<div style=\"height:100px\" aria-hidden=\"true\" class=\"wp-block-spacer\"><\/div>","protected":false},"excerpt":{"rendered":"<p>ASI Norge AS er akkreditert for \u00e5 m\u00e5le st\u00f8vnedfall i henhold til standard NS-4852. En st\u00f8vm\u00e5ling kan v\u00e6re aktuelt for sandtak og steinknuseverk som ihht. forurensingsforskriften \u00a7 30-5 (utslipp av st\u00f8v), har krav om \u00e5 dokumenter utslipp av steinst\u00f8v\/st\u00f8v\/partikler og st\u00f8vflukt mot naboer n\u00e6rmere enn 500 meter fra virksomheten, eller annen nabo som blir mer [&hellip;]<\/p>\n","protected":false},"author":1,"featured_media":0,"parent":0,"menu_order":0,"comment_status":"closed","ping_status":"closed","template":"","meta":{"_uag_custom_page_level_css":"","site-sidebar-layout":"default","site-content-layout":"","ast-site-content-layout":"default","site-content-style":"default","site-sidebar-style":"default","ast-global-header-display":"","ast-banner-title-visibility":"","ast-main-header-display":"","ast-hfb-above-header-display":"","ast-hfb-below-header-display":"","ast-hfb-mobile-header-display":"","site-post-title":"disabled","ast-breadcrumbs-content":"","ast-featured-img":"","footer-sml-layout":"","ast-disable-related-posts":"","theme-transparent-header-meta":"disabled","adv-header-id-meta":"","stick-header-meta":"","header-above-stick-meta":"","header-main-stick-meta":"","header-below-stick-meta":"","astra-migrate-meta-layouts":"set","ast-page-background-enabled":"default","ast-page-background-meta":{"desktop":{"background-color":"var(--ast-global-color-4)","background-image":"","background-repeat":"repeat","background-position":"center center","background-size":"auto","background-attachment":"scroll","background-type":"","background-media":"","overlay-type":"","overlay-color":"","overlay-opacity":"","overlay-gradient":""},"tablet":{"background-color":"","background-image":"","background-repeat":"repeat","background-position":"center center","background-size":"auto","background-attachment":"scroll","background-type":"","background-media":"","overlay-type":"","overlay-color":"","overlay-opacity":"","overlay-gradient":""},"mobile":{"background-color":"","background-image":"","background-repeat":"repeat","background-position":"center center","background-size":"auto","background-attachment":"scroll","background-type":"","background-media":"","overlay-type":"","overlay-color":"","overlay-opacity":"","overlay-gradient":""}},"ast-content-background-meta":{"desktop":{"background-color":"var(--ast-global-color-5)","background-image":"","background-repeat":"repeat","background-position":"center center","background-size":"auto","background-attachment":"scroll","background-type":"","background-media":"","overlay-type":"","overlay-color":"","overlay-opacity":"","overlay-gradient":""},"tablet":{"background-color":"var(--ast-global-color-5)","background-image":"","background-repeat":"repeat","background-position":"center center","background-size":"auto","background-attachment":"scroll","background-type":"","background-media":"","overlay-type":"","overlay-color":"","overlay-opacity":"","overlay-gradient":""},"mobile":{"background-color":"var(--ast-global-color-5)","background-image":"","background-repeat":"repeat","background-position":"center center","background-size":"auto","background-attachment":"scroll","background-type":"","background-media":"","overlay-type":"","overlay-color":"","overlay-opacity":"","overlay-gradient":""}},"footnotes":""},"class_list":["post-906","page","type-page","status-publish","hentry"],"yoast_head":"<!-- This site is optimized with the Yoast SEO plugin v27.4 - https:\/\/yoast.com\/product\/yoast-seo-wordpress\/ -->\n<title>ST\u00d8VNEDFALLSM\u00c5LINGER - Alex Stewart International Norge AS<\/title>\n<meta name=\"description\" content=\"ASI Norge AS er akkreditert for \u00e5 m\u00e5le st\u00f8vnedfall i henhold til standard NS-4852. En st\u00f8vm\u00e5ling kan v\u00e6re aktuelt for sandtak og steinknuseverk som ihht. forurensingsforskriften \u00a7 30-5 (utslipp av st\u00f8v), har krav om \u00e5 dokumenter utslipp av steinst\u00f8v\/st\u00f8v\/partikler og st\u00f8vflukt mot naboer n\u00e6rmere enn 500 meter fra virksomheten, eller annen nabo som blir mer utsatt (jf. \u00a7 30-9).\" \/>\n<meta name=\"robots\" content=\"index, follow, max-snippet:-1, max-image-preview:large, max-video-preview:-1\" \/>\n<link rel=\"canonical\" href=\"https:\/\/asinorge.no\/en\/stovnedfallsmalinger\/\" \/>\n<meta property=\"og:locale\" content=\"en_US\" \/>\n<meta property=\"og:type\" content=\"article\" \/>\n<meta property=\"og:title\" content=\"ST\u00d8VNEDFALLSM\u00c5LINGER - Alex Stewart International Norge AS\" \/>\n<meta property=\"og:description\" content=\"ASI Norge AS er akkreditert for \u00e5 m\u00e5le st\u00f8vnedfall i henhold til standard NS-4852. En st\u00f8vm\u00e5ling kan v\u00e6re aktuelt for sandtak og steinknuseverk som ihht. forurensingsforskriften \u00a7 30-5 (utslipp av st\u00f8v), har krav om \u00e5 dokumenter utslipp av steinst\u00f8v\/st\u00f8v\/partikler og st\u00f8vflukt mot naboer n\u00e6rmere enn 500 meter fra virksomheten, eller annen nabo som blir mer utsatt (jf. \u00a7 30-9).\" \/>\n<meta property=\"og:url\" content=\"https:\/\/asinorge.no\/en\/stovnedfallsmalinger\/\" \/>\n<meta property=\"og:site_name\" content=\"Alex Stewart International Norge AS\" \/>\n<meta property=\"article:publisher\" content=\"https:\/\/www.facebook.com\/slabstord\/\" \/>\n<meta property=\"article:modified_time\" content=\"2024-04-11T14:10:18+00:00\" \/>\n<meta property=\"og:image\" content=\"https:\/\/asinorge.no\/wp-content\/uploads\/2024\/04\/large-truck-carrying-sand-platinum-mining-site-africa_181624-60189.jpg\" \/>\n<meta name=\"twitter:card\" content=\"summary_large_image\" \/>\n<meta name=\"twitter:label1\" content=\"Est. reading time\" \/>\n\t<meta name=\"twitter:data1\" content=\"2 minutes\" \/>\n<script type=\"application\/ld+json\" class=\"yoast-schema-graph\">{\"@context\":\"https:\\\/\\\/schema.org\",\"@graph\":[{\"@type\":\"WebPage\",\"@id\":\"https:\\\/\\\/asinorge.no\\\/stovnedfallsmalinger\\\/\",\"url\":\"https:\\\/\\\/asinorge.no\\\/stovnedfallsmalinger\\\/\",\"name\":\"ST\u00d8VNEDFALLSM\u00c5LINGER - Alex Stewart International Norge AS\",\"isPartOf\":{\"@id\":\"https:\\\/\\\/asinorge.no\\\/#website\"},\"primaryImageOfPage\":{\"@id\":\"https:\\\/\\\/asinorge.no\\\/stovnedfallsmalinger\\\/#primaryimage\"},\"image\":{\"@id\":\"https:\\\/\\\/asinorge.no\\\/stovnedfallsmalinger\\\/#primaryimage\"},\"thumbnailUrl\":\"https:\\\/\\\/asinorge.no\\\/wp-content\\\/uploads\\\/2024\\\/04\\\/large-truck-carrying-sand-platinum-mining-site-africa_181624-60189.jpg\",\"datePublished\":\"2024-04-11T08:28:00+00:00\",\"dateModified\":\"2024-04-11T14:10:18+00:00\",\"description\":\"ASI Norge AS er akkreditert for \u00e5 m\u00e5le st\u00f8vnedfall i henhold til standard NS-4852. En st\u00f8vm\u00e5ling kan v\u00e6re aktuelt for sandtak og steinknuseverk som ihht. forurensingsforskriften \u00a7 30-5 (utslipp av st\u00f8v), har krav om \u00e5 dokumenter utslipp av steinst\u00f8v\\\/st\u00f8v\\\/partikler og st\u00f8vflukt mot naboer n\u00e6rmere enn 500 meter fra virksomheten, eller annen nabo som blir mer utsatt (jf. \u00a7 30-9).\",\"breadcrumb\":{\"@id\":\"https:\\\/\\\/asinorge.no\\\/stovnedfallsmalinger\\\/#breadcrumb\"},\"inLanguage\":\"en-US\",\"potentialAction\":[{\"@type\":\"ReadAction\",\"target\":[\"https:\\\/\\\/asinorge.no\\\/stovnedfallsmalinger\\\/\"]}]},{\"@type\":\"ImageObject\",\"inLanguage\":\"en-US\",\"@id\":\"https:\\\/\\\/asinorge.no\\\/stovnedfallsmalinger\\\/#primaryimage\",\"url\":\"https:\\\/\\\/asinorge.no\\\/wp-content\\\/uploads\\\/2024\\\/04\\\/large-truck-carrying-sand-platinum-mining-site-africa_181624-60189.jpg\",\"contentUrl\":\"https:\\\/\\\/asinorge.no\\\/wp-content\\\/uploads\\\/2024\\\/04\\\/large-truck-carrying-sand-platinum-mining-site-africa_181624-60189.jpg\"},{\"@type\":\"BreadcrumbList\",\"@id\":\"https:\\\/\\\/asinorge.no\\\/stovnedfallsmalinger\\\/#breadcrumb\",\"itemListElement\":[{\"@type\":\"ListItem\",\"position\":1,\"name\":\"Hjem\",\"item\":\"https:\\\/\\\/asinorge.no\\\/\"},{\"@type\":\"ListItem\",\"position\":2,\"name\":\"ST\u00d8VNEDFALLSM\u00c5LINGER\"}]},{\"@type\":\"WebSite\",\"@id\":\"https:\\\/\\\/asinorge.no\\\/#website\",\"url\":\"https:\\\/\\\/asinorge.no\\\/\",\"name\":\"Alex Stewart International Norge AS\",\"description\":\"Konsulent og laboratorietjenester\",\"publisher\":{\"@id\":\"https:\\\/\\\/asinorge.no\\\/#organization\"},\"alternateName\":\"ASI NORGE AS\",\"potentialAction\":[{\"@type\":\"SearchAction\",\"target\":{\"@type\":\"EntryPoint\",\"urlTemplate\":\"https:\\\/\\\/asinorge.no\\\/?s={search_term_string}\"},\"query-input\":{\"@type\":\"PropertyValueSpecification\",\"valueRequired\":true,\"valueName\":\"search_term_string\"}}],\"inLanguage\":\"en-US\"},{\"@type\":\"Organization\",\"@id\":\"https:\\\/\\\/asinorge.no\\\/#organization\",\"name\":\"Alex Stewart International Norge AS\",\"url\":\"https:\\\/\\\/asinorge.no\\\/\",\"logo\":{\"@type\":\"ImageObject\",\"inLanguage\":\"en-US\",\"@id\":\"https:\\\/\\\/asinorge.no\\\/#\\\/schema\\\/logo\\\/image\\\/\",\"url\":\"https:\\\/\\\/asinorge.no\\\/wp-content\\\/uploads\\\/2023\\\/11\\\/cropped-ASi-Logony.png\",\"contentUrl\":\"https:\\\/\\\/asinorge.no\\\/wp-content\\\/uploads\\\/2023\\\/11\\\/cropped-ASi-Logony.png\",\"width\":943,\"height\":246,\"caption\":\"Alex Stewart International Norge AS\"},\"image\":{\"@id\":\"https:\\\/\\\/asinorge.no\\\/#\\\/schema\\\/logo\\\/image\\\/\"},\"sameAs\":[\"https:\\\/\\\/www.facebook.com\\\/slabstord\\\/\",\"https:\\\/\\\/no.linkedin.com\\\/in\\\/alex-stewart-international-norge-as-avd-stord-11a5421a3\"]}]}<\/script>\n<!-- \/ Yoast SEO plugin. -->","yoast_head_json":{"title":"ST\u00d8VNEDFALLSM\u00c5LINGER - Alex Stewart International Norge AS","description":"ASI Norge AS er akkreditert for \u00e5 m\u00e5le st\u00f8vnedfall i henhold til standard NS-4852. En st\u00f8vm\u00e5ling kan v\u00e6re aktuelt for sandtak og steinknuseverk som ihht. forurensingsforskriften \u00a7 30-5 (utslipp av st\u00f8v), har krav om \u00e5 dokumenter utslipp av steinst\u00f8v\/st\u00f8v\/partikler og st\u00f8vflukt mot naboer n\u00e6rmere enn 500 meter fra virksomheten, eller annen nabo som blir mer utsatt (jf. \u00a7 30-9).","robots":{"index":"index","follow":"follow","max-snippet":"max-snippet:-1","max-image-preview":"max-image-preview:large","max-video-preview":"max-video-preview:-1"},"canonical":"https:\/\/asinorge.no\/en\/stovnedfallsmalinger\/","og_locale":"en_US","og_type":"article","og_title":"ST\u00d8VNEDFALLSM\u00c5LINGER - Alex Stewart International Norge AS","og_description":"ASI Norge AS er akkreditert for \u00e5 m\u00e5le st\u00f8vnedfall i henhold til standard NS-4852. En st\u00f8vm\u00e5ling kan v\u00e6re aktuelt for sandtak og steinknuseverk som ihht. forurensingsforskriften \u00a7 30-5 (utslipp av st\u00f8v), har krav om \u00e5 dokumenter utslipp av steinst\u00f8v\/st\u00f8v\/partikler og st\u00f8vflukt mot naboer n\u00e6rmere enn 500 meter fra virksomheten, eller annen nabo som blir mer utsatt (jf. \u00a7 30-9).","og_url":"https:\/\/asinorge.no\/en\/stovnedfallsmalinger\/","og_site_name":"Alex Stewart International Norge AS","article_publisher":"https:\/\/www.facebook.com\/slabstord\/","article_modified_time":"2024-04-11T14:10:18+00:00","og_image":[{"url":"https:\/\/asinorge.no\/wp-content\/uploads\/2024\/04\/large-truck-carrying-sand-platinum-mining-site-africa_181624-60189.jpg","type":"","width":"","height":""}],"twitter_card":"summary_large_image","twitter_misc":{"Est. reading time":"2 minutes"},"schema":{"@context":"https:\/\/schema.org","@graph":[{"@type":"WebPage","@id":"https:\/\/asinorge.no\/stovnedfallsmalinger\/","url":"https:\/\/asinorge.no\/stovnedfallsmalinger\/","name":"ST\u00d8VNEDFALLSM\u00c5LINGER - Alex Stewart International Norge AS","isPartOf":{"@id":"https:\/\/asinorge.no\/#website"},"primaryImageOfPage":{"@id":"https:\/\/asinorge.no\/stovnedfallsmalinger\/#primaryimage"},"image":{"@id":"https:\/\/asinorge.no\/stovnedfallsmalinger\/#primaryimage"},"thumbnailUrl":"https:\/\/asinorge.no\/wp-content\/uploads\/2024\/04\/large-truck-carrying-sand-platinum-mining-site-africa_181624-60189.jpg","datePublished":"2024-04-11T08:28:00+00:00","dateModified":"2024-04-11T14:10:18+00:00","description":"ASI Norge AS er akkreditert for \u00e5 m\u00e5le st\u00f8vnedfall i henhold til standard NS-4852. En st\u00f8vm\u00e5ling kan v\u00e6re aktuelt for sandtak og steinknuseverk som ihht. forurensingsforskriften \u00a7 30-5 (utslipp av st\u00f8v), har krav om \u00e5 dokumenter utslipp av steinst\u00f8v\/st\u00f8v\/partikler og st\u00f8vflukt mot naboer n\u00e6rmere enn 500 meter fra virksomheten, eller annen nabo som blir mer utsatt (jf. \u00a7 30-9).","breadcrumb":{"@id":"https:\/\/asinorge.no\/stovnedfallsmalinger\/#breadcrumb"},"inLanguage":"en-US","potentialAction":[{"@type":"ReadAction","target":["https:\/\/asinorge.no\/stovnedfallsmalinger\/"]}]},{"@type":"ImageObject","inLanguage":"en-US","@id":"https:\/\/asinorge.no\/stovnedfallsmalinger\/#primaryimage","url":"https:\/\/asinorge.no\/wp-content\/uploads\/2024\/04\/large-truck-carrying-sand-platinum-mining-site-africa_181624-60189.jpg","contentUrl":"https:\/\/asinorge.no\/wp-content\/uploads\/2024\/04\/large-truck-carrying-sand-platinum-mining-site-africa_181624-60189.jpg"},{"@type":"BreadcrumbList","@id":"https:\/\/asinorge.no\/stovnedfallsmalinger\/#breadcrumb","itemListElement":[{"@type":"ListItem","position":1,"name":"Hjem","item":"https:\/\/asinorge.no\/"},{"@type":"ListItem","position":2,"name":"ST\u00d8VNEDFALLSM\u00c5LINGER"}]},{"@type":"WebSite","@id":"https:\/\/asinorge.no\/#website","url":"https:\/\/asinorge.no\/","name":"Alex Stewart International Norge AS","description":"Konsulent og laboratorietjenester","publisher":{"@id":"https:\/\/asinorge.no\/#organization"},"alternateName":"ASI NORGE AS","potentialAction":[{"@type":"SearchAction","target":{"@type":"EntryPoint","urlTemplate":"https:\/\/asinorge.no\/?s={search_term_string}"},"query-input":{"@type":"PropertyValueSpecification","valueRequired":true,"valueName":"search_term_string"}}],"inLanguage":"en-US"},{"@type":"Organization","@id":"https:\/\/asinorge.no\/#organization","name":"Alex Stewart International Norge AS","url":"https:\/\/asinorge.no\/","logo":{"@type":"ImageObject","inLanguage":"en-US","@id":"https:\/\/asinorge.no\/#\/schema\/logo\/image\/","url":"https:\/\/asinorge.no\/wp-content\/uploads\/2023\/11\/cropped-ASi-Logony.png","contentUrl":"https:\/\/asinorge.no\/wp-content\/uploads\/2023\/11\/cropped-ASi-Logony.png","width":943,"height":246,"caption":"Alex Stewart International Norge AS"},"image":{"@id":"https:\/\/asinorge.no\/#\/schema\/logo\/image\/"},"sameAs":["https:\/\/www.facebook.com\/slabstord\/","https:\/\/no.linkedin.com\/in\/alex-stewart-international-norge-as-avd-stord-11a5421a3"]}]}},"uagb_featured_image_src":{"full":false,"thumbnail":false,"medium":false,"medium_large":false,"large":false,"1536x1536":false,"2048x2048":false,"trp-custom-language-flag":false},"uagb_author_info":{"display_name":"ASI Norge AS","author_link":"https:\/\/asinorge.no\/en\/author\/malin_brady\/"},"uagb_comment_info":0,"uagb_excerpt":"ASI Norge AS er akkreditert for \u00e5 m\u00e5le st\u00f8vnedfall i henhold til standard NS-4852. En st\u00f8vm\u00e5ling kan v\u00e6re aktuelt for sandtak og steinknuseverk som ihht. forurensingsforskriften \u00a7 30-5 (utslipp av st\u00f8v), har krav om \u00e5 dokumenter utslipp av steinst\u00f8v\/st\u00f8v\/partikler og st\u00f8vflukt mot naboer n\u00e6rmere enn 500 meter fra virksomheten, eller annen nabo som blir mer&hellip;","jetpack_sharing_enabled":true,"_links":{"self":[{"href":"https:\/\/asinorge.no\/en\/wp-json\/wp\/v2\/pages\/906","targetHints":{"allow":["GET"]}}],"collection":[{"href":"https:\/\/asinorge.no\/en\/wp-json\/wp\/v2\/pages"}],"about":[{"href":"https:\/\/asinorge.no\/en\/wp-json\/wp\/v2\/types\/page"}],"author":[{"embeddable":true,"href":"https:\/\/asinorge.no\/en\/wp-json\/wp\/v2\/users\/1"}],"replies":[{"embeddable":true,"href":"https:\/\/asinorge.no\/en\/wp-json\/wp\/v2\/comments?post=906"}],"version-history":[{"count":9,"href":"https:\/\/asinorge.no\/en\/wp-json\/wp\/v2\/pages\/906\/revisions"}],"predecessor-version":[{"id":1164,"href":"https:\/\/asinorge.no\/en\/wp-json\/wp\/v2\/pages\/906\/revisions\/1164"}],"wp:attachment":[{"href":"https:\/\/asinorge.no\/en\/wp-json\/wp\/v2\/media?parent=906"}],"curies":[{"name":"wp","href":"https:\/\/api.w.org\/{rel}","templated":true}]}}