{"id":858,"date":"2024-01-11T13:21:10","date_gmt":"2024-01-11T12:21:10","guid":{"rendered":"https:\/\/asinorge.no\/?page_id=858"},"modified":"2024-02-16T13:40:08","modified_gmt":"2024-02-16T12:40:08","slug":"login","status":"publish","type":"page","link":"https:\/\/asinorge.no\/en\/login\/","title":{"rendered":"LOGG INN &#8211; KUNDEPORTAL"},"content":{"rendered":"<div class=\"wp-block-cover alignfull is-light has-ast-global-color-8-color has-text-color has-link-color wp-elements-91789a54256569d88c6c434488d78145\" style=\"min-height:1161px;aspect-ratio:unset;\"><span aria-hidden=\"true\" class=\"wp-block-cover__background has-vivid-red-background-color has-background-dim\"><\/span><img loading=\"lazy\" decoding=\"async\" width=\"2106\" height=\"1406\" class=\"wp-block-cover__image-background wp-image-862\" alt=\"\" src=\"https:\/\/asinorge.no\/wp-content\/uploads\/2024\/01\/testtube.jpg\" data-object-fit=\"cover\" srcset=\"https:\/\/asinorge.no\/wp-content\/uploads\/2024\/01\/testtube.jpg 2106w, https:\/\/asinorge.no\/wp-content\/uploads\/2024\/01\/testtube-300x200.jpg 300w, https:\/\/asinorge.no\/wp-content\/uploads\/2024\/01\/testtube-1024x684.jpg 1024w, https:\/\/asinorge.no\/wp-content\/uploads\/2024\/01\/testtube-768x513.jpg 768w, https:\/\/asinorge.no\/wp-content\/uploads\/2024\/01\/testtube-1536x1025.jpg 1536w, https:\/\/asinorge.no\/wp-content\/uploads\/2024\/01\/testtube-2048x1367.jpg 2048w, https:\/\/asinorge.no\/wp-content\/uploads\/2024\/01\/testtube-18x12.jpg 18w\" sizes=\"auto, (max-width: 2106px) 100vw, 2106px\" \/><div class=\"wp-block-cover__inner-container is-layout-constrained wp-block-cover-is-layout-constrained\">\n<div class=\"wp-block-columns is-layout-flex wp-container-core-columns-is-layout-28f84493 wp-block-columns-is-layout-flex\">\n<div class=\"wp-block-column is-layout-flow wp-block-column-is-layout-flow\"><\/div>\n\n\n\n<div class=\"wp-block-column has-background is-layout-flow wp-block-column-is-layout-flow\" style=\"background-color:#ffffffcf;flex-basis:600px\">\n<div style=\"height:55px\" aria-hidden=\"true\" class=\"wp-block-spacer\"><\/div>\n\n\n\n\n<div id=\"boks\">\n    \n        <div id=\"form\">\n    <div align= \"center\"> \n\n     <img decoding=\"async\" src=\"https:\/\/asinorge.no\/wp-content\/uploads\/2024\/01\/ASi-Logony.png\"  class=\"loginimg\"x alt=\"loginbilde\" width=\"60%\"\/><br><br>\n      \n     <form onsubmit=\"return validation();\" enctype=\"text\/plain\" action=\"https:\/\/www.labweb.no\/Labsvar\/slab\/Labsvar.exe\/CheckUser\" method=\"POST\" name=\"calform\" >\n \n<input type=\"text\"  tabindex=\"1\" style=\"text-transform: lowercase; color: #514E4E; font-family:montserrat; font-size: 14pt\" size=\"17\" name=\"TKundeNr\" value=\"Brukernavn\" \/><br><br>\n\n    <input type=\"password\" tabindex=\"2\" style=\"text-transform: uppercase; color: #000; font-family:montserrat; font-size: 14pt\" size=\"17\" name=\"TPassord\" value=\"Passord\" \/><br><br>\n          \n          \n    <input type=\"submit\" class=\"btn\" tabindex=\"3\" style=\"color: #fff; font-family: montserrat; font-size: 14pt; font-weight: bold;  background-color:#FF0000\" name=\"B1\" value=\"Login\" formtarget=\"_blank\"  \/><\/div><\/form><\/div>\n    \n    <\/div>\n\n\n\n<div style=\"height:28px\" aria-hidden=\"true\" class=\"wp-block-spacer\"><\/div>\n\n\n\n<p class=\"has-text-align-center has-ast-global-color-8-color has-text-color has-link-color wp-elements-e9cbe78915a119f90b3d2994b743bc89\" style=\"font-size:16px\">Glemt brukernavn eller passord?<br>\u00d8nsker du tilgang til v\u00e5r kundeportal, ta kontakt<br>per epost:\u00a0<a href=\"mailto:malin@slab.no\">malin@slab.no<\/a><\/p>\n\n\n\n<div style=\"height:95px\" aria-hidden=\"true\" class=\"wp-block-spacer\"><\/div>\n<\/div>\n\n\n\n<div class=\"wp-block-column is-layout-flow wp-block-column-is-layout-flow\"><\/div>\n<\/div>\n<\/div><\/div>","protected":false},"excerpt":{"rendered":"","protected":false},"author":1,"featured_media":0,"parent":0,"menu_order":0,"comment_status":"closed","ping_status":"closed","template":"","meta":{"_uag_custom_page_level_css":"","site-sidebar-layout":"default","site-content-layout":"","ast-site-content-layout":"default","site-content-style":"default","site-sidebar-style":"default","ast-global-header-display":"","ast-banner-title-visibility":"","ast-main-header-display":"","ast-hfb-above-header-display":"","ast-hfb-below-header-display":"","ast-hfb-mobile-header-display":"","site-post-title":"disabled","ast-breadcrumbs-content":"","ast-featured-img":"","footer-sml-layout":"","ast-disable-related-posts":"","theme-transparent-header-meta":"disabled","adv-header-id-meta":"","stick-header-meta":"","header-above-stick-meta":"","header-main-stick-meta":"","header-below-stick-meta":"","astra-migrate-meta-layouts":"set","ast-page-background-enabled":"default","ast-page-background-meta":{"desktop":{"background-color":"var(--ast-global-color-4)","background-image":"","background-repeat":"repeat","background-position":"center center","background-size":"auto","background-attachment":"scroll","background-type":"","background-media":"","overlay-type":"","overlay-color":"","overlay-opacity":"","overlay-gradient":""},"tablet":{"background-color":"","background-image":"","background-repeat":"repeat","background-position":"center center","background-size":"auto","background-attachment":"scroll","background-type":"","background-media":"","overlay-type":"","overlay-color":"","overlay-opacity":"","overlay-gradient":""},"mobile":{"background-color":"","background-image":"","background-repeat":"repeat","background-position":"center center","background-size":"auto","background-attachment":"scroll","background-type":"","background-media":"","overlay-type":"","overlay-color":"","overlay-opacity":"","overlay-gradient":""}},"ast-content-background-meta":{"desktop":{"background-color":"var(--ast-global-color-5)","background-image":"","background-repeat":"repeat","background-position":"center center","background-size":"auto","background-attachment":"scroll","background-type":"","background-media":"","overlay-type":"","overlay-color":"","overlay-opacity":"","overlay-gradient":""},"tablet":{"background-color":"var(--ast-global-color-5)","background-image":"","background-repeat":"repeat","background-position":"center center","background-size":"auto","background-attachment":"scroll","background-type":"","background-media":"","overlay-type":"","overlay-color":"","overlay-opacity":"","overlay-gradient":""},"mobile":{"background-color":"var(--ast-global-color-5)","background-image":"","background-repeat":"repeat","background-position":"center center","background-size":"auto","background-attachment":"scroll","background-type":"","background-media":"","overlay-type":"","overlay-color":"","overlay-opacity":"","overlay-gradient":""}},"footnotes":""},"class_list":["post-858","page","type-page","status-publish","hentry"],"yoast_head":"<!-- This site is optimized with the Yoast SEO plugin v27.4 - https:\/\/yoast.com\/product\/yoast-seo-wordpress\/ -->\n<title>LOGG INN - KUNDEPORTAL - Alex Stewart International Norge AS<\/title>\n<meta name=\"description\" content=\"Her kan du logge inn p\u00e5 v\u00e5r kundeportal for \u00e5 hente ut analyseresultater knytt til din bruker\/bedrift. Ta kontakt med oss for \u00e5 opprette en konto.\" \/>\n<meta name=\"robots\" content=\"index, follow, max-snippet:-1, max-image-preview:large, max-video-preview:-1\" \/>\n<link rel=\"canonical\" href=\"https:\/\/asinorge.no\/en\/login\/\" \/>\n<meta property=\"og:locale\" content=\"en_US\" \/>\n<meta property=\"og:type\" content=\"article\" \/>\n<meta property=\"og:title\" content=\"LOGG INN - KUNDEPORTAL - Alex Stewart International Norge AS\" \/>\n<meta property=\"og:description\" content=\"Her kan du logge inn p\u00e5 v\u00e5r kundeportal for \u00e5 hente ut analyseresultater knytt til din bruker\/bedrift. Ta kontakt med oss for \u00e5 opprette en konto.\" \/>\n<meta property=\"og:url\" content=\"https:\/\/asinorge.no\/en\/login\/\" \/>\n<meta property=\"og:site_name\" content=\"Alex Stewart International Norge AS\" \/>\n<meta property=\"article:publisher\" content=\"https:\/\/www.facebook.com\/slabstord\/\" \/>\n<meta property=\"article:modified_time\" content=\"2024-02-16T12:40:08+00:00\" \/>\n<meta property=\"og:image\" content=\"https:\/\/asinorge.no\/wp-content\/uploads\/2024\/01\/testtube.jpg\" \/>\n<meta name=\"twitter:card\" content=\"summary_large_image\" \/>\n<meta name=\"twitter:label1\" content=\"Est. reading time\" \/>\n\t<meta name=\"twitter:data1\" content=\"1 minute\" \/>\n<script type=\"application\/ld+json\" class=\"yoast-schema-graph\">{\"@context\":\"https:\\\/\\\/schema.org\",\"@graph\":[{\"@type\":\"WebPage\",\"@id\":\"https:\\\/\\\/asinorge.no\\\/login\\\/\",\"url\":\"https:\\\/\\\/asinorge.no\\\/login\\\/\",\"name\":\"LOGG INN - KUNDEPORTAL - Alex Stewart International Norge AS\",\"isPartOf\":{\"@id\":\"https:\\\/\\\/asinorge.no\\\/#website\"},\"primaryImageOfPage\":{\"@id\":\"https:\\\/\\\/asinorge.no\\\/login\\\/#primaryimage\"},\"image\":{\"@id\":\"https:\\\/\\\/asinorge.no\\\/login\\\/#primaryimage\"},\"thumbnailUrl\":\"https:\\\/\\\/asinorge.no\\\/wp-content\\\/uploads\\\/2024\\\/01\\\/testtube.jpg\",\"datePublished\":\"2024-01-11T12:21:10+00:00\",\"dateModified\":\"2024-02-16T12:40:08+00:00\",\"description\":\"Her kan du logge inn p\u00e5 v\u00e5r kundeportal for \u00e5 hente ut analyseresultater knytt til din bruker\\\/bedrift. Ta kontakt med oss for \u00e5 opprette en konto.\",\"breadcrumb\":{\"@id\":\"https:\\\/\\\/asinorge.no\\\/login\\\/#breadcrumb\"},\"inLanguage\":\"en-US\",\"potentialAction\":[{\"@type\":\"ReadAction\",\"target\":[\"https:\\\/\\\/asinorge.no\\\/login\\\/\"]}]},{\"@type\":\"ImageObject\",\"inLanguage\":\"en-US\",\"@id\":\"https:\\\/\\\/asinorge.no\\\/login\\\/#primaryimage\",\"url\":\"https:\\\/\\\/asinorge.no\\\/wp-content\\\/uploads\\\/2024\\\/01\\\/testtube.jpg\",\"contentUrl\":\"https:\\\/\\\/asinorge.no\\\/wp-content\\\/uploads\\\/2024\\\/01\\\/testtube.jpg\"},{\"@type\":\"BreadcrumbList\",\"@id\":\"https:\\\/\\\/asinorge.no\\\/login\\\/#breadcrumb\",\"itemListElement\":[{\"@type\":\"ListItem\",\"position\":1,\"name\":\"Hjem\",\"item\":\"https:\\\/\\\/asinorge.no\\\/\"},{\"@type\":\"ListItem\",\"position\":2,\"name\":\"LOGG INN &#8211; KUNDEPORTAL\"}]},{\"@type\":\"WebSite\",\"@id\":\"https:\\\/\\\/asinorge.no\\\/#website\",\"url\":\"https:\\\/\\\/asinorge.no\\\/\",\"name\":\"Alex Stewart International Norge AS\",\"description\":\"Konsulent og laboratorietjenester\",\"publisher\":{\"@id\":\"https:\\\/\\\/asinorge.no\\\/#organization\"},\"alternateName\":\"ASI NORGE AS\",\"potentialAction\":[{\"@type\":\"SearchAction\",\"target\":{\"@type\":\"EntryPoint\",\"urlTemplate\":\"https:\\\/\\\/asinorge.no\\\/?s={search_term_string}\"},\"query-input\":{\"@type\":\"PropertyValueSpecification\",\"valueRequired\":true,\"valueName\":\"search_term_string\"}}],\"inLanguage\":\"en-US\"},{\"@type\":\"Organization\",\"@id\":\"https:\\\/\\\/asinorge.no\\\/#organization\",\"name\":\"Alex Stewart International Norge AS\",\"url\":\"https:\\\/\\\/asinorge.no\\\/\",\"logo\":{\"@type\":\"ImageObject\",\"inLanguage\":\"en-US\",\"@id\":\"https:\\\/\\\/asinorge.no\\\/#\\\/schema\\\/logo\\\/image\\\/\",\"url\":\"https:\\\/\\\/asinorge.no\\\/wp-content\\\/uploads\\\/2023\\\/11\\\/cropped-ASi-Logony.png\",\"contentUrl\":\"https:\\\/\\\/asinorge.no\\\/wp-content\\\/uploads\\\/2023\\\/11\\\/cropped-ASi-Logony.png\",\"width\":943,\"height\":246,\"caption\":\"Alex Stewart International Norge AS\"},\"image\":{\"@id\":\"https:\\\/\\\/asinorge.no\\\/#\\\/schema\\\/logo\\\/image\\\/\"},\"sameAs\":[\"https:\\\/\\\/www.facebook.com\\\/slabstord\\\/\",\"https:\\\/\\\/no.linkedin.com\\\/in\\\/alex-stewart-international-norge-as-avd-stord-11a5421a3\"]}]}<\/script>\n<!-- \/ Yoast SEO plugin. -->","yoast_head_json":{"title":"LOGG INN - KUNDEPORTAL - Alex Stewart International Norge AS","description":"Her kan du logge inn p\u00e5 v\u00e5r kundeportal for \u00e5 hente ut analyseresultater knytt til din bruker\/bedrift. Ta kontakt med oss for \u00e5 opprette en konto.","robots":{"index":"index","follow":"follow","max-snippet":"max-snippet:-1","max-image-preview":"max-image-preview:large","max-video-preview":"max-video-preview:-1"},"canonical":"https:\/\/asinorge.no\/en\/login\/","og_locale":"en_US","og_type":"article","og_title":"LOGG INN - KUNDEPORTAL - Alex Stewart International Norge AS","og_description":"Her kan du logge inn p\u00e5 v\u00e5r kundeportal for \u00e5 hente ut analyseresultater knytt til din bruker\/bedrift. Ta kontakt med oss for \u00e5 opprette en konto.","og_url":"https:\/\/asinorge.no\/en\/login\/","og_site_name":"Alex Stewart International Norge AS","article_publisher":"https:\/\/www.facebook.com\/slabstord\/","article_modified_time":"2024-02-16T12:40:08+00:00","og_image":[{"url":"https:\/\/asinorge.no\/wp-content\/uploads\/2024\/01\/testtube.jpg","type":"","width":"","height":""}],"twitter_card":"summary_large_image","twitter_misc":{"Est. reading time":"1 minute"},"schema":{"@context":"https:\/\/schema.org","@graph":[{"@type":"WebPage","@id":"https:\/\/asinorge.no\/login\/","url":"https:\/\/asinorge.no\/login\/","name":"LOGG INN - KUNDEPORTAL - Alex Stewart International Norge AS","isPartOf":{"@id":"https:\/\/asinorge.no\/#website"},"primaryImageOfPage":{"@id":"https:\/\/asinorge.no\/login\/#primaryimage"},"image":{"@id":"https:\/\/asinorge.no\/login\/#primaryimage"},"thumbnailUrl":"https:\/\/asinorge.no\/wp-content\/uploads\/2024\/01\/testtube.jpg","datePublished":"2024-01-11T12:21:10+00:00","dateModified":"2024-02-16T12:40:08+00:00","description":"Her kan du logge inn p\u00e5 v\u00e5r kundeportal for \u00e5 hente ut analyseresultater knytt til din bruker\/bedrift. Ta kontakt med oss for \u00e5 opprette en konto.","breadcrumb":{"@id":"https:\/\/asinorge.no\/login\/#breadcrumb"},"inLanguage":"en-US","potentialAction":[{"@type":"ReadAction","target":["https:\/\/asinorge.no\/login\/"]}]},{"@type":"ImageObject","inLanguage":"en-US","@id":"https:\/\/asinorge.no\/login\/#primaryimage","url":"https:\/\/asinorge.no\/wp-content\/uploads\/2024\/01\/testtube.jpg","contentUrl":"https:\/\/asinorge.no\/wp-content\/uploads\/2024\/01\/testtube.jpg"},{"@type":"BreadcrumbList","@id":"https:\/\/asinorge.no\/login\/#breadcrumb","itemListElement":[{"@type":"ListItem","position":1,"name":"Hjem","item":"https:\/\/asinorge.no\/"},{"@type":"ListItem","position":2,"name":"LOGG INN &#8211; KUNDEPORTAL"}]},{"@type":"WebSite","@id":"https:\/\/asinorge.no\/#website","url":"https:\/\/asinorge.no\/","name":"Alex Stewart International Norge AS","description":"Konsulent og laboratorietjenester","publisher":{"@id":"https:\/\/asinorge.no\/#organization"},"alternateName":"ASI NORGE AS","potentialAction":[{"@type":"SearchAction","target":{"@type":"EntryPoint","urlTemplate":"https:\/\/asinorge.no\/?s={search_term_string}"},"query-input":{"@type":"PropertyValueSpecification","valueRequired":true,"valueName":"search_term_string"}}],"inLanguage":"en-US"},{"@type":"Organization","@id":"https:\/\/asinorge.no\/#organization","name":"Alex Stewart International Norge AS","url":"https:\/\/asinorge.no\/","logo":{"@type":"ImageObject","inLanguage":"en-US","@id":"https:\/\/asinorge.no\/#\/schema\/logo\/image\/","url":"https:\/\/asinorge.no\/wp-content\/uploads\/2023\/11\/cropped-ASi-Logony.png","contentUrl":"https:\/\/asinorge.no\/wp-content\/uploads\/2023\/11\/cropped-ASi-Logony.png","width":943,"height":246,"caption":"Alex Stewart International Norge AS"},"image":{"@id":"https:\/\/asinorge.no\/#\/schema\/logo\/image\/"},"sameAs":["https:\/\/www.facebook.com\/slabstord\/","https:\/\/no.linkedin.com\/in\/alex-stewart-international-norge-as-avd-stord-11a5421a3"]}]}},"uagb_featured_image_src":{"full":false,"thumbnail":false,"medium":false,"medium_large":false,"large":false,"1536x1536":false,"2048x2048":false,"trp-custom-language-flag":false},"uagb_author_info":{"display_name":"ASI Norge AS","author_link":"https:\/\/asinorge.no\/en\/author\/malin_brady\/"},"uagb_comment_info":0,"uagb_excerpt":null,"jetpack_sharing_enabled":true,"_links":{"self":[{"href":"https:\/\/asinorge.no\/en\/wp-json\/wp\/v2\/pages\/858","targetHints":{"allow":["GET"]}}],"collection":[{"href":"https:\/\/asinorge.no\/en\/wp-json\/wp\/v2\/pages"}],"about":[{"href":"https:\/\/asinorge.no\/en\/wp-json\/wp\/v2\/types\/page"}],"author":[{"embeddable":true,"href":"https:\/\/asinorge.no\/en\/wp-json\/wp\/v2\/users\/1"}],"replies":[{"embeddable":true,"href":"https:\/\/asinorge.no\/en\/wp-json\/wp\/v2\/comments?post=858"}],"version-history":[{"count":25,"href":"https:\/\/asinorge.no\/en\/wp-json\/wp\/v2\/pages\/858\/revisions"}],"predecessor-version":[{"id":898,"href":"https:\/\/asinorge.no\/en\/wp-json\/wp\/v2\/pages\/858\/revisions\/898"}],"wp:attachment":[{"href":"https:\/\/asinorge.no\/en\/wp-json\/wp\/v2\/media?parent=858"}],"curies":[{"name":"wp","href":"https:\/\/api.w.org\/{rel}","templated":true}]}}