{"id":661,"date":"2024-01-07T21:20:43","date_gmt":"2024-01-07T20:20:43","guid":{"rendered":"https:\/\/asinorge.no\/?page_id=661"},"modified":"2024-02-16T13:48:19","modified_gmt":"2024-02-16T12:48:19","slug":"ofte-stilte-sporsmal-rapport","status":"publish","type":"page","link":"https:\/\/asinorge.no\/en\/ofte-stilte-sporsmal-rapport\/","title":{"rendered":"OFTE STILTE SP\u00d8RSM\u00c5L &#8211; RAPPORT"},"content":{"rendered":"<div class=\"wp-block-cover alignfull wp-elements-17a647270833f4b46261e371c18095ce\" style=\"min-height:962px;aspect-ratio:unset;\"><span aria-hidden=\"true\" class=\"wp-block-cover__background has-ast-global-color-6-background-color has-background-dim-100 has-background-dim\"><\/span><div class=\"wp-block-cover__inner-container is-layout-constrained wp-block-cover-is-layout-constrained\">\n<div class=\"wp-block-uagb-advanced-heading uagb-block-2b4bcd2f\"><h4 class=\"uagb-heading-text\">OFTE STILTE SP\u00d8RSM\u00c5L<\/h4><\/div>\n\n\n\n<div class=\"wp-block-uagb-advanced-heading uagb-block-2818aefa\"><h2 class=\"uagb-heading-text\"><strong>RAPPORT<\/strong><\/h2><\/div>\n\n\n\n<p class=\"has-text-align-center has-ast-global-color-2-color has-text-color has-link-color wp-elements-a57fb23f942b4b91cec48671aafeae96\"><a href=\"https:\/\/asinorge.no\/en\/ofte-stilte-sporsmal\/\"><i class=\"fas fa-arrow-left-long\"><\/i> Tilbake<\/a><\/p>\n\n\n\n<div style=\"height:67px\" aria-hidden=\"true\" class=\"wp-block-spacer\"><\/div>\n\n\n\n<div class=\"wp-block-columns is-layout-flex wp-container-core-columns-is-layout-28f84493 wp-block-columns-is-layout-flex\">\n<div class=\"wp-block-column is-layout-flow wp-block-column-is-layout-flow\">\n<details class=\"wp-block-details has-ast-global-color-8-color has-text-color has-link-color wp-elements-eae2685cfbf90f7938d6eb56dc514145 is-layout-flow wp-block-details-is-layout-flow\" style=\"font-size:24px\"><summary><strong>Hvordan f\u00e5r jeg resultatene?<\/strong><\/summary>\n<p class=\"has-ast-global-color-8-color has-text-color has-link-color wp-elements-fe40f5006e602c89ce48f5d3ec599d46\" style=\"font-size:18px\">Du f\u00e5r rapporten sendt p\u00e5 epost. Husk derfor \u00e5 fylle ut et bestillingsskjema med blant annet epost og telefonnummer som du leverer med pr\u00f8ven.<\/p>\n<\/details>\n\n\n\n<details class=\"wp-block-details has-ast-global-color-8-color has-text-color has-link-color wp-elements-c018b05c0ac4cb6b22546dae68f642bf is-layout-flow wp-block-details-is-layout-flow\" style=\"font-size:24px\"><summary><strong>Jeg leverte inn en pr\u00f8ve i g\u00e5r, hvor er resultatene ?<\/strong><\/summary>\n<p class=\"has-ast-global-color-8-color has-text-color has-link-color wp-elements-8e370ba2729425fc84cd26c4770b1ab5\" style=\"font-size:18px\">Analysetid varierer litt basert p\u00e5 hvilken analyser du har bestilt. Analyser til mikrobiologi tar vanligvis 3 dager fra vi f\u00e5r inn pr\u00f8ven til resultatene leses av.<br><br>Har du bestilt kjemianalyser kan det fort ta 1-2 uker avhengig av hvilken analyser du har bestilt og om vi m\u00e5 sende dette til underleverand\u00f8r.<br><br>Sjekk s\u00f8ppelposten din for rapporter f\u00f8r du tar kontakt med oss og etterlyser svar &#8211; Vi opplever ofte at rapportene sendt fra v\u00e5r LIMS havner der<\/p>\n<\/details>\n\n\n\n<details class=\"wp-block-details has-ast-global-color-8-color has-text-color has-link-color wp-elements-3f5cdfa9e968cdc7cae63282f37539f9 is-layout-flow wp-block-details-is-layout-flow\" style=\"font-size:24px\"><summary><strong>Hvordan tolker jeg rapporten ?<\/strong><\/summary>\n<p class=\"has-ast-global-color-8-color has-text-color has-link-color wp-elements-dcc244f356e3254bef022b1bce9ca747\" style=\"font-size:18px\"><strong>Drikkevann: <\/strong>I dokumentet <a href=\"https:\/\/asinorge.no\/wp-content\/uploads\/2024\/01\/Forklaring-pa-drikkevannsanalyser_v2.pdf\">&laquo;Forklaring p\u00e5 drikkevannsanalyser&raquo;<\/a> finner du forklaring og tiltak.<\/p>\n\n\n\n<p class=\"has-ast-global-color-8-color has-text-color has-link-color wp-elements-075ff5ee5af85505932352a713de384f\" style=\"font-size:18px\"><strong>Ikke p\u00e5vist:<\/strong> Dersom det st\u00e5r <em>ikke p\u00e5vist<\/em> har vi ikke funnet m\u00e5lorganismen i pr\u00f8ven din. <br><br><strong>&lt;1, &lt;10 eller &lt;100 : <\/strong>Det er nedre rapporteringsgrense, og at vi ikke har funnet m\u00e5lorganismen i pr\u00f8ven din.<br><br><strong>&gt;300 eller &gt;3000:<\/strong> Det betyr at vi har n\u00e5dd \u00f8vre rapporteringsgrense og at vi har funnet <em>mer enn<\/em> 300 eller 3000 bakterier i pr\u00f8ven. <br><br><strong>* Ikke akkreditert:<\/strong> Det betyr at analysemetoden som er brukt ikke er akkreditert. Det kan skyldes at pr\u00f8ven er over en viss alder (tidssensitiv analyse) eller at vi ikke har den spesifikke analysen akkreditert hos oss. <br><br>Ta kontakt dersom du trenger hjelp med \u00e5 tolke rapporten <\/p>\n<\/details>\n\n\n\n<details class=\"wp-block-details has-ast-global-color-8-color has-text-color has-link-color wp-elements-8bd96cadf80d0ce56fba2c6a86830a19 is-layout-flow wp-block-details-is-layout-flow\" style=\"font-size:24px\"><summary><strong><strong>Kan vi f\u00e5 rapporten p\u00e5 engelsk ? <\/strong><\/strong><\/summary>\n<p class=\"has-ast-global-color-8-color has-text-color has-link-color wp-elements-4a671f0a571faf68f8b1ac64ff98b5af\" style=\"font-size:18px\">Ingen problem<br><br>Informer oss gjerne ved innlevering  av pr\u00f8ve at du \u00f8nsker rapport p\u00e5 engelsk.<\/p>\n<\/details>\n<\/div>\n\n\n\n<div class=\"wp-block-column is-layout-flow wp-block-column-is-layout-flow\">\n<figure class=\"wp-block-image size-large\"><img loading=\"lazy\" decoding=\"async\" width=\"1024\" height=\"681\" src=\"https:\/\/asinorge.no\/wp-content\/uploads\/2024\/01\/professional-researcher-lab-1-1024x681.jpg\" alt=\"\" class=\"wp-image-597\" srcset=\"https:\/\/asinorge.no\/wp-content\/uploads\/2024\/01\/professional-researcher-lab-1-1024x681.jpg 1024w, https:\/\/asinorge.no\/wp-content\/uploads\/2024\/01\/professional-researcher-lab-1-300x200.jpg 300w, https:\/\/asinorge.no\/wp-content\/uploads\/2024\/01\/professional-researcher-lab-1-768x511.jpg 768w, https:\/\/asinorge.no\/wp-content\/uploads\/2024\/01\/professional-researcher-lab-1-1536x1022.jpg 1536w, https:\/\/asinorge.no\/wp-content\/uploads\/2024\/01\/professional-researcher-lab-1-2048x1363.jpg 2048w, https:\/\/asinorge.no\/wp-content\/uploads\/2024\/01\/professional-researcher-lab-1-18x12.jpg 18w\" sizes=\"auto, (max-width: 1024px) 100vw, 1024px\" \/><\/figure>\n<\/div>\n<\/div>\n\n\n\n<div style=\"height:361px\" aria-hidden=\"true\" class=\"wp-block-spacer\"><\/div>\n<\/div><\/div>","protected":false},"excerpt":{"rendered":"","protected":false},"author":1,"featured_media":0,"parent":0,"menu_order":0,"comment_status":"closed","ping_status":"closed","template":"","meta":{"_uag_custom_page_level_css":"background-color: #ccc;","site-sidebar-layout":"default","site-content-layout":"","ast-site-content-layout":"default","site-content-style":"default","site-sidebar-style":"default","ast-global-header-display":"","ast-banner-title-visibility":"","ast-main-header-display":"","ast-hfb-above-header-display":"","ast-hfb-below-header-display":"","ast-hfb-mobile-header-display":"","site-post-title":"disabled","ast-breadcrumbs-content":"","ast-featured-img":"","footer-sml-layout":"","ast-disable-related-posts":"","theme-transparent-header-meta":"disabled","adv-header-id-meta":"","stick-header-meta":"","header-above-stick-meta":"","header-main-stick-meta":"","header-below-stick-meta":"","astra-migrate-meta-layouts":"set","ast-page-background-enabled":"default","ast-page-background-meta":{"desktop":{"background-color":"var(--ast-global-color-4)","background-image":"","background-repeat":"repeat","background-position":"center center","background-size":"auto","background-attachment":"scroll","background-type":"","background-media":"","overlay-type":"","overlay-color":"","overlay-opacity":"","overlay-gradient":""},"tablet":{"background-color":"","background-image":"","background-repeat":"repeat","background-position":"center center","background-size":"auto","background-attachment":"scroll","background-type":"","background-media":"","overlay-type":"","overlay-color":"","overlay-opacity":"","overlay-gradient":""},"mobile":{"background-color":"","background-image":"","background-repeat":"repeat","background-position":"center center","background-size":"auto","background-attachment":"scroll","background-type":"","background-media":"","overlay-type":"","overlay-color":"","overlay-opacity":"","overlay-gradient":""}},"ast-content-background-meta":{"desktop":{"background-color":"var(--ast-global-color-5)","background-image":"","background-repeat":"repeat","background-position":"center center","background-size":"auto","background-attachment":"scroll","background-type":"","background-media":"","overlay-type":"","overlay-color":"","overlay-opacity":"","overlay-gradient":""},"tablet":{"background-color":"var(--ast-global-color-5)","background-image":"","background-repeat":"repeat","background-position":"center center","background-size":"auto","background-attachment":"scroll","background-type":"","background-media":"","overlay-type":"","overlay-color":"","overlay-opacity":"","overlay-gradient":""},"mobile":{"background-color":"var(--ast-global-color-5)","background-image":"","background-repeat":"repeat","background-position":"center center","background-size":"auto","background-attachment":"scroll","background-type":"","background-media":"","overlay-type":"","overlay-color":"","overlay-opacity":"","overlay-gradient":""}},"footnotes":""},"class_list":["post-661","page","type-page","status-publish","hentry"],"yoast_head":"<!-- This site is optimized with the Yoast SEO plugin v27.4 - https:\/\/yoast.com\/product\/yoast-seo-wordpress\/ -->\n<title>OFTE STILTE SP\u00d8RSM\u00c5L - RAPPORT - Alex Stewart International Norge AS<\/title>\n<meta name=\"description\" content=\"Hva betyr resultatene? Hva betyr &lt;100 ? Hva betyr p\u00e5vist eller ikke p\u00e5vist ? Hvor sender dere rapporten ? Hvor lang tid tar analysene?\" \/>\n<meta name=\"robots\" content=\"index, follow, max-snippet:-1, max-image-preview:large, max-video-preview:-1\" \/>\n<link rel=\"canonical\" href=\"https:\/\/asinorge.no\/en\/ofte-stilte-sporsmal-rapport\/\" \/>\n<meta property=\"og:locale\" content=\"en_US\" \/>\n<meta property=\"og:type\" content=\"article\" \/>\n<meta property=\"og:title\" content=\"OFTE STILTE SP\u00d8RSM\u00c5L - RAPPORT - Alex Stewart International Norge AS\" \/>\n<meta property=\"og:description\" content=\"Hva betyr resultatene? Hva betyr &lt;100 ? Hva betyr p\u00e5vist eller ikke p\u00e5vist ? Hvor sender dere rapporten ? Hvor lang tid tar analysene?\" \/>\n<meta property=\"og:url\" content=\"https:\/\/asinorge.no\/en\/ofte-stilte-sporsmal-rapport\/\" \/>\n<meta property=\"og:site_name\" content=\"Alex Stewart International Norge AS\" \/>\n<meta property=\"article:publisher\" content=\"https:\/\/www.facebook.com\/slabstord\/\" \/>\n<meta property=\"article:modified_time\" content=\"2024-02-16T12:48:19+00:00\" \/>\n<meta property=\"og:image\" content=\"https:\/\/asinorge.no\/wp-content\/uploads\/2024\/01\/professional-researcher-lab-1-1024x681.jpg\" \/>\n<meta name=\"twitter:card\" content=\"summary_large_image\" \/>\n<meta name=\"twitter:label1\" content=\"Est. reading time\" \/>\n\t<meta name=\"twitter:data1\" content=\"2 minutes\" \/>\n<script type=\"application\/ld+json\" class=\"yoast-schema-graph\">{\"@context\":\"https:\\\/\\\/schema.org\",\"@graph\":[{\"@type\":\"WebPage\",\"@id\":\"https:\\\/\\\/asinorge.no\\\/ofte-stilte-sporsmal-rapport\\\/\",\"url\":\"https:\\\/\\\/asinorge.no\\\/ofte-stilte-sporsmal-rapport\\\/\",\"name\":\"OFTE STILTE SP\u00d8RSM\u00c5L - RAPPORT - Alex Stewart International Norge AS\",\"isPartOf\":{\"@id\":\"https:\\\/\\\/asinorge.no\\\/#website\"},\"primaryImageOfPage\":{\"@id\":\"https:\\\/\\\/asinorge.no\\\/ofte-stilte-sporsmal-rapport\\\/#primaryimage\"},\"image\":{\"@id\":\"https:\\\/\\\/asinorge.no\\\/ofte-stilte-sporsmal-rapport\\\/#primaryimage\"},\"thumbnailUrl\":\"https:\\\/\\\/asinorge.no\\\/wp-content\\\/uploads\\\/2024\\\/01\\\/professional-researcher-lab-1-1024x681.jpg\",\"datePublished\":\"2024-01-07T20:20:43+00:00\",\"dateModified\":\"2024-02-16T12:48:19+00:00\",\"description\":\"Hva betyr resultatene? Hva betyr &lt;100 ? Hva betyr p\u00e5vist eller ikke p\u00e5vist ? Hvor sender dere rapporten ? Hvor lang tid tar analysene?\",\"breadcrumb\":{\"@id\":\"https:\\\/\\\/asinorge.no\\\/ofte-stilte-sporsmal-rapport\\\/#breadcrumb\"},\"inLanguage\":\"en-US\",\"potentialAction\":[{\"@type\":\"ReadAction\",\"target\":[\"https:\\\/\\\/asinorge.no\\\/ofte-stilte-sporsmal-rapport\\\/\"]}]},{\"@type\":\"ImageObject\",\"inLanguage\":\"en-US\",\"@id\":\"https:\\\/\\\/asinorge.no\\\/ofte-stilte-sporsmal-rapport\\\/#primaryimage\",\"url\":\"https:\\\/\\\/asinorge.no\\\/wp-content\\\/uploads\\\/2024\\\/01\\\/professional-researcher-lab-1-1024x681.jpg\",\"contentUrl\":\"https:\\\/\\\/asinorge.no\\\/wp-content\\\/uploads\\\/2024\\\/01\\\/professional-researcher-lab-1-1024x681.jpg\"},{\"@type\":\"BreadcrumbList\",\"@id\":\"https:\\\/\\\/asinorge.no\\\/ofte-stilte-sporsmal-rapport\\\/#breadcrumb\",\"itemListElement\":[{\"@type\":\"ListItem\",\"position\":1,\"name\":\"Hjem\",\"item\":\"https:\\\/\\\/asinorge.no\\\/\"},{\"@type\":\"ListItem\",\"position\":2,\"name\":\"OFTE STILTE SP\u00d8RSM\u00c5L &#8211; RAPPORT\"}]},{\"@type\":\"WebSite\",\"@id\":\"https:\\\/\\\/asinorge.no\\\/#website\",\"url\":\"https:\\\/\\\/asinorge.no\\\/\",\"name\":\"Alex Stewart International Norge AS\",\"description\":\"Konsulent og laboratorietjenester\",\"publisher\":{\"@id\":\"https:\\\/\\\/asinorge.no\\\/#organization\"},\"alternateName\":\"ASI NORGE AS\",\"potentialAction\":[{\"@type\":\"SearchAction\",\"target\":{\"@type\":\"EntryPoint\",\"urlTemplate\":\"https:\\\/\\\/asinorge.no\\\/?s={search_term_string}\"},\"query-input\":{\"@type\":\"PropertyValueSpecification\",\"valueRequired\":true,\"valueName\":\"search_term_string\"}}],\"inLanguage\":\"en-US\"},{\"@type\":\"Organization\",\"@id\":\"https:\\\/\\\/asinorge.no\\\/#organization\",\"name\":\"Alex Stewart International Norge AS\",\"url\":\"https:\\\/\\\/asinorge.no\\\/\",\"logo\":{\"@type\":\"ImageObject\",\"inLanguage\":\"en-US\",\"@id\":\"https:\\\/\\\/asinorge.no\\\/#\\\/schema\\\/logo\\\/image\\\/\",\"url\":\"https:\\\/\\\/asinorge.no\\\/wp-content\\\/uploads\\\/2023\\\/11\\\/cropped-ASi-Logony.png\",\"contentUrl\":\"https:\\\/\\\/asinorge.no\\\/wp-content\\\/uploads\\\/2023\\\/11\\\/cropped-ASi-Logony.png\",\"width\":943,\"height\":246,\"caption\":\"Alex Stewart International Norge AS\"},\"image\":{\"@id\":\"https:\\\/\\\/asinorge.no\\\/#\\\/schema\\\/logo\\\/image\\\/\"},\"sameAs\":[\"https:\\\/\\\/www.facebook.com\\\/slabstord\\\/\",\"https:\\\/\\\/no.linkedin.com\\\/in\\\/alex-stewart-international-norge-as-avd-stord-11a5421a3\"]}]}<\/script>\n<!-- \/ Yoast SEO plugin. -->","yoast_head_json":{"title":"OFTE STILTE SP\u00d8RSM\u00c5L - RAPPORT - Alex Stewart International Norge AS","description":"Hva betyr resultatene? Hva betyr &lt;100 ? Hva betyr p\u00e5vist eller ikke p\u00e5vist ? Hvor sender dere rapporten ? Hvor lang tid tar analysene?","robots":{"index":"index","follow":"follow","max-snippet":"max-snippet:-1","max-image-preview":"max-image-preview:large","max-video-preview":"max-video-preview:-1"},"canonical":"https:\/\/asinorge.no\/en\/ofte-stilte-sporsmal-rapport\/","og_locale":"en_US","og_type":"article","og_title":"OFTE STILTE SP\u00d8RSM\u00c5L - RAPPORT - Alex Stewart International Norge AS","og_description":"Hva betyr resultatene? Hva betyr &lt;100 ? Hva betyr p\u00e5vist eller ikke p\u00e5vist ? Hvor sender dere rapporten ? Hvor lang tid tar analysene?","og_url":"https:\/\/asinorge.no\/en\/ofte-stilte-sporsmal-rapport\/","og_site_name":"Alex Stewart International Norge AS","article_publisher":"https:\/\/www.facebook.com\/slabstord\/","article_modified_time":"2024-02-16T12:48:19+00:00","og_image":[{"url":"https:\/\/asinorge.no\/wp-content\/uploads\/2024\/01\/professional-researcher-lab-1-1024x681.jpg","type":"","width":"","height":""}],"twitter_card":"summary_large_image","twitter_misc":{"Est. reading time":"2 minutes"},"schema":{"@context":"https:\/\/schema.org","@graph":[{"@type":"WebPage","@id":"https:\/\/asinorge.no\/ofte-stilte-sporsmal-rapport\/","url":"https:\/\/asinorge.no\/ofte-stilte-sporsmal-rapport\/","name":"OFTE STILTE SP\u00d8RSM\u00c5L - RAPPORT - Alex Stewart International Norge AS","isPartOf":{"@id":"https:\/\/asinorge.no\/#website"},"primaryImageOfPage":{"@id":"https:\/\/asinorge.no\/ofte-stilte-sporsmal-rapport\/#primaryimage"},"image":{"@id":"https:\/\/asinorge.no\/ofte-stilte-sporsmal-rapport\/#primaryimage"},"thumbnailUrl":"https:\/\/asinorge.no\/wp-content\/uploads\/2024\/01\/professional-researcher-lab-1-1024x681.jpg","datePublished":"2024-01-07T20:20:43+00:00","dateModified":"2024-02-16T12:48:19+00:00","description":"Hva betyr resultatene? Hva betyr &lt;100 ? Hva betyr p\u00e5vist eller ikke p\u00e5vist ? Hvor sender dere rapporten ? Hvor lang tid tar analysene?","breadcrumb":{"@id":"https:\/\/asinorge.no\/ofte-stilte-sporsmal-rapport\/#breadcrumb"},"inLanguage":"en-US","potentialAction":[{"@type":"ReadAction","target":["https:\/\/asinorge.no\/ofte-stilte-sporsmal-rapport\/"]}]},{"@type":"ImageObject","inLanguage":"en-US","@id":"https:\/\/asinorge.no\/ofte-stilte-sporsmal-rapport\/#primaryimage","url":"https:\/\/asinorge.no\/wp-content\/uploads\/2024\/01\/professional-researcher-lab-1-1024x681.jpg","contentUrl":"https:\/\/asinorge.no\/wp-content\/uploads\/2024\/01\/professional-researcher-lab-1-1024x681.jpg"},{"@type":"BreadcrumbList","@id":"https:\/\/asinorge.no\/ofte-stilte-sporsmal-rapport\/#breadcrumb","itemListElement":[{"@type":"ListItem","position":1,"name":"Hjem","item":"https:\/\/asinorge.no\/"},{"@type":"ListItem","position":2,"name":"OFTE STILTE SP\u00d8RSM\u00c5L &#8211; RAPPORT"}]},{"@type":"WebSite","@id":"https:\/\/asinorge.no\/#website","url":"https:\/\/asinorge.no\/","name":"Alex Stewart International Norge AS","description":"Konsulent og laboratorietjenester","publisher":{"@id":"https:\/\/asinorge.no\/#organization"},"alternateName":"ASI NORGE AS","potentialAction":[{"@type":"SearchAction","target":{"@type":"EntryPoint","urlTemplate":"https:\/\/asinorge.no\/?s={search_term_string}"},"query-input":{"@type":"PropertyValueSpecification","valueRequired":true,"valueName":"search_term_string"}}],"inLanguage":"en-US"},{"@type":"Organization","@id":"https:\/\/asinorge.no\/#organization","name":"Alex Stewart International Norge AS","url":"https:\/\/asinorge.no\/","logo":{"@type":"ImageObject","inLanguage":"en-US","@id":"https:\/\/asinorge.no\/#\/schema\/logo\/image\/","url":"https:\/\/asinorge.no\/wp-content\/uploads\/2023\/11\/cropped-ASi-Logony.png","contentUrl":"https:\/\/asinorge.no\/wp-content\/uploads\/2023\/11\/cropped-ASi-Logony.png","width":943,"height":246,"caption":"Alex Stewart International Norge AS"},"image":{"@id":"https:\/\/asinorge.no\/#\/schema\/logo\/image\/"},"sameAs":["https:\/\/www.facebook.com\/slabstord\/","https:\/\/no.linkedin.com\/in\/alex-stewart-international-norge-as-avd-stord-11a5421a3"]}]}},"uagb_featured_image_src":{"full":false,"thumbnail":false,"medium":false,"medium_large":false,"large":false,"1536x1536":false,"2048x2048":false,"trp-custom-language-flag":false},"uagb_author_info":{"display_name":"ASI Norge AS","author_link":"https:\/\/asinorge.no\/en\/author\/malin_brady\/"},"uagb_comment_info":0,"uagb_excerpt":null,"jetpack_sharing_enabled":true,"_links":{"self":[{"href":"https:\/\/asinorge.no\/en\/wp-json\/wp\/v2\/pages\/661","targetHints":{"allow":["GET"]}}],"collection":[{"href":"https:\/\/asinorge.no\/en\/wp-json\/wp\/v2\/pages"}],"about":[{"href":"https:\/\/asinorge.no\/en\/wp-json\/wp\/v2\/types\/page"}],"author":[{"embeddable":true,"href":"https:\/\/asinorge.no\/en\/wp-json\/wp\/v2\/users\/1"}],"replies":[{"embeddable":true,"href":"https:\/\/asinorge.no\/en\/wp-json\/wp\/v2\/comments?post=661"}],"version-history":[{"count":5,"href":"https:\/\/asinorge.no\/en\/wp-json\/wp\/v2\/pages\/661\/revisions"}],"predecessor-version":[{"id":736,"href":"https:\/\/asinorge.no\/en\/wp-json\/wp\/v2\/pages\/661\/revisions\/736"}],"wp:attachment":[{"href":"https:\/\/asinorge.no\/en\/wp-json\/wp\/v2\/media?parent=661"}],"curies":[{"name":"wp","href":"https:\/\/api.w.org\/{rel}","templated":true}]}}