{"id":654,"date":"2024-02-15T09:55:23","date_gmt":"2024-02-15T08:55:23","guid":{"rendered":"https:\/\/asinorge.no\/?page_id=654"},"modified":"2024-02-16T13:55:09","modified_gmt":"2024-02-16T12:55:09","slug":"utlekkingstest","status":"publish","type":"page","link":"https:\/\/asinorge.no\/en\/utlekkingstest\/","title":{"rendered":"UTLEKKINGSTEST"},"content":{"rendered":"<div class=\"wp-block-cover alignfull\" style=\"min-height:654px;aspect-ratio:unset;\"><span aria-hidden=\"true\" class=\"wp-block-cover__background has-background-dim-70 has-background-dim wp-block-cover__gradient-background has-background-gradient\" style=\"background:linear-gradient(135deg,rgb(255,255,255) 0%,rgb(125,0,0) 48%,rgb(64,0,0) 100%)\"><\/span><img loading=\"lazy\" decoding=\"async\" width=\"1280\" height=\"853\" class=\"wp-block-cover__image-background wp-image-479\" alt=\"\" src=\"https:\/\/asinorge.no\/wp-content\/uploads\/2024\/01\/soil-918006_1280.jpg\" data-object-fit=\"cover\" srcset=\"https:\/\/asinorge.no\/wp-content\/uploads\/2024\/01\/soil-918006_1280.jpg 1280w, https:\/\/asinorge.no\/wp-content\/uploads\/2024\/01\/soil-918006_1280-300x200.jpg 300w, https:\/\/asinorge.no\/wp-content\/uploads\/2024\/01\/soil-918006_1280-1024x682.jpg 1024w, https:\/\/asinorge.no\/wp-content\/uploads\/2024\/01\/soil-918006_1280-768x512.jpg 768w, https:\/\/asinorge.no\/wp-content\/uploads\/2024\/01\/soil-918006_1280-18x12.jpg 18w\" sizes=\"auto, (max-width: 1280px) 100vw, 1280px\" \/><div class=\"wp-block-cover__inner-container is-layout-flow wp-block-cover-is-layout-flow\">\n<div style=\"height:106px\" aria-hidden=\"true\" class=\"wp-block-spacer\"><\/div>\n\n\n\n<h1 class=\"wp-block-heading has-text-align-center\">UTLEKKINGSTESTER<\/h1>\n\n\n\n<p class=\"has-text-align-center has-medium-font-size\">Karakterisering av avfall til deponering<\/p>\n<\/div><\/div>\n\n\n\n<div style=\"height:99px\" aria-hidden=\"true\" class=\"wp-block-spacer\"><\/div>\n\n\n\n<p>Avfallsmasser som skal leveres til avfallsmottak m\u00e5 karakteriseres f\u00f8r massen kan sluttbehandles. Det m\u00e5 da avklares om massene klassifiseres som rene, lett forurensede, forurensede eller farlig avfall. V\u00e5rt laboratorium kan bist\u00e5 med klassifisering av avfallsmasser og bygningsmateriale.<\/p>\n\n\n\n<p>Pr\u00f8vene kan da v\u00e6re jord, sand, betong eller bygningsmateriale som gulvbelegg eller annet bygningsmateriale. Vi utf\u00f8rer analyser av TOC, tungmetall eller organiske milj\u00f8gifter i avfallsmateriale.<\/p>\n\n\n\n<p>Dersom massene blir klassifisert som farlig avfall eller massene skal deponeres p\u00e5 avfallsdeponi for inert avfall s\u00e5 m\u00e5 det gjennomf\u00f8res utlekkingstester (ristetest og kolonnetest) for \u00e5 vurdere om avfallsdeponiene kan ta imot massene, eller om avfallet m\u00e5 sendes til andre avfallsmottak. <br><br>Utlekkingstestene vil simulerer utlekking fra massene over tid, og vil da vise om det er s\u00e5pass lite utlekk fra massene at de kan tas imot og sluttbehandles ved avfallsdeponiet. <\/p>\n\n\n\n<p>Grenseverdiene for de utlekkingstestene finnes i avfallsforskriften paragraf 9 (<a href=\"https:\/\/lovdata.no\/dokument\/SF\/forskrift\/2004-06-01-930\/KAPITTEL_9#%C2%A79-3\">https:\/\/lovdata.no\/dokument\/SF\/forskrift\/2004-06-01-930\/KAPITTEL_9#%C2%A79-3<\/a>). <\/p>\n\n\n\n<p>V\u00e5re laboratorium kan utf\u00f8re utlekkingstestene og alle analyser som er p\u00e5krevd for \u00e5 f\u00e5 levert avfallsmasser til avfallsdeponi.<\/p>\n\n\n\n<p><\/p>\n\n\n\n<p><\/p>\n\n\n\n<div style=\"height:100px\" aria-hidden=\"true\" class=\"wp-block-spacer\"><\/div>","protected":false},"excerpt":{"rendered":"<p>Avfallsmasser som skal leveres til avfallsmottak m\u00e5 karakteriseres f\u00f8r massen kan sluttbehandles. Det m\u00e5 da avklares om massene klassifiseres som rene, lett forurensede, forurensede eller farlig avfall. V\u00e5rt laboratorium kan bist\u00e5 med klassifisering av avfallsmasser og bygningsmateriale. Pr\u00f8vene kan da v\u00e6re jord, sand, betong eller bygningsmateriale som gulvbelegg eller annet bygningsmateriale. Vi utf\u00f8rer analyser av [&hellip;]<\/p>\n","protected":false},"author":1,"featured_media":0,"parent":0,"menu_order":0,"comment_status":"closed","ping_status":"closed","template":"","meta":{"_uag_custom_page_level_css":"","site-sidebar-layout":"default","site-content-layout":"","ast-site-content-layout":"default","site-content-style":"default","site-sidebar-style":"default","ast-global-header-display":"","ast-banner-title-visibility":"","ast-main-header-display":"","ast-hfb-above-header-display":"","ast-hfb-below-header-display":"","ast-hfb-mobile-header-display":"","site-post-title":"disabled","ast-breadcrumbs-content":"","ast-featured-img":"","footer-sml-layout":"","ast-disable-related-posts":"","theme-transparent-header-meta":"disabled","adv-header-id-meta":"","stick-header-meta":"","header-above-stick-meta":"","header-main-stick-meta":"","header-below-stick-meta":"","astra-migrate-meta-layouts":"set","ast-page-background-enabled":"default","ast-page-background-meta":{"desktop":{"background-color":"var(--ast-global-color-4)","background-image":"","background-repeat":"repeat","background-position":"center center","background-size":"auto","background-attachment":"scroll","background-type":"","background-media":"","overlay-type":"","overlay-color":"","overlay-opacity":"","overlay-gradient":""},"tablet":{"background-color":"","background-image":"","background-repeat":"repeat","background-position":"center center","background-size":"auto","background-attachment":"scroll","background-type":"","background-media":"","overlay-type":"","overlay-color":"","overlay-opacity":"","overlay-gradient":""},"mobile":{"background-color":"","background-image":"","background-repeat":"repeat","background-position":"center center","background-size":"auto","background-attachment":"scroll","background-type":"","background-media":"","overlay-type":"","overlay-color":"","overlay-opacity":"","overlay-gradient":""}},"ast-content-background-meta":{"desktop":{"background-color":"var(--ast-global-color-5)","background-image":"","background-repeat":"repeat","background-position":"center center","background-size":"auto","background-attachment":"scroll","background-type":"","background-media":"","overlay-type":"","overlay-color":"","overlay-opacity":"","overlay-gradient":""},"tablet":{"background-color":"var(--ast-global-color-5)","background-image":"","background-repeat":"repeat","background-position":"center center","background-size":"auto","background-attachment":"scroll","background-type":"","background-media":"","overlay-type":"","overlay-color":"","overlay-opacity":"","overlay-gradient":""},"mobile":{"background-color":"var(--ast-global-color-5)","background-image":"","background-repeat":"repeat","background-position":"center center","background-size":"auto","background-attachment":"scroll","background-type":"","background-media":"","overlay-type":"","overlay-color":"","overlay-opacity":"","overlay-gradient":""}},"footnotes":""},"class_list":["post-654","page","type-page","status-publish","hentry"],"yoast_head":"<!-- This site is optimized with the Yoast SEO plugin v27.5 - https:\/\/yoast.com\/product\/yoast-seo-wordpress\/ -->\n<title>UTLEKKINGSTEST - Alex Stewart International Norge AS<\/title>\n<meta name=\"description\" content=\"Avfallsmasser som skal leveres til avfallsmottak m\u00e5 karakteriseres f\u00f8r massen kan sluttbehandles. Det m\u00e5 da avklares om massene klassifiseres som rene, lett forurensede, forurensede eller farlig avfall. V\u00e5rt laboratorium kan bist\u00e5 med klassifisering av avfallsmasser og bygningsmateriale.\" \/>\n<meta name=\"robots\" content=\"index, follow, max-snippet:-1, max-image-preview:large, max-video-preview:-1\" \/>\n<link rel=\"canonical\" href=\"https:\/\/asinorge.no\/en\/utlekkingstest\/\" \/>\n<meta property=\"og:locale\" content=\"en_US\" \/>\n<meta property=\"og:type\" content=\"article\" \/>\n<meta property=\"og:title\" content=\"UTLEKKINGSTEST - Alex Stewart International Norge AS\" \/>\n<meta property=\"og:description\" content=\"Avfallsmasser som skal leveres til avfallsmottak m\u00e5 karakteriseres f\u00f8r massen kan sluttbehandles. Det m\u00e5 da avklares om massene klassifiseres som rene, lett forurensede, forurensede eller farlig avfall. V\u00e5rt laboratorium kan bist\u00e5 med klassifisering av avfallsmasser og bygningsmateriale.\" \/>\n<meta property=\"og:url\" content=\"https:\/\/asinorge.no\/en\/utlekkingstest\/\" \/>\n<meta property=\"og:site_name\" content=\"Alex Stewart International Norge AS\" \/>\n<meta property=\"article:publisher\" content=\"https:\/\/www.facebook.com\/slabstord\/\" \/>\n<meta property=\"article:modified_time\" content=\"2024-02-16T12:55:09+00:00\" \/>\n<meta property=\"og:image\" content=\"https:\/\/asinorge.no\/wp-content\/uploads\/2024\/01\/soil-918006_1280.jpg\" \/>\n<meta name=\"twitter:card\" content=\"summary_large_image\" \/>\n<meta name=\"twitter:label1\" content=\"Est. reading time\" \/>\n\t<meta name=\"twitter:data1\" content=\"2 minutes\" \/>\n<script type=\"application\/ld+json\" class=\"yoast-schema-graph\">{\"@context\":\"https:\\\/\\\/schema.org\",\"@graph\":[{\"@type\":\"WebPage\",\"@id\":\"https:\\\/\\\/asinorge.no\\\/utlekkingstest\\\/\",\"url\":\"https:\\\/\\\/asinorge.no\\\/utlekkingstest\\\/\",\"name\":\"UTLEKKINGSTEST - Alex Stewart International Norge AS\",\"isPartOf\":{\"@id\":\"https:\\\/\\\/asinorge.no\\\/#website\"},\"primaryImageOfPage\":{\"@id\":\"https:\\\/\\\/asinorge.no\\\/utlekkingstest\\\/#primaryimage\"},\"image\":{\"@id\":\"https:\\\/\\\/asinorge.no\\\/utlekkingstest\\\/#primaryimage\"},\"thumbnailUrl\":\"https:\\\/\\\/asinorge.no\\\/wp-content\\\/uploads\\\/2024\\\/01\\\/soil-918006_1280.jpg\",\"datePublished\":\"2024-02-15T08:55:23+00:00\",\"dateModified\":\"2024-02-16T12:55:09+00:00\",\"description\":\"Avfallsmasser som skal leveres til avfallsmottak m\u00e5 karakteriseres f\u00f8r massen kan sluttbehandles. Det m\u00e5 da avklares om massene klassifiseres som rene, lett forurensede, forurensede eller farlig avfall. V\u00e5rt laboratorium kan bist\u00e5 med klassifisering av avfallsmasser og bygningsmateriale.\",\"breadcrumb\":{\"@id\":\"https:\\\/\\\/asinorge.no\\\/utlekkingstest\\\/#breadcrumb\"},\"inLanguage\":\"en-US\",\"potentialAction\":[{\"@type\":\"ReadAction\",\"target\":[\"https:\\\/\\\/asinorge.no\\\/utlekkingstest\\\/\"]}]},{\"@type\":\"ImageObject\",\"inLanguage\":\"en-US\",\"@id\":\"https:\\\/\\\/asinorge.no\\\/utlekkingstest\\\/#primaryimage\",\"url\":\"https:\\\/\\\/asinorge.no\\\/wp-content\\\/uploads\\\/2024\\\/01\\\/soil-918006_1280.jpg\",\"contentUrl\":\"https:\\\/\\\/asinorge.no\\\/wp-content\\\/uploads\\\/2024\\\/01\\\/soil-918006_1280.jpg\"},{\"@type\":\"BreadcrumbList\",\"@id\":\"https:\\\/\\\/asinorge.no\\\/utlekkingstest\\\/#breadcrumb\",\"itemListElement\":[{\"@type\":\"ListItem\",\"position\":1,\"name\":\"Hjem\",\"item\":\"https:\\\/\\\/asinorge.no\\\/\"},{\"@type\":\"ListItem\",\"position\":2,\"name\":\"UTLEKKINGSTEST\"}]},{\"@type\":\"WebSite\",\"@id\":\"https:\\\/\\\/asinorge.no\\\/#website\",\"url\":\"https:\\\/\\\/asinorge.no\\\/\",\"name\":\"Alex Stewart International Norge AS\",\"description\":\"Konsulent og laboratorietjenester\",\"publisher\":{\"@id\":\"https:\\\/\\\/asinorge.no\\\/#organization\"},\"alternateName\":\"ASI NORGE AS\",\"potentialAction\":[{\"@type\":\"SearchAction\",\"target\":{\"@type\":\"EntryPoint\",\"urlTemplate\":\"https:\\\/\\\/asinorge.no\\\/?s={search_term_string}\"},\"query-input\":{\"@type\":\"PropertyValueSpecification\",\"valueRequired\":true,\"valueName\":\"search_term_string\"}}],\"inLanguage\":\"en-US\"},{\"@type\":\"Organization\",\"@id\":\"https:\\\/\\\/asinorge.no\\\/#organization\",\"name\":\"Alex Stewart International Norge AS\",\"url\":\"https:\\\/\\\/asinorge.no\\\/\",\"logo\":{\"@type\":\"ImageObject\",\"inLanguage\":\"en-US\",\"@id\":\"https:\\\/\\\/asinorge.no\\\/#\\\/schema\\\/logo\\\/image\\\/\",\"url\":\"https:\\\/\\\/asinorge.no\\\/wp-content\\\/uploads\\\/2023\\\/11\\\/cropped-ASi-Logony.png\",\"contentUrl\":\"https:\\\/\\\/asinorge.no\\\/wp-content\\\/uploads\\\/2023\\\/11\\\/cropped-ASi-Logony.png\",\"width\":943,\"height\":246,\"caption\":\"Alex Stewart International Norge AS\"},\"image\":{\"@id\":\"https:\\\/\\\/asinorge.no\\\/#\\\/schema\\\/logo\\\/image\\\/\"},\"sameAs\":[\"https:\\\/\\\/www.facebook.com\\\/slabstord\\\/\",\"https:\\\/\\\/no.linkedin.com\\\/in\\\/alex-stewart-international-norge-as-avd-stord-11a5421a3\"]}]}<\/script>\n<!-- \/ Yoast SEO plugin. -->","yoast_head_json":{"title":"UTLEKKINGSTEST - Alex Stewart International Norge AS","description":"Avfallsmasser som skal leveres til avfallsmottak m\u00e5 karakteriseres f\u00f8r massen kan sluttbehandles. Det m\u00e5 da avklares om massene klassifiseres som rene, lett forurensede, forurensede eller farlig avfall. V\u00e5rt laboratorium kan bist\u00e5 med klassifisering av avfallsmasser og bygningsmateriale.","robots":{"index":"index","follow":"follow","max-snippet":"max-snippet:-1","max-image-preview":"max-image-preview:large","max-video-preview":"max-video-preview:-1"},"canonical":"https:\/\/asinorge.no\/en\/utlekkingstest\/","og_locale":"en_US","og_type":"article","og_title":"UTLEKKINGSTEST - Alex Stewart International Norge AS","og_description":"Avfallsmasser som skal leveres til avfallsmottak m\u00e5 karakteriseres f\u00f8r massen kan sluttbehandles. Det m\u00e5 da avklares om massene klassifiseres som rene, lett forurensede, forurensede eller farlig avfall. V\u00e5rt laboratorium kan bist\u00e5 med klassifisering av avfallsmasser og bygningsmateriale.","og_url":"https:\/\/asinorge.no\/en\/utlekkingstest\/","og_site_name":"Alex Stewart International Norge AS","article_publisher":"https:\/\/www.facebook.com\/slabstord\/","article_modified_time":"2024-02-16T12:55:09+00:00","og_image":[{"url":"https:\/\/asinorge.no\/wp-content\/uploads\/2024\/01\/soil-918006_1280.jpg","type":"","width":"","height":""}],"twitter_card":"summary_large_image","twitter_misc":{"Est. reading time":"2 minutes"},"schema":{"@context":"https:\/\/schema.org","@graph":[{"@type":"WebPage","@id":"https:\/\/asinorge.no\/utlekkingstest\/","url":"https:\/\/asinorge.no\/utlekkingstest\/","name":"UTLEKKINGSTEST - Alex Stewart International Norge AS","isPartOf":{"@id":"https:\/\/asinorge.no\/#website"},"primaryImageOfPage":{"@id":"https:\/\/asinorge.no\/utlekkingstest\/#primaryimage"},"image":{"@id":"https:\/\/asinorge.no\/utlekkingstest\/#primaryimage"},"thumbnailUrl":"https:\/\/asinorge.no\/wp-content\/uploads\/2024\/01\/soil-918006_1280.jpg","datePublished":"2024-02-15T08:55:23+00:00","dateModified":"2024-02-16T12:55:09+00:00","description":"Avfallsmasser som skal leveres til avfallsmottak m\u00e5 karakteriseres f\u00f8r massen kan sluttbehandles. Det m\u00e5 da avklares om massene klassifiseres som rene, lett forurensede, forurensede eller farlig avfall. V\u00e5rt laboratorium kan bist\u00e5 med klassifisering av avfallsmasser og bygningsmateriale.","breadcrumb":{"@id":"https:\/\/asinorge.no\/utlekkingstest\/#breadcrumb"},"inLanguage":"en-US","potentialAction":[{"@type":"ReadAction","target":["https:\/\/asinorge.no\/utlekkingstest\/"]}]},{"@type":"ImageObject","inLanguage":"en-US","@id":"https:\/\/asinorge.no\/utlekkingstest\/#primaryimage","url":"https:\/\/asinorge.no\/wp-content\/uploads\/2024\/01\/soil-918006_1280.jpg","contentUrl":"https:\/\/asinorge.no\/wp-content\/uploads\/2024\/01\/soil-918006_1280.jpg"},{"@type":"BreadcrumbList","@id":"https:\/\/asinorge.no\/utlekkingstest\/#breadcrumb","itemListElement":[{"@type":"ListItem","position":1,"name":"Hjem","item":"https:\/\/asinorge.no\/"},{"@type":"ListItem","position":2,"name":"UTLEKKINGSTEST"}]},{"@type":"WebSite","@id":"https:\/\/asinorge.no\/#website","url":"https:\/\/asinorge.no\/","name":"Alex Stewart International Norge AS","description":"Konsulent og laboratorietjenester","publisher":{"@id":"https:\/\/asinorge.no\/#organization"},"alternateName":"ASI NORGE AS","potentialAction":[{"@type":"SearchAction","target":{"@type":"EntryPoint","urlTemplate":"https:\/\/asinorge.no\/?s={search_term_string}"},"query-input":{"@type":"PropertyValueSpecification","valueRequired":true,"valueName":"search_term_string"}}],"inLanguage":"en-US"},{"@type":"Organization","@id":"https:\/\/asinorge.no\/#organization","name":"Alex Stewart International Norge AS","url":"https:\/\/asinorge.no\/","logo":{"@type":"ImageObject","inLanguage":"en-US","@id":"https:\/\/asinorge.no\/#\/schema\/logo\/image\/","url":"https:\/\/asinorge.no\/wp-content\/uploads\/2023\/11\/cropped-ASi-Logony.png","contentUrl":"https:\/\/asinorge.no\/wp-content\/uploads\/2023\/11\/cropped-ASi-Logony.png","width":943,"height":246,"caption":"Alex Stewart International Norge AS"},"image":{"@id":"https:\/\/asinorge.no\/#\/schema\/logo\/image\/"},"sameAs":["https:\/\/www.facebook.com\/slabstord\/","https:\/\/no.linkedin.com\/in\/alex-stewart-international-norge-as-avd-stord-11a5421a3"]}]}},"uagb_featured_image_src":{"full":false,"thumbnail":false,"medium":false,"medium_large":false,"large":false,"1536x1536":false,"2048x2048":false,"trp-custom-language-flag":false},"uagb_author_info":{"display_name":"ASI Norge AS","author_link":"https:\/\/asinorge.no\/en\/author\/malin_brady\/"},"uagb_comment_info":0,"uagb_excerpt":"Avfallsmasser som skal leveres til avfallsmottak m\u00e5 karakteriseres f\u00f8r massen kan sluttbehandles. Det m\u00e5 da avklares om massene klassifiseres som rene, lett forurensede, forurensede eller farlig avfall. V\u00e5rt laboratorium kan bist\u00e5 med klassifisering av avfallsmasser og bygningsmateriale. Pr\u00f8vene kan da v\u00e6re jord, sand, betong eller bygningsmateriale som gulvbelegg eller annet bygningsmateriale. Vi utf\u00f8rer analyser av&hellip;","jetpack_sharing_enabled":true,"_links":{"self":[{"href":"https:\/\/asinorge.no\/en\/wp-json\/wp\/v2\/pages\/654","targetHints":{"allow":["GET"]}}],"collection":[{"href":"https:\/\/asinorge.no\/en\/wp-json\/wp\/v2\/pages"}],"about":[{"href":"https:\/\/asinorge.no\/en\/wp-json\/wp\/v2\/types\/page"}],"author":[{"embeddable":true,"href":"https:\/\/asinorge.no\/en\/wp-json\/wp\/v2\/users\/1"}],"replies":[{"embeddable":true,"href":"https:\/\/asinorge.no\/en\/wp-json\/wp\/v2\/comments?post=654"}],"version-history":[{"count":3,"href":"https:\/\/asinorge.no\/en\/wp-json\/wp\/v2\/pages\/654\/revisions"}],"predecessor-version":[{"id":1070,"href":"https:\/\/asinorge.no\/en\/wp-json\/wp\/v2\/pages\/654\/revisions\/1070"}],"wp:attachment":[{"href":"https:\/\/asinorge.no\/en\/wp-json\/wp\/v2\/media?parent=654"}],"curies":[{"name":"wp","href":"https:\/\/api.w.org\/{rel}","templated":true}]}}