{"id":652,"date":"2024-01-07T20:53:35","date_gmt":"2024-01-07T19:53:35","guid":{"rendered":"https:\/\/asinorge.no\/?page_id=652"},"modified":"2025-02-19T09:17:56","modified_gmt":"2025-02-19T08:17:56","slug":"ofte-stilte-sporsmal-akkreditert","status":"publish","type":"page","link":"https:\/\/asinorge.no\/en\/ofte-stilte-sporsmal-akkreditert\/","title":{"rendered":"OFTE STILTE SP\u00d8RSM\u00c5L &#8211; AKKREDITERT"},"content":{"rendered":"<div class=\"wp-block-cover alignfull wp-elements-3626f98874030b455d94d3fbf3efc749\" style=\"min-height:962px;aspect-ratio:unset;\"><span aria-hidden=\"true\" class=\"wp-block-cover__background has-ast-global-color-6-background-color has-background-dim-100 has-background-dim\"><\/span><div class=\"wp-block-cover__inner-container is-layout-constrained wp-block-cover-is-layout-constrained\">\n<div class=\"wp-block-uagb-advanced-heading uagb-block-2b4bcd2f\"><h4 class=\"uagb-heading-text\">OFTE STILTE SP\u00d8RSM\u00c5L<\/h4><\/div>\n\n\n\n<div class=\"wp-block-uagb-advanced-heading uagb-block-2818aefa\"><h2 class=\"uagb-heading-text\"><strong>AKKREDITERT<\/strong><\/h2><\/div>\n\n\n\n<p class=\"has-text-align-center has-ast-global-color-8-color has-text-color has-link-color wp-elements-882b0beaadfb7bd92ea231dbac156bb7\"><a href=\"https:\/\/asinorge.no\/en\/ofte-stilte-sporsmal\/\"><i class=\"fas fa-arrow-left-long\"><\/i> Tilbake<\/a><\/p>\n\n\n\n<div style=\"height:67px\" aria-hidden=\"true\" class=\"wp-block-spacer\"><\/div>\n\n\n\n<div class=\"wp-block-columns is-layout-flex wp-container-core-columns-is-layout-28f84493 wp-block-columns-is-layout-flex\">\n<div class=\"wp-block-column is-layout-flow wp-block-column-is-layout-flow\">\n<details class=\"wp-block-details has-ast-global-color-8-color has-text-color has-link-color wp-elements-5abac3a14684ac15e6d78e4eac3e44d2 is-layout-flow wp-block-details-is-layout-flow\" style=\"font-size:24px\"><summary><strong>Er ASI Norge AS akkreditert ?<\/strong><\/summary>\n<p class=\"has-ast-global-color-8-color has-text-color has-link-color wp-elements-0ae25459bd79cb6e14fe00d904baf431\" style=\"font-size:18px\">Begge laboratoriene v\u00e5re er akkreditert og tilfredsstiller kravene i NS-EN ISO\/IEC 17025:2017 <\/p>\n\n\n\n<p class=\"has-vivid-red-color has-text-color has-link-color wp-elements-0fe2050f81f74b5d59dd173388eff3e2\" style=\"font-size:18px\"><a href=\"https:\/\/www.akkreditert.no\/akkrediterte-organisasjoner\/akkrediteringsomfang\/?AkkId=205\"><strong>Akkrediteringsomfang avdeling Odda (TEST 052)<\/strong><\/a><\/p>\n\n\n\n<p class=\"has-vivid-red-color has-text-color has-link-color wp-elements-3bada6b99639267c5972ccaea5f81cc4\" style=\"font-size:18px\"><strong><a href=\"https:\/\/www.akkreditert.no\/akkrediterte-organisasjoner\/akkrediteringsomfang\/?AkkId=503\">Akkrediteringsomfang avdeling Stord (TEST 187)<\/a><\/strong><br><\/p>\n<\/details>\n\n\n\n<details class=\"wp-block-details has-ast-global-color-8-color has-text-color has-link-color wp-elements-9ff1519ea2b3ba3bcd7effb7aca7d4cb is-layout-flow wp-block-details-is-layout-flow\" style=\"font-size:24px\"><summary><strong>Hva betyr akkreditert ?<\/strong><\/summary>\n<p class=\"has-ast-global-color-8-color has-text-color has-link-color wp-elements-d89205cdd778b412f5ef796574479567\" style=\"font-size:18px\">Akkreditert betyr at v\u00e5r organisasjon blir n\u00f8ye kontrollert \u00e5rlig av en tredjepart (Norsk Akkreditering) at vi f\u00f8lger fastsatte krav og standarder. <\/p>\n\n\n\n<p class=\"has-ast-global-color-8-color has-text-color has-link-color wp-elements-df690ca11fee7d6e813a3ec5020cec89\" style=\"font-size:18px\">Akkreditering skal sikre v\u00e5re kunder om at vi utf\u00f8rer v\u00e5rt arbeid p\u00e5 korrekt m\u00e5te.<br><br>P\u00e5 analyserapporten vil det st\u00e5 om analysene er akkreditert eller ikke.<br><\/p>\n<\/details>\n\n\n\n<details class=\"wp-block-details has-ast-global-color-8-color has-text-color has-link-color wp-elements-5e6f66ec8b2c9021be01e8f8e86b3617 is-layout-flow wp-block-details-is-layout-flow\" style=\"font-size:24px\"><summary><strong>Dersom dere ikke har denne analysen akkreditert, hva gj\u00f8re vi da ?<\/strong><\/summary>\n<p class=\"has-ast-global-color-8-color has-text-color has-link-color wp-elements-8054f87d92c42d37f4d2aae20aaec050\" style=\"font-size:18px\">Vi har samarbeid med laboratorier i inn og utland. Dersom det er en analyse vi ikke utf\u00f8rer p\u00e5 en av v\u00e5re laboratorier har vi underleverand\u00f8rer vi samarbeider med som vi kan kontakte<\/p>\n<\/details>\n\n\n\n<details class=\"wp-block-details has-ast-global-color-8-color has-text-color has-link-color wp-elements-092ddde9d6d06eb38351bf08c8ce528d is-layout-flow wp-block-details-is-layout-flow\" style=\"font-size:24px\"><summary><strong>Har dere noen andre sertifiseringer ?<\/strong><\/summary>\n<p class=\"has-ast-global-color-8-color has-text-color has-link-color wp-elements-841ac7cd39f8412fd6c9bcab2c5c56c8\" style=\"font-size:18px\">ASI Norge AS er stolte over \u00e5 v\u00e6re Milj\u00f8fyrt\u00e5rn sertifisert. Det betyr at vi har etablert et\u00a0<em>milj\u00f8ledelsessystem\u00a0<\/em>som styrer klima- og milj\u00f8arbeidet og hjelper oss med kontinuerlig forbedring. <br><br>Sertifiseringen inneholder ogs\u00e5 konkrete krav som m\u00e5 oppfylles innen\u00a0<em>arbeidsmilj\u00f8, avfall\/ombruk, energi, innkj\u00f8p og transport<\/em>. <br><br>Hvert \u00e5r innrapporterer vi tall for v\u00e5re aktiviteter som resulterer i et klimaregnskap, samt resultater og statistikk.<\/p>\n\n\n\n<p class=\"has-ast-global-color-8-color has-text-color has-link-color wp-elements-9b47bb5c45c58842d6cdf139b2e38520\" style=\"font-size:18px\">Les mer om dette her:<br><a href=\"https:\/\/asinorge.no\/en\/miljoprofil\/\"><strong>ASI Norge milj\u00f8profil<\/strong><\/a><\/p>\n\n\n\n<div class=\"wp-block-uagb-image uagb-block-8db826a5 wp-block-uagb-image--layout-default wp-block-uagb-image--effect-static wp-block-uagb-image--align-none\"><figure class=\"wp-block-uagb-image__figure\"><img decoding=\"async\" srcset=\"https:\/\/asinorge.no\/wp-content\/uploads\/2024\/01\/miljotry.png ,https:\/\/asinorge.no\/wp-content\/uploads\/2024\/01\/miljotry.png 780w, https:\/\/asinorge.no\/wp-content\/uploads\/2024\/01\/miljotry.png 360w\" sizes=\"auto, (max-width: 480px) 150px\" src=\"https:\/\/asinorge.no\/wp-content\/uploads\/2024\/01\/miljotry.png\" alt=\"\" class=\"uag-image-726\" width=\"134\" height=\"115\" title=\"\" loading=\"lazy\" role=\"img\"\/><\/figure><\/div>\n<\/details>\n<\/div>\n\n\n\n<div class=\"wp-block-column is-layout-flow wp-block-column-is-layout-flow\">\n<figure class=\"wp-block-image size-large\"><img loading=\"lazy\" decoding=\"async\" width=\"1024\" height=\"681\" src=\"https:\/\/asinorge.no\/wp-content\/uploads\/2024\/01\/professional-researcher-lab-1-1024x681.jpg\" alt=\"\" class=\"wp-image-597\" srcset=\"https:\/\/asinorge.no\/wp-content\/uploads\/2024\/01\/professional-researcher-lab-1-1024x681.jpg 1024w, https:\/\/asinorge.no\/wp-content\/uploads\/2024\/01\/professional-researcher-lab-1-300x200.jpg 300w, https:\/\/asinorge.no\/wp-content\/uploads\/2024\/01\/professional-researcher-lab-1-768x511.jpg 768w, https:\/\/asinorge.no\/wp-content\/uploads\/2024\/01\/professional-researcher-lab-1-1536x1022.jpg 1536w, https:\/\/asinorge.no\/wp-content\/uploads\/2024\/01\/professional-researcher-lab-1-2048x1363.jpg 2048w, https:\/\/asinorge.no\/wp-content\/uploads\/2024\/01\/professional-researcher-lab-1-18x12.jpg 18w\" sizes=\"auto, (max-width: 1024px) 100vw, 1024px\" \/><\/figure>\n<\/div>\n<\/div>\n\n\n\n<div style=\"height:361px\" aria-hidden=\"true\" class=\"wp-block-spacer\"><\/div>\n<\/div><\/div>","protected":false},"excerpt":{"rendered":"","protected":false},"author":1,"featured_media":0,"parent":0,"menu_order":0,"comment_status":"closed","ping_status":"closed","template":"","meta":{"_uag_custom_page_level_css":"background-color: #ccc;","site-sidebar-layout":"default","site-content-layout":"","ast-site-content-layout":"default","site-content-style":"default","site-sidebar-style":"default","ast-global-header-display":"","ast-banner-title-visibility":"","ast-main-header-display":"","ast-hfb-above-header-display":"","ast-hfb-below-header-display":"","ast-hfb-mobile-header-display":"","site-post-title":"disabled","ast-breadcrumbs-content":"","ast-featured-img":"","footer-sml-layout":"","ast-disable-related-posts":"","theme-transparent-header-meta":"disabled","adv-header-id-meta":"","stick-header-meta":"","header-above-stick-meta":"","header-main-stick-meta":"","header-below-stick-meta":"","astra-migrate-meta-layouts":"set","ast-page-background-enabled":"default","ast-page-background-meta":{"desktop":{"background-color":"var(--ast-global-color-4)","background-image":"","background-repeat":"repeat","background-position":"center center","background-size":"auto","background-attachment":"scroll","background-type":"","background-media":"","overlay-type":"","overlay-color":"","overlay-opacity":"","overlay-gradient":""},"tablet":{"background-color":"","background-image":"","background-repeat":"repeat","background-position":"center center","background-size":"auto","background-attachment":"scroll","background-type":"","background-media":"","overlay-type":"","overlay-color":"","overlay-opacity":"","overlay-gradient":""},"mobile":{"background-color":"","background-image":"","background-repeat":"repeat","background-position":"center center","background-size":"auto","background-attachment":"scroll","background-type":"","background-media":"","overlay-type":"","overlay-color":"","overlay-opacity":"","overlay-gradient":""}},"ast-content-background-meta":{"desktop":{"background-color":"var(--ast-global-color-5)","background-image":"","background-repeat":"repeat","background-position":"center center","background-size":"auto","background-attachment":"scroll","background-type":"","background-media":"","overlay-type":"","overlay-color":"","overlay-opacity":"","overlay-gradient":""},"tablet":{"background-color":"var(--ast-global-color-5)","background-image":"","background-repeat":"repeat","background-position":"center center","background-size":"auto","background-attachment":"scroll","background-type":"","background-media":"","overlay-type":"","overlay-color":"","overlay-opacity":"","overlay-gradient":""},"mobile":{"background-color":"var(--ast-global-color-5)","background-image":"","background-repeat":"repeat","background-position":"center center","background-size":"auto","background-attachment":"scroll","background-type":"","background-media":"","overlay-type":"","overlay-color":"","overlay-opacity":"","overlay-gradient":""}},"footnotes":""},"class_list":["post-652","page","type-page","status-publish","hentry"],"yoast_head":"<!-- This site is optimized with the Yoast SEO plugin v27.4 - https:\/\/yoast.com\/product\/yoast-seo-wordpress\/ -->\n<title>OFTE STILTE SP\u00d8RSM\u00c5L - AKKREDITERT - Alex Stewart International Norge AS<\/title>\n<meta name=\"description\" content=\"Hva betyr akkreditert ? Hvilken analyser er v\u00e5re avdelinger akkreditert for? Er vi milj\u00f8fyrt\u00e5rnsertifisert ?\" \/>\n<meta name=\"robots\" content=\"index, follow, max-snippet:-1, max-image-preview:large, max-video-preview:-1\" \/>\n<link rel=\"canonical\" href=\"https:\/\/asinorge.no\/en\/ofte-stilte-sporsmal-akkreditert\/\" \/>\n<meta property=\"og:locale\" content=\"en_US\" \/>\n<meta property=\"og:type\" content=\"article\" \/>\n<meta property=\"og:title\" content=\"OFTE STILTE SP\u00d8RSM\u00c5L - AKKREDITERT - Alex Stewart International Norge AS\" \/>\n<meta property=\"og:description\" content=\"Hva betyr akkreditert ? Hvilken analyser er v\u00e5re avdelinger akkreditert for? Er vi milj\u00f8fyrt\u00e5rnsertifisert ?\" \/>\n<meta property=\"og:url\" content=\"https:\/\/asinorge.no\/en\/ofte-stilte-sporsmal-akkreditert\/\" \/>\n<meta property=\"og:site_name\" content=\"Alex Stewart International Norge AS\" \/>\n<meta property=\"article:publisher\" content=\"https:\/\/www.facebook.com\/slabstord\/\" \/>\n<meta property=\"article:modified_time\" content=\"2025-02-19T08:17:56+00:00\" \/>\n<meta property=\"og:image\" content=\"https:\/\/asinorge.no\/wp-content\/uploads\/2024\/01\/miljotry.png\" \/>\n<meta name=\"twitter:card\" content=\"summary_large_image\" \/>\n<meta name=\"twitter:label1\" content=\"Est. reading time\" \/>\n\t<meta name=\"twitter:data1\" content=\"2 minutes\" \/>\n<script type=\"application\/ld+json\" class=\"yoast-schema-graph\">{\"@context\":\"https:\\\/\\\/schema.org\",\"@graph\":[{\"@type\":\"WebPage\",\"@id\":\"https:\\\/\\\/asinorge.no\\\/ofte-stilte-sporsmal-akkreditert\\\/\",\"url\":\"https:\\\/\\\/asinorge.no\\\/ofte-stilte-sporsmal-akkreditert\\\/\",\"name\":\"OFTE STILTE SP\u00d8RSM\u00c5L - AKKREDITERT - Alex Stewart International Norge AS\",\"isPartOf\":{\"@id\":\"https:\\\/\\\/asinorge.no\\\/#website\"},\"primaryImageOfPage\":{\"@id\":\"https:\\\/\\\/asinorge.no\\\/ofte-stilte-sporsmal-akkreditert\\\/#primaryimage\"},\"image\":{\"@id\":\"https:\\\/\\\/asinorge.no\\\/ofte-stilte-sporsmal-akkreditert\\\/#primaryimage\"},\"thumbnailUrl\":\"https:\\\/\\\/asinorge.no\\\/wp-content\\\/uploads\\\/2024\\\/01\\\/miljotry.png\",\"datePublished\":\"2024-01-07T19:53:35+00:00\",\"dateModified\":\"2025-02-19T08:17:56+00:00\",\"description\":\"Hva betyr akkreditert ? Hvilken analyser er v\u00e5re avdelinger akkreditert for? Er vi milj\u00f8fyrt\u00e5rnsertifisert ?\",\"breadcrumb\":{\"@id\":\"https:\\\/\\\/asinorge.no\\\/ofte-stilte-sporsmal-akkreditert\\\/#breadcrumb\"},\"inLanguage\":\"en-US\",\"potentialAction\":[{\"@type\":\"ReadAction\",\"target\":[\"https:\\\/\\\/asinorge.no\\\/ofte-stilte-sporsmal-akkreditert\\\/\"]}]},{\"@type\":\"ImageObject\",\"inLanguage\":\"en-US\",\"@id\":\"https:\\\/\\\/asinorge.no\\\/ofte-stilte-sporsmal-akkreditert\\\/#primaryimage\",\"url\":\"https:\\\/\\\/asinorge.no\\\/wp-content\\\/uploads\\\/2024\\\/01\\\/miljotry.png\",\"contentUrl\":\"https:\\\/\\\/asinorge.no\\\/wp-content\\\/uploads\\\/2024\\\/01\\\/miljotry.png\"},{\"@type\":\"BreadcrumbList\",\"@id\":\"https:\\\/\\\/asinorge.no\\\/ofte-stilte-sporsmal-akkreditert\\\/#breadcrumb\",\"itemListElement\":[{\"@type\":\"ListItem\",\"position\":1,\"name\":\"Hjem\",\"item\":\"https:\\\/\\\/asinorge.no\\\/\"},{\"@type\":\"ListItem\",\"position\":2,\"name\":\"OFTE STILTE SP\u00d8RSM\u00c5L &#8211; AKKREDITERT\"}]},{\"@type\":\"WebSite\",\"@id\":\"https:\\\/\\\/asinorge.no\\\/#website\",\"url\":\"https:\\\/\\\/asinorge.no\\\/\",\"name\":\"Alex Stewart International Norge AS\",\"description\":\"Konsulent og laboratorietjenester\",\"publisher\":{\"@id\":\"https:\\\/\\\/asinorge.no\\\/#organization\"},\"alternateName\":\"ASI NORGE AS\",\"potentialAction\":[{\"@type\":\"SearchAction\",\"target\":{\"@type\":\"EntryPoint\",\"urlTemplate\":\"https:\\\/\\\/asinorge.no\\\/?s={search_term_string}\"},\"query-input\":{\"@type\":\"PropertyValueSpecification\",\"valueRequired\":true,\"valueName\":\"search_term_string\"}}],\"inLanguage\":\"en-US\"},{\"@type\":\"Organization\",\"@id\":\"https:\\\/\\\/asinorge.no\\\/#organization\",\"name\":\"Alex Stewart International Norge AS\",\"url\":\"https:\\\/\\\/asinorge.no\\\/\",\"logo\":{\"@type\":\"ImageObject\",\"inLanguage\":\"en-US\",\"@id\":\"https:\\\/\\\/asinorge.no\\\/#\\\/schema\\\/logo\\\/image\\\/\",\"url\":\"https:\\\/\\\/asinorge.no\\\/wp-content\\\/uploads\\\/2023\\\/11\\\/cropped-ASi-Logony.png\",\"contentUrl\":\"https:\\\/\\\/asinorge.no\\\/wp-content\\\/uploads\\\/2023\\\/11\\\/cropped-ASi-Logony.png\",\"width\":943,\"height\":246,\"caption\":\"Alex Stewart International Norge AS\"},\"image\":{\"@id\":\"https:\\\/\\\/asinorge.no\\\/#\\\/schema\\\/logo\\\/image\\\/\"},\"sameAs\":[\"https:\\\/\\\/www.facebook.com\\\/slabstord\\\/\",\"https:\\\/\\\/no.linkedin.com\\\/in\\\/alex-stewart-international-norge-as-avd-stord-11a5421a3\"]}]}<\/script>\n<!-- \/ Yoast SEO plugin. -->","yoast_head_json":{"title":"OFTE STILTE SP\u00d8RSM\u00c5L - AKKREDITERT - Alex Stewart International Norge AS","description":"Hva betyr akkreditert ? Hvilken analyser er v\u00e5re avdelinger akkreditert for? Er vi milj\u00f8fyrt\u00e5rnsertifisert ?","robots":{"index":"index","follow":"follow","max-snippet":"max-snippet:-1","max-image-preview":"max-image-preview:large","max-video-preview":"max-video-preview:-1"},"canonical":"https:\/\/asinorge.no\/en\/ofte-stilte-sporsmal-akkreditert\/","og_locale":"en_US","og_type":"article","og_title":"OFTE STILTE SP\u00d8RSM\u00c5L - AKKREDITERT - Alex Stewart International Norge AS","og_description":"Hva betyr akkreditert ? Hvilken analyser er v\u00e5re avdelinger akkreditert for? Er vi milj\u00f8fyrt\u00e5rnsertifisert ?","og_url":"https:\/\/asinorge.no\/en\/ofte-stilte-sporsmal-akkreditert\/","og_site_name":"Alex Stewart International Norge AS","article_publisher":"https:\/\/www.facebook.com\/slabstord\/","article_modified_time":"2025-02-19T08:17:56+00:00","og_image":[{"url":"https:\/\/asinorge.no\/wp-content\/uploads\/2024\/01\/miljotry.png","type":"","width":"","height":""}],"twitter_card":"summary_large_image","twitter_misc":{"Est. reading time":"2 minutes"},"schema":{"@context":"https:\/\/schema.org","@graph":[{"@type":"WebPage","@id":"https:\/\/asinorge.no\/ofte-stilte-sporsmal-akkreditert\/","url":"https:\/\/asinorge.no\/ofte-stilte-sporsmal-akkreditert\/","name":"OFTE STILTE SP\u00d8RSM\u00c5L - AKKREDITERT - Alex Stewart International Norge AS","isPartOf":{"@id":"https:\/\/asinorge.no\/#website"},"primaryImageOfPage":{"@id":"https:\/\/asinorge.no\/ofte-stilte-sporsmal-akkreditert\/#primaryimage"},"image":{"@id":"https:\/\/asinorge.no\/ofte-stilte-sporsmal-akkreditert\/#primaryimage"},"thumbnailUrl":"https:\/\/asinorge.no\/wp-content\/uploads\/2024\/01\/miljotry.png","datePublished":"2024-01-07T19:53:35+00:00","dateModified":"2025-02-19T08:17:56+00:00","description":"Hva betyr akkreditert ? Hvilken analyser er v\u00e5re avdelinger akkreditert for? Er vi milj\u00f8fyrt\u00e5rnsertifisert ?","breadcrumb":{"@id":"https:\/\/asinorge.no\/ofte-stilte-sporsmal-akkreditert\/#breadcrumb"},"inLanguage":"en-US","potentialAction":[{"@type":"ReadAction","target":["https:\/\/asinorge.no\/ofte-stilte-sporsmal-akkreditert\/"]}]},{"@type":"ImageObject","inLanguage":"en-US","@id":"https:\/\/asinorge.no\/ofte-stilte-sporsmal-akkreditert\/#primaryimage","url":"https:\/\/asinorge.no\/wp-content\/uploads\/2024\/01\/miljotry.png","contentUrl":"https:\/\/asinorge.no\/wp-content\/uploads\/2024\/01\/miljotry.png"},{"@type":"BreadcrumbList","@id":"https:\/\/asinorge.no\/ofte-stilte-sporsmal-akkreditert\/#breadcrumb","itemListElement":[{"@type":"ListItem","position":1,"name":"Hjem","item":"https:\/\/asinorge.no\/"},{"@type":"ListItem","position":2,"name":"OFTE STILTE SP\u00d8RSM\u00c5L &#8211; AKKREDITERT"}]},{"@type":"WebSite","@id":"https:\/\/asinorge.no\/#website","url":"https:\/\/asinorge.no\/","name":"Alex Stewart International Norge AS","description":"Konsulent og laboratorietjenester","publisher":{"@id":"https:\/\/asinorge.no\/#organization"},"alternateName":"ASI NORGE AS","potentialAction":[{"@type":"SearchAction","target":{"@type":"EntryPoint","urlTemplate":"https:\/\/asinorge.no\/?s={search_term_string}"},"query-input":{"@type":"PropertyValueSpecification","valueRequired":true,"valueName":"search_term_string"}}],"inLanguage":"en-US"},{"@type":"Organization","@id":"https:\/\/asinorge.no\/#organization","name":"Alex Stewart International Norge AS","url":"https:\/\/asinorge.no\/","logo":{"@type":"ImageObject","inLanguage":"en-US","@id":"https:\/\/asinorge.no\/#\/schema\/logo\/image\/","url":"https:\/\/asinorge.no\/wp-content\/uploads\/2023\/11\/cropped-ASi-Logony.png","contentUrl":"https:\/\/asinorge.no\/wp-content\/uploads\/2023\/11\/cropped-ASi-Logony.png","width":943,"height":246,"caption":"Alex Stewart International Norge AS"},"image":{"@id":"https:\/\/asinorge.no\/#\/schema\/logo\/image\/"},"sameAs":["https:\/\/www.facebook.com\/slabstord\/","https:\/\/no.linkedin.com\/in\/alex-stewart-international-norge-as-avd-stord-11a5421a3"]}]}},"uagb_featured_image_src":{"full":false,"thumbnail":false,"medium":false,"medium_large":false,"large":false,"1536x1536":false,"2048x2048":false,"trp-custom-language-flag":false},"uagb_author_info":{"display_name":"ASI Norge AS","author_link":"https:\/\/asinorge.no\/en\/author\/malin_brady\/"},"uagb_comment_info":0,"uagb_excerpt":null,"jetpack_sharing_enabled":true,"_links":{"self":[{"href":"https:\/\/asinorge.no\/en\/wp-json\/wp\/v2\/pages\/652","targetHints":{"allow":["GET"]}}],"collection":[{"href":"https:\/\/asinorge.no\/en\/wp-json\/wp\/v2\/pages"}],"about":[{"href":"https:\/\/asinorge.no\/en\/wp-json\/wp\/v2\/types\/page"}],"author":[{"embeddable":true,"href":"https:\/\/asinorge.no\/en\/wp-json\/wp\/v2\/users\/1"}],"replies":[{"embeddable":true,"href":"https:\/\/asinorge.no\/en\/wp-json\/wp\/v2\/comments?post=652"}],"version-history":[{"count":6,"href":"https:\/\/asinorge.no\/en\/wp-json\/wp\/v2\/pages\/652\/revisions"}],"predecessor-version":[{"id":1224,"href":"https:\/\/asinorge.no\/en\/wp-json\/wp\/v2\/pages\/652\/revisions\/1224"}],"wp:attachment":[{"href":"https:\/\/asinorge.no\/en\/wp-json\/wp\/v2\/media?parent=652"}],"curies":[{"name":"wp","href":"https:\/\/api.w.org\/{rel}","templated":true}]}}