{"id":646,"date":"2024-01-07T20:09:42","date_gmt":"2024-01-07T19:09:42","guid":{"rendered":"https:\/\/asinorge.no\/?page_id=646"},"modified":"2024-02-16T13:46:14","modified_gmt":"2024-02-16T12:46:14","slug":"ofte-stilte-sporsmal-proveinnlevering","status":"publish","type":"page","link":"https:\/\/asinorge.no\/en\/ofte-stilte-sporsmal-proveinnlevering\/","title":{"rendered":"OFTE STILTE SP\u00d8RSM\u00c5L &#8211; PR\u00d8VEINNLEVERING"},"content":{"rendered":"<div class=\"wp-block-cover alignfull wp-elements-643b8fd0fd9cf549efc7b8b8f6c197fe\" style=\"min-height:962px;aspect-ratio:unset;\"><span aria-hidden=\"true\" class=\"wp-block-cover__background has-ast-global-color-6-background-color has-background-dim-100 has-background-dim\"><\/span><div class=\"wp-block-cover__inner-container is-layout-constrained wp-block-cover-is-layout-constrained\">\n<div class=\"wp-block-uagb-advanced-heading uagb-block-2b4bcd2f\"><h4 class=\"uagb-heading-text\"><strong>OFTE STILTE SP\u00d8RSM\u00c5L<\/strong><\/h4><\/div>\n\n\n\n<div class=\"wp-block-uagb-advanced-heading uagb-block-2818aefa\"><h2 class=\"uagb-heading-text\"><strong>PR\u00d8VEINNLEVERING<\/strong><\/h2><\/div>\n\n\n\n<p class=\"has-text-align-center has-ast-global-color-2-color has-text-color has-link-color wp-elements-a57fb23f942b4b91cec48671aafeae96\"><a href=\"https:\/\/asinorge.no\/en\/ofte-stilte-sporsmal\/\"><i class=\"fas fa-arrow-left-long\"><\/i> Tilbake<\/a><\/p>\n\n\n\n<div style=\"height:67px\" aria-hidden=\"true\" class=\"wp-block-spacer\"><\/div>\n\n\n\n<div class=\"wp-block-columns is-layout-flex wp-container-core-columns-is-layout-28f84493 wp-block-columns-is-layout-flex\">\n<div class=\"wp-block-column is-layout-flow wp-block-column-is-layout-flow\">\n<details class=\"wp-block-details has-ast-global-color-8-color has-text-color has-link-color wp-elements-6d5cda4149fd557119aecdc7272bcae4 is-layout-flow wp-block-details-is-layout-flow\" style=\"font-size:24px\"><summary><strong>Hvor og n\u00e5r kan jeg levere pr\u00f8ven min?<\/strong><\/summary>\n<p class=\"has-ast-global-color-8-color has-text-color has-link-color wp-elements-939b8d65a38c6b4a92db8ff511098646\" style=\"font-size:18px\">Du kan levere pr\u00f8vene direkte til laboratoriet i Odda eller p\u00e5 Stord. Du kan ogs\u00e5 sende pr\u00f8ver via posten eller h\u00f8re med laboratoriet om andre alternativer (budbil, buss, hurtigb\u00e5t, taxi og lignende).<\/p>\n\n\n\n<p class=\"has-ast-global-color-8-color has-text-color has-link-color wp-elements-0449f5517d95865fd2fed89c5f1930bd\" style=\"font-size:18px\"><strong>ODDA:<\/strong><br><br>ASI Norge AS avd. Odda <br>Eitrheimsvegen 155B N-5750 Odda<br><br><br><strong>STORD:<\/strong><br><br>ASI Norge AS avd. Stord<br>Meatj\u00f8nnsvegen 32 N-5412 Stord<br><br><em>Pr\u00f8vemottak: Mandag-torsdag 09:00-16:00. Fredag og dager f\u00f8r helligdager 09:00 &#8211; 12:00<\/em><\/p>\n<\/details>\n\n\n\n<details class=\"wp-block-details has-ast-global-color-8-color has-text-color has-link-color wp-elements-c81b99b3556555964ca1b9a9ff525fdc is-layout-flow wp-block-details-is-layout-flow\" style=\"font-size:24px\"><summary><strong>Hva m\u00e5 jeg tenke p\u00e5 f\u00f8r jeg sender en pr\u00f8ve i posten?<\/strong><\/summary>\n<p class=\"has-ast-global-color-8-color has-text-color has-link-color wp-elements-b56b1e2d24630452d19e8f3413e2ff57\" style=\"font-size:18px\">I filmsnutten under ser du hvordan du pakker og merker fraktemballasjen for sending via post.<br><br>Dersom det er flytende innhold er det viktig \u00e5 merke fraktemballasjen med <em>&laquo;Wet cargo&raquo;<\/em>, spesielt dersom posten skal sende pakken din med fly.<br><br>Husk \u00e5 levere inn pakken til postkontoret f\u00f8r klokken 14:00 for \u00e5 sikre at pakken din blir med postbilen samme dag.<br><br>Ikke send pr\u00f8ver med posten p\u00e5 en fredag eller dager f\u00f8r helligdager. <\/p>\n\n\n\n<figure class=\"wp-block-embed is-type-video is-provider-youtube wp-block-embed-youtube wp-embed-aspect-16-9 wp-has-aspect-ratio\"><div class=\"wp-block-embed__wrapper\">\n<iframe loading=\"lazy\" title=\"Hvordan sende laboratoriepr\u00f8ver\" width=\"500\" height=\"281\" src=\"https:\/\/www.youtube.com\/embed\/0XNTO_JlZEY?feature=oembed\" frameborder=\"0\" allow=\"accelerometer; autoplay; clipboard-write; encrypted-media; gyroscope; picture-in-picture; web-share\" referrerpolicy=\"strict-origin-when-cross-origin\" allowfullscreen><\/iframe>\n<\/div><\/figure>\n<\/details>\n\n\n\n<details class=\"wp-block-details has-ast-global-color-8-color has-text-color has-link-color wp-elements-a21276759905aa6766c684f27d32d697 is-layout-flow wp-block-details-is-layout-flow\" style=\"font-size:24px\"><summary><strong><strong>Hvor gammel kan en pr\u00f8ve v\u00e6re f\u00f8r jeg leverer den til laboratoriet ?<\/strong><\/strong><\/summary>\n<p class=\"wp-embed-aspect-16-9 wp-has-aspect-ratio has-ast-global-color-8-color has-text-color has-link-color wp-elements-1d8258fccfc517c30b2c97fdb3d3378e\" style=\"font-size:18px\">For mikrobiologiske analyser anbefaler vi at pr\u00f8ven er s\u00e5 fersk som mulig for \u00e5 f\u00e5 en representativ pr\u00f8ve.<br><br>Vannpr\u00f8ver m\u00e5 inn til laboratoriet innen 24 timer fra pr\u00f8veuttak.<br><br>Visse kjemiske analyser er ogs\u00e5 tidssensitive og m\u00e5 oppbevares fryst eller konservert i spesialflaske frem til analysestart. Ta kontakt med laboratoriet for mer informasjon eller se i tabellen under:<\/p>\n\n\n\n<figure class=\"wp-block-table alignfull is-style-stripes\" style=\"font-size:13px\"><table class=\"has-black-color has-text-color has-link-color has-fixed-layout\"><tbody><tr><td class=\"has-text-align-left\" data-align=\"left\">Suspendert stoff i vann<\/td><td class=\"has-text-align-left\" data-align=\"left\">48 timer<\/td><\/tr><tr><td class=\"has-text-align-left\" data-align=\"left\">Nitrat i vann      <\/td><td class=\"has-text-align-left\" data-align=\"left\">24 timer eller fryses<\/td><\/tr><tr><td class=\"has-text-align-left\" data-align=\"left\">Total fosfor i vann   <\/td><td class=\"has-text-align-left\" data-align=\"left\">4 timer eller fryses\/konserveres<\/td><\/tr><tr><td class=\"has-text-align-left\" data-align=\"left\">Fargetall     <\/td><td class=\"has-text-align-left\" data-align=\"left\">5 dager<\/td><\/tr><tr><td class=\"has-text-align-left\" data-align=\"left\">Turbiditet     <\/td><td class=\"has-text-align-left\" data-align=\"left\">24 timer<\/td><\/tr><tr><td class=\"has-text-align-left\" data-align=\"left\">Alkalinitet   <\/td><td class=\"has-text-align-left\" data-align=\"left\">14 dager<\/td><\/tr><tr><td class=\"has-text-align-left\" data-align=\"left\">BOF-5      <\/td><td class=\"has-text-align-left\" data-align=\"left\">24 timer eller fryses<\/td><\/tr><tr><td class=\"has-text-align-left\" data-align=\"left\">pH i avl\u00f8p<\/td><td class=\"has-text-align-left\" data-align=\"left\">24 timer<\/td><\/tr><\/tbody><\/table><\/figure>\n<\/details>\n\n\n\n<details class=\"wp-block-details has-ast-global-color-8-color has-text-color has-link-color wp-elements-ecea5b846a06d8a701f74e9d52dbafb0 is-layout-flow wp-block-details-is-layout-flow\" style=\"font-size:24px\"><summary><strong>Kan dere hente pr\u00f8ven p\u00e5 d\u00f8ren ?<\/strong><\/summary>\n<p class=\"has-ast-global-color-8-color has-text-color has-link-color wp-elements-d7076540d3acdf990140afec8d560c97\" style=\"font-size:18px\"><br><strong>Privatpersoner:<\/strong> Vi har biler som kj\u00f8rer faste ruter hver dag. Befinner du deg i n\u00e6romr\u00e5det hvor bilen er den aktuelle dagen kan vi avtale henting. Ta kontakt med laboratoriet for mer informasjon.<br><br><strong>Bedriftskunder: <\/strong>Vi kan hente pr\u00f8ver p\u00e5 d\u00f8ren hos deg etter avtale &#8211; Da slipper du eller dine ansatte \u00e5 bruke verdifull arbeidstid p\u00e5 \u00e5 levere pr\u00f8ver til b\u00e5t, buss, postkontor eller lignende. Ta kontakt for mer informasjon eller avtale.<\/p>\n<\/details>\n<\/div>\n\n\n\n<div class=\"wp-block-column is-layout-flow wp-block-column-is-layout-flow\">\n<figure class=\"wp-block-image size-large\"><img loading=\"lazy\" decoding=\"async\" width=\"1024\" height=\"681\" src=\"https:\/\/asinorge.no\/wp-content\/uploads\/2024\/01\/professional-researcher-lab-1-1024x681.jpg\" alt=\"\" class=\"wp-image-597\" srcset=\"https:\/\/asinorge.no\/wp-content\/uploads\/2024\/01\/professional-researcher-lab-1-1024x681.jpg 1024w, https:\/\/asinorge.no\/wp-content\/uploads\/2024\/01\/professional-researcher-lab-1-300x200.jpg 300w, https:\/\/asinorge.no\/wp-content\/uploads\/2024\/01\/professional-researcher-lab-1-768x511.jpg 768w, https:\/\/asinorge.no\/wp-content\/uploads\/2024\/01\/professional-researcher-lab-1-1536x1022.jpg 1536w, https:\/\/asinorge.no\/wp-content\/uploads\/2024\/01\/professional-researcher-lab-1-2048x1363.jpg 2048w, https:\/\/asinorge.no\/wp-content\/uploads\/2024\/01\/professional-researcher-lab-1-18x12.jpg 18w\" sizes=\"auto, (max-width: 1024px) 100vw, 1024px\" \/><\/figure>\n<\/div>\n<\/div>\n\n\n\n<div style=\"height:361px\" aria-hidden=\"true\" class=\"wp-block-spacer\"><\/div>\n<\/div><\/div>","protected":false},"excerpt":{"rendered":"","protected":false},"author":1,"featured_media":0,"parent":0,"menu_order":0,"comment_status":"closed","ping_status":"closed","template":"","meta":{"_uag_custom_page_level_css":"background-color: #ccc;\n\n.ast-plain-container.ast-no-sidebar .entry-content .alignfull .alignfull, .ast-page-builder-template.ast-no-sidebar .entry-content .alignfull .alignfull, .ast-plain-container.ast-no-sidebar .entry-content .alignfull .alignwide, .ast-page-builder-template.ast-no-sidebar .entry-content .alignfull .alignwide, .ast-plain-container.ast-no-sidebar .entry-content .alignwide .alignfull, .ast-page-builder-template.ast-no-sidebar .entry-content .alignwide .alignfull, .ast-plain-container.ast-no-sidebar .entry-content .alignwide .alignwide, .ast-page-builder-template.ast-no-sidebar .entry-content .alignwide .alignwide, .ast-plain-container.ast-no-sidebar .entry-content .wp-block-column .alignfull, .ast-page-builder-template.ast-no-sidebar .entry-content .wp-block-column .alignfull, .ast-plain-container.ast-no-sidebar .entry-content .wp-block-column .alignwide, .ast-page-builder-template.ast-no-sidebar .entry-content .wp-block-column .alignwide{overflow:hidden;}","site-sidebar-layout":"default","site-content-layout":"","ast-site-content-layout":"default","site-content-style":"default","site-sidebar-style":"default","ast-global-header-display":"","ast-banner-title-visibility":"","ast-main-header-display":"","ast-hfb-above-header-display":"","ast-hfb-below-header-display":"","ast-hfb-mobile-header-display":"","site-post-title":"disabled","ast-breadcrumbs-content":"","ast-featured-img":"","footer-sml-layout":"","ast-disable-related-posts":"","theme-transparent-header-meta":"disabled","adv-header-id-meta":"","stick-header-meta":"","header-above-stick-meta":"","header-main-stick-meta":"","header-below-stick-meta":"","astra-migrate-meta-layouts":"set","ast-page-background-enabled":"default","ast-page-background-meta":{"desktop":{"background-color":"var(--ast-global-color-4)","background-image":"","background-repeat":"repeat","background-position":"center center","background-size":"auto","background-attachment":"scroll","background-type":"","background-media":"","overlay-type":"","overlay-color":"","overlay-opacity":"","overlay-gradient":""},"tablet":{"background-color":"","background-image":"","background-repeat":"repeat","background-position":"center center","background-size":"auto","background-attachment":"scroll","background-type":"","background-media":"","overlay-type":"","overlay-color":"","overlay-opacity":"","overlay-gradient":""},"mobile":{"background-color":"","background-image":"","background-repeat":"repeat","background-position":"center center","background-size":"auto","background-attachment":"scroll","background-type":"","background-media":"","overlay-type":"","overlay-color":"","overlay-opacity":"","overlay-gradient":""}},"ast-content-background-meta":{"desktop":{"background-color":"var(--ast-global-color-5)","background-image":"","background-repeat":"repeat","background-position":"center center","background-size":"auto","background-attachment":"scroll","background-type":"","background-media":"","overlay-type":"","overlay-color":"","overlay-opacity":"","overlay-gradient":""},"tablet":{"background-color":"var(--ast-global-color-5)","background-image":"","background-repeat":"repeat","background-position":"center center","background-size":"auto","background-attachment":"scroll","background-type":"","background-media":"","overlay-type":"","overlay-color":"","overlay-opacity":"","overlay-gradient":""},"mobile":{"background-color":"var(--ast-global-color-5)","background-image":"","background-repeat":"repeat","background-position":"center center","background-size":"auto","background-attachment":"scroll","background-type":"","background-media":"","overlay-type":"","overlay-color":"","overlay-opacity":"","overlay-gradient":""}},"footnotes":""},"class_list":["post-646","page","type-page","status-publish","hentry"],"yoast_head":"<!-- This site is optimized with the Yoast SEO plugin v27.5 - https:\/\/yoast.com\/product\/yoast-seo-wordpress\/ -->\n<title>OFTE STILTE SP\u00d8RSM\u00c5L - PR\u00d8VEINNLEVERING - Alex Stewart International Norge AS<\/title>\n<meta name=\"description\" content=\"Hvordan tar man pr\u00f8ver ? Kan man sende pr\u00f8ver med posten? Hva m\u00e5 man huske p\u00e5 ved innlevering av pr\u00f8ver til laboratoriet?\" \/>\n<meta name=\"robots\" content=\"index, follow, max-snippet:-1, max-image-preview:large, max-video-preview:-1\" \/>\n<link rel=\"canonical\" href=\"https:\/\/asinorge.no\/en\/ofte-stilte-sporsmal-proveinnlevering\/\" \/>\n<meta property=\"og:locale\" content=\"en_US\" \/>\n<meta property=\"og:type\" content=\"article\" \/>\n<meta property=\"og:title\" content=\"OFTE STILTE SP\u00d8RSM\u00c5L - PR\u00d8VEINNLEVERING - Alex Stewart International Norge AS\" \/>\n<meta property=\"og:description\" content=\"Hvordan tar man pr\u00f8ver ? Kan man sende pr\u00f8ver med posten? Hva m\u00e5 man huske p\u00e5 ved innlevering av pr\u00f8ver til laboratoriet?\" \/>\n<meta property=\"og:url\" content=\"https:\/\/asinorge.no\/en\/ofte-stilte-sporsmal-proveinnlevering\/\" \/>\n<meta property=\"og:site_name\" content=\"Alex Stewart International Norge AS\" \/>\n<meta property=\"article:publisher\" content=\"https:\/\/www.facebook.com\/slabstord\/\" \/>\n<meta property=\"article:modified_time\" content=\"2024-02-16T12:46:14+00:00\" \/>\n<meta property=\"og:image\" content=\"https:\/\/asinorge.no\/wp-content\/uploads\/2024\/01\/professional-researcher-lab-1-1024x681.jpg\" \/>\n<meta name=\"twitter:card\" content=\"summary_large_image\" \/>\n<meta name=\"twitter:label1\" content=\"Est. reading time\" \/>\n\t<meta name=\"twitter:data1\" content=\"3 minutes\" \/>\n<script type=\"application\/ld+json\" class=\"yoast-schema-graph\">{\"@context\":\"https:\\\/\\\/schema.org\",\"@graph\":[{\"@type\":\"WebPage\",\"@id\":\"https:\\\/\\\/asinorge.no\\\/ofte-stilte-sporsmal-proveinnlevering\\\/\",\"url\":\"https:\\\/\\\/asinorge.no\\\/ofte-stilte-sporsmal-proveinnlevering\\\/\",\"name\":\"OFTE STILTE SP\u00d8RSM\u00c5L - PR\u00d8VEINNLEVERING - Alex Stewart International Norge AS\",\"isPartOf\":{\"@id\":\"https:\\\/\\\/asinorge.no\\\/#website\"},\"primaryImageOfPage\":{\"@id\":\"https:\\\/\\\/asinorge.no\\\/ofte-stilte-sporsmal-proveinnlevering\\\/#primaryimage\"},\"image\":{\"@id\":\"https:\\\/\\\/asinorge.no\\\/ofte-stilte-sporsmal-proveinnlevering\\\/#primaryimage\"},\"thumbnailUrl\":\"https:\\\/\\\/asinorge.no\\\/wp-content\\\/uploads\\\/2024\\\/01\\\/professional-researcher-lab-1-1024x681.jpg\",\"datePublished\":\"2024-01-07T19:09:42+00:00\",\"dateModified\":\"2024-02-16T12:46:14+00:00\",\"description\":\"Hvordan tar man pr\u00f8ver ? Kan man sende pr\u00f8ver med posten? Hva m\u00e5 man huske p\u00e5 ved innlevering av pr\u00f8ver til laboratoriet?\",\"breadcrumb\":{\"@id\":\"https:\\\/\\\/asinorge.no\\\/ofte-stilte-sporsmal-proveinnlevering\\\/#breadcrumb\"},\"inLanguage\":\"en-US\",\"potentialAction\":[{\"@type\":\"ReadAction\",\"target\":[\"https:\\\/\\\/asinorge.no\\\/ofte-stilte-sporsmal-proveinnlevering\\\/\"]}]},{\"@type\":\"ImageObject\",\"inLanguage\":\"en-US\",\"@id\":\"https:\\\/\\\/asinorge.no\\\/ofte-stilte-sporsmal-proveinnlevering\\\/#primaryimage\",\"url\":\"https:\\\/\\\/asinorge.no\\\/wp-content\\\/uploads\\\/2024\\\/01\\\/professional-researcher-lab-1-1024x681.jpg\",\"contentUrl\":\"https:\\\/\\\/asinorge.no\\\/wp-content\\\/uploads\\\/2024\\\/01\\\/professional-researcher-lab-1-1024x681.jpg\"},{\"@type\":\"BreadcrumbList\",\"@id\":\"https:\\\/\\\/asinorge.no\\\/ofte-stilte-sporsmal-proveinnlevering\\\/#breadcrumb\",\"itemListElement\":[{\"@type\":\"ListItem\",\"position\":1,\"name\":\"Hjem\",\"item\":\"https:\\\/\\\/asinorge.no\\\/\"},{\"@type\":\"ListItem\",\"position\":2,\"name\":\"OFTE STILTE SP\u00d8RSM\u00c5L &#8211; PR\u00d8VEINNLEVERING\"}]},{\"@type\":\"WebSite\",\"@id\":\"https:\\\/\\\/asinorge.no\\\/#website\",\"url\":\"https:\\\/\\\/asinorge.no\\\/\",\"name\":\"Alex Stewart International Norge AS\",\"description\":\"Konsulent og laboratorietjenester\",\"publisher\":{\"@id\":\"https:\\\/\\\/asinorge.no\\\/#organization\"},\"alternateName\":\"ASI NORGE AS\",\"potentialAction\":[{\"@type\":\"SearchAction\",\"target\":{\"@type\":\"EntryPoint\",\"urlTemplate\":\"https:\\\/\\\/asinorge.no\\\/?s={search_term_string}\"},\"query-input\":{\"@type\":\"PropertyValueSpecification\",\"valueRequired\":true,\"valueName\":\"search_term_string\"}}],\"inLanguage\":\"en-US\"},{\"@type\":\"Organization\",\"@id\":\"https:\\\/\\\/asinorge.no\\\/#organization\",\"name\":\"Alex Stewart International Norge AS\",\"url\":\"https:\\\/\\\/asinorge.no\\\/\",\"logo\":{\"@type\":\"ImageObject\",\"inLanguage\":\"en-US\",\"@id\":\"https:\\\/\\\/asinorge.no\\\/#\\\/schema\\\/logo\\\/image\\\/\",\"url\":\"https:\\\/\\\/asinorge.no\\\/wp-content\\\/uploads\\\/2023\\\/11\\\/cropped-ASi-Logony.png\",\"contentUrl\":\"https:\\\/\\\/asinorge.no\\\/wp-content\\\/uploads\\\/2023\\\/11\\\/cropped-ASi-Logony.png\",\"width\":943,\"height\":246,\"caption\":\"Alex Stewart International Norge AS\"},\"image\":{\"@id\":\"https:\\\/\\\/asinorge.no\\\/#\\\/schema\\\/logo\\\/image\\\/\"},\"sameAs\":[\"https:\\\/\\\/www.facebook.com\\\/slabstord\\\/\",\"https:\\\/\\\/no.linkedin.com\\\/in\\\/alex-stewart-international-norge-as-avd-stord-11a5421a3\"]}]}<\/script>\n<!-- \/ Yoast SEO plugin. -->","yoast_head_json":{"title":"OFTE STILTE SP\u00d8RSM\u00c5L - PR\u00d8VEINNLEVERING - Alex Stewart International Norge AS","description":"Hvordan tar man pr\u00f8ver ? Kan man sende pr\u00f8ver med posten? Hva m\u00e5 man huske p\u00e5 ved innlevering av pr\u00f8ver til laboratoriet?","robots":{"index":"index","follow":"follow","max-snippet":"max-snippet:-1","max-image-preview":"max-image-preview:large","max-video-preview":"max-video-preview:-1"},"canonical":"https:\/\/asinorge.no\/en\/ofte-stilte-sporsmal-proveinnlevering\/","og_locale":"en_US","og_type":"article","og_title":"OFTE STILTE SP\u00d8RSM\u00c5L - PR\u00d8VEINNLEVERING - Alex Stewart International Norge AS","og_description":"Hvordan tar man pr\u00f8ver ? Kan man sende pr\u00f8ver med posten? Hva m\u00e5 man huske p\u00e5 ved innlevering av pr\u00f8ver til laboratoriet?","og_url":"https:\/\/asinorge.no\/en\/ofte-stilte-sporsmal-proveinnlevering\/","og_site_name":"Alex Stewart International Norge AS","article_publisher":"https:\/\/www.facebook.com\/slabstord\/","article_modified_time":"2024-02-16T12:46:14+00:00","og_image":[{"url":"https:\/\/asinorge.no\/wp-content\/uploads\/2024\/01\/professional-researcher-lab-1-1024x681.jpg","type":"","width":"","height":""}],"twitter_card":"summary_large_image","twitter_misc":{"Est. reading time":"3 minutes"},"schema":{"@context":"https:\/\/schema.org","@graph":[{"@type":"WebPage","@id":"https:\/\/asinorge.no\/ofte-stilte-sporsmal-proveinnlevering\/","url":"https:\/\/asinorge.no\/ofte-stilte-sporsmal-proveinnlevering\/","name":"OFTE STILTE SP\u00d8RSM\u00c5L - PR\u00d8VEINNLEVERING - Alex Stewart International Norge AS","isPartOf":{"@id":"https:\/\/asinorge.no\/#website"},"primaryImageOfPage":{"@id":"https:\/\/asinorge.no\/ofte-stilte-sporsmal-proveinnlevering\/#primaryimage"},"image":{"@id":"https:\/\/asinorge.no\/ofte-stilte-sporsmal-proveinnlevering\/#primaryimage"},"thumbnailUrl":"https:\/\/asinorge.no\/wp-content\/uploads\/2024\/01\/professional-researcher-lab-1-1024x681.jpg","datePublished":"2024-01-07T19:09:42+00:00","dateModified":"2024-02-16T12:46:14+00:00","description":"Hvordan tar man pr\u00f8ver ? Kan man sende pr\u00f8ver med posten? Hva m\u00e5 man huske p\u00e5 ved innlevering av pr\u00f8ver til laboratoriet?","breadcrumb":{"@id":"https:\/\/asinorge.no\/ofte-stilte-sporsmal-proveinnlevering\/#breadcrumb"},"inLanguage":"en-US","potentialAction":[{"@type":"ReadAction","target":["https:\/\/asinorge.no\/ofte-stilte-sporsmal-proveinnlevering\/"]}]},{"@type":"ImageObject","inLanguage":"en-US","@id":"https:\/\/asinorge.no\/ofte-stilte-sporsmal-proveinnlevering\/#primaryimage","url":"https:\/\/asinorge.no\/wp-content\/uploads\/2024\/01\/professional-researcher-lab-1-1024x681.jpg","contentUrl":"https:\/\/asinorge.no\/wp-content\/uploads\/2024\/01\/professional-researcher-lab-1-1024x681.jpg"},{"@type":"BreadcrumbList","@id":"https:\/\/asinorge.no\/ofte-stilte-sporsmal-proveinnlevering\/#breadcrumb","itemListElement":[{"@type":"ListItem","position":1,"name":"Hjem","item":"https:\/\/asinorge.no\/"},{"@type":"ListItem","position":2,"name":"OFTE STILTE SP\u00d8RSM\u00c5L &#8211; PR\u00d8VEINNLEVERING"}]},{"@type":"WebSite","@id":"https:\/\/asinorge.no\/#website","url":"https:\/\/asinorge.no\/","name":"Alex Stewart International Norge AS","description":"Konsulent og laboratorietjenester","publisher":{"@id":"https:\/\/asinorge.no\/#organization"},"alternateName":"ASI NORGE AS","potentialAction":[{"@type":"SearchAction","target":{"@type":"EntryPoint","urlTemplate":"https:\/\/asinorge.no\/?s={search_term_string}"},"query-input":{"@type":"PropertyValueSpecification","valueRequired":true,"valueName":"search_term_string"}}],"inLanguage":"en-US"},{"@type":"Organization","@id":"https:\/\/asinorge.no\/#organization","name":"Alex Stewart International Norge AS","url":"https:\/\/asinorge.no\/","logo":{"@type":"ImageObject","inLanguage":"en-US","@id":"https:\/\/asinorge.no\/#\/schema\/logo\/image\/","url":"https:\/\/asinorge.no\/wp-content\/uploads\/2023\/11\/cropped-ASi-Logony.png","contentUrl":"https:\/\/asinorge.no\/wp-content\/uploads\/2023\/11\/cropped-ASi-Logony.png","width":943,"height":246,"caption":"Alex Stewart International Norge AS"},"image":{"@id":"https:\/\/asinorge.no\/#\/schema\/logo\/image\/"},"sameAs":["https:\/\/www.facebook.com\/slabstord\/","https:\/\/no.linkedin.com\/in\/alex-stewart-international-norge-as-avd-stord-11a5421a3"]}]}},"uagb_featured_image_src":{"full":false,"thumbnail":false,"medium":false,"medium_large":false,"large":false,"1536x1536":false,"2048x2048":false,"trp-custom-language-flag":false},"uagb_author_info":{"display_name":"ASI Norge AS","author_link":"https:\/\/asinorge.no\/en\/author\/malin_brady\/"},"uagb_comment_info":0,"uagb_excerpt":null,"jetpack_sharing_enabled":true,"_links":{"self":[{"href":"https:\/\/asinorge.no\/en\/wp-json\/wp\/v2\/pages\/646","targetHints":{"allow":["GET"]}}],"collection":[{"href":"https:\/\/asinorge.no\/en\/wp-json\/wp\/v2\/pages"}],"about":[{"href":"https:\/\/asinorge.no\/en\/wp-json\/wp\/v2\/types\/page"}],"author":[{"embeddable":true,"href":"https:\/\/asinorge.no\/en\/wp-json\/wp\/v2\/users\/1"}],"replies":[{"embeddable":true,"href":"https:\/\/asinorge.no\/en\/wp-json\/wp\/v2\/comments?post=646"}],"version-history":[{"count":13,"href":"https:\/\/asinorge.no\/en\/wp-json\/wp\/v2\/pages\/646\/revisions"}],"predecessor-version":[{"id":901,"href":"https:\/\/asinorge.no\/en\/wp-json\/wp\/v2\/pages\/646\/revisions\/901"}],"wp:attachment":[{"href":"https:\/\/asinorge.no\/en\/wp-json\/wp\/v2\/media?parent=646"}],"curies":[{"name":"wp","href":"https:\/\/api.w.org\/{rel}","templated":true}]}}