{"id":629,"date":"2024-01-05T17:39:35","date_gmt":"2024-01-05T16:39:35","guid":{"rendered":"https:\/\/asinorge.no\/?page_id=629"},"modified":"2024-02-16T13:47:16","modified_gmt":"2024-02-16T12:47:16","slug":"ofte-stilte-sporsmal-provetaking","status":"publish","type":"page","link":"https:\/\/asinorge.no\/en\/ofte-stilte-sporsmal-provetaking\/","title":{"rendered":"OFTE STILTE SP\u00d8RSM\u00c5L &#8211; PR\u00d8VETAKING"},"content":{"rendered":"<div class=\"wp-block-cover alignfull wp-elements-f7099460f8c4674974c2448e89061531\" style=\"min-height:962px;aspect-ratio:unset;\"><span aria-hidden=\"true\" class=\"wp-block-cover__background has-ast-global-color-6-background-color has-background-dim-100 has-background-dim\"><\/span><div class=\"wp-block-cover__inner-container is-layout-constrained wp-block-cover-is-layout-constrained\">\n<div class=\"wp-block-uagb-advanced-heading uagb-block-2b4bcd2f\"><h4 class=\"uagb-heading-text\"><strong>OFTE STILTE SP\u00d8RSM\u00c5L<\/strong><\/h4><\/div>\n\n\n\n<div class=\"wp-block-uagb-advanced-heading uagb-block-2818aefa\"><h2 class=\"uagb-heading-text\"><strong>PR\u00d8VETAKING<\/strong><\/h2><\/div>\n\n\n\n<p class=\"has-text-align-center has-ast-global-color-2-color has-text-color has-link-color wp-elements-a57fb23f942b4b91cec48671aafeae96\"><a href=\"https:\/\/asinorge.no\/en\/ofte-stilte-sporsmal\/\"><i class=\"fas fa-arrow-left-long\"><\/i> Tilbake<\/a><\/p>\n\n\n\n<div style=\"height:67px\" aria-hidden=\"true\" class=\"wp-block-spacer\"><\/div>\n\n\n\n<div class=\"wp-block-columns is-layout-flex wp-container-core-columns-is-layout-28f84493 wp-block-columns-is-layout-flex\">\n<div class=\"wp-block-column is-layout-flow wp-block-column-is-layout-flow\">\n<details class=\"wp-block-details has-ast-global-color-8-color has-text-color has-link-color wp-elements-e0d5f58ad2a878f2ee0f1dc5c391b7ea is-layout-flow wp-block-details-is-layout-flow\" style=\"font-size:24px\"><summary><strong>Hvordan tar man en vannpr\u00f8ve?<\/strong><\/summary>\n<p class=\"has-ast-global-color-8-color has-text-color has-link-color wp-elements-3ce2abf4cd86b6e1332c54b310455e85\" style=\"font-size:18px\">I filmsnutten under kan du se hvordan du tar en vannpr\u00f8ve:<\/p>\n\n\n\n<figure class=\"wp-block-embed is-type-video is-provider-youtube wp-block-embed-youtube wp-embed-aspect-16-9 wp-has-aspect-ratio\"><div class=\"wp-block-embed__wrapper\">\n<iframe loading=\"lazy\" title=\"Hvordan ta en vannpr\u00f8ve\" width=\"500\" height=\"281\" src=\"https:\/\/www.youtube.com\/embed\/WNjYwXO9EoQ?feature=oembed\" frameborder=\"0\" allow=\"accelerometer; autoplay; clipboard-write; encrypted-media; gyroscope; picture-in-picture; web-share\" referrerpolicy=\"strict-origin-when-cross-origin\" allowfullscreen><\/iframe>\n<\/div><\/figure>\n<\/details>\n\n\n\n<details class=\"wp-block-details has-ast-global-color-8-color has-text-color has-link-color wp-elements-91011347330d7bc5d9ade03fdf6449ea is-layout-flow wp-block-details-is-layout-flow\" style=\"font-size:24px\"><summary><strong>Hvordan tar man en svaber\/klut pr\u00f8ve ?<\/strong><\/summary>\n<p class=\"has-ast-global-color-8-color has-text-color has-link-color wp-elements-4850dace259ddc6deae2f28712c98567\" style=\"font-size:18px\">I filmsnutten under ser du hvordan du tar en milj\u00f8pr\u00f8ve b\u00e5de med klut og svaber<\/p>\n\n\n\n<figure class=\"wp-block-embed is-type-video is-provider-youtube wp-block-embed-youtube wp-embed-aspect-16-9 wp-has-aspect-ratio\"><div class=\"wp-block-embed__wrapper\">\n<iframe loading=\"lazy\" title=\"Hvordan ta en milj\u00f8pr\u00f8ve (svaber\/klut)\" width=\"500\" height=\"281\" src=\"https:\/\/www.youtube.com\/embed\/DXsoQlnX4Bg?feature=oembed\" frameborder=\"0\" allow=\"accelerometer; autoplay; clipboard-write; encrypted-media; gyroscope; picture-in-picture; web-share\" referrerpolicy=\"strict-origin-when-cross-origin\" allowfullscreen><\/iframe>\n<\/div><\/figure>\n<\/details>\n\n\n\n<details class=\"wp-block-details has-ast-global-color-8-color has-text-color has-link-color wp-elements-56c6adb80079bda1226a86fb9bf7ea12 is-layout-flow wp-block-details-is-layout-flow\" style=\"font-size:24px\"><summary><strong><strong>Hvordan tar man en slukpr\u00f8ve ?<\/strong><\/strong><\/summary>\n<p class=\"wp-embed-aspect-16-9 wp-has-aspect-ratio has-ast-global-color-8-color has-text-color has-link-color wp-elements-96f5921948f2fabc3a9dc83cd54e422e\" style=\"font-size:18px\">I filmsnutten under kan du se hvordan du tar en slukpr\u00f8ve i produksjonen:<\/p>\n\n\n\n<figure class=\"wp-block-embed is-type-video is-provider-youtube wp-block-embed-youtube wp-embed-aspect-16-9 wp-has-aspect-ratio\"><div class=\"wp-block-embed__wrapper\">\n<iframe loading=\"lazy\" title=\"Hvordan ta en slukpr\u00f8ve\" width=\"500\" height=\"281\" src=\"https:\/\/www.youtube.com\/embed\/a7EETQiuuSE?feature=oembed\" frameborder=\"0\" allow=\"accelerometer; autoplay; clipboard-write; encrypted-media; gyroscope; picture-in-picture; web-share\" referrerpolicy=\"strict-origin-when-cross-origin\" allowfullscreen><\/iframe>\n<\/div><\/figure>\n<\/details>\n\n\n\n<details class=\"wp-block-details has-ast-global-color-8-color has-text-color has-link-color wp-elements-3c3fefab459b6d3bd2ec1c45152d7ad4 is-layout-flow wp-block-details-is-layout-flow\" style=\"font-size:24px\"><summary><strong>Hvordan tar man overflatepr\u00f8ve med petrifilm ? <\/strong><\/summary>\n<p class=\"has-ast-global-color-8-color has-text-color has-link-color wp-elements-7c57d9ce1617d6743033daa48fd7a1a7\" style=\"font-size:18px\">Dersom du bruker 3M sine petrifilmer til overflatekontroll kan du f\u00f8lge <a href=\"https:\/\/asinorge.no\/wp-content\/uploads\/2024\/01\/3m_Petrifilm.pdf\">denne brukermanualen<\/a> (PDF)<\/p>\n\n\n\n<figure class=\"wp-block-image size-full\"><img loading=\"lazy\" decoding=\"async\" width=\"681\" height=\"411\" src=\"https:\/\/asinorge.no\/wp-content\/uploads\/2024\/01\/3m-1.jpg\" alt=\"\" class=\"wp-image-639\" srcset=\"https:\/\/asinorge.no\/wp-content\/uploads\/2024\/01\/3m-1.jpg 681w, https:\/\/asinorge.no\/wp-content\/uploads\/2024\/01\/3m-1-300x181.jpg 300w, https:\/\/asinorge.no\/wp-content\/uploads\/2024\/01\/3m-1-18x12.jpg 18w\" sizes=\"auto, (max-width: 681px) 100vw, 681px\" \/><\/figure>\n<\/details>\n\n\n\n<details class=\"wp-block-details has-ast-global-color-8-color has-text-color has-link-color wp-elements-eef4a0d47080a0dd83c70cf3287d933c is-layout-flow wp-block-details-is-layout-flow\" style=\"font-size:24px\"><summary><strong><strong>Hvordan tar man en dypvannspr\u00f8ve ?<\/strong><\/strong><\/summary>\n<p class=\"has-ast-global-color-8-color has-text-color has-link-color wp-elements-e9edbd4f8a16dcc15532b0aec5ab4196\" style=\"font-size:18px\">Kommer<\/p>\n<\/details>\n\n\n\n<details class=\"wp-block-details has-ast-global-color-8-color has-text-color has-link-color wp-elements-65d661a13ed3f20374ee8ba0afefb9e7 is-layout-flow wp-block-details-is-layout-flow\" style=\"font-size:24px\"><summary><strong><strong>Hvor mye pr\u00f8vemateriale trenger laboratoriet og hvilken pr\u00f8veemballasje skal jeg bruke?<\/strong><\/strong><\/summary>\n<p class=\"has-ast-global-color-8-color has-text-color has-link-color wp-elements-1692b46016f4cd0472f008062d397ce7\" style=\"font-size:18px\"><strong>N\u00e6ringsmidler<\/strong><br>For n\u00e6ringsmiddelanalyser til mikrobiologi anbefaler vi minst 100g. For kjemiske analyser og n\u00e6ringsinnhold ta kontakt med laboratoriet.<br><br><strong>Drinkingwater<\/strong><br>For drikkevann mikrobiologi 500ml steril plastflaske.<br>For drikkevann kjemi (enkel) 500ml steril\/ren plastflaske.<br>For drikkevann kjemi (utvidet) ta kontakt med laboratoriet.<br><br><strong>Klorert vann ?<\/strong><br>Til drikkevann som har v\u00e6rt\/er klorert trenger vi en 500ml thiosulfatflaske til mikrobiologianalyser og en 500ml steril\/ren plastflaske til kjemianalyser.<br><br><strong>Oljeinnhold<\/strong> <br>500ml glassflaske.<br><br><strong>Jordpr\u00f8ver<\/strong><br>Plastpose\/glasskrukke.<br><br><strong>UV-sj\u00f8pr\u00f8ver (Vibrio, Kimtall og UV-transmisjon)<br><\/strong>F\u00f8r UV trenger vi 500ml steril plastflaske<br>Etter UV trenger vi 1000ml steril plastflaske.<br><br><strong>Avl\u00f8pspr\u00f8ver<\/strong><br>Til BOF trenger vi 500ml plastflaske (frossen dersom du sender med post).<br>Til KOF, Tot-P, Tot-N og pH trenger vi 500ml plastflaske.<br>Til fett og oljer trenger vi 500ml glassflaske<\/p>\n\n\n\n<p class=\"has-ast-global-color-8-color has-text-color has-link-color wp-elements-b92db7bd639817857304199a1441d358\" style=\"font-size:18px\"><em>Flasker og andre pr\u00f8vetakingsutstyr kan hentes p\u00e5 laboratoriet kostnadsfritt.<\/em><br><\/p>\n\n\n\n<p><\/p>\n\n\n\n<p><\/p>\n\n\n\n<p><br><\/p>\n\n\n\n<p><\/p>\n<\/details>\n<\/div>\n\n\n\n<div class=\"wp-block-column is-layout-flow wp-block-column-is-layout-flow\">\n<figure class=\"wp-block-image size-large\"><img loading=\"lazy\" decoding=\"async\" width=\"1024\" height=\"681\" src=\"https:\/\/asinorge.no\/wp-content\/uploads\/2024\/01\/professional-researcher-lab-1-1024x681.jpg\" alt=\"\" class=\"wp-image-597\" srcset=\"https:\/\/asinorge.no\/wp-content\/uploads\/2024\/01\/professional-researcher-lab-1-1024x681.jpg 1024w, https:\/\/asinorge.no\/wp-content\/uploads\/2024\/01\/professional-researcher-lab-1-300x200.jpg 300w, https:\/\/asinorge.no\/wp-content\/uploads\/2024\/01\/professional-researcher-lab-1-768x511.jpg 768w, https:\/\/asinorge.no\/wp-content\/uploads\/2024\/01\/professional-researcher-lab-1-1536x1022.jpg 1536w, https:\/\/asinorge.no\/wp-content\/uploads\/2024\/01\/professional-researcher-lab-1-2048x1363.jpg 2048w, https:\/\/asinorge.no\/wp-content\/uploads\/2024\/01\/professional-researcher-lab-1-18x12.jpg 18w\" sizes=\"auto, (max-width: 1024px) 100vw, 1024px\" \/><\/figure>\n<\/div>\n<\/div>\n\n\n\n<div style=\"height:361px\" aria-hidden=\"true\" class=\"wp-block-spacer\"><\/div>\n<\/div><\/div>","protected":false},"excerpt":{"rendered":"","protected":false},"author":1,"featured_media":0,"parent":0,"menu_order":0,"comment_status":"closed","ping_status":"closed","template":"","meta":{"_uag_custom_page_level_css":"background-color: #ccc;","site-sidebar-layout":"default","site-content-layout":"","ast-site-content-layout":"default","site-content-style":"default","site-sidebar-style":"default","ast-global-header-display":"","ast-banner-title-visibility":"","ast-main-header-display":"","ast-hfb-above-header-display":"","ast-hfb-below-header-display":"","ast-hfb-mobile-header-display":"","site-post-title":"disabled","ast-breadcrumbs-content":"","ast-featured-img":"","footer-sml-layout":"","ast-disable-related-posts":"","theme-transparent-header-meta":"disabled","adv-header-id-meta":"","stick-header-meta":"","header-above-stick-meta":"","header-main-stick-meta":"","header-below-stick-meta":"","astra-migrate-meta-layouts":"set","ast-page-background-enabled":"default","ast-page-background-meta":{"desktop":{"background-color":"var(--ast-global-color-4)","background-image":"","background-repeat":"repeat","background-position":"center center","background-size":"auto","background-attachment":"scroll","background-type":"","background-media":"","overlay-type":"","overlay-color":"","overlay-opacity":"","overlay-gradient":""},"tablet":{"background-color":"","background-image":"","background-repeat":"repeat","background-position":"center center","background-size":"auto","background-attachment":"scroll","background-type":"","background-media":"","overlay-type":"","overlay-color":"","overlay-opacity":"","overlay-gradient":""},"mobile":{"background-color":"","background-image":"","background-repeat":"repeat","background-position":"center center","background-size":"auto","background-attachment":"scroll","background-type":"","background-media":"","overlay-type":"","overlay-color":"","overlay-opacity":"","overlay-gradient":""}},"ast-content-background-meta":{"desktop":{"background-color":"var(--ast-global-color-5)","background-image":"","background-repeat":"repeat","background-position":"center center","background-size":"auto","background-attachment":"scroll","background-type":"","background-media":"","overlay-type":"","overlay-color":"","overlay-opacity":"","overlay-gradient":""},"tablet":{"background-color":"var(--ast-global-color-5)","background-image":"","background-repeat":"repeat","background-position":"center center","background-size":"auto","background-attachment":"scroll","background-type":"","background-media":"","overlay-type":"","overlay-color":"","overlay-opacity":"","overlay-gradient":""},"mobile":{"background-color":"var(--ast-global-color-5)","background-image":"","background-repeat":"repeat","background-position":"center center","background-size":"auto","background-attachment":"scroll","background-type":"","background-media":"","overlay-type":"","overlay-color":"","overlay-opacity":"","overlay-gradient":""}},"footnotes":""},"class_list":["post-629","page","type-page","status-publish","hentry"],"yoast_head":"<!-- This site is optimized with the Yoast SEO plugin v27.5 - https:\/\/yoast.com\/product\/yoast-seo-wordpress\/ -->\n<title>OFTE STILTE SP\u00d8RSM\u00c5L - PR\u00d8VETAKING - Alex Stewart International Norge AS<\/title>\n<meta name=\"description\" content=\"Hvordan tar man en vannpr\u00f8ve? Hvordan tar man en slukpr\u00f8ve? Hvordan tar man milj\u00f8pr\u00f8ver ? Hvilken type flasker?\" \/>\n<meta name=\"robots\" content=\"index, follow, max-snippet:-1, max-image-preview:large, max-video-preview:-1\" \/>\n<link rel=\"canonical\" href=\"https:\/\/asinorge.no\/en\/ofte-stilte-sporsmal-provetaking\/\" \/>\n<meta property=\"og:locale\" content=\"en_US\" \/>\n<meta property=\"og:type\" content=\"article\" \/>\n<meta property=\"og:title\" content=\"OFTE STILTE SP\u00d8RSM\u00c5L - PR\u00d8VETAKING - Alex Stewart International Norge AS\" \/>\n<meta property=\"og:description\" content=\"Hvordan tar man en vannpr\u00f8ve? Hvordan tar man en slukpr\u00f8ve? Hvordan tar man milj\u00f8pr\u00f8ver ? Hvilken type flasker?\" \/>\n<meta property=\"og:url\" content=\"https:\/\/asinorge.no\/en\/ofte-stilte-sporsmal-provetaking\/\" \/>\n<meta property=\"og:site_name\" content=\"Alex Stewart International Norge AS\" \/>\n<meta property=\"article:publisher\" content=\"https:\/\/www.facebook.com\/slabstord\/\" \/>\n<meta property=\"article:modified_time\" content=\"2024-02-16T12:47:16+00:00\" \/>\n<meta property=\"og:image\" content=\"https:\/\/asinorge.no\/wp-content\/uploads\/2024\/01\/3m-1.jpg\" \/>\n<meta name=\"twitter:card\" content=\"summary_large_image\" \/>\n<meta name=\"twitter:label1\" content=\"Est. reading time\" \/>\n\t<meta name=\"twitter:data1\" content=\"2 minutes\" \/>\n<script type=\"application\/ld+json\" class=\"yoast-schema-graph\">{\"@context\":\"https:\\\/\\\/schema.org\",\"@graph\":[{\"@type\":\"WebPage\",\"@id\":\"https:\\\/\\\/asinorge.no\\\/ofte-stilte-sporsmal-provetaking\\\/\",\"url\":\"https:\\\/\\\/asinorge.no\\\/ofte-stilte-sporsmal-provetaking\\\/\",\"name\":\"OFTE STILTE SP\u00d8RSM\u00c5L - PR\u00d8VETAKING - Alex Stewart International Norge AS\",\"isPartOf\":{\"@id\":\"https:\\\/\\\/asinorge.no\\\/#website\"},\"primaryImageOfPage\":{\"@id\":\"https:\\\/\\\/asinorge.no\\\/ofte-stilte-sporsmal-provetaking\\\/#primaryimage\"},\"image\":{\"@id\":\"https:\\\/\\\/asinorge.no\\\/ofte-stilte-sporsmal-provetaking\\\/#primaryimage\"},\"thumbnailUrl\":\"https:\\\/\\\/asinorge.no\\\/wp-content\\\/uploads\\\/2024\\\/01\\\/3m-1.jpg\",\"datePublished\":\"2024-01-05T16:39:35+00:00\",\"dateModified\":\"2024-02-16T12:47:16+00:00\",\"description\":\"Hvordan tar man en vannpr\u00f8ve? Hvordan tar man en slukpr\u00f8ve? Hvordan tar man milj\u00f8pr\u00f8ver ? Hvilken type flasker?\",\"breadcrumb\":{\"@id\":\"https:\\\/\\\/asinorge.no\\\/ofte-stilte-sporsmal-provetaking\\\/#breadcrumb\"},\"inLanguage\":\"en-US\",\"potentialAction\":[{\"@type\":\"ReadAction\",\"target\":[\"https:\\\/\\\/asinorge.no\\\/ofte-stilte-sporsmal-provetaking\\\/\"]}]},{\"@type\":\"ImageObject\",\"inLanguage\":\"en-US\",\"@id\":\"https:\\\/\\\/asinorge.no\\\/ofte-stilte-sporsmal-provetaking\\\/#primaryimage\",\"url\":\"https:\\\/\\\/asinorge.no\\\/wp-content\\\/uploads\\\/2024\\\/01\\\/3m-1.jpg\",\"contentUrl\":\"https:\\\/\\\/asinorge.no\\\/wp-content\\\/uploads\\\/2024\\\/01\\\/3m-1.jpg\"},{\"@type\":\"BreadcrumbList\",\"@id\":\"https:\\\/\\\/asinorge.no\\\/ofte-stilte-sporsmal-provetaking\\\/#breadcrumb\",\"itemListElement\":[{\"@type\":\"ListItem\",\"position\":1,\"name\":\"Hjem\",\"item\":\"https:\\\/\\\/asinorge.no\\\/\"},{\"@type\":\"ListItem\",\"position\":2,\"name\":\"OFTE STILTE SP\u00d8RSM\u00c5L &#8211; PR\u00d8VETAKING\"}]},{\"@type\":\"WebSite\",\"@id\":\"https:\\\/\\\/asinorge.no\\\/#website\",\"url\":\"https:\\\/\\\/asinorge.no\\\/\",\"name\":\"Alex Stewart International Norge AS\",\"description\":\"Konsulent og laboratorietjenester\",\"publisher\":{\"@id\":\"https:\\\/\\\/asinorge.no\\\/#organization\"},\"alternateName\":\"ASI NORGE AS\",\"potentialAction\":[{\"@type\":\"SearchAction\",\"target\":{\"@type\":\"EntryPoint\",\"urlTemplate\":\"https:\\\/\\\/asinorge.no\\\/?s={search_term_string}\"},\"query-input\":{\"@type\":\"PropertyValueSpecification\",\"valueRequired\":true,\"valueName\":\"search_term_string\"}}],\"inLanguage\":\"en-US\"},{\"@type\":\"Organization\",\"@id\":\"https:\\\/\\\/asinorge.no\\\/#organization\",\"name\":\"Alex Stewart International Norge AS\",\"url\":\"https:\\\/\\\/asinorge.no\\\/\",\"logo\":{\"@type\":\"ImageObject\",\"inLanguage\":\"en-US\",\"@id\":\"https:\\\/\\\/asinorge.no\\\/#\\\/schema\\\/logo\\\/image\\\/\",\"url\":\"https:\\\/\\\/asinorge.no\\\/wp-content\\\/uploads\\\/2023\\\/11\\\/cropped-ASi-Logony.png\",\"contentUrl\":\"https:\\\/\\\/asinorge.no\\\/wp-content\\\/uploads\\\/2023\\\/11\\\/cropped-ASi-Logony.png\",\"width\":943,\"height\":246,\"caption\":\"Alex Stewart International Norge AS\"},\"image\":{\"@id\":\"https:\\\/\\\/asinorge.no\\\/#\\\/schema\\\/logo\\\/image\\\/\"},\"sameAs\":[\"https:\\\/\\\/www.facebook.com\\\/slabstord\\\/\",\"https:\\\/\\\/no.linkedin.com\\\/in\\\/alex-stewart-international-norge-as-avd-stord-11a5421a3\"]}]}<\/script>\n<!-- \/ Yoast SEO plugin. -->","yoast_head_json":{"title":"OFTE STILTE SP\u00d8RSM\u00c5L - PR\u00d8VETAKING - Alex Stewart International Norge AS","description":"Hvordan tar man en vannpr\u00f8ve? Hvordan tar man en slukpr\u00f8ve? Hvordan tar man milj\u00f8pr\u00f8ver ? Hvilken type flasker?","robots":{"index":"index","follow":"follow","max-snippet":"max-snippet:-1","max-image-preview":"max-image-preview:large","max-video-preview":"max-video-preview:-1"},"canonical":"https:\/\/asinorge.no\/en\/ofte-stilte-sporsmal-provetaking\/","og_locale":"en_US","og_type":"article","og_title":"OFTE STILTE SP\u00d8RSM\u00c5L - PR\u00d8VETAKING - Alex Stewart International Norge AS","og_description":"Hvordan tar man en vannpr\u00f8ve? Hvordan tar man en slukpr\u00f8ve? Hvordan tar man milj\u00f8pr\u00f8ver ? Hvilken type flasker?","og_url":"https:\/\/asinorge.no\/en\/ofte-stilte-sporsmal-provetaking\/","og_site_name":"Alex Stewart International Norge AS","article_publisher":"https:\/\/www.facebook.com\/slabstord\/","article_modified_time":"2024-02-16T12:47:16+00:00","og_image":[{"url":"https:\/\/asinorge.no\/wp-content\/uploads\/2024\/01\/3m-1.jpg","type":"","width":"","height":""}],"twitter_card":"summary_large_image","twitter_misc":{"Est. reading time":"2 minutes"},"schema":{"@context":"https:\/\/schema.org","@graph":[{"@type":"WebPage","@id":"https:\/\/asinorge.no\/ofte-stilte-sporsmal-provetaking\/","url":"https:\/\/asinorge.no\/ofte-stilte-sporsmal-provetaking\/","name":"OFTE STILTE SP\u00d8RSM\u00c5L - PR\u00d8VETAKING - Alex Stewart International Norge AS","isPartOf":{"@id":"https:\/\/asinorge.no\/#website"},"primaryImageOfPage":{"@id":"https:\/\/asinorge.no\/ofte-stilte-sporsmal-provetaking\/#primaryimage"},"image":{"@id":"https:\/\/asinorge.no\/ofte-stilte-sporsmal-provetaking\/#primaryimage"},"thumbnailUrl":"https:\/\/asinorge.no\/wp-content\/uploads\/2024\/01\/3m-1.jpg","datePublished":"2024-01-05T16:39:35+00:00","dateModified":"2024-02-16T12:47:16+00:00","description":"Hvordan tar man en vannpr\u00f8ve? Hvordan tar man en slukpr\u00f8ve? Hvordan tar man milj\u00f8pr\u00f8ver ? Hvilken type flasker?","breadcrumb":{"@id":"https:\/\/asinorge.no\/ofte-stilte-sporsmal-provetaking\/#breadcrumb"},"inLanguage":"en-US","potentialAction":[{"@type":"ReadAction","target":["https:\/\/asinorge.no\/ofte-stilte-sporsmal-provetaking\/"]}]},{"@type":"ImageObject","inLanguage":"en-US","@id":"https:\/\/asinorge.no\/ofte-stilte-sporsmal-provetaking\/#primaryimage","url":"https:\/\/asinorge.no\/wp-content\/uploads\/2024\/01\/3m-1.jpg","contentUrl":"https:\/\/asinorge.no\/wp-content\/uploads\/2024\/01\/3m-1.jpg"},{"@type":"BreadcrumbList","@id":"https:\/\/asinorge.no\/ofte-stilte-sporsmal-provetaking\/#breadcrumb","itemListElement":[{"@type":"ListItem","position":1,"name":"Hjem","item":"https:\/\/asinorge.no\/"},{"@type":"ListItem","position":2,"name":"OFTE STILTE SP\u00d8RSM\u00c5L &#8211; PR\u00d8VETAKING"}]},{"@type":"WebSite","@id":"https:\/\/asinorge.no\/#website","url":"https:\/\/asinorge.no\/","name":"Alex Stewart International Norge AS","description":"Konsulent og laboratorietjenester","publisher":{"@id":"https:\/\/asinorge.no\/#organization"},"alternateName":"ASI NORGE AS","potentialAction":[{"@type":"SearchAction","target":{"@type":"EntryPoint","urlTemplate":"https:\/\/asinorge.no\/?s={search_term_string}"},"query-input":{"@type":"PropertyValueSpecification","valueRequired":true,"valueName":"search_term_string"}}],"inLanguage":"en-US"},{"@type":"Organization","@id":"https:\/\/asinorge.no\/#organization","name":"Alex Stewart International Norge AS","url":"https:\/\/asinorge.no\/","logo":{"@type":"ImageObject","inLanguage":"en-US","@id":"https:\/\/asinorge.no\/#\/schema\/logo\/image\/","url":"https:\/\/asinorge.no\/wp-content\/uploads\/2023\/11\/cropped-ASi-Logony.png","contentUrl":"https:\/\/asinorge.no\/wp-content\/uploads\/2023\/11\/cropped-ASi-Logony.png","width":943,"height":246,"caption":"Alex Stewart International Norge AS"},"image":{"@id":"https:\/\/asinorge.no\/#\/schema\/logo\/image\/"},"sameAs":["https:\/\/www.facebook.com\/slabstord\/","https:\/\/no.linkedin.com\/in\/alex-stewart-international-norge-as-avd-stord-11a5421a3"]}]}},"uagb_featured_image_src":{"full":false,"thumbnail":false,"medium":false,"medium_large":false,"large":false,"1536x1536":false,"2048x2048":false,"trp-custom-language-flag":false},"uagb_author_info":{"display_name":"ASI Norge AS","author_link":"https:\/\/asinorge.no\/en\/author\/malin_brady\/"},"uagb_comment_info":0,"uagb_excerpt":null,"jetpack_sharing_enabled":true,"_links":{"self":[{"href":"https:\/\/asinorge.no\/en\/wp-json\/wp\/v2\/pages\/629","targetHints":{"allow":["GET"]}}],"collection":[{"href":"https:\/\/asinorge.no\/en\/wp-json\/wp\/v2\/pages"}],"about":[{"href":"https:\/\/asinorge.no\/en\/wp-json\/wp\/v2\/types\/page"}],"author":[{"embeddable":true,"href":"https:\/\/asinorge.no\/en\/wp-json\/wp\/v2\/users\/1"}],"replies":[{"embeddable":true,"href":"https:\/\/asinorge.no\/en\/wp-json\/wp\/v2\/comments?post=629"}],"version-history":[{"count":14,"href":"https:\/\/asinorge.no\/en\/wp-json\/wp\/v2\/pages\/629\/revisions"}],"predecessor-version":[{"id":735,"href":"https:\/\/asinorge.no\/en\/wp-json\/wp\/v2\/pages\/629\/revisions\/735"}],"wp:attachment":[{"href":"https:\/\/asinorge.no\/en\/wp-json\/wp\/v2\/media?parent=629"}],"curies":[{"name":"wp","href":"https:\/\/api.w.org\/{rel}","templated":true}]}}