{"id":590,"date":"2024-01-05T16:33:16","date_gmt":"2024-01-05T15:33:16","guid":{"rendered":"https:\/\/asinorge.no\/?page_id=590"},"modified":"2024-02-16T13:45:10","modified_gmt":"2024-02-16T12:45:10","slug":"ofte-stilte-sporsmal-drikkevann","status":"publish","type":"page","link":"https:\/\/asinorge.no\/en\/ofte-stilte-sporsmal-drikkevann\/","title":{"rendered":"OFTE STILTE SP\u00d8RSM\u00c5L &#8211; DRIKKEVANN"},"content":{"rendered":"<div class=\"wp-block-cover alignfull wp-elements-bf7c64c28ee7da3dd806ca52c6f4aa78\" style=\"min-height:962px;aspect-ratio:unset;\"><span aria-hidden=\"true\" class=\"wp-block-cover__background has-ast-global-color-6-background-color has-background-dim-100 has-background-dim\"><\/span><div class=\"wp-block-cover__inner-container is-layout-constrained wp-block-cover-is-layout-constrained\">\n<div class=\"wp-block-uagb-advanced-heading uagb-block-2b4bcd2f\"><h4 class=\"uagb-heading-text\">OFTE STILTE SP\u00d8RSM\u00c5L<\/h4><\/div>\n\n\n\n<div class=\"wp-block-uagb-advanced-heading uagb-block-2818aefa\"><h2 class=\"uagb-heading-text\"><strong>DRIKKEVANN<\/strong><\/h2><\/div>\n\n\n\n<p class=\"has-text-align-center has-ast-global-color-2-color has-text-color has-link-color wp-elements-a57fb23f942b4b91cec48671aafeae96\"><a href=\"https:\/\/asinorge.no\/en\/ofte-stilte-sporsmal\/\"><i class=\"fas fa-arrow-left-long\"><\/i> Tilbake<\/a><\/p>\n\n\n\n<div style=\"height:67px\" aria-hidden=\"true\" class=\"wp-block-spacer\"><\/div>\n\n\n\n<div class=\"wp-block-columns is-layout-flex wp-container-core-columns-is-layout-28f84493 wp-block-columns-is-layout-flex\">\n<div class=\"wp-block-column is-layout-flow wp-block-column-is-layout-flow\">\n<details class=\"wp-block-details has-ast-global-color-8-color has-text-color has-link-color wp-elements-4a15075e6b7a78ada9f59299d7197752 is-layout-flow wp-block-details-is-layout-flow\" style=\"font-size:24px\"><summary><strong>Hvordan tar man en vannpr\u00f8ve?<\/strong><\/summary>\n<p class=\"has-ast-global-color-8-color has-text-color has-link-color wp-elements-3ce2abf4cd86b6e1332c54b310455e85\" style=\"font-size:18px\">I filmsnutten under kan du se hvordan du tar en vannpr\u00f8ve:<\/p>\n\n\n\n<figure class=\"wp-block-embed is-type-video is-provider-youtube wp-block-embed-youtube wp-embed-aspect-16-9 wp-has-aspect-ratio\"><div class=\"wp-block-embed__wrapper\">\n<iframe loading=\"lazy\" title=\"Hvordan ta en vannpr\u00f8ve\" width=\"500\" height=\"281\" src=\"https:\/\/www.youtube.com\/embed\/WNjYwXO9EoQ?start=6&#038;feature=oembed\" frameborder=\"0\" allow=\"accelerometer; autoplay; clipboard-write; encrypted-media; gyroscope; picture-in-picture; web-share\" referrerpolicy=\"strict-origin-when-cross-origin\" allowfullscreen><\/iframe>\n<\/div><\/figure>\n<\/details>\n\n\n\n<details class=\"wp-block-details has-ast-global-color-8-color has-text-color has-link-color wp-elements-bcc5ec3048767d096ef0dbde70368033 is-layout-flow wp-block-details-is-layout-flow\" style=\"font-size:24px\"><summary><strong>Hva betyr resultatene ?<\/strong><\/summary>\n<p class=\"has-ast-global-color-8-color has-text-color has-link-color wp-elements-74417b5c0ff15177b8c23260e7d00143\" style=\"font-size:18px\">Det er ikke alltid like enkelt \u00e5 forst\u00e5 seg p\u00e5 resultata, men i PDF filen <a href=\"https:\/\/asinorge.no\/wp-content\/uploads\/2024\/01\/Forklaring-pa-drikkevannsanalyser_v2.pdf\" target=\"_blank\" rel=\"noreferrer noopener\">&laquo;Forklaring p\u00e5 drikkevannsanalyser&raquo;<\/a> skal du finne svar p\u00e5 det du lurer p\u00e5.<br><br>Grenseverdier finner du ogs\u00e5 p\u00e5 <a href=\"https:\/\/lovdata.no\/dokument\/SF\/forskrift\/2016-12-22-1868\/KAPITTEL_1#KAPITTEL_1\">lovdata.no<\/a><\/p>\n<\/details>\n\n\n\n<details class=\"wp-block-details has-ast-global-color-8-color has-text-color has-link-color wp-elements-3dc790129189960ca9368aaa0435ccaa is-layout-flow wp-block-details-is-layout-flow\" style=\"font-size:24px\"><summary><strong>Hvor lang tid tar analysen ?<\/strong><\/summary>\n<p class=\"has-ast-global-color-8-color has-text-color has-link-color wp-elements-2ba21c9032fe85ec8fde6e9582bd2083\" style=\"font-size:18px\">Analysetid varierer litt basert p\u00e5 hvilken analyser du har bestilt. Vanlig mikrobiologi tar 3 dager fra vi f\u00e5r inn pr\u00f8ven til resultatene leses av.<br><br>Har du bestilt kjemianalyser kan det fort ta 1-2 uker avhengig av hvilken analyser du har bestilt og om vi m\u00e5 sende dette til underleverand\u00f8r.<br><br>Sjekk s\u00f8ppelposten din for rapporter f\u00f8r du tar kontakt med oss og etterlyser svar &#8211; Vi opplever ofte at rapportene sendt fra v\u00e5r LIMS havner der<\/p>\n<\/details>\n\n\n\n<details class=\"wp-block-details has-ast-global-color-8-color has-text-color has-link-color wp-elements-9bbab662176ced61ec9f282f8ac315fe is-layout-flow wp-block-details-is-layout-flow\" style=\"font-size:24px\"><summary><strong>Hvilken analyser skal jeg velge og m\u00e5 jeg sjekke vannet mitt ?<\/strong><\/summary>\n<p class=\"has-ast-global-color-8-color has-text-color has-link-color wp-elements-5ee97d1752af683d6e3f206f8824ea91\" style=\"font-size:18px\">Vi har en pakke kalt &laquo;Hygienekontroll&raquo; som dekker minstekravet av det som b\u00f8r sjekkes. Denne pakken inneholder analysene:<br><br><em>Total antall bakterier<br>Koliforme bakterier<br>e.coli<br>Fargetall <\/em><br><em>Turbiditet<\/em><br><br>Det er anbefalt \u00e5 sjekke at vannet ditt er trygt \u00e5 drikke i hensyn til din egen og andres helse. <br><br>Deler du vannkilden din med andre husstander er det krav om \u00e5 sjekke vannkvaliteten minst en gang i \u00e5ret.<br>Les mer om dette i <a href=\"https:\/\/lovdata.no\/dokument\/SF\/forskrift\/2016-12-22-1868?q=drikkevann\">Drikkevannsforskriften<\/a><\/p>\n<\/details>\n\n\n\n<details class=\"wp-block-details has-ast-global-color-8-color has-text-color has-link-color wp-elements-bea1b2e1804f768bb05fa090d55741db is-layout-flow wp-block-details-is-layout-flow\" style=\"font-size:24px\"><summary><strong><strong>Hvordan leverer jeg inn pr\u00f8ven ? <\/strong><\/strong><\/summary>\n<p class=\"has-ast-global-color-8-color has-text-color has-link-color wp-elements-876c3fa3708ead127c0cc379b8709f66\" style=\"font-size:18px\">Du kan levere pr\u00f8ven direkte til laboratoriet i Odda eller p\u00e5 Stord. Husk bestillingsskjema !<br><br>Oppbevar pr\u00f8ven kj\u00f8lig.<br><br>Pr\u00f8ven b\u00f8r ikke v\u00e6re mer enn 24 timer gammel n\u00e5r den ankommer laboratoriet, s\u00e5 ta pr\u00f8ven rett f\u00f8r du skal sende den med posten. <br><br>Ikke send pr\u00f8ver med posten p\u00e5 en fredag eller dager f\u00f8r helligdager. <br> <br>I filmsnutten under ser du hvordan du kan sende pr\u00f8ven med posten (ekspress over natt). <\/p>\n\n\n\n<figure class=\"wp-block-embed is-type-video is-provider-youtube wp-block-embed-youtube wp-embed-aspect-16-9 wp-has-aspect-ratio\"><div class=\"wp-block-embed__wrapper\">\n<iframe loading=\"lazy\" title=\"Hvordan sende laboratoriepr\u00f8ver\" width=\"500\" height=\"281\" src=\"https:\/\/www.youtube.com\/embed\/0XNTO_JlZEY?feature=oembed\" frameborder=\"0\" allow=\"accelerometer; autoplay; clipboard-write; encrypted-media; gyroscope; picture-in-picture; web-share\" referrerpolicy=\"strict-origin-when-cross-origin\" allowfullscreen><\/iframe>\n<\/div><\/figure>\n<\/details>\n<\/div>\n\n\n\n<div class=\"wp-block-column is-layout-flow wp-block-column-is-layout-flow\">\n<figure class=\"wp-block-image size-large\"><img loading=\"lazy\" decoding=\"async\" width=\"1024\" height=\"681\" src=\"https:\/\/asinorge.no\/wp-content\/uploads\/2024\/01\/professional-researcher-lab-1-1024x681.jpg\" alt=\"\" class=\"wp-image-597\" srcset=\"https:\/\/asinorge.no\/wp-content\/uploads\/2024\/01\/professional-researcher-lab-1-1024x681.jpg 1024w, https:\/\/asinorge.no\/wp-content\/uploads\/2024\/01\/professional-researcher-lab-1-300x200.jpg 300w, https:\/\/asinorge.no\/wp-content\/uploads\/2024\/01\/professional-researcher-lab-1-768x511.jpg 768w, https:\/\/asinorge.no\/wp-content\/uploads\/2024\/01\/professional-researcher-lab-1-1536x1022.jpg 1536w, https:\/\/asinorge.no\/wp-content\/uploads\/2024\/01\/professional-researcher-lab-1-2048x1363.jpg 2048w, https:\/\/asinorge.no\/wp-content\/uploads\/2024\/01\/professional-researcher-lab-1-18x12.jpg 18w\" sizes=\"auto, (max-width: 1024px) 100vw, 1024px\" \/><\/figure>\n<\/div>\n<\/div>\n\n\n\n<div style=\"height:361px\" aria-hidden=\"true\" class=\"wp-block-spacer\"><\/div>\n<\/div><\/div>","protected":false},"excerpt":{"rendered":"","protected":false},"author":1,"featured_media":0,"parent":0,"menu_order":0,"comment_status":"closed","ping_status":"closed","template":"","meta":{"_uag_custom_page_level_css":"background-color: #ccc;","site-sidebar-layout":"default","site-content-layout":"","ast-site-content-layout":"default","site-content-style":"default","site-sidebar-style":"default","ast-global-header-display":"","ast-banner-title-visibility":"","ast-main-header-display":"","ast-hfb-above-header-display":"","ast-hfb-below-header-display":"","ast-hfb-mobile-header-display":"","site-post-title":"disabled","ast-breadcrumbs-content":"","ast-featured-img":"","footer-sml-layout":"","ast-disable-related-posts":"","theme-transparent-header-meta":"disabled","adv-header-id-meta":"","stick-header-meta":"","header-above-stick-meta":"","header-main-stick-meta":"","header-below-stick-meta":"","astra-migrate-meta-layouts":"set","ast-page-background-enabled":"default","ast-page-background-meta":{"desktop":{"background-color":"var(--ast-global-color-4)","background-image":"","background-repeat":"repeat","background-position":"center center","background-size":"auto","background-attachment":"scroll","background-type":"","background-media":"","overlay-type":"","overlay-color":"","overlay-opacity":"","overlay-gradient":""},"tablet":{"background-color":"","background-image":"","background-repeat":"repeat","background-position":"center center","background-size":"auto","background-attachment":"scroll","background-type":"","background-media":"","overlay-type":"","overlay-color":"","overlay-opacity":"","overlay-gradient":""},"mobile":{"background-color":"","background-image":"","background-repeat":"repeat","background-position":"center center","background-size":"auto","background-attachment":"scroll","background-type":"","background-media":"","overlay-type":"","overlay-color":"","overlay-opacity":"","overlay-gradient":""}},"ast-content-background-meta":{"desktop":{"background-color":"var(--ast-global-color-5)","background-image":"","background-repeat":"repeat","background-position":"center center","background-size":"auto","background-attachment":"scroll","background-type":"","background-media":"","overlay-type":"","overlay-color":"","overlay-opacity":"","overlay-gradient":""},"tablet":{"background-color":"var(--ast-global-color-5)","background-image":"","background-repeat":"repeat","background-position":"center center","background-size":"auto","background-attachment":"scroll","background-type":"","background-media":"","overlay-type":"","overlay-color":"","overlay-opacity":"","overlay-gradient":""},"mobile":{"background-color":"var(--ast-global-color-5)","background-image":"","background-repeat":"repeat","background-position":"center center","background-size":"auto","background-attachment":"scroll","background-type":"","background-media":"","overlay-type":"","overlay-color":"","overlay-opacity":"","overlay-gradient":""}},"footnotes":""},"class_list":["post-590","page","type-page","status-publish","hentry"],"yoast_head":"<!-- This site is optimized with the Yoast SEO plugin v27.4 - https:\/\/yoast.com\/product\/yoast-seo-wordpress\/ -->\n<title>OFTE STILTE SP\u00d8RSM\u00c5L - DRIKKEVANN - Alex Stewart International Norge AS<\/title>\n<meta name=\"description\" content=\"Hvordan tar man en drikkevanspr\u00f8ve? Hva betyr resultata ? M\u00e5 jeg teste drikkevannet mitt?\" \/>\n<meta name=\"robots\" content=\"index, follow, max-snippet:-1, max-image-preview:large, max-video-preview:-1\" \/>\n<link rel=\"canonical\" href=\"https:\/\/asinorge.no\/en\/ofte-stilte-sporsmal-drikkevann\/\" \/>\n<meta property=\"og:locale\" content=\"en_US\" \/>\n<meta property=\"og:type\" content=\"article\" \/>\n<meta property=\"og:title\" content=\"OFTE STILTE SP\u00d8RSM\u00c5L - DRIKKEVANN - Alex Stewart International Norge AS\" \/>\n<meta property=\"og:description\" content=\"Hvordan tar man en drikkevanspr\u00f8ve? Hva betyr resultata ? M\u00e5 jeg teste drikkevannet mitt?\" \/>\n<meta property=\"og:url\" content=\"https:\/\/asinorge.no\/en\/ofte-stilte-sporsmal-drikkevann\/\" \/>\n<meta property=\"og:site_name\" content=\"Alex Stewart International Norge AS\" \/>\n<meta property=\"article:publisher\" content=\"https:\/\/www.facebook.com\/slabstord\/\" \/>\n<meta property=\"article:modified_time\" content=\"2024-02-16T12:45:10+00:00\" \/>\n<meta property=\"og:image\" content=\"https:\/\/asinorge.no\/wp-content\/uploads\/2024\/01\/professional-researcher-lab-1-1024x681.jpg\" \/>\n<meta name=\"twitter:card\" content=\"summary_large_image\" \/>\n<meta name=\"twitter:label1\" content=\"Est. reading time\" \/>\n\t<meta name=\"twitter:data1\" content=\"2 minutes\" \/>\n<script type=\"application\/ld+json\" class=\"yoast-schema-graph\">{\"@context\":\"https:\\\/\\\/schema.org\",\"@graph\":[{\"@type\":\"WebPage\",\"@id\":\"https:\\\/\\\/asinorge.no\\\/ofte-stilte-sporsmal-drikkevann\\\/\",\"url\":\"https:\\\/\\\/asinorge.no\\\/ofte-stilte-sporsmal-drikkevann\\\/\",\"name\":\"OFTE STILTE SP\u00d8RSM\u00c5L - DRIKKEVANN - Alex Stewart International Norge AS\",\"isPartOf\":{\"@id\":\"https:\\\/\\\/asinorge.no\\\/#website\"},\"primaryImageOfPage\":{\"@id\":\"https:\\\/\\\/asinorge.no\\\/ofte-stilte-sporsmal-drikkevann\\\/#primaryimage\"},\"image\":{\"@id\":\"https:\\\/\\\/asinorge.no\\\/ofte-stilte-sporsmal-drikkevann\\\/#primaryimage\"},\"thumbnailUrl\":\"https:\\\/\\\/asinorge.no\\\/wp-content\\\/uploads\\\/2024\\\/01\\\/professional-researcher-lab-1-1024x681.jpg\",\"datePublished\":\"2024-01-05T15:33:16+00:00\",\"dateModified\":\"2024-02-16T12:45:10+00:00\",\"description\":\"Hvordan tar man en drikkevanspr\u00f8ve? Hva betyr resultata ? M\u00e5 jeg teste drikkevannet mitt?\",\"breadcrumb\":{\"@id\":\"https:\\\/\\\/asinorge.no\\\/ofte-stilte-sporsmal-drikkevann\\\/#breadcrumb\"},\"inLanguage\":\"en-US\",\"potentialAction\":[{\"@type\":\"ReadAction\",\"target\":[\"https:\\\/\\\/asinorge.no\\\/ofte-stilte-sporsmal-drikkevann\\\/\"]}]},{\"@type\":\"ImageObject\",\"inLanguage\":\"en-US\",\"@id\":\"https:\\\/\\\/asinorge.no\\\/ofte-stilte-sporsmal-drikkevann\\\/#primaryimage\",\"url\":\"https:\\\/\\\/asinorge.no\\\/wp-content\\\/uploads\\\/2024\\\/01\\\/professional-researcher-lab-1-1024x681.jpg\",\"contentUrl\":\"https:\\\/\\\/asinorge.no\\\/wp-content\\\/uploads\\\/2024\\\/01\\\/professional-researcher-lab-1-1024x681.jpg\"},{\"@type\":\"BreadcrumbList\",\"@id\":\"https:\\\/\\\/asinorge.no\\\/ofte-stilte-sporsmal-drikkevann\\\/#breadcrumb\",\"itemListElement\":[{\"@type\":\"ListItem\",\"position\":1,\"name\":\"Hjem\",\"item\":\"https:\\\/\\\/asinorge.no\\\/\"},{\"@type\":\"ListItem\",\"position\":2,\"name\":\"OFTE STILTE SP\u00d8RSM\u00c5L &#8211; DRIKKEVANN\"}]},{\"@type\":\"WebSite\",\"@id\":\"https:\\\/\\\/asinorge.no\\\/#website\",\"url\":\"https:\\\/\\\/asinorge.no\\\/\",\"name\":\"Alex Stewart International Norge AS\",\"description\":\"Konsulent og laboratorietjenester\",\"publisher\":{\"@id\":\"https:\\\/\\\/asinorge.no\\\/#organization\"},\"alternateName\":\"ASI NORGE AS\",\"potentialAction\":[{\"@type\":\"SearchAction\",\"target\":{\"@type\":\"EntryPoint\",\"urlTemplate\":\"https:\\\/\\\/asinorge.no\\\/?s={search_term_string}\"},\"query-input\":{\"@type\":\"PropertyValueSpecification\",\"valueRequired\":true,\"valueName\":\"search_term_string\"}}],\"inLanguage\":\"en-US\"},{\"@type\":\"Organization\",\"@id\":\"https:\\\/\\\/asinorge.no\\\/#organization\",\"name\":\"Alex Stewart International Norge AS\",\"url\":\"https:\\\/\\\/asinorge.no\\\/\",\"logo\":{\"@type\":\"ImageObject\",\"inLanguage\":\"en-US\",\"@id\":\"https:\\\/\\\/asinorge.no\\\/#\\\/schema\\\/logo\\\/image\\\/\",\"url\":\"https:\\\/\\\/asinorge.no\\\/wp-content\\\/uploads\\\/2023\\\/11\\\/cropped-ASi-Logony.png\",\"contentUrl\":\"https:\\\/\\\/asinorge.no\\\/wp-content\\\/uploads\\\/2023\\\/11\\\/cropped-ASi-Logony.png\",\"width\":943,\"height\":246,\"caption\":\"Alex Stewart International Norge AS\"},\"image\":{\"@id\":\"https:\\\/\\\/asinorge.no\\\/#\\\/schema\\\/logo\\\/image\\\/\"},\"sameAs\":[\"https:\\\/\\\/www.facebook.com\\\/slabstord\\\/\",\"https:\\\/\\\/no.linkedin.com\\\/in\\\/alex-stewart-international-norge-as-avd-stord-11a5421a3\"]}]}<\/script>\n<!-- \/ Yoast SEO plugin. -->","yoast_head_json":{"title":"OFTE STILTE SP\u00d8RSM\u00c5L - DRIKKEVANN - Alex Stewart International Norge AS","description":"Hvordan tar man en drikkevanspr\u00f8ve? Hva betyr resultata ? M\u00e5 jeg teste drikkevannet mitt?","robots":{"index":"index","follow":"follow","max-snippet":"max-snippet:-1","max-image-preview":"max-image-preview:large","max-video-preview":"max-video-preview:-1"},"canonical":"https:\/\/asinorge.no\/en\/ofte-stilte-sporsmal-drikkevann\/","og_locale":"en_US","og_type":"article","og_title":"OFTE STILTE SP\u00d8RSM\u00c5L - DRIKKEVANN - Alex Stewart International Norge AS","og_description":"Hvordan tar man en drikkevanspr\u00f8ve? Hva betyr resultata ? M\u00e5 jeg teste drikkevannet mitt?","og_url":"https:\/\/asinorge.no\/en\/ofte-stilte-sporsmal-drikkevann\/","og_site_name":"Alex Stewart International Norge AS","article_publisher":"https:\/\/www.facebook.com\/slabstord\/","article_modified_time":"2024-02-16T12:45:10+00:00","og_image":[{"url":"https:\/\/asinorge.no\/wp-content\/uploads\/2024\/01\/professional-researcher-lab-1-1024x681.jpg","type":"","width":"","height":""}],"twitter_card":"summary_large_image","twitter_misc":{"Est. reading time":"2 minutes"},"schema":{"@context":"https:\/\/schema.org","@graph":[{"@type":"WebPage","@id":"https:\/\/asinorge.no\/ofte-stilte-sporsmal-drikkevann\/","url":"https:\/\/asinorge.no\/ofte-stilte-sporsmal-drikkevann\/","name":"OFTE STILTE SP\u00d8RSM\u00c5L - DRIKKEVANN - Alex Stewart International Norge AS","isPartOf":{"@id":"https:\/\/asinorge.no\/#website"},"primaryImageOfPage":{"@id":"https:\/\/asinorge.no\/ofte-stilte-sporsmal-drikkevann\/#primaryimage"},"image":{"@id":"https:\/\/asinorge.no\/ofte-stilte-sporsmal-drikkevann\/#primaryimage"},"thumbnailUrl":"https:\/\/asinorge.no\/wp-content\/uploads\/2024\/01\/professional-researcher-lab-1-1024x681.jpg","datePublished":"2024-01-05T15:33:16+00:00","dateModified":"2024-02-16T12:45:10+00:00","description":"Hvordan tar man en drikkevanspr\u00f8ve? Hva betyr resultata ? M\u00e5 jeg teste drikkevannet mitt?","breadcrumb":{"@id":"https:\/\/asinorge.no\/ofte-stilte-sporsmal-drikkevann\/#breadcrumb"},"inLanguage":"en-US","potentialAction":[{"@type":"ReadAction","target":["https:\/\/asinorge.no\/ofte-stilte-sporsmal-drikkevann\/"]}]},{"@type":"ImageObject","inLanguage":"en-US","@id":"https:\/\/asinorge.no\/ofte-stilte-sporsmal-drikkevann\/#primaryimage","url":"https:\/\/asinorge.no\/wp-content\/uploads\/2024\/01\/professional-researcher-lab-1-1024x681.jpg","contentUrl":"https:\/\/asinorge.no\/wp-content\/uploads\/2024\/01\/professional-researcher-lab-1-1024x681.jpg"},{"@type":"BreadcrumbList","@id":"https:\/\/asinorge.no\/ofte-stilte-sporsmal-drikkevann\/#breadcrumb","itemListElement":[{"@type":"ListItem","position":1,"name":"Hjem","item":"https:\/\/asinorge.no\/"},{"@type":"ListItem","position":2,"name":"OFTE STILTE SP\u00d8RSM\u00c5L &#8211; DRIKKEVANN"}]},{"@type":"WebSite","@id":"https:\/\/asinorge.no\/#website","url":"https:\/\/asinorge.no\/","name":"Alex Stewart International Norge AS","description":"Konsulent og laboratorietjenester","publisher":{"@id":"https:\/\/asinorge.no\/#organization"},"alternateName":"ASI NORGE AS","potentialAction":[{"@type":"SearchAction","target":{"@type":"EntryPoint","urlTemplate":"https:\/\/asinorge.no\/?s={search_term_string}"},"query-input":{"@type":"PropertyValueSpecification","valueRequired":true,"valueName":"search_term_string"}}],"inLanguage":"en-US"},{"@type":"Organization","@id":"https:\/\/asinorge.no\/#organization","name":"Alex Stewart International Norge AS","url":"https:\/\/asinorge.no\/","logo":{"@type":"ImageObject","inLanguage":"en-US","@id":"https:\/\/asinorge.no\/#\/schema\/logo\/image\/","url":"https:\/\/asinorge.no\/wp-content\/uploads\/2023\/11\/cropped-ASi-Logony.png","contentUrl":"https:\/\/asinorge.no\/wp-content\/uploads\/2023\/11\/cropped-ASi-Logony.png","width":943,"height":246,"caption":"Alex Stewart International Norge AS"},"image":{"@id":"https:\/\/asinorge.no\/#\/schema\/logo\/image\/"},"sameAs":["https:\/\/www.facebook.com\/slabstord\/","https:\/\/no.linkedin.com\/in\/alex-stewart-international-norge-as-avd-stord-11a5421a3"]}]}},"uagb_featured_image_src":{"full":false,"thumbnail":false,"medium":false,"medium_large":false,"large":false,"1536x1536":false,"2048x2048":false,"trp-custom-language-flag":false},"uagb_author_info":{"display_name":"ASI Norge AS","author_link":"https:\/\/asinorge.no\/en\/author\/malin_brady\/"},"uagb_comment_info":0,"uagb_excerpt":null,"jetpack_sharing_enabled":true,"_links":{"self":[{"href":"https:\/\/asinorge.no\/en\/wp-json\/wp\/v2\/pages\/590","targetHints":{"allow":["GET"]}}],"collection":[{"href":"https:\/\/asinorge.no\/en\/wp-json\/wp\/v2\/pages"}],"about":[{"href":"https:\/\/asinorge.no\/en\/wp-json\/wp\/v2\/types\/page"}],"author":[{"embeddable":true,"href":"https:\/\/asinorge.no\/en\/wp-json\/wp\/v2\/users\/1"}],"replies":[{"embeddable":true,"href":"https:\/\/asinorge.no\/en\/wp-json\/wp\/v2\/comments?post=590"}],"version-history":[{"count":17,"href":"https:\/\/asinorge.no\/en\/wp-json\/wp\/v2\/pages\/590\/revisions"}],"predecessor-version":[{"id":734,"href":"https:\/\/asinorge.no\/en\/wp-json\/wp\/v2\/pages\/590\/revisions\/734"}],"wp:attachment":[{"href":"https:\/\/asinorge.no\/en\/wp-json\/wp\/v2\/media?parent=590"}],"curies":[{"name":"wp","href":"https:\/\/api.w.org\/{rel}","templated":true}]}}