{"id":544,"date":"2024-01-04T22:28:37","date_gmt":"2024-01-04T21:28:37","guid":{"rendered":"https:\/\/asinorge.no\/?page_id=544"},"modified":"2024-02-16T13:53:10","modified_gmt":"2024-02-16T12:53:10","slug":"resistenstest-lakselus","status":"publish","type":"page","link":"https:\/\/asinorge.no\/en\/resistenstest-lakselus\/","title":{"rendered":"RESISTENSTEST LAKSELUS"},"content":{"rendered":"<div class=\"wp-block-cover alignfull\" style=\"min-height:524px;aspect-ratio:unset;\"><span aria-hidden=\"true\" class=\"wp-block-cover__background has-background-dim-80 has-background-dim wp-block-cover__gradient-background has-background-gradient\" style=\"background:linear-gradient(135deg,rgb(209,169,140) 0%,rgb(162,20,20) 48%,rgb(53,2,2) 100%)\"><\/span><img loading=\"lazy\" decoding=\"async\" width=\"1920\" height=\"1279\" class=\"wp-block-cover__image-background wp-image-545\" alt=\"\" src=\"https:\/\/asinorge.no\/wp-content\/uploads\/2024\/01\/sockeye-492258_1920.jpg\" style=\"object-position:56% 61%\" data-object-fit=\"cover\" data-object-position=\"56% 61%\" srcset=\"https:\/\/asinorge.no\/wp-content\/uploads\/2024\/01\/sockeye-492258_1920.jpg 1920w, https:\/\/asinorge.no\/wp-content\/uploads\/2024\/01\/sockeye-492258_1920-300x200.jpg 300w, https:\/\/asinorge.no\/wp-content\/uploads\/2024\/01\/sockeye-492258_1920-1024x682.jpg 1024w, https:\/\/asinorge.no\/wp-content\/uploads\/2024\/01\/sockeye-492258_1920-768x512.jpg 768w, https:\/\/asinorge.no\/wp-content\/uploads\/2024\/01\/sockeye-492258_1920-1536x1023.jpg 1536w, https:\/\/asinorge.no\/wp-content\/uploads\/2024\/01\/sockeye-492258_1920-18x12.jpg 18w\" sizes=\"auto, (max-width: 1920px) 100vw, 1920px\" \/><div class=\"wp-block-cover__inner-container is-layout-flow wp-block-cover-is-layout-flow\">\n<div style=\"height:41px\" aria-hidden=\"true\" class=\"wp-block-spacer\"><\/div>\n\n\n\n<h1 class=\"wp-block-heading has-text-align-center\">RESISTENSTEST LAKSELUS<\/h1>\n<\/div><\/div>\n\n\n\n<div style=\"height:64px\" aria-hidden=\"true\" class=\"wp-block-spacer\"><\/div>\n\n\n\n<p>For \u00e5 sikre riktig mengde og bruk av behandlingsmiddel mot lakselus er det viktig \u00e5 sjekke f\u00f8lsomheten til lakselusa. ASI Norge AS har i mange \u00e5r utf\u00f8rt resistentest p\u00e5 lakselus for oppdrettsn\u00e6ringen. <br><br>Vi utf\u00f8rer b\u00e5de klassisk og forenklet bioassay for behandlingsmidlene Salmosan, alphaMax, Slice og hydrogenperoksid.<\/p>\n\n\n\n<p>Lusene testes etter foreskrevne oppsett og prosedyrer. Klassiske assays for salmosan, alpha-max og slice er<br>basert p\u00e5 prosedyrene til S. Sevatdal (2011). H2O2-assayet er basert p\u00e5 studie av K.O. Helgesen et al, (2015).<br>Forenklet bioassay for f\u00f8lsomhetstesting av lakselus f\u00f8lger prosedyren som benyttes i Veterin\u00e6rinstituttets<br>overv\u00e5kingsprogram, utviklet av K.O. Helgesen (2013).<\/p>\n\n\n\n<div class=\"wp-block-uagb-container uagb-block-e53fa31c alignfull uagb-is-root-container\"><div class=\"uagb-container-inner-blocks-wrap\">\n<div class=\"wp-block-uagb-container uagb-block-323800ff\">\n<p>Det er viktig \u00e5 planlegge gjennomf\u00f8ring av plukking av lus, transport og mottak p\u00e5 laboratoriet. <br><br>Det kan i perioder v\u00e6re stor p\u00e5gang, og det er begrenset kapasitet. Ta derfor alltid kontakt med oss f\u00f8rst for \u00e5 planlegge tid for gjennomf\u00f8ring, og reservering av kapasitet. <br><br>Ta h\u00f8yde for transporttid fram til lab, da lus b\u00f8r testes innen <br>6 timer etter plukking. <br><\/p>\n\n\n\n<p class=\"has-small-font-size\"><strong>Alpha max <\/strong>&#8211; 5 liter sj\u00f8vann og minimum 150 lus (Alle unntatt voksne hunnlus)<br><br><strong>Slice<\/strong> &#8211; 5 liter sj\u00f8vann og minimum 300 lus (150 Preadult + 150 voksne hannlus)<br><br><strong>Hydrogenperoxid<\/strong> &#8211; 5 liter sj\u00f8vann og minimum 200 lus (Alle unntatt voksne hunnlus)<br><br><strong>Salmosan<\/strong> &#8211; 5 liter sj\u00f8vann og minimum 150 lus (Alle unntatt voksne hunnlus)<br><br><strong>Alle forenkla assay<\/strong> &#8211; 5 liter sj\u00f8vann og minimum 100 lus (alle stadier, inkl voksne hunnlus)<\/p>\n<\/div>\n\n\n\n<div class=\"wp-block-uagb-container uagb-block-03136134\">\n<figure class=\"wp-block-image size-full is-resized\"><img loading=\"lazy\" decoding=\"async\" width=\"785\" height=\"463\" src=\"https:\/\/asinorge.no\/wp-content\/uploads\/2024\/01\/Kjmoden-dame-og-herrelus.png\" alt=\"\" class=\"wp-image-546\" style=\"width:497px;height:auto\" srcset=\"https:\/\/asinorge.no\/wp-content\/uploads\/2024\/01\/Kjmoden-dame-og-herrelus.png 785w, https:\/\/asinorge.no\/wp-content\/uploads\/2024\/01\/Kjmoden-dame-og-herrelus-300x177.png 300w, https:\/\/asinorge.no\/wp-content\/uploads\/2024\/01\/Kjmoden-dame-og-herrelus-768x453.png 768w, https:\/\/asinorge.no\/wp-content\/uploads\/2024\/01\/Kjmoden-dame-og-herrelus-18x12.png 18w\" sizes=\"auto, (max-width: 785px) 100vw, 785px\" \/><\/figure>\n\n\n\n<figure class=\"wp-block-image size-large is-resized\"><img loading=\"lazy\" decoding=\"async\" width=\"1024\" height=\"575\" src=\"https:\/\/asinorge.no\/wp-content\/uploads\/2024\/01\/lus-1024x575.jpg\" alt=\"\" class=\"wp-image-553\" style=\"width:500px;height:auto\" srcset=\"https:\/\/asinorge.no\/wp-content\/uploads\/2024\/01\/lus-1024x575.jpg 1024w, https:\/\/asinorge.no\/wp-content\/uploads\/2024\/01\/lus-300x168.jpg 300w, https:\/\/asinorge.no\/wp-content\/uploads\/2024\/01\/lus-768x431.jpg 768w, https:\/\/asinorge.no\/wp-content\/uploads\/2024\/01\/lus-1536x862.jpg 1536w, https:\/\/asinorge.no\/wp-content\/uploads\/2024\/01\/lus-18x10.jpg 18w, https:\/\/asinorge.no\/wp-content\/uploads\/2024\/01\/lus.jpg 1664w\" sizes=\"auto, (max-width: 1024px) 100vw, 1024px\" \/><\/figure>\n<\/div>\n<\/div><\/div>\n\n\n\n<p>Da noe lus alltid vil bli skadet eller svekket anbefales det at det plukkes noe mer lus enn angitt.<\/p>\n\n\n\n<div style=\"height:74px\" aria-hidden=\"true\" class=\"wp-block-spacer\"><\/div>","protected":false},"excerpt":{"rendered":"<p>For \u00e5 sikre riktig mengde og bruk av behandlingsmiddel mot lakselus er det viktig \u00e5 sjekke f\u00f8lsomheten til lakselusa. ASI Norge AS har i mange \u00e5r utf\u00f8rt resistentest p\u00e5 lakselus for oppdrettsn\u00e6ringen. Vi utf\u00f8rer b\u00e5de klassisk og forenklet bioassay for behandlingsmidlene Salmosan, alphaMax, Slice og hydrogenperoksid. Lusene testes etter foreskrevne oppsett og prosedyrer. Klassiske assays [&hellip;]<\/p>\n","protected":false},"author":1,"featured_media":0,"parent":0,"menu_order":0,"comment_status":"closed","ping_status":"closed","template":"","meta":{"_uag_custom_page_level_css":"","site-sidebar-layout":"default","site-content-layout":"","ast-site-content-layout":"default","site-content-style":"default","site-sidebar-style":"default","ast-global-header-display":"","ast-banner-title-visibility":"","ast-main-header-display":"","ast-hfb-above-header-display":"","ast-hfb-below-header-display":"","ast-hfb-mobile-header-display":"","site-post-title":"disabled","ast-breadcrumbs-content":"","ast-featured-img":"","footer-sml-layout":"","ast-disable-related-posts":"","theme-transparent-header-meta":"disabled","adv-header-id-meta":"","stick-header-meta":"","header-above-stick-meta":"","header-main-stick-meta":"","header-below-stick-meta":"","astra-migrate-meta-layouts":"set","ast-page-background-enabled":"default","ast-page-background-meta":{"desktop":{"background-color":"var(--ast-global-color-4)","background-image":"","background-repeat":"repeat","background-position":"center center","background-size":"auto","background-attachment":"scroll","background-type":"","background-media":"","overlay-type":"","overlay-color":"","overlay-opacity":"","overlay-gradient":""},"tablet":{"background-color":"","background-image":"","background-repeat":"repeat","background-position":"center center","background-size":"auto","background-attachment":"scroll","background-type":"","background-media":"","overlay-type":"","overlay-color":"","overlay-opacity":"","overlay-gradient":""},"mobile":{"background-color":"","background-image":"","background-repeat":"repeat","background-position":"center center","background-size":"auto","background-attachment":"scroll","background-type":"","background-media":"","overlay-type":"","overlay-color":"","overlay-opacity":"","overlay-gradient":""}},"ast-content-background-meta":{"desktop":{"background-color":"var(--ast-global-color-5)","background-image":"","background-repeat":"repeat","background-position":"center center","background-size":"auto","background-attachment":"scroll","background-type":"","background-media":"","overlay-type":"","overlay-color":"","overlay-opacity":"","overlay-gradient":""},"tablet":{"background-color":"var(--ast-global-color-5)","background-image":"","background-repeat":"repeat","background-position":"center center","background-size":"auto","background-attachment":"scroll","background-type":"","background-media":"","overlay-type":"","overlay-color":"","overlay-opacity":"","overlay-gradient":""},"mobile":{"background-color":"var(--ast-global-color-5)","background-image":"","background-repeat":"repeat","background-position":"center center","background-size":"auto","background-attachment":"scroll","background-type":"","background-media":"","overlay-type":"","overlay-color":"","overlay-opacity":"","overlay-gradient":""}},"footnotes":""},"class_list":["post-544","page","type-page","status-publish","hentry"],"yoast_head":"<!-- This site is optimized with the Yoast SEO plugin v27.3 - https:\/\/yoast.com\/product\/yoast-seo-wordpress\/ -->\n<title>RESISTENSTEST LAKSELUS - Alex Stewart International Norge AS<\/title>\n<meta name=\"description\" content=\"For \u00e5 sikre riktig mengde og bruk av behandlingsmiddel mot lakselus er det viktig \u00e5 sjekke f\u00f8lsomheten til lakselusa. ASI Norge AS har i mange \u00e5r utf\u00f8rt resistentest p\u00e5 lakselus for oppdrettsn\u00e6ringen. Vi utf\u00f8rer b\u00e5de klassisk og forenklet bioassay for behandlingsmidlene Salmosan, alphaMax, Slice og hydrogenperoksid.\" \/>\n<meta name=\"robots\" content=\"index, follow, max-snippet:-1, max-image-preview:large, max-video-preview:-1\" \/>\n<link rel=\"canonical\" href=\"https:\/\/asinorge.no\/en\/resistenstest-lakselus\/\" \/>\n<meta property=\"og:locale\" content=\"en_US\" \/>\n<meta property=\"og:type\" content=\"article\" \/>\n<meta property=\"og:title\" content=\"RESISTENSTEST LAKSELUS - Alex Stewart International Norge AS\" \/>\n<meta property=\"og:description\" content=\"For \u00e5 sikre riktig mengde og bruk av behandlingsmiddel mot lakselus er det viktig \u00e5 sjekke f\u00f8lsomheten til lakselusa. ASI Norge AS har i mange \u00e5r utf\u00f8rt resistentest p\u00e5 lakselus for oppdrettsn\u00e6ringen. Vi utf\u00f8rer b\u00e5de klassisk og forenklet bioassay for behandlingsmidlene Salmosan, alphaMax, Slice og hydrogenperoksid.\" \/>\n<meta property=\"og:url\" content=\"https:\/\/asinorge.no\/en\/resistenstest-lakselus\/\" \/>\n<meta property=\"og:site_name\" content=\"Alex Stewart International Norge AS\" \/>\n<meta property=\"article:publisher\" content=\"https:\/\/www.facebook.com\/slabstord\/\" \/>\n<meta property=\"article:modified_time\" content=\"2024-02-16T12:53:10+00:00\" \/>\n<meta property=\"og:image\" content=\"https:\/\/asinorge.no\/wp-content\/uploads\/2024\/01\/sockeye-492258_1920.jpg\" \/>\n<meta name=\"twitter:card\" content=\"summary_large_image\" \/>\n<meta name=\"twitter:label1\" content=\"Est. reading time\" \/>\n\t<meta name=\"twitter:data1\" content=\"2 minutes\" \/>\n<script type=\"application\/ld+json\" class=\"yoast-schema-graph\">{\"@context\":\"https:\\\/\\\/schema.org\",\"@graph\":[{\"@type\":\"WebPage\",\"@id\":\"https:\\\/\\\/asinorge.no\\\/resistenstest-lakselus\\\/\",\"url\":\"https:\\\/\\\/asinorge.no\\\/resistenstest-lakselus\\\/\",\"name\":\"RESISTENSTEST LAKSELUS - Alex Stewart International Norge AS\",\"isPartOf\":{\"@id\":\"https:\\\/\\\/asinorge.no\\\/#website\"},\"primaryImageOfPage\":{\"@id\":\"https:\\\/\\\/asinorge.no\\\/resistenstest-lakselus\\\/#primaryimage\"},\"image\":{\"@id\":\"https:\\\/\\\/asinorge.no\\\/resistenstest-lakselus\\\/#primaryimage\"},\"thumbnailUrl\":\"https:\\\/\\\/asinorge.no\\\/wp-content\\\/uploads\\\/2024\\\/01\\\/sockeye-492258_1920.jpg\",\"datePublished\":\"2024-01-04T21:28:37+00:00\",\"dateModified\":\"2024-02-16T12:53:10+00:00\",\"description\":\"For \u00e5 sikre riktig mengde og bruk av behandlingsmiddel mot lakselus er det viktig \u00e5 sjekke f\u00f8lsomheten til lakselusa. ASI Norge AS har i mange \u00e5r utf\u00f8rt resistentest p\u00e5 lakselus for oppdrettsn\u00e6ringen. Vi utf\u00f8rer b\u00e5de klassisk og forenklet bioassay for behandlingsmidlene Salmosan, alphaMax, Slice og hydrogenperoksid.\",\"breadcrumb\":{\"@id\":\"https:\\\/\\\/asinorge.no\\\/resistenstest-lakselus\\\/#breadcrumb\"},\"inLanguage\":\"en-US\",\"potentialAction\":[{\"@type\":\"ReadAction\",\"target\":[\"https:\\\/\\\/asinorge.no\\\/resistenstest-lakselus\\\/\"]}]},{\"@type\":\"ImageObject\",\"inLanguage\":\"en-US\",\"@id\":\"https:\\\/\\\/asinorge.no\\\/resistenstest-lakselus\\\/#primaryimage\",\"url\":\"https:\\\/\\\/asinorge.no\\\/wp-content\\\/uploads\\\/2024\\\/01\\\/sockeye-492258_1920.jpg\",\"contentUrl\":\"https:\\\/\\\/asinorge.no\\\/wp-content\\\/uploads\\\/2024\\\/01\\\/sockeye-492258_1920.jpg\"},{\"@type\":\"BreadcrumbList\",\"@id\":\"https:\\\/\\\/asinorge.no\\\/resistenstest-lakselus\\\/#breadcrumb\",\"itemListElement\":[{\"@type\":\"ListItem\",\"position\":1,\"name\":\"Hjem\",\"item\":\"https:\\\/\\\/asinorge.no\\\/\"},{\"@type\":\"ListItem\",\"position\":2,\"name\":\"RESISTENSTEST LAKSELUS\"}]},{\"@type\":\"WebSite\",\"@id\":\"https:\\\/\\\/asinorge.no\\\/#website\",\"url\":\"https:\\\/\\\/asinorge.no\\\/\",\"name\":\"Alex Stewart International Norge AS\",\"description\":\"Konsulent og laboratorietjenester\",\"publisher\":{\"@id\":\"https:\\\/\\\/asinorge.no\\\/#organization\"},\"alternateName\":\"ASI NORGE AS\",\"potentialAction\":[{\"@type\":\"SearchAction\",\"target\":{\"@type\":\"EntryPoint\",\"urlTemplate\":\"https:\\\/\\\/asinorge.no\\\/?s={search_term_string}\"},\"query-input\":{\"@type\":\"PropertyValueSpecification\",\"valueRequired\":true,\"valueName\":\"search_term_string\"}}],\"inLanguage\":\"en-US\"},{\"@type\":\"Organization\",\"@id\":\"https:\\\/\\\/asinorge.no\\\/#organization\",\"name\":\"Alex Stewart International Norge AS\",\"url\":\"https:\\\/\\\/asinorge.no\\\/\",\"logo\":{\"@type\":\"ImageObject\",\"inLanguage\":\"en-US\",\"@id\":\"https:\\\/\\\/asinorge.no\\\/#\\\/schema\\\/logo\\\/image\\\/\",\"url\":\"https:\\\/\\\/asinorge.no\\\/wp-content\\\/uploads\\\/2023\\\/11\\\/cropped-ASi-Logony.png\",\"contentUrl\":\"https:\\\/\\\/asinorge.no\\\/wp-content\\\/uploads\\\/2023\\\/11\\\/cropped-ASi-Logony.png\",\"width\":943,\"height\":246,\"caption\":\"Alex Stewart International Norge AS\"},\"image\":{\"@id\":\"https:\\\/\\\/asinorge.no\\\/#\\\/schema\\\/logo\\\/image\\\/\"},\"sameAs\":[\"https:\\\/\\\/www.facebook.com\\\/slabstord\\\/\",\"https:\\\/\\\/no.linkedin.com\\\/in\\\/alex-stewart-international-norge-as-avd-stord-11a5421a3\"]}]}<\/script>\n<!-- \/ Yoast SEO plugin. -->","yoast_head_json":{"title":"RESISTENSTEST LAKSELUS - Alex Stewart International Norge AS","description":"For \u00e5 sikre riktig mengde og bruk av behandlingsmiddel mot lakselus er det viktig \u00e5 sjekke f\u00f8lsomheten til lakselusa. ASI Norge AS har i mange \u00e5r utf\u00f8rt resistentest p\u00e5 lakselus for oppdrettsn\u00e6ringen. Vi utf\u00f8rer b\u00e5de klassisk og forenklet bioassay for behandlingsmidlene Salmosan, alphaMax, Slice og hydrogenperoksid.","robots":{"index":"index","follow":"follow","max-snippet":"max-snippet:-1","max-image-preview":"max-image-preview:large","max-video-preview":"max-video-preview:-1"},"canonical":"https:\/\/asinorge.no\/en\/resistenstest-lakselus\/","og_locale":"en_US","og_type":"article","og_title":"RESISTENSTEST LAKSELUS - Alex Stewart International Norge AS","og_description":"For \u00e5 sikre riktig mengde og bruk av behandlingsmiddel mot lakselus er det viktig \u00e5 sjekke f\u00f8lsomheten til lakselusa. ASI Norge AS har i mange \u00e5r utf\u00f8rt resistentest p\u00e5 lakselus for oppdrettsn\u00e6ringen. Vi utf\u00f8rer b\u00e5de klassisk og forenklet bioassay for behandlingsmidlene Salmosan, alphaMax, Slice og hydrogenperoksid.","og_url":"https:\/\/asinorge.no\/en\/resistenstest-lakselus\/","og_site_name":"Alex Stewart International Norge AS","article_publisher":"https:\/\/www.facebook.com\/slabstord\/","article_modified_time":"2024-02-16T12:53:10+00:00","og_image":[{"url":"https:\/\/asinorge.no\/wp-content\/uploads\/2024\/01\/sockeye-492258_1920.jpg","type":"","width":"","height":""}],"twitter_card":"summary_large_image","twitter_misc":{"Est. reading time":"2 minutes"},"schema":{"@context":"https:\/\/schema.org","@graph":[{"@type":"WebPage","@id":"https:\/\/asinorge.no\/resistenstest-lakselus\/","url":"https:\/\/asinorge.no\/resistenstest-lakselus\/","name":"RESISTENSTEST LAKSELUS - Alex Stewart International Norge AS","isPartOf":{"@id":"https:\/\/asinorge.no\/#website"},"primaryImageOfPage":{"@id":"https:\/\/asinorge.no\/resistenstest-lakselus\/#primaryimage"},"image":{"@id":"https:\/\/asinorge.no\/resistenstest-lakselus\/#primaryimage"},"thumbnailUrl":"https:\/\/asinorge.no\/wp-content\/uploads\/2024\/01\/sockeye-492258_1920.jpg","datePublished":"2024-01-04T21:28:37+00:00","dateModified":"2024-02-16T12:53:10+00:00","description":"For \u00e5 sikre riktig mengde og bruk av behandlingsmiddel mot lakselus er det viktig \u00e5 sjekke f\u00f8lsomheten til lakselusa. ASI Norge AS har i mange \u00e5r utf\u00f8rt resistentest p\u00e5 lakselus for oppdrettsn\u00e6ringen. Vi utf\u00f8rer b\u00e5de klassisk og forenklet bioassay for behandlingsmidlene Salmosan, alphaMax, Slice og hydrogenperoksid.","breadcrumb":{"@id":"https:\/\/asinorge.no\/resistenstest-lakselus\/#breadcrumb"},"inLanguage":"en-US","potentialAction":[{"@type":"ReadAction","target":["https:\/\/asinorge.no\/resistenstest-lakselus\/"]}]},{"@type":"ImageObject","inLanguage":"en-US","@id":"https:\/\/asinorge.no\/resistenstest-lakselus\/#primaryimage","url":"https:\/\/asinorge.no\/wp-content\/uploads\/2024\/01\/sockeye-492258_1920.jpg","contentUrl":"https:\/\/asinorge.no\/wp-content\/uploads\/2024\/01\/sockeye-492258_1920.jpg"},{"@type":"BreadcrumbList","@id":"https:\/\/asinorge.no\/resistenstest-lakselus\/#breadcrumb","itemListElement":[{"@type":"ListItem","position":1,"name":"Hjem","item":"https:\/\/asinorge.no\/"},{"@type":"ListItem","position":2,"name":"RESISTENSTEST LAKSELUS"}]},{"@type":"WebSite","@id":"https:\/\/asinorge.no\/#website","url":"https:\/\/asinorge.no\/","name":"Alex Stewart International Norge AS","description":"Konsulent og laboratorietjenester","publisher":{"@id":"https:\/\/asinorge.no\/#organization"},"alternateName":"ASI NORGE AS","potentialAction":[{"@type":"SearchAction","target":{"@type":"EntryPoint","urlTemplate":"https:\/\/asinorge.no\/?s={search_term_string}"},"query-input":{"@type":"PropertyValueSpecification","valueRequired":true,"valueName":"search_term_string"}}],"inLanguage":"en-US"},{"@type":"Organization","@id":"https:\/\/asinorge.no\/#organization","name":"Alex Stewart International Norge AS","url":"https:\/\/asinorge.no\/","logo":{"@type":"ImageObject","inLanguage":"en-US","@id":"https:\/\/asinorge.no\/#\/schema\/logo\/image\/","url":"https:\/\/asinorge.no\/wp-content\/uploads\/2023\/11\/cropped-ASi-Logony.png","contentUrl":"https:\/\/asinorge.no\/wp-content\/uploads\/2023\/11\/cropped-ASi-Logony.png","width":943,"height":246,"caption":"Alex Stewart International Norge AS"},"image":{"@id":"https:\/\/asinorge.no\/#\/schema\/logo\/image\/"},"sameAs":["https:\/\/www.facebook.com\/slabstord\/","https:\/\/no.linkedin.com\/in\/alex-stewart-international-norge-as-avd-stord-11a5421a3"]}]}},"uagb_featured_image_src":{"full":false,"thumbnail":false,"medium":false,"medium_large":false,"large":false,"1536x1536":false,"2048x2048":false,"trp-custom-language-flag":false},"uagb_author_info":{"display_name":"ASI Norge AS","author_link":"https:\/\/asinorge.no\/en\/author\/malin_brady\/"},"uagb_comment_info":0,"uagb_excerpt":"For \u00e5 sikre riktig mengde og bruk av behandlingsmiddel mot lakselus er det viktig \u00e5 sjekke f\u00f8lsomheten til lakselusa. ASI Norge AS har i mange \u00e5r utf\u00f8rt resistentest p\u00e5 lakselus for oppdrettsn\u00e6ringen. Vi utf\u00f8rer b\u00e5de klassisk og forenklet bioassay for behandlingsmidlene Salmosan, alphaMax, Slice og hydrogenperoksid. Lusene testes etter foreskrevne oppsett og prosedyrer. Klassiske assays&hellip;","jetpack_sharing_enabled":true,"_links":{"self":[{"href":"https:\/\/asinorge.no\/en\/wp-json\/wp\/v2\/pages\/544","targetHints":{"allow":["GET"]}}],"collection":[{"href":"https:\/\/asinorge.no\/en\/wp-json\/wp\/v2\/pages"}],"about":[{"href":"https:\/\/asinorge.no\/en\/wp-json\/wp\/v2\/types\/page"}],"author":[{"embeddable":true,"href":"https:\/\/asinorge.no\/en\/wp-json\/wp\/v2\/users\/1"}],"replies":[{"embeddable":true,"href":"https:\/\/asinorge.no\/en\/wp-json\/wp\/v2\/comments?post=544"}],"version-history":[{"count":6,"href":"https:\/\/asinorge.no\/en\/wp-json\/wp\/v2\/pages\/544\/revisions"}],"predecessor-version":[{"id":554,"href":"https:\/\/asinorge.no\/en\/wp-json\/wp\/v2\/pages\/544\/revisions\/554"}],"wp:attachment":[{"href":"https:\/\/asinorge.no\/en\/wp-json\/wp\/v2\/media?parent=544"}],"curies":[{"name":"wp","href":"https:\/\/api.w.org\/{rel}","templated":true}]}}