{"id":529,"date":"2024-01-04T21:30:50","date_gmt":"2024-01-04T20:30:50","guid":{"rendered":"https:\/\/asinorge.no\/?page_id=529"},"modified":"2024-02-16T13:28:40","modified_gmt":"2024-02-16T12:28:40","slug":"bronnbater","status":"publish","type":"page","link":"https:\/\/asinorge.no\/en\/bronnbater\/","title":{"rendered":"BR\u00d8NNB\u00c5TER"},"content":{"rendered":"<div class=\"wp-block-cover alignfull\" style=\"min-height:524px;aspect-ratio:unset;\"><span aria-hidden=\"true\" class=\"wp-block-cover__background has-background-dim-80 has-background-dim wp-block-cover__gradient-background has-background-gradient\" style=\"background:linear-gradient(135deg,rgb(209,169,140) 0%,rgb(162,20,20) 48%,rgb(53,2,2) 100%)\"><\/span><img loading=\"lazy\" decoding=\"async\" width=\"1000\" height=\"667\" class=\"wp-block-cover__image-background wp-image-530\" alt=\"\" src=\"https:\/\/asinorge.no\/wp-content\/uploads\/2024\/01\/IMG_2130-1.jpg\" style=\"object-position:55% 64%\" data-object-fit=\"cover\" data-object-position=\"55% 64%\" srcset=\"https:\/\/asinorge.no\/wp-content\/uploads\/2024\/01\/IMG_2130-1.jpg 1000w, https:\/\/asinorge.no\/wp-content\/uploads\/2024\/01\/IMG_2130-1-300x200.jpg 300w, https:\/\/asinorge.no\/wp-content\/uploads\/2024\/01\/IMG_2130-1-768x512.jpg 768w, https:\/\/asinorge.no\/wp-content\/uploads\/2024\/01\/IMG_2130-1-18x12.jpg 18w\" sizes=\"auto, (max-width: 1000px) 100vw, 1000px\" \/><div class=\"wp-block-cover__inner-container is-layout-flow wp-block-cover-is-layout-flow\">\n<div style=\"height:90px\" aria-hidden=\"true\" class=\"wp-block-spacer\"><\/div>\n\n\n\n<h1 class=\"wp-block-heading has-text-align-center\">BR\u00d8NN- OG BL\u00d8GGEB\u00c5TER<\/h1>\n\n\n\n<p class=\"has-text-align-center has-medium-font-size\"><em>PRODUKSJONSVANN, UV-ANLEGG OG LISTERIAKONTROLL<\/em><\/p>\n<\/div><\/div>\n\n\n\n<div style=\"height:76px\" aria-hidden=\"true\" class=\"wp-block-spacer\"><\/div>\n\n\n\n<p>ASI Norge AS har flere \u00e5rs erfaring med \u00e5 kontrollere vannkvalitet og renhold om bord i br\u00f8nn- og bl\u00f8ggeb\u00e5ter. Ved bl\u00f8gging er det sv\u00e6rt viktig \u00e5 kontrollere utstyr og fisk for Listeria monocytogenes. Ved transport av fisk m\u00e5 en ha god internkontroll p\u00e5 vask og desinfisering for \u00e5 hindre smittespredning.<\/p>\n\n\n\n<div class=\"wp-block-uagb-container uagb-block-c5bfc40e alignfull uagb-is-root-container\"><div class=\"uagb-container-inner-blocks-wrap\">\n<div class=\"wp-block-uagb-container uagb-block-17286d78\">\n<p class=\"has-vivid-red-color has-text-color has-link-color wp-elements-ea6338888061640cf254bffb298cfdfc\"><strong>Kontroll av UV-anlegg (Ferskvann og sj\u00f8vann)<\/strong>:<\/p>\n\n\n\n<ul class=\"wp-block-list\">\n<li>Total antall bakterier 22\u00b0C <\/li>\n\n\n\n<li>Koliforme bakterier<\/li>\n\n\n\n<li>e.coli <\/li>\n\n\n\n<li>Intestinale entrokokker<\/li>\n\n\n\n<li>Vibrio sp. <\/li>\n\n\n\n<li>Aeromonas<\/li>\n\n\n\n<li>UV-Transmisjon<\/li>\n\n\n\n<li>Reduksjonsgrad<br><br><br><\/li>\n<\/ul>\n\n\n\n<p class=\"has-vivid-red-color has-text-color has-link-color wp-elements-a8dc46f73e09bcee877837b7fa8633f3\"><strong>Kontroll av prosessvann (Ferskvann og sj\u00f8vann)<\/strong>:<\/p>\n\n\n\n<ul class=\"wp-block-list\">\n<li>Listeria i vann<\/li>\n\n\n\n<li>Vibrio sp.<\/li>\n\n\n\n<li>Aeromonas<\/li>\n\n\n\n<li>Total antall bakterier 22\u00b0C <br><br><br><\/li>\n<\/ul>\n\n\n\n<p class=\"has-vivid-red-color has-text-color has-link-color wp-elements-8a109d1703d09bd6cbb457d068deefd9\"><strong>Kontroll av renhold (overflater, utstyr)<\/strong>:<\/p>\n\n\n\n<ul class=\"wp-block-list\">\n<li>Listeria monocytogenes <\/li>\n\n\n\n<li>Bakterietall p\u00e5 overflater<br><br><\/li>\n<\/ul>\n<\/div>\n\n\n\n<div class=\"wp-block-uagb-container uagb-block-d3ef1d0f\">\n<figure class=\"wp-block-image alignleft size-full is-resized\"><img loading=\"lazy\" decoding=\"async\" width=\"1980\" height=\"1980\" src=\"https:\/\/asinorge.no\/wp-content\/uploads\/2024\/01\/28477.jpg\" alt=\"\" class=\"wp-image-532\" style=\"width:542px;height:auto\" srcset=\"https:\/\/asinorge.no\/wp-content\/uploads\/2024\/01\/28477.jpg 1980w, https:\/\/asinorge.no\/wp-content\/uploads\/2024\/01\/28477-300x300.jpg 300w, https:\/\/asinorge.no\/wp-content\/uploads\/2024\/01\/28477-1024x1024.jpg 1024w, https:\/\/asinorge.no\/wp-content\/uploads\/2024\/01\/28477-150x150.jpg 150w, https:\/\/asinorge.no\/wp-content\/uploads\/2024\/01\/28477-768x768.jpg 768w, https:\/\/asinorge.no\/wp-content\/uploads\/2024\/01\/28477-1536x1536.jpg 1536w, https:\/\/asinorge.no\/wp-content\/uploads\/2024\/01\/28477-12x12.jpg 12w\" sizes=\"auto, (max-width: 1980px) 100vw, 1980px\" \/><\/figure>\n<\/div>\n<\/div><\/div>\n\n\n\n<p><\/p>\n\n\n\n<p class=\"has-vivid-red-color has-text-color has-link-color wp-elements-0584fd40d3b616d0487a3fdf6ec1df7e\"><strong>Representative pr\u00f8vemengder for analyse (anbefalt minimum):<\/strong><\/p>\n\n\n\n<div class=\"wp-block-uagb-container uagb-block-3e0acc08 alignfull uagb-is-root-container\"><div class=\"uagb-container-inner-blocks-wrap\">\n<div class=\"wp-block-uagb-container uagb-block-3f55c299\">\n<p>F\u00f8r UV (Kimtall, Vibrio og UV-Transmisjon)<br>Etter UV (Kimtall, Vibrio og reduksjonsgrad)<br>Listeria i vannpr\u00f8ve<br>Drikkevannskontroll<br>\u00d8vrige analyser<\/p>\n<\/div>\n\n\n\n<div class=\"wp-block-uagb-container uagb-block-3b1212be\">\n<p>500 ml steril plastflaske<br>1000ml steril plastflaske<br>500ml steril plastflaske<br>500-1000ml steril plastflaske<br>500ml steril eller ren plast\/glassflaske<\/p>\n<\/div>\n<\/div><\/div>\n\n\n\n<p>For omfattende analyseoppsett, samt enkelte kjemiske analyser, kan det v\u00e6re behov for st\u00f8rre pr\u00f8vemengde. Ta kontakt med laboratoriet for r\u00e5df\u00f8ring. Pr\u00f8veflasker og anna pr\u00f8vetakingsutstyr kan hentes hos laboratoriet (kostnadsfritt).<\/p>\n\n\n\n<p><\/p>\n\n\n\n<p><\/p>\n\n\n\n<div style=\"height:100px\" aria-hidden=\"true\" class=\"wp-block-spacer\"><\/div>","protected":false},"excerpt":{"rendered":"<p>ASI Norge AS har flere \u00e5rs erfaring med \u00e5 kontrollere vannkvalitet og renhold om bord i br\u00f8nn- og bl\u00f8ggeb\u00e5ter. Ved bl\u00f8gging er det sv\u00e6rt viktig \u00e5 kontrollere utstyr og fisk for Listeria monocytogenes. Ved transport av fisk m\u00e5 en ha god internkontroll p\u00e5 vask og desinfisering for \u00e5 hindre smittespredning. Kontroll av UV-anlegg (Ferskvann og [&hellip;]<\/p>\n","protected":false},"author":1,"featured_media":0,"parent":0,"menu_order":0,"comment_status":"closed","ping_status":"closed","template":"","meta":{"_uag_custom_page_level_css":"","site-sidebar-layout":"default","site-content-layout":"","ast-site-content-layout":"default","site-content-style":"default","site-sidebar-style":"default","ast-global-header-display":"","ast-banner-title-visibility":"","ast-main-header-display":"","ast-hfb-above-header-display":"","ast-hfb-below-header-display":"","ast-hfb-mobile-header-display":"","site-post-title":"disabled","ast-breadcrumbs-content":"","ast-featured-img":"","footer-sml-layout":"","ast-disable-related-posts":"","theme-transparent-header-meta":"disabled","adv-header-id-meta":"","stick-header-meta":"","header-above-stick-meta":"","header-main-stick-meta":"","header-below-stick-meta":"","astra-migrate-meta-layouts":"set","ast-page-background-enabled":"default","ast-page-background-meta":{"desktop":{"background-color":"var(--ast-global-color-4)","background-image":"","background-repeat":"repeat","background-position":"center center","background-size":"auto","background-attachment":"scroll","background-type":"","background-media":"","overlay-type":"","overlay-color":"","overlay-opacity":"","overlay-gradient":""},"tablet":{"background-color":"","background-image":"","background-repeat":"repeat","background-position":"center center","background-size":"auto","background-attachment":"scroll","background-type":"","background-media":"","overlay-type":"","overlay-color":"","overlay-opacity":"","overlay-gradient":""},"mobile":{"background-color":"","background-image":"","background-repeat":"repeat","background-position":"center center","background-size":"auto","background-attachment":"scroll","background-type":"","background-media":"","overlay-type":"","overlay-color":"","overlay-opacity":"","overlay-gradient":""}},"ast-content-background-meta":{"desktop":{"background-color":"var(--ast-global-color-5)","background-image":"","background-repeat":"repeat","background-position":"center center","background-size":"auto","background-attachment":"scroll","background-type":"","background-media":"","overlay-type":"","overlay-color":"","overlay-opacity":"","overlay-gradient":""},"tablet":{"background-color":"var(--ast-global-color-5)","background-image":"","background-repeat":"repeat","background-position":"center center","background-size":"auto","background-attachment":"scroll","background-type":"","background-media":"","overlay-type":"","overlay-color":"","overlay-opacity":"","overlay-gradient":""},"mobile":{"background-color":"var(--ast-global-color-5)","background-image":"","background-repeat":"repeat","background-position":"center center","background-size":"auto","background-attachment":"scroll","background-type":"","background-media":"","overlay-type":"","overlay-color":"","overlay-opacity":"","overlay-gradient":""}},"footnotes":""},"class_list":["post-529","page","type-page","status-publish","hentry"],"yoast_head":"<!-- This site is optimized with the Yoast SEO plugin v27.4 - https:\/\/yoast.com\/product\/yoast-seo-wordpress\/ -->\n<title>BR\u00d8NNB\u00c5TER - Alex Stewart International Norge AS<\/title>\n<meta name=\"description\" content=\"ASI Norge AS har flere \u00e5rs erfaring med \u00e5 kontrollere vannkvalitet og renhold om bord i br\u00f8nn- og bl\u00f8ggeb\u00e5ter. Ved bl\u00f8gging er det sv\u00e6rt viktig \u00e5 kontrollere utstyr og fisk for Listeria monocytogenes. Ved transport av fisk m\u00e5 en ha god internkontroll p\u00e5 vask og desinfisering for \u00e5 hindre smittespredning.\" \/>\n<meta name=\"robots\" content=\"index, follow, max-snippet:-1, max-image-preview:large, max-video-preview:-1\" \/>\n<link rel=\"canonical\" href=\"https:\/\/asinorge.no\/en\/bronnbater\/\" \/>\n<meta property=\"og:locale\" content=\"en_US\" \/>\n<meta property=\"og:type\" content=\"article\" \/>\n<meta property=\"og:title\" content=\"BR\u00d8NNB\u00c5TER - Alex Stewart International Norge AS\" \/>\n<meta property=\"og:description\" content=\"ASI Norge AS har flere \u00e5rs erfaring med \u00e5 kontrollere vannkvalitet og renhold om bord i br\u00f8nn- og bl\u00f8ggeb\u00e5ter. Ved bl\u00f8gging er det sv\u00e6rt viktig \u00e5 kontrollere utstyr og fisk for Listeria monocytogenes. Ved transport av fisk m\u00e5 en ha god internkontroll p\u00e5 vask og desinfisering for \u00e5 hindre smittespredning.\" \/>\n<meta property=\"og:url\" content=\"https:\/\/asinorge.no\/en\/bronnbater\/\" \/>\n<meta property=\"og:site_name\" content=\"Alex Stewart International Norge AS\" \/>\n<meta property=\"article:publisher\" content=\"https:\/\/www.facebook.com\/slabstord\/\" \/>\n<meta property=\"article:modified_time\" content=\"2024-02-16T12:28:40+00:00\" \/>\n<meta property=\"og:image\" content=\"https:\/\/asinorge.no\/wp-content\/uploads\/2024\/01\/IMG_2130-1.jpg\" \/>\n<meta name=\"twitter:card\" content=\"summary_large_image\" \/>\n<meta name=\"twitter:label1\" content=\"Est. reading time\" \/>\n\t<meta name=\"twitter:data1\" content=\"2 minutes\" \/>\n<script type=\"application\/ld+json\" class=\"yoast-schema-graph\">{\"@context\":\"https:\\\/\\\/schema.org\",\"@graph\":[{\"@type\":\"WebPage\",\"@id\":\"https:\\\/\\\/asinorge.no\\\/bronnbater\\\/\",\"url\":\"https:\\\/\\\/asinorge.no\\\/bronnbater\\\/\",\"name\":\"BR\u00d8NNB\u00c5TER - Alex Stewart International Norge AS\",\"isPartOf\":{\"@id\":\"https:\\\/\\\/asinorge.no\\\/#website\"},\"primaryImageOfPage\":{\"@id\":\"https:\\\/\\\/asinorge.no\\\/bronnbater\\\/#primaryimage\"},\"image\":{\"@id\":\"https:\\\/\\\/asinorge.no\\\/bronnbater\\\/#primaryimage\"},\"thumbnailUrl\":\"https:\\\/\\\/asinorge.no\\\/wp-content\\\/uploads\\\/2024\\\/01\\\/IMG_2130-1.jpg\",\"datePublished\":\"2024-01-04T20:30:50+00:00\",\"dateModified\":\"2024-02-16T12:28:40+00:00\",\"description\":\"ASI Norge AS har flere \u00e5rs erfaring med \u00e5 kontrollere vannkvalitet og renhold om bord i br\u00f8nn- og bl\u00f8ggeb\u00e5ter. Ved bl\u00f8gging er det sv\u00e6rt viktig \u00e5 kontrollere utstyr og fisk for Listeria monocytogenes. Ved transport av fisk m\u00e5 en ha god internkontroll p\u00e5 vask og desinfisering for \u00e5 hindre smittespredning.\",\"breadcrumb\":{\"@id\":\"https:\\\/\\\/asinorge.no\\\/bronnbater\\\/#breadcrumb\"},\"inLanguage\":\"en-US\",\"potentialAction\":[{\"@type\":\"ReadAction\",\"target\":[\"https:\\\/\\\/asinorge.no\\\/bronnbater\\\/\"]}]},{\"@type\":\"ImageObject\",\"inLanguage\":\"en-US\",\"@id\":\"https:\\\/\\\/asinorge.no\\\/bronnbater\\\/#primaryimage\",\"url\":\"https:\\\/\\\/asinorge.no\\\/wp-content\\\/uploads\\\/2024\\\/01\\\/IMG_2130-1.jpg\",\"contentUrl\":\"https:\\\/\\\/asinorge.no\\\/wp-content\\\/uploads\\\/2024\\\/01\\\/IMG_2130-1.jpg\"},{\"@type\":\"BreadcrumbList\",\"@id\":\"https:\\\/\\\/asinorge.no\\\/bronnbater\\\/#breadcrumb\",\"itemListElement\":[{\"@type\":\"ListItem\",\"position\":1,\"name\":\"Hjem\",\"item\":\"https:\\\/\\\/asinorge.no\\\/\"},{\"@type\":\"ListItem\",\"position\":2,\"name\":\"BR\u00d8NNB\u00c5TER\"}]},{\"@type\":\"WebSite\",\"@id\":\"https:\\\/\\\/asinorge.no\\\/#website\",\"url\":\"https:\\\/\\\/asinorge.no\\\/\",\"name\":\"Alex Stewart International Norge AS\",\"description\":\"Konsulent og laboratorietjenester\",\"publisher\":{\"@id\":\"https:\\\/\\\/asinorge.no\\\/#organization\"},\"alternateName\":\"ASI NORGE AS\",\"potentialAction\":[{\"@type\":\"SearchAction\",\"target\":{\"@type\":\"EntryPoint\",\"urlTemplate\":\"https:\\\/\\\/asinorge.no\\\/?s={search_term_string}\"},\"query-input\":{\"@type\":\"PropertyValueSpecification\",\"valueRequired\":true,\"valueName\":\"search_term_string\"}}],\"inLanguage\":\"en-US\"},{\"@type\":\"Organization\",\"@id\":\"https:\\\/\\\/asinorge.no\\\/#organization\",\"name\":\"Alex Stewart International Norge AS\",\"url\":\"https:\\\/\\\/asinorge.no\\\/\",\"logo\":{\"@type\":\"ImageObject\",\"inLanguage\":\"en-US\",\"@id\":\"https:\\\/\\\/asinorge.no\\\/#\\\/schema\\\/logo\\\/image\\\/\",\"url\":\"https:\\\/\\\/asinorge.no\\\/wp-content\\\/uploads\\\/2023\\\/11\\\/cropped-ASi-Logony.png\",\"contentUrl\":\"https:\\\/\\\/asinorge.no\\\/wp-content\\\/uploads\\\/2023\\\/11\\\/cropped-ASi-Logony.png\",\"width\":943,\"height\":246,\"caption\":\"Alex Stewart International Norge AS\"},\"image\":{\"@id\":\"https:\\\/\\\/asinorge.no\\\/#\\\/schema\\\/logo\\\/image\\\/\"},\"sameAs\":[\"https:\\\/\\\/www.facebook.com\\\/slabstord\\\/\",\"https:\\\/\\\/no.linkedin.com\\\/in\\\/alex-stewart-international-norge-as-avd-stord-11a5421a3\"]}]}<\/script>\n<!-- \/ Yoast SEO plugin. -->","yoast_head_json":{"title":"BR\u00d8NNB\u00c5TER - Alex Stewart International Norge AS","description":"ASI Norge AS har flere \u00e5rs erfaring med \u00e5 kontrollere vannkvalitet og renhold om bord i br\u00f8nn- og bl\u00f8ggeb\u00e5ter. Ved bl\u00f8gging er det sv\u00e6rt viktig \u00e5 kontrollere utstyr og fisk for Listeria monocytogenes. Ved transport av fisk m\u00e5 en ha god internkontroll p\u00e5 vask og desinfisering for \u00e5 hindre smittespredning.","robots":{"index":"index","follow":"follow","max-snippet":"max-snippet:-1","max-image-preview":"max-image-preview:large","max-video-preview":"max-video-preview:-1"},"canonical":"https:\/\/asinorge.no\/en\/bronnbater\/","og_locale":"en_US","og_type":"article","og_title":"BR\u00d8NNB\u00c5TER - Alex Stewart International Norge AS","og_description":"ASI Norge AS har flere \u00e5rs erfaring med \u00e5 kontrollere vannkvalitet og renhold om bord i br\u00f8nn- og bl\u00f8ggeb\u00e5ter. Ved bl\u00f8gging er det sv\u00e6rt viktig \u00e5 kontrollere utstyr og fisk for Listeria monocytogenes. Ved transport av fisk m\u00e5 en ha god internkontroll p\u00e5 vask og desinfisering for \u00e5 hindre smittespredning.","og_url":"https:\/\/asinorge.no\/en\/bronnbater\/","og_site_name":"Alex Stewart International Norge AS","article_publisher":"https:\/\/www.facebook.com\/slabstord\/","article_modified_time":"2024-02-16T12:28:40+00:00","og_image":[{"url":"https:\/\/asinorge.no\/wp-content\/uploads\/2024\/01\/IMG_2130-1.jpg","type":"","width":"","height":""}],"twitter_card":"summary_large_image","twitter_misc":{"Est. reading time":"2 minutes"},"schema":{"@context":"https:\/\/schema.org","@graph":[{"@type":"WebPage","@id":"https:\/\/asinorge.no\/bronnbater\/","url":"https:\/\/asinorge.no\/bronnbater\/","name":"BR\u00d8NNB\u00c5TER - Alex Stewart International Norge AS","isPartOf":{"@id":"https:\/\/asinorge.no\/#website"},"primaryImageOfPage":{"@id":"https:\/\/asinorge.no\/bronnbater\/#primaryimage"},"image":{"@id":"https:\/\/asinorge.no\/bronnbater\/#primaryimage"},"thumbnailUrl":"https:\/\/asinorge.no\/wp-content\/uploads\/2024\/01\/IMG_2130-1.jpg","datePublished":"2024-01-04T20:30:50+00:00","dateModified":"2024-02-16T12:28:40+00:00","description":"ASI Norge AS har flere \u00e5rs erfaring med \u00e5 kontrollere vannkvalitet og renhold om bord i br\u00f8nn- og bl\u00f8ggeb\u00e5ter. Ved bl\u00f8gging er det sv\u00e6rt viktig \u00e5 kontrollere utstyr og fisk for Listeria monocytogenes. Ved transport av fisk m\u00e5 en ha god internkontroll p\u00e5 vask og desinfisering for \u00e5 hindre smittespredning.","breadcrumb":{"@id":"https:\/\/asinorge.no\/bronnbater\/#breadcrumb"},"inLanguage":"en-US","potentialAction":[{"@type":"ReadAction","target":["https:\/\/asinorge.no\/bronnbater\/"]}]},{"@type":"ImageObject","inLanguage":"en-US","@id":"https:\/\/asinorge.no\/bronnbater\/#primaryimage","url":"https:\/\/asinorge.no\/wp-content\/uploads\/2024\/01\/IMG_2130-1.jpg","contentUrl":"https:\/\/asinorge.no\/wp-content\/uploads\/2024\/01\/IMG_2130-1.jpg"},{"@type":"BreadcrumbList","@id":"https:\/\/asinorge.no\/bronnbater\/#breadcrumb","itemListElement":[{"@type":"ListItem","position":1,"name":"Hjem","item":"https:\/\/asinorge.no\/"},{"@type":"ListItem","position":2,"name":"BR\u00d8NNB\u00c5TER"}]},{"@type":"WebSite","@id":"https:\/\/asinorge.no\/#website","url":"https:\/\/asinorge.no\/","name":"Alex Stewart International Norge AS","description":"Konsulent og laboratorietjenester","publisher":{"@id":"https:\/\/asinorge.no\/#organization"},"alternateName":"ASI NORGE AS","potentialAction":[{"@type":"SearchAction","target":{"@type":"EntryPoint","urlTemplate":"https:\/\/asinorge.no\/?s={search_term_string}"},"query-input":{"@type":"PropertyValueSpecification","valueRequired":true,"valueName":"search_term_string"}}],"inLanguage":"en-US"},{"@type":"Organization","@id":"https:\/\/asinorge.no\/#organization","name":"Alex Stewart International Norge AS","url":"https:\/\/asinorge.no\/","logo":{"@type":"ImageObject","inLanguage":"en-US","@id":"https:\/\/asinorge.no\/#\/schema\/logo\/image\/","url":"https:\/\/asinorge.no\/wp-content\/uploads\/2023\/11\/cropped-ASi-Logony.png","contentUrl":"https:\/\/asinorge.no\/wp-content\/uploads\/2023\/11\/cropped-ASi-Logony.png","width":943,"height":246,"caption":"Alex Stewart International Norge AS"},"image":{"@id":"https:\/\/asinorge.no\/#\/schema\/logo\/image\/"},"sameAs":["https:\/\/www.facebook.com\/slabstord\/","https:\/\/no.linkedin.com\/in\/alex-stewart-international-norge-as-avd-stord-11a5421a3"]}]}},"uagb_featured_image_src":{"full":false,"thumbnail":false,"medium":false,"medium_large":false,"large":false,"1536x1536":false,"2048x2048":false,"trp-custom-language-flag":false},"uagb_author_info":{"display_name":"ASI Norge AS","author_link":"https:\/\/asinorge.no\/en\/author\/malin_brady\/"},"uagb_comment_info":0,"uagb_excerpt":"ASI Norge AS har flere \u00e5rs erfaring med \u00e5 kontrollere vannkvalitet og renhold om bord i br\u00f8nn- og bl\u00f8ggeb\u00e5ter. Ved bl\u00f8gging er det sv\u00e6rt viktig \u00e5 kontrollere utstyr og fisk for Listeria monocytogenes. Ved transport av fisk m\u00e5 en ha god internkontroll p\u00e5 vask og desinfisering for \u00e5 hindre smittespredning. Kontroll av UV-anlegg (Ferskvann og&hellip;","jetpack_sharing_enabled":true,"_links":{"self":[{"href":"https:\/\/asinorge.no\/en\/wp-json\/wp\/v2\/pages\/529","targetHints":{"allow":["GET"]}}],"collection":[{"href":"https:\/\/asinorge.no\/en\/wp-json\/wp\/v2\/pages"}],"about":[{"href":"https:\/\/asinorge.no\/en\/wp-json\/wp\/v2\/types\/page"}],"author":[{"embeddable":true,"href":"https:\/\/asinorge.no\/en\/wp-json\/wp\/v2\/users\/1"}],"replies":[{"embeddable":true,"href":"https:\/\/asinorge.no\/en\/wp-json\/wp\/v2\/comments?post=529"}],"version-history":[{"count":6,"href":"https:\/\/asinorge.no\/en\/wp-json\/wp\/v2\/pages\/529\/revisions"}],"predecessor-version":[{"id":1074,"href":"https:\/\/asinorge.no\/en\/wp-json\/wp\/v2\/pages\/529\/revisions\/1074"}],"wp:attachment":[{"href":"https:\/\/asinorge.no\/en\/wp-json\/wp\/v2\/media?parent=529"}],"curies":[{"name":"wp","href":"https:\/\/api.w.org\/{rel}","templated":true}]}}