{"id":525,"date":"2024-01-04T20:43:23","date_gmt":"2024-01-04T19:43:23","guid":{"rendered":"https:\/\/asinorge.no\/?page_id=525"},"modified":"2024-04-11T16:12:19","modified_gmt":"2024-04-11T14:12:19","slug":"fiskeoppdrett","status":"publish","type":"page","link":"https:\/\/asinorge.no\/en\/fiskeoppdrett\/","title":{"rendered":"FISKEOPPDRETT"},"content":{"rendered":"<div class=\"wp-block-cover alignfull\" style=\"min-height:524px;aspect-ratio:unset;\"><span aria-hidden=\"true\" class=\"wp-block-cover__background has-background-dim-80 has-background-dim wp-block-cover__gradient-background has-background-gradient\" style=\"background:linear-gradient(135deg,rgb(209,169,140) 0%,rgb(162,20,20) 48%,rgb(53,2,2) 100%)\"><\/span><img loading=\"lazy\" decoding=\"async\" width=\"1900\" height=\"706\" class=\"wp-block-cover__image-background wp-image-526\" alt=\"\" src=\"https:\/\/asinorge.no\/wp-content\/uploads\/2024\/01\/mrd.png\" style=\"object-position:0% 49%\" data-object-fit=\"cover\" data-object-position=\"0% 49%\" srcset=\"https:\/\/asinorge.no\/wp-content\/uploads\/2024\/01\/mrd.png 1900w, https:\/\/asinorge.no\/wp-content\/uploads\/2024\/01\/mrd-300x111.png 300w, https:\/\/asinorge.no\/wp-content\/uploads\/2024\/01\/mrd-1024x380.png 1024w, https:\/\/asinorge.no\/wp-content\/uploads\/2024\/01\/mrd-768x285.png 768w, https:\/\/asinorge.no\/wp-content\/uploads\/2024\/01\/mrd-1536x571.png 1536w, https:\/\/asinorge.no\/wp-content\/uploads\/2024\/01\/mrd-18x7.png 18w\" sizes=\"auto, (max-width: 1900px) 100vw, 1900px\" \/><div class=\"wp-block-cover__inner-container is-layout-flow wp-block-cover-is-layout-flow\">\n<div style=\"height:90px\" aria-hidden=\"true\" class=\"wp-block-spacer\"><\/div>\n\n\n\n<h1 class=\"wp-block-heading has-text-align-center\">FISKEOPPDRETT<\/h1>\n\n\n\n<p class=\"has-text-align-center has-medium-font-size\">FRA ROGN TIL MATFISK<\/p>\n<\/div><\/div>\n\n\n\n<div style=\"height:76px\" aria-hidden=\"true\" class=\"wp-block-spacer\"><\/div>\n\n\n\n<p>Vannkvalitet er sv\u00e6rt viktig ogs\u00e5 for fiskens helse. ASI Norge AS har lang erfaring med \u00e5 kontrollere vannkvalitet i alle stadiene &#8211; Fra rogn til matfisk.<\/p>\n\n\n\n<div class=\"wp-block-uagb-container uagb-block-c5bfc40e alignfull uagb-is-root-container\"><div class=\"uagb-container-inner-blocks-wrap\">\n<div class=\"wp-block-uagb-container uagb-block-17286d78\">\n<p>Mikrobiologiske analyser i sj\u00f8- og ferskvann:<\/p>\n\n\n\n<ul class=\"wp-block-list\">\n<li>Total antall bakterier 22\u00b0C (sj\u00f8vann og ferskvann)<\/li>\n\n\n\n<li>Vibrio sp. (Sj\u00f8vann)<\/li>\n\n\n\n<li>Aeromonas (Ferskvann)<\/li>\n\n\n\n<li>Reduksjonsgrad %<\/li>\n\n\n\n<li>Alger<\/li>\n<\/ul>\n\n\n\n<p>Kjemiske analyser i sj\u00f8- og ferskvann:<\/p>\n\n\n\n<ul class=\"wp-block-list\">\n<li>Metaller<\/li>\n\n\n\n<li>UV-Transmisjon 1 eller 5cm<\/li>\n\n\n\n<li>Suspendert Stoff<\/li>\n\n\n\n<li>TAN<\/li>\n\n\n\n<li>TOC<\/li>\n\n\n\n<li>Total Nitrogen<\/li>\n\n\n\n<li>Total Fosfor<\/li>\n\n\n\n<li>BOF-5<\/li>\n\n\n\n<li>KOF<\/li>\n\n\n\n<li>Aluminium <\/li>\n\n\n\n<li>pH<\/li>\n\n\n\n<li>m.m<\/li>\n<\/ul>\n<\/div>\n\n\n\n<div class=\"wp-block-uagb-container uagb-block-d3ef1d0f\">\n<figure class=\"wp-block-image alignleft size-full is-resized\"><img loading=\"lazy\" decoding=\"async\" width=\"1000\" height=\"977\" src=\"https:\/\/asinorge.no\/wp-content\/uploads\/2024\/01\/IMG_2140.png\" alt=\"\" class=\"wp-image-527\" style=\"width:377px;height:auto\" srcset=\"https:\/\/asinorge.no\/wp-content\/uploads\/2024\/01\/IMG_2140.png 1000w, https:\/\/asinorge.no\/wp-content\/uploads\/2024\/01\/IMG_2140-300x293.png 300w, https:\/\/asinorge.no\/wp-content\/uploads\/2024\/01\/IMG_2140-768x750.png 768w, https:\/\/asinorge.no\/wp-content\/uploads\/2024\/01\/IMG_2140-12x12.png 12w\" sizes=\"auto, (max-width: 1000px) 100vw, 1000px\" \/><figcaption class=\"wp-element-caption\"><em>Vibrio Cholerae i sj\u00f8vann fra et RAS-anlegg<\/em><\/figcaption><\/figure>\n<\/div>\n<\/div><\/div>\n\n\n\n<p>Ta kontakt med oss for sp\u00f8rsm\u00e5l om metoder, analysepakker og for et uforpliktet pristilbud p\u00e5 analysetjenester.<\/p>\n\n\n\n<div style=\"height:76px\" aria-hidden=\"true\" class=\"wp-block-spacer\"><\/div>","protected":false},"excerpt":{"rendered":"<p>Vannkvalitet er sv\u00e6rt viktig ogs\u00e5 for fiskens helse. ASI Norge AS har lang erfaring med \u00e5 kontrollere vannkvalitet i alle stadiene &#8211; Fra rogn til matfisk. Mikrobiologiske analyser i sj\u00f8- og ferskvann: Kjemiske analyser i sj\u00f8- og ferskvann: Ta kontakt med oss for sp\u00f8rsm\u00e5l om metoder, analysepakker og for et uforpliktet pristilbud p\u00e5 analysetjenester.<\/p>","protected":false},"author":1,"featured_media":0,"parent":0,"menu_order":0,"comment_status":"closed","ping_status":"closed","template":"","meta":{"_uag_custom_page_level_css":"","site-sidebar-layout":"default","site-content-layout":"","ast-site-content-layout":"default","site-content-style":"default","site-sidebar-style":"default","ast-global-header-display":"","ast-banner-title-visibility":"","ast-main-header-display":"","ast-hfb-above-header-display":"","ast-hfb-below-header-display":"","ast-hfb-mobile-header-display":"","site-post-title":"disabled","ast-breadcrumbs-content":"","ast-featured-img":"","footer-sml-layout":"","ast-disable-related-posts":"","theme-transparent-header-meta":"disabled","adv-header-id-meta":"","stick-header-meta":"","header-above-stick-meta":"","header-main-stick-meta":"","header-below-stick-meta":"","astra-migrate-meta-layouts":"set","ast-page-background-enabled":"default","ast-page-background-meta":{"desktop":{"background-color":"var(--ast-global-color-4)","background-image":"","background-repeat":"repeat","background-position":"center center","background-size":"auto","background-attachment":"scroll","background-type":"","background-media":"","overlay-type":"","overlay-color":"","overlay-opacity":"","overlay-gradient":""},"tablet":{"background-color":"","background-image":"","background-repeat":"repeat","background-position":"center center","background-size":"auto","background-attachment":"scroll","background-type":"","background-media":"","overlay-type":"","overlay-color":"","overlay-opacity":"","overlay-gradient":""},"mobile":{"background-color":"","background-image":"","background-repeat":"repeat","background-position":"center center","background-size":"auto","background-attachment":"scroll","background-type":"","background-media":"","overlay-type":"","overlay-color":"","overlay-opacity":"","overlay-gradient":""}},"ast-content-background-meta":{"desktop":{"background-color":"var(--ast-global-color-5)","background-image":"","background-repeat":"repeat","background-position":"center center","background-size":"auto","background-attachment":"scroll","background-type":"","background-media":"","overlay-type":"","overlay-color":"","overlay-opacity":"","overlay-gradient":""},"tablet":{"background-color":"var(--ast-global-color-5)","background-image":"","background-repeat":"repeat","background-position":"center center","background-size":"auto","background-attachment":"scroll","background-type":"","background-media":"","overlay-type":"","overlay-color":"","overlay-opacity":"","overlay-gradient":""},"mobile":{"background-color":"var(--ast-global-color-5)","background-image":"","background-repeat":"repeat","background-position":"center center","background-size":"auto","background-attachment":"scroll","background-type":"","background-media":"","overlay-type":"","overlay-color":"","overlay-opacity":"","overlay-gradient":""}},"footnotes":""},"class_list":["post-525","page","type-page","status-publish","hentry"],"yoast_head":"<!-- This site is optimized with the Yoast SEO plugin v27.3 - https:\/\/yoast.com\/product\/yoast-seo-wordpress\/ -->\n<title>FISKEOPPDRETT - Alex Stewart International Norge AS<\/title>\n<meta name=\"description\" content=\"Vannkvalitet er sv\u00e6rt viktig ogs\u00e5 for fiskens helse. ASI Norge AS har lang erfaring med \u00e5 kontrollere vannkvalitet i alle stadiene - Fra rogn til matfisk.\" \/>\n<meta name=\"robots\" content=\"index, follow, max-snippet:-1, max-image-preview:large, max-video-preview:-1\" \/>\n<link rel=\"canonical\" href=\"https:\/\/asinorge.no\/en\/fiskeoppdrett\/\" \/>\n<meta property=\"og:locale\" content=\"en_US\" \/>\n<meta property=\"og:type\" content=\"article\" \/>\n<meta property=\"og:title\" content=\"FISKEOPPDRETT - Alex Stewart International Norge AS\" \/>\n<meta property=\"og:description\" content=\"Vannkvalitet er sv\u00e6rt viktig ogs\u00e5 for fiskens helse. ASI Norge AS har lang erfaring med \u00e5 kontrollere vannkvalitet i alle stadiene - Fra rogn til matfisk.\" \/>\n<meta property=\"og:url\" content=\"https:\/\/asinorge.no\/en\/fiskeoppdrett\/\" \/>\n<meta property=\"og:site_name\" content=\"Alex Stewart International Norge AS\" \/>\n<meta property=\"article:publisher\" content=\"https:\/\/www.facebook.com\/slabstord\/\" \/>\n<meta property=\"article:modified_time\" content=\"2024-04-11T14:12:19+00:00\" \/>\n<meta property=\"og:image\" content=\"https:\/\/asinorge.no\/wp-content\/uploads\/2024\/01\/mrd.png\" \/>\n<meta name=\"twitter:card\" content=\"summary_large_image\" \/>\n<meta name=\"twitter:label1\" content=\"Est. reading time\" \/>\n\t<meta name=\"twitter:data1\" content=\"1 minute\" \/>\n<script type=\"application\/ld+json\" class=\"yoast-schema-graph\">{\"@context\":\"https:\\\/\\\/schema.org\",\"@graph\":[{\"@type\":\"WebPage\",\"@id\":\"https:\\\/\\\/asinorge.no\\\/fiskeoppdrett\\\/\",\"url\":\"https:\\\/\\\/asinorge.no\\\/fiskeoppdrett\\\/\",\"name\":\"FISKEOPPDRETT - Alex Stewart International Norge AS\",\"isPartOf\":{\"@id\":\"https:\\\/\\\/asinorge.no\\\/#website\"},\"primaryImageOfPage\":{\"@id\":\"https:\\\/\\\/asinorge.no\\\/fiskeoppdrett\\\/#primaryimage\"},\"image\":{\"@id\":\"https:\\\/\\\/asinorge.no\\\/fiskeoppdrett\\\/#primaryimage\"},\"thumbnailUrl\":\"https:\\\/\\\/asinorge.no\\\/wp-content\\\/uploads\\\/2024\\\/01\\\/mrd.png\",\"datePublished\":\"2024-01-04T19:43:23+00:00\",\"dateModified\":\"2024-04-11T14:12:19+00:00\",\"description\":\"Vannkvalitet er sv\u00e6rt viktig ogs\u00e5 for fiskens helse. ASI Norge AS har lang erfaring med \u00e5 kontrollere vannkvalitet i alle stadiene - Fra rogn til matfisk.\",\"breadcrumb\":{\"@id\":\"https:\\\/\\\/asinorge.no\\\/fiskeoppdrett\\\/#breadcrumb\"},\"inLanguage\":\"en-US\",\"potentialAction\":[{\"@type\":\"ReadAction\",\"target\":[\"https:\\\/\\\/asinorge.no\\\/fiskeoppdrett\\\/\"]}]},{\"@type\":\"ImageObject\",\"inLanguage\":\"en-US\",\"@id\":\"https:\\\/\\\/asinorge.no\\\/fiskeoppdrett\\\/#primaryimage\",\"url\":\"https:\\\/\\\/asinorge.no\\\/wp-content\\\/uploads\\\/2024\\\/01\\\/mrd.png\",\"contentUrl\":\"https:\\\/\\\/asinorge.no\\\/wp-content\\\/uploads\\\/2024\\\/01\\\/mrd.png\"},{\"@type\":\"BreadcrumbList\",\"@id\":\"https:\\\/\\\/asinorge.no\\\/fiskeoppdrett\\\/#breadcrumb\",\"itemListElement\":[{\"@type\":\"ListItem\",\"position\":1,\"name\":\"Hjem\",\"item\":\"https:\\\/\\\/asinorge.no\\\/\"},{\"@type\":\"ListItem\",\"position\":2,\"name\":\"FISKEOPPDRETT\"}]},{\"@type\":\"WebSite\",\"@id\":\"https:\\\/\\\/asinorge.no\\\/#website\",\"url\":\"https:\\\/\\\/asinorge.no\\\/\",\"name\":\"Alex Stewart International Norge AS\",\"description\":\"Konsulent og laboratorietjenester\",\"publisher\":{\"@id\":\"https:\\\/\\\/asinorge.no\\\/#organization\"},\"alternateName\":\"ASI NORGE AS\",\"potentialAction\":[{\"@type\":\"SearchAction\",\"target\":{\"@type\":\"EntryPoint\",\"urlTemplate\":\"https:\\\/\\\/asinorge.no\\\/?s={search_term_string}\"},\"query-input\":{\"@type\":\"PropertyValueSpecification\",\"valueRequired\":true,\"valueName\":\"search_term_string\"}}],\"inLanguage\":\"en-US\"},{\"@type\":\"Organization\",\"@id\":\"https:\\\/\\\/asinorge.no\\\/#organization\",\"name\":\"Alex Stewart International Norge AS\",\"url\":\"https:\\\/\\\/asinorge.no\\\/\",\"logo\":{\"@type\":\"ImageObject\",\"inLanguage\":\"en-US\",\"@id\":\"https:\\\/\\\/asinorge.no\\\/#\\\/schema\\\/logo\\\/image\\\/\",\"url\":\"https:\\\/\\\/asinorge.no\\\/wp-content\\\/uploads\\\/2023\\\/11\\\/cropped-ASi-Logony.png\",\"contentUrl\":\"https:\\\/\\\/asinorge.no\\\/wp-content\\\/uploads\\\/2023\\\/11\\\/cropped-ASi-Logony.png\",\"width\":943,\"height\":246,\"caption\":\"Alex Stewart International Norge AS\"},\"image\":{\"@id\":\"https:\\\/\\\/asinorge.no\\\/#\\\/schema\\\/logo\\\/image\\\/\"},\"sameAs\":[\"https:\\\/\\\/www.facebook.com\\\/slabstord\\\/\",\"https:\\\/\\\/no.linkedin.com\\\/in\\\/alex-stewart-international-norge-as-avd-stord-11a5421a3\"]}]}<\/script>\n<!-- \/ Yoast SEO plugin. -->","yoast_head_json":{"title":"FISKEOPPDRETT - Alex Stewart International Norge AS","description":"Vannkvalitet er sv\u00e6rt viktig ogs\u00e5 for fiskens helse. ASI Norge AS har lang erfaring med \u00e5 kontrollere vannkvalitet i alle stadiene - Fra rogn til matfisk.","robots":{"index":"index","follow":"follow","max-snippet":"max-snippet:-1","max-image-preview":"max-image-preview:large","max-video-preview":"max-video-preview:-1"},"canonical":"https:\/\/asinorge.no\/en\/fiskeoppdrett\/","og_locale":"en_US","og_type":"article","og_title":"FISKEOPPDRETT - Alex Stewart International Norge AS","og_description":"Vannkvalitet er sv\u00e6rt viktig ogs\u00e5 for fiskens helse. ASI Norge AS har lang erfaring med \u00e5 kontrollere vannkvalitet i alle stadiene - Fra rogn til matfisk.","og_url":"https:\/\/asinorge.no\/en\/fiskeoppdrett\/","og_site_name":"Alex Stewart International Norge AS","article_publisher":"https:\/\/www.facebook.com\/slabstord\/","article_modified_time":"2024-04-11T14:12:19+00:00","og_image":[{"url":"https:\/\/asinorge.no\/wp-content\/uploads\/2024\/01\/mrd.png","type":"","width":"","height":""}],"twitter_card":"summary_large_image","twitter_misc":{"Est. reading time":"1 minute"},"schema":{"@context":"https:\/\/schema.org","@graph":[{"@type":"WebPage","@id":"https:\/\/asinorge.no\/fiskeoppdrett\/","url":"https:\/\/asinorge.no\/fiskeoppdrett\/","name":"FISKEOPPDRETT - Alex Stewart International Norge AS","isPartOf":{"@id":"https:\/\/asinorge.no\/#website"},"primaryImageOfPage":{"@id":"https:\/\/asinorge.no\/fiskeoppdrett\/#primaryimage"},"image":{"@id":"https:\/\/asinorge.no\/fiskeoppdrett\/#primaryimage"},"thumbnailUrl":"https:\/\/asinorge.no\/wp-content\/uploads\/2024\/01\/mrd.png","datePublished":"2024-01-04T19:43:23+00:00","dateModified":"2024-04-11T14:12:19+00:00","description":"Vannkvalitet er sv\u00e6rt viktig ogs\u00e5 for fiskens helse. ASI Norge AS har lang erfaring med \u00e5 kontrollere vannkvalitet i alle stadiene - Fra rogn til matfisk.","breadcrumb":{"@id":"https:\/\/asinorge.no\/fiskeoppdrett\/#breadcrumb"},"inLanguage":"en-US","potentialAction":[{"@type":"ReadAction","target":["https:\/\/asinorge.no\/fiskeoppdrett\/"]}]},{"@type":"ImageObject","inLanguage":"en-US","@id":"https:\/\/asinorge.no\/fiskeoppdrett\/#primaryimage","url":"https:\/\/asinorge.no\/wp-content\/uploads\/2024\/01\/mrd.png","contentUrl":"https:\/\/asinorge.no\/wp-content\/uploads\/2024\/01\/mrd.png"},{"@type":"BreadcrumbList","@id":"https:\/\/asinorge.no\/fiskeoppdrett\/#breadcrumb","itemListElement":[{"@type":"ListItem","position":1,"name":"Hjem","item":"https:\/\/asinorge.no\/"},{"@type":"ListItem","position":2,"name":"FISKEOPPDRETT"}]},{"@type":"WebSite","@id":"https:\/\/asinorge.no\/#website","url":"https:\/\/asinorge.no\/","name":"Alex Stewart International Norge AS","description":"Konsulent og laboratorietjenester","publisher":{"@id":"https:\/\/asinorge.no\/#organization"},"alternateName":"ASI NORGE AS","potentialAction":[{"@type":"SearchAction","target":{"@type":"EntryPoint","urlTemplate":"https:\/\/asinorge.no\/?s={search_term_string}"},"query-input":{"@type":"PropertyValueSpecification","valueRequired":true,"valueName":"search_term_string"}}],"inLanguage":"en-US"},{"@type":"Organization","@id":"https:\/\/asinorge.no\/#organization","name":"Alex Stewart International Norge AS","url":"https:\/\/asinorge.no\/","logo":{"@type":"ImageObject","inLanguage":"en-US","@id":"https:\/\/asinorge.no\/#\/schema\/logo\/image\/","url":"https:\/\/asinorge.no\/wp-content\/uploads\/2023\/11\/cropped-ASi-Logony.png","contentUrl":"https:\/\/asinorge.no\/wp-content\/uploads\/2023\/11\/cropped-ASi-Logony.png","width":943,"height":246,"caption":"Alex Stewart International Norge AS"},"image":{"@id":"https:\/\/asinorge.no\/#\/schema\/logo\/image\/"},"sameAs":["https:\/\/www.facebook.com\/slabstord\/","https:\/\/no.linkedin.com\/in\/alex-stewart-international-norge-as-avd-stord-11a5421a3"]}]}},"uagb_featured_image_src":{"full":false,"thumbnail":false,"medium":false,"medium_large":false,"large":false,"1536x1536":false,"2048x2048":false,"trp-custom-language-flag":false},"uagb_author_info":{"display_name":"ASI Norge AS","author_link":"https:\/\/asinorge.no\/en\/author\/malin_brady\/"},"uagb_comment_info":0,"uagb_excerpt":"Vannkvalitet er sv\u00e6rt viktig ogs\u00e5 for fiskens helse. ASI Norge AS har lang erfaring med \u00e5 kontrollere vannkvalitet i alle stadiene &#8211; Fra rogn til matfisk. Mikrobiologiske analyser i sj\u00f8- og ferskvann: Kjemiske analyser i sj\u00f8- og ferskvann: Ta kontakt med oss for sp\u00f8rsm\u00e5l om metoder, analysepakker og for et uforpliktet pristilbud p\u00e5 analysetjenester.","jetpack_sharing_enabled":true,"_links":{"self":[{"href":"https:\/\/asinorge.no\/en\/wp-json\/wp\/v2\/pages\/525","targetHints":{"allow":["GET"]}}],"collection":[{"href":"https:\/\/asinorge.no\/en\/wp-json\/wp\/v2\/pages"}],"about":[{"href":"https:\/\/asinorge.no\/en\/wp-json\/wp\/v2\/types\/page"}],"author":[{"embeddable":true,"href":"https:\/\/asinorge.no\/en\/wp-json\/wp\/v2\/users\/1"}],"replies":[{"embeddable":true,"href":"https:\/\/asinorge.no\/en\/wp-json\/wp\/v2\/comments?post=525"}],"version-history":[{"count":1,"href":"https:\/\/asinorge.no\/en\/wp-json\/wp\/v2\/pages\/525\/revisions"}],"predecessor-version":[{"id":528,"href":"https:\/\/asinorge.no\/en\/wp-json\/wp\/v2\/pages\/525\/revisions\/528"}],"wp:attachment":[{"href":"https:\/\/asinorge.no\/en\/wp-json\/wp\/v2\/media?parent=525"}],"curies":[{"name":"wp","href":"https:\/\/api.w.org\/{rel}","templated":true}]}}