{"id":517,"date":"2024-01-04T17:21:45","date_gmt":"2024-01-04T16:21:45","guid":{"rendered":"https:\/\/asinorge.no\/?page_id=517"},"modified":"2024-02-16T13:30:59","modified_gmt":"2024-02-16T12:30:59","slug":"fiskeslakteri","status":"publish","type":"page","link":"https:\/\/asinorge.no\/en\/fiskeslakteri\/","title":{"rendered":"FISKESLAKTERI"},"content":{"rendered":"<div class=\"wp-block-cover alignfull\" style=\"min-height:524px;aspect-ratio:unset;\"><span aria-hidden=\"true\" class=\"wp-block-cover__background has-background-dim-80 has-background-dim wp-block-cover__gradient-background has-background-gradient\" style=\"background:linear-gradient(135deg,rgb(209,169,140) 0%,rgb(162,20,20) 48%,rgb(53,2,2) 100%)\"><\/span><img loading=\"lazy\" decoding=\"async\" width=\"1920\" height=\"1080\" class=\"wp-block-cover__image-background wp-image-520\" alt=\"\" src=\"https:\/\/asinorge.no\/wp-content\/uploads\/2024\/01\/salmon-1958945_1920.jpg\" style=\"object-position:54% 100%\" data-object-fit=\"cover\" data-object-position=\"54% 100%\" srcset=\"https:\/\/asinorge.no\/wp-content\/uploads\/2024\/01\/salmon-1958945_1920.jpg 1920w, https:\/\/asinorge.no\/wp-content\/uploads\/2024\/01\/salmon-1958945_1920-300x169.jpg 300w, https:\/\/asinorge.no\/wp-content\/uploads\/2024\/01\/salmon-1958945_1920-1024x576.jpg 1024w, https:\/\/asinorge.no\/wp-content\/uploads\/2024\/01\/salmon-1958945_1920-768x432.jpg 768w, https:\/\/asinorge.no\/wp-content\/uploads\/2024\/01\/salmon-1958945_1920-1536x864.jpg 1536w, https:\/\/asinorge.no\/wp-content\/uploads\/2024\/01\/salmon-1958945_1920-18x10.jpg 18w\" sizes=\"auto, (max-width: 1920px) 100vw, 1920px\" \/><div class=\"wp-block-cover__inner-container is-layout-flow wp-block-cover-is-layout-flow\">\n<div style=\"height:90px\" aria-hidden=\"true\" class=\"wp-block-spacer\"><\/div>\n\n\n\n<h1 class=\"wp-block-heading has-text-align-center\">FISKESLAKTERI<\/h1>\n\n\n\n<p class=\"has-text-align-center has-medium-font-size\"><em>Mikrobiologiske, molekyl\u00e6r- og kjemiske analyser<\/em><\/p>\n<\/div><\/div>\n\n\n\n<div style=\"height:76px\" aria-hidden=\"true\" class=\"wp-block-spacer\"><\/div>\n\n\n\n<p>Pr\u00f8ver fra fiskeslakteri \/-pakkeri er noe vi jobber med daglig da 80% av v\u00e5re kunder er fra fiskeindustrien. Vi har opparbeidet oss en stor kompetanse p\u00e5 dette feltet og kan bist\u00e5 med hjelp ved f.eks problemer i produksjon eller med vanlige rutinekontroller.<\/p>\n\n\n\n<p>ASI Norge er akkreditert etter ISO Standard 17025:2017 p\u00e5 en rekke analyser til n\u00e6ringsmiddel og produksjonsmilj\u00f8. <\/p>\n\n\n\n<p>Vi utf\u00f8rer akkreditert kvalitetskontroll p\u00e5 fisk og fiskeprodukt som f.eks bakteriepr\u00f8ver og holdbarhetstester, men ogs\u00e5 milj\u00f8pr\u00f8ver i produksjonslokalet<\/p>\n\n\n\n<div class=\"wp-block-uagb-container uagb-block-c5bfc40e alignfull uagb-is-root-container\"><div class=\"uagb-container-inner-blocks-wrap\">\n<div class=\"wp-block-uagb-container uagb-block-17286d78\">\n<p>Mikrobiologiske analyser p\u00e5 produkt:<\/p>\n\n\n\n<ul class=\"wp-block-list\">\n<li>Total antall bakterier 30\u00b0C<\/li>\n\n\n\n<li>Total antall bakterier og H2S 20\u00b0C <\/li>\n\n\n\n<li>Koliforme bakterier<\/li>\n\n\n\n<li>e.coli <\/li>\n\n\n\n<li>Termostabile koliforme bakterier<\/li>\n\n\n\n<li>Enterobacteriaceae<\/li>\n\n\n\n<li>Stafylococcus Aureus<\/li>\n\n\n\n<li>Salmonella<\/li>\n\n\n\n<li>Listeria Monocytogenes og Listeria spp.<\/li>\n\n\n\n<li>m.m<br><\/li>\n<\/ul>\n\n\n\n<p>Milj\u00f8pr\u00f8ver i produksjonslokalet<br><\/p>\n\n\n\n<ul class=\"wp-block-list\">\n<li>Listeria monocytogenes<\/li>\n\n\n\n<li>Bakterietall p\u00e5 overflater<\/li>\n\n\n\n<li>Produksjonsvann (sj\u00f8- og ferskvann)<\/li>\n\n\n\n<li>Avl\u00f8p-\/utslippsvann<\/li>\n\n\n\n<li>m.m<\/li>\n<\/ul>\n<\/div>\n\n\n\n<div class=\"wp-block-uagb-container uagb-block-d3ef1d0f\">\n<figure class=\"wp-block-image alignleft size-full is-resized\"><img loading=\"lazy\" decoding=\"async\" width=\"649\" height=\"649\" src=\"https:\/\/asinorge.no\/wp-content\/uploads\/2024\/01\/PH_RAPID-L.mono-Agar.jpg\" alt=\"\" class=\"wp-image-518\" style=\"width:377px;height:auto\" srcset=\"https:\/\/asinorge.no\/wp-content\/uploads\/2024\/01\/PH_RAPID-L.mono-Agar.jpg 649w, https:\/\/asinorge.no\/wp-content\/uploads\/2024\/01\/PH_RAPID-L.mono-Agar-300x300.jpg 300w, https:\/\/asinorge.no\/wp-content\/uploads\/2024\/01\/PH_RAPID-L.mono-Agar-150x150.jpg 150w, https:\/\/asinorge.no\/wp-content\/uploads\/2024\/01\/PH_RAPID-L.mono-Agar-12x12.jpg 12w\" sizes=\"auto, (max-width: 649px) 100vw, 649px\" \/><figcaption class=\"wp-element-caption\"><em>Listeria monocytogenes dyrket p\u00e5 sk\u00e5l<\/em><\/figcaption><\/figure>\n<\/div>\n<\/div><\/div>\n\n\n\n<p>Vi har flere ulike metoder p\u00e5 de forskjellige analysene, b\u00e5de dyrkingsmetoder og PCR som gir hurtigere svar. <\/p>\n\n\n\n<p>Ta kontakt med oss for sp\u00f8rsm\u00e5l om metoder, analysepakker og for et uforpliktet pristilbud p\u00e5 analysetjenester.<\/p>\n\n\n\n<div style=\"height:100px\" aria-hidden=\"true\" class=\"wp-block-spacer\"><\/div>","protected":false},"excerpt":{"rendered":"<p>Pr\u00f8ver fra fiskeslakteri \/-pakkeri er noe vi jobber med daglig da 80% av v\u00e5re kunder er fra fiskeindustrien. Vi har opparbeidet oss en stor kompetanse p\u00e5 dette feltet og kan bist\u00e5 med hjelp ved f.eks problemer i produksjon eller med vanlige rutinekontroller. ASI Norge er akkreditert etter ISO Standard 17025:2017 p\u00e5 en rekke analyser til [&hellip;]<\/p>\n","protected":false},"author":1,"featured_media":0,"parent":0,"menu_order":0,"comment_status":"closed","ping_status":"closed","template":"","meta":{"_uag_custom_page_level_css":"","site-sidebar-layout":"default","site-content-layout":"","ast-site-content-layout":"default","site-content-style":"default","site-sidebar-style":"default","ast-global-header-display":"","ast-banner-title-visibility":"","ast-main-header-display":"","ast-hfb-above-header-display":"","ast-hfb-below-header-display":"","ast-hfb-mobile-header-display":"","site-post-title":"disabled","ast-breadcrumbs-content":"","ast-featured-img":"","footer-sml-layout":"","ast-disable-related-posts":"","theme-transparent-header-meta":"disabled","adv-header-id-meta":"","stick-header-meta":"","header-above-stick-meta":"","header-main-stick-meta":"","header-below-stick-meta":"","astra-migrate-meta-layouts":"set","ast-page-background-enabled":"default","ast-page-background-meta":{"desktop":{"background-color":"var(--ast-global-color-4)","background-image":"","background-repeat":"repeat","background-position":"center center","background-size":"auto","background-attachment":"scroll","background-type":"","background-media":"","overlay-type":"","overlay-color":"","overlay-opacity":"","overlay-gradient":""},"tablet":{"background-color":"","background-image":"","background-repeat":"repeat","background-position":"center center","background-size":"auto","background-attachment":"scroll","background-type":"","background-media":"","overlay-type":"","overlay-color":"","overlay-opacity":"","overlay-gradient":""},"mobile":{"background-color":"","background-image":"","background-repeat":"repeat","background-position":"center center","background-size":"auto","background-attachment":"scroll","background-type":"","background-media":"","overlay-type":"","overlay-color":"","overlay-opacity":"","overlay-gradient":""}},"ast-content-background-meta":{"desktop":{"background-color":"var(--ast-global-color-5)","background-image":"","background-repeat":"repeat","background-position":"center center","background-size":"auto","background-attachment":"scroll","background-type":"","background-media":"","overlay-type":"","overlay-color":"","overlay-opacity":"","overlay-gradient":""},"tablet":{"background-color":"var(--ast-global-color-5)","background-image":"","background-repeat":"repeat","background-position":"center center","background-size":"auto","background-attachment":"scroll","background-type":"","background-media":"","overlay-type":"","overlay-color":"","overlay-opacity":"","overlay-gradient":""},"mobile":{"background-color":"var(--ast-global-color-5)","background-image":"","background-repeat":"repeat","background-position":"center center","background-size":"auto","background-attachment":"scroll","background-type":"","background-media":"","overlay-type":"","overlay-color":"","overlay-opacity":"","overlay-gradient":""}},"footnotes":""},"class_list":["post-517","page","type-page","status-publish","hentry"],"yoast_head":"<!-- This site is optimized with the Yoast SEO plugin v27.4 - https:\/\/yoast.com\/product\/yoast-seo-wordpress\/ -->\n<title>FISKESLAKTERI - Alex Stewart International Norge AS<\/title>\n<meta name=\"description\" content=\"Pr\u00f8ver fra fiskeslakteri \/-pakkeri er noe vi jobber med daglig da 80% av v\u00e5re kunder er fra fiskeindustrien. Vi har opparbeidet oss en stor kompetanse p\u00e5 dette feltet og kan bist\u00e5 med hjelp ved f.eks problemer i produksjon eller med vanlige rutinekontroller.ASI Norge er akkreditert etter ISO Standard 17025:2017 p\u00e5 en rekke analyser til n\u00e6ringsmiddel og produksjonsmilj\u00f8.\" \/>\n<meta name=\"robots\" content=\"index, follow, max-snippet:-1, max-image-preview:large, max-video-preview:-1\" \/>\n<link rel=\"canonical\" href=\"https:\/\/asinorge.no\/en\/fiskeslakteri\/\" \/>\n<meta property=\"og:locale\" content=\"en_US\" \/>\n<meta property=\"og:type\" content=\"article\" \/>\n<meta property=\"og:title\" content=\"FISKESLAKTERI - Alex Stewart International Norge AS\" \/>\n<meta property=\"og:description\" content=\"Pr\u00f8ver fra fiskeslakteri \/-pakkeri er noe vi jobber med daglig da 80% av v\u00e5re kunder er fra fiskeindustrien. Vi har opparbeidet oss en stor kompetanse p\u00e5 dette feltet og kan bist\u00e5 med hjelp ved f.eks problemer i produksjon eller med vanlige rutinekontroller.ASI Norge er akkreditert etter ISO Standard 17025:2017 p\u00e5 en rekke analyser til n\u00e6ringsmiddel og produksjonsmilj\u00f8.\" \/>\n<meta property=\"og:url\" content=\"https:\/\/asinorge.no\/en\/fiskeslakteri\/\" \/>\n<meta property=\"og:site_name\" content=\"Alex Stewart International Norge AS\" \/>\n<meta property=\"article:publisher\" content=\"https:\/\/www.facebook.com\/slabstord\/\" \/>\n<meta property=\"article:modified_time\" content=\"2024-02-16T12:30:59+00:00\" \/>\n<meta property=\"og:image\" content=\"https:\/\/asinorge.no\/wp-content\/uploads\/2024\/01\/salmon-1958945_1920.jpg\" \/>\n<meta name=\"twitter:card\" content=\"summary_large_image\" \/>\n<meta name=\"twitter:label1\" content=\"Est. reading time\" \/>\n\t<meta name=\"twitter:data1\" content=\"2 minutes\" \/>\n<script type=\"application\/ld+json\" class=\"yoast-schema-graph\">{\"@context\":\"https:\\\/\\\/schema.org\",\"@graph\":[{\"@type\":\"WebPage\",\"@id\":\"https:\\\/\\\/asinorge.no\\\/fiskeslakteri\\\/\",\"url\":\"https:\\\/\\\/asinorge.no\\\/fiskeslakteri\\\/\",\"name\":\"FISKESLAKTERI - Alex Stewart International Norge AS\",\"isPartOf\":{\"@id\":\"https:\\\/\\\/asinorge.no\\\/#website\"},\"primaryImageOfPage\":{\"@id\":\"https:\\\/\\\/asinorge.no\\\/fiskeslakteri\\\/#primaryimage\"},\"image\":{\"@id\":\"https:\\\/\\\/asinorge.no\\\/fiskeslakteri\\\/#primaryimage\"},\"thumbnailUrl\":\"https:\\\/\\\/asinorge.no\\\/wp-content\\\/uploads\\\/2024\\\/01\\\/salmon-1958945_1920.jpg\",\"datePublished\":\"2024-01-04T16:21:45+00:00\",\"dateModified\":\"2024-02-16T12:30:59+00:00\",\"description\":\"Pr\u00f8ver fra fiskeslakteri \\\/-pakkeri er noe vi jobber med daglig da 80% av v\u00e5re kunder er fra fiskeindustrien. Vi har opparbeidet oss en stor kompetanse p\u00e5 dette feltet og kan bist\u00e5 med hjelp ved f.eks problemer i produksjon eller med vanlige rutinekontroller.ASI Norge er akkreditert etter ISO Standard 17025:2017 p\u00e5 en rekke analyser til n\u00e6ringsmiddel og produksjonsmilj\u00f8.\",\"breadcrumb\":{\"@id\":\"https:\\\/\\\/asinorge.no\\\/fiskeslakteri\\\/#breadcrumb\"},\"inLanguage\":\"en-US\",\"potentialAction\":[{\"@type\":\"ReadAction\",\"target\":[\"https:\\\/\\\/asinorge.no\\\/fiskeslakteri\\\/\"]}]},{\"@type\":\"ImageObject\",\"inLanguage\":\"en-US\",\"@id\":\"https:\\\/\\\/asinorge.no\\\/fiskeslakteri\\\/#primaryimage\",\"url\":\"https:\\\/\\\/asinorge.no\\\/wp-content\\\/uploads\\\/2024\\\/01\\\/salmon-1958945_1920.jpg\",\"contentUrl\":\"https:\\\/\\\/asinorge.no\\\/wp-content\\\/uploads\\\/2024\\\/01\\\/salmon-1958945_1920.jpg\"},{\"@type\":\"BreadcrumbList\",\"@id\":\"https:\\\/\\\/asinorge.no\\\/fiskeslakteri\\\/#breadcrumb\",\"itemListElement\":[{\"@type\":\"ListItem\",\"position\":1,\"name\":\"Hjem\",\"item\":\"https:\\\/\\\/asinorge.no\\\/\"},{\"@type\":\"ListItem\",\"position\":2,\"name\":\"FISKESLAKTERI\"}]},{\"@type\":\"WebSite\",\"@id\":\"https:\\\/\\\/asinorge.no\\\/#website\",\"url\":\"https:\\\/\\\/asinorge.no\\\/\",\"name\":\"Alex Stewart International Norge AS\",\"description\":\"Konsulent og laboratorietjenester\",\"publisher\":{\"@id\":\"https:\\\/\\\/asinorge.no\\\/#organization\"},\"alternateName\":\"ASI NORGE AS\",\"potentialAction\":[{\"@type\":\"SearchAction\",\"target\":{\"@type\":\"EntryPoint\",\"urlTemplate\":\"https:\\\/\\\/asinorge.no\\\/?s={search_term_string}\"},\"query-input\":{\"@type\":\"PropertyValueSpecification\",\"valueRequired\":true,\"valueName\":\"search_term_string\"}}],\"inLanguage\":\"en-US\"},{\"@type\":\"Organization\",\"@id\":\"https:\\\/\\\/asinorge.no\\\/#organization\",\"name\":\"Alex Stewart International Norge AS\",\"url\":\"https:\\\/\\\/asinorge.no\\\/\",\"logo\":{\"@type\":\"ImageObject\",\"inLanguage\":\"en-US\",\"@id\":\"https:\\\/\\\/asinorge.no\\\/#\\\/schema\\\/logo\\\/image\\\/\",\"url\":\"https:\\\/\\\/asinorge.no\\\/wp-content\\\/uploads\\\/2023\\\/11\\\/cropped-ASi-Logony.png\",\"contentUrl\":\"https:\\\/\\\/asinorge.no\\\/wp-content\\\/uploads\\\/2023\\\/11\\\/cropped-ASi-Logony.png\",\"width\":943,\"height\":246,\"caption\":\"Alex Stewart International Norge AS\"},\"image\":{\"@id\":\"https:\\\/\\\/asinorge.no\\\/#\\\/schema\\\/logo\\\/image\\\/\"},\"sameAs\":[\"https:\\\/\\\/www.facebook.com\\\/slabstord\\\/\",\"https:\\\/\\\/no.linkedin.com\\\/in\\\/alex-stewart-international-norge-as-avd-stord-11a5421a3\"]}]}<\/script>\n<!-- \/ Yoast SEO plugin. -->","yoast_head_json":{"title":"FISKESLAKTERI - Alex Stewart International Norge AS","description":"Pr\u00f8ver fra fiskeslakteri \/-pakkeri er noe vi jobber med daglig da 80% av v\u00e5re kunder er fra fiskeindustrien. Vi har opparbeidet oss en stor kompetanse p\u00e5 dette feltet og kan bist\u00e5 med hjelp ved f.eks problemer i produksjon eller med vanlige rutinekontroller.ASI Norge er akkreditert etter ISO Standard 17025:2017 p\u00e5 en rekke analyser til n\u00e6ringsmiddel og produksjonsmilj\u00f8.","robots":{"index":"index","follow":"follow","max-snippet":"max-snippet:-1","max-image-preview":"max-image-preview:large","max-video-preview":"max-video-preview:-1"},"canonical":"https:\/\/asinorge.no\/en\/fiskeslakteri\/","og_locale":"en_US","og_type":"article","og_title":"FISKESLAKTERI - Alex Stewart International Norge AS","og_description":"Pr\u00f8ver fra fiskeslakteri \/-pakkeri er noe vi jobber med daglig da 80% av v\u00e5re kunder er fra fiskeindustrien. Vi har opparbeidet oss en stor kompetanse p\u00e5 dette feltet og kan bist\u00e5 med hjelp ved f.eks problemer i produksjon eller med vanlige rutinekontroller.ASI Norge er akkreditert etter ISO Standard 17025:2017 p\u00e5 en rekke analyser til n\u00e6ringsmiddel og produksjonsmilj\u00f8.","og_url":"https:\/\/asinorge.no\/en\/fiskeslakteri\/","og_site_name":"Alex Stewart International Norge AS","article_publisher":"https:\/\/www.facebook.com\/slabstord\/","article_modified_time":"2024-02-16T12:30:59+00:00","og_image":[{"url":"https:\/\/asinorge.no\/wp-content\/uploads\/2024\/01\/salmon-1958945_1920.jpg","type":"","width":"","height":""}],"twitter_card":"summary_large_image","twitter_misc":{"Est. reading time":"2 minutes"},"schema":{"@context":"https:\/\/schema.org","@graph":[{"@type":"WebPage","@id":"https:\/\/asinorge.no\/fiskeslakteri\/","url":"https:\/\/asinorge.no\/fiskeslakteri\/","name":"FISKESLAKTERI - Alex Stewart International Norge AS","isPartOf":{"@id":"https:\/\/asinorge.no\/#website"},"primaryImageOfPage":{"@id":"https:\/\/asinorge.no\/fiskeslakteri\/#primaryimage"},"image":{"@id":"https:\/\/asinorge.no\/fiskeslakteri\/#primaryimage"},"thumbnailUrl":"https:\/\/asinorge.no\/wp-content\/uploads\/2024\/01\/salmon-1958945_1920.jpg","datePublished":"2024-01-04T16:21:45+00:00","dateModified":"2024-02-16T12:30:59+00:00","description":"Pr\u00f8ver fra fiskeslakteri \/-pakkeri er noe vi jobber med daglig da 80% av v\u00e5re kunder er fra fiskeindustrien. Vi har opparbeidet oss en stor kompetanse p\u00e5 dette feltet og kan bist\u00e5 med hjelp ved f.eks problemer i produksjon eller med vanlige rutinekontroller.ASI Norge er akkreditert etter ISO Standard 17025:2017 p\u00e5 en rekke analyser til n\u00e6ringsmiddel og produksjonsmilj\u00f8.","breadcrumb":{"@id":"https:\/\/asinorge.no\/fiskeslakteri\/#breadcrumb"},"inLanguage":"en-US","potentialAction":[{"@type":"ReadAction","target":["https:\/\/asinorge.no\/fiskeslakteri\/"]}]},{"@type":"ImageObject","inLanguage":"en-US","@id":"https:\/\/asinorge.no\/fiskeslakteri\/#primaryimage","url":"https:\/\/asinorge.no\/wp-content\/uploads\/2024\/01\/salmon-1958945_1920.jpg","contentUrl":"https:\/\/asinorge.no\/wp-content\/uploads\/2024\/01\/salmon-1958945_1920.jpg"},{"@type":"BreadcrumbList","@id":"https:\/\/asinorge.no\/fiskeslakteri\/#breadcrumb","itemListElement":[{"@type":"ListItem","position":1,"name":"Hjem","item":"https:\/\/asinorge.no\/"},{"@type":"ListItem","position":2,"name":"FISKESLAKTERI"}]},{"@type":"WebSite","@id":"https:\/\/asinorge.no\/#website","url":"https:\/\/asinorge.no\/","name":"Alex Stewart International Norge AS","description":"Konsulent og laboratorietjenester","publisher":{"@id":"https:\/\/asinorge.no\/#organization"},"alternateName":"ASI NORGE AS","potentialAction":[{"@type":"SearchAction","target":{"@type":"EntryPoint","urlTemplate":"https:\/\/asinorge.no\/?s={search_term_string}"},"query-input":{"@type":"PropertyValueSpecification","valueRequired":true,"valueName":"search_term_string"}}],"inLanguage":"en-US"},{"@type":"Organization","@id":"https:\/\/asinorge.no\/#organization","name":"Alex Stewart International Norge AS","url":"https:\/\/asinorge.no\/","logo":{"@type":"ImageObject","inLanguage":"en-US","@id":"https:\/\/asinorge.no\/#\/schema\/logo\/image\/","url":"https:\/\/asinorge.no\/wp-content\/uploads\/2023\/11\/cropped-ASi-Logony.png","contentUrl":"https:\/\/asinorge.no\/wp-content\/uploads\/2023\/11\/cropped-ASi-Logony.png","width":943,"height":246,"caption":"Alex Stewart International Norge AS"},"image":{"@id":"https:\/\/asinorge.no\/#\/schema\/logo\/image\/"},"sameAs":["https:\/\/www.facebook.com\/slabstord\/","https:\/\/no.linkedin.com\/in\/alex-stewart-international-norge-as-avd-stord-11a5421a3"]}]}},"uagb_featured_image_src":{"full":false,"thumbnail":false,"medium":false,"medium_large":false,"large":false,"1536x1536":false,"2048x2048":false,"trp-custom-language-flag":false},"uagb_author_info":{"display_name":"ASI Norge AS","author_link":"https:\/\/asinorge.no\/en\/author\/malin_brady\/"},"uagb_comment_info":0,"uagb_excerpt":"Pr\u00f8ver fra fiskeslakteri \/-pakkeri er noe vi jobber med daglig da 80% av v\u00e5re kunder er fra fiskeindustrien. Vi har opparbeidet oss en stor kompetanse p\u00e5 dette feltet og kan bist\u00e5 med hjelp ved f.eks problemer i produksjon eller med vanlige rutinekontroller. ASI Norge er akkreditert etter ISO Standard 17025:2017 p\u00e5 en rekke analyser til&hellip;","jetpack_sharing_enabled":true,"_links":{"self":[{"href":"https:\/\/asinorge.no\/en\/wp-json\/wp\/v2\/pages\/517","targetHints":{"allow":["GET"]}}],"collection":[{"href":"https:\/\/asinorge.no\/en\/wp-json\/wp\/v2\/pages"}],"about":[{"href":"https:\/\/asinorge.no\/en\/wp-json\/wp\/v2\/types\/page"}],"author":[{"embeddable":true,"href":"https:\/\/asinorge.no\/en\/wp-json\/wp\/v2\/users\/1"}],"replies":[{"embeddable":true,"href":"https:\/\/asinorge.no\/en\/wp-json\/wp\/v2\/comments?post=517"}],"version-history":[{"count":4,"href":"https:\/\/asinorge.no\/en\/wp-json\/wp\/v2\/pages\/517\/revisions"}],"predecessor-version":[{"id":524,"href":"https:\/\/asinorge.no\/en\/wp-json\/wp\/v2\/pages\/517\/revisions\/524"}],"wp:attachment":[{"href":"https:\/\/asinorge.no\/en\/wp-json\/wp\/v2\/media?parent=517"}],"curies":[{"name":"wp","href":"https:\/\/api.w.org\/{rel}","templated":true}]}}