{"id":508,"date":"2024-01-04T15:35:07","date_gmt":"2024-01-04T14:35:07","guid":{"rendered":"https:\/\/asinorge.no\/?page_id=508"},"modified":"2024-02-16T13:56:51","modified_gmt":"2024-02-16T12:56:51","slug":"vreg-rapportering-og-biomap","status":"publish","type":"page","link":"https:\/\/asinorge.no\/en\/vreg-rapportering-og-biomap\/","title":{"rendered":"VREG RAPPORTERING OG BIOMAP"},"content":{"rendered":"<div class=\"wp-block-cover alignfull\" style=\"min-height:589px;aspect-ratio:unset;\"><span aria-hidden=\"true\" class=\"wp-block-cover__background has-background-dim-70 has-background-dim wp-block-cover__gradient-background has-background-gradient\" style=\"background:linear-gradient(135deg,rgb(255,255,255) 0%,rgb(125,0,0) 48%,rgb(64,0,0) 100%)\"><\/span><img loading=\"lazy\" decoding=\"async\" width=\"1280\" height=\"853\" class=\"wp-block-cover__image-background wp-image-509\" alt=\"\" src=\"https:\/\/asinorge.no\/wp-content\/uploads\/2024\/01\/business-925900_1280.jpg\" data-object-fit=\"cover\" srcset=\"https:\/\/asinorge.no\/wp-content\/uploads\/2024\/01\/business-925900_1280.jpg 1280w, https:\/\/asinorge.no\/wp-content\/uploads\/2024\/01\/business-925900_1280-300x200.jpg 300w, https:\/\/asinorge.no\/wp-content\/uploads\/2024\/01\/business-925900_1280-1024x682.jpg 1024w, https:\/\/asinorge.no\/wp-content\/uploads\/2024\/01\/business-925900_1280-768x512.jpg 768w, https:\/\/asinorge.no\/wp-content\/uploads\/2024\/01\/business-925900_1280-18x12.jpg 18w\" sizes=\"auto, (max-width: 1280px) 100vw, 1280px\" \/><div class=\"wp-block-cover__inner-container is-layout-flow wp-block-cover-is-layout-flow\">\n<div style=\"height:57px\" aria-hidden=\"true\" class=\"wp-block-spacer\"><\/div>\n\n\n\n<h1 class=\"wp-block-heading has-text-align-center\">\u00c5RSRAPPORTERING OG STATISTIKK<\/h1>\n\n\n\n<p class=\"has-text-align-center has-medium-font-size\" style=\"text-transform:none\">VREG, BIOMAP, GURUSOFT<\/p>\n<\/div><\/div>\n\n\n\n<div style=\"height:76px\" aria-hidden=\"true\" class=\"wp-block-spacer\"><\/div>\n\n\n\n<div class=\"wp-block-uagb-container uagb-block-468160f7 alignfull uagb-is-root-container\"><div class=\"uagb-container-inner-blocks-wrap\">\n<div class=\"wp-block-uagb-container uagb-block-1149b8fb\">\n<p class=\"has-vivid-red-color has-text-color has-link-color wp-elements-928b4d91a694843f76feec6429fc72f1\"><strong>\u00c5RSRAPPORTERING MATS\/VREG<\/strong><\/p>\n\n\n\n<p>Vannverkene rapporterer \u00e5rlig inn sine resultater elektronisk til Mattilsynet (MATS) med frist 15.februar. <br><br>Ved foresp\u00f8rsel kan vi sende v\u00e5re kunder en \u00e5rlig statistikk hentet fra v\u00e5rt labsystem p\u00e5 vannpr\u00f8vene sendt inn til oss.<\/p>\n<\/div>\n\n\n\n<div class=\"wp-block-uagb-container uagb-block-79139613\">\n<figure class=\"wp-block-image size-large is-resized\"><img loading=\"lazy\" decoding=\"async\" width=\"1024\" height=\"782\" src=\"https:\/\/asinorge.no\/wp-content\/uploads\/2024\/01\/accountant-1794122_1280-1024x782.png\" alt=\"\" class=\"wp-image-512\" style=\"width:373px;height:auto\" srcset=\"https:\/\/asinorge.no\/wp-content\/uploads\/2024\/01\/accountant-1794122_1280-1024x782.png 1024w, https:\/\/asinorge.no\/wp-content\/uploads\/2024\/01\/accountant-1794122_1280-300x229.png 300w, https:\/\/asinorge.no\/wp-content\/uploads\/2024\/01\/accountant-1794122_1280-768x586.png 768w, https:\/\/asinorge.no\/wp-content\/uploads\/2024\/01\/accountant-1794122_1280-16x12.png 16w, https:\/\/asinorge.no\/wp-content\/uploads\/2024\/01\/accountant-1794122_1280.png 1280w\" sizes=\"auto, (max-width: 1024px) 100vw, 1024px\" \/><\/figure>\n<\/div>\n<\/div><\/div>\n\n\n\n<div style=\"height:55px\" aria-hidden=\"true\" class=\"wp-block-spacer\"><\/div>\n\n\n\n<div class=\"wp-block-uagb-container uagb-block-e2e588e8 alignfull uagb-is-root-container\"><div class=\"uagb-container-inner-blocks-wrap\">\n<div class=\"wp-block-uagb-container uagb-block-9fab5377\">\n<p class=\"has-vivid-red-color has-text-color has-link-color wp-elements-a14694cd294a1c02755de0c65a293b2a\"><strong><strong>BIOMAP OG GURUSOFT<\/strong><\/strong><\/p>\n\n\n\n<p>V\u00e5rt laboratoriesystem genererer CSV og PDF filer som sendes direkte til onlineportaler som for eksempel Gurusoft eller Biomap<\/p>\n<\/div>\n\n\n\n<div class=\"wp-block-uagb-container uagb-block-d0129c13\">\n<figure class=\"wp-block-image alignright size-large is-resized\"><img loading=\"lazy\" decoding=\"async\" width=\"1024\" height=\"682\" src=\"https:\/\/asinorge.no\/wp-content\/uploads\/2024\/01\/files-7252442_1280-1024x682.jpg\" alt=\"\" class=\"wp-image-513\" style=\"width:373px\" srcset=\"https:\/\/asinorge.no\/wp-content\/uploads\/2024\/01\/files-7252442_1280-1024x682.jpg 1024w, https:\/\/asinorge.no\/wp-content\/uploads\/2024\/01\/files-7252442_1280-300x200.jpg 300w, https:\/\/asinorge.no\/wp-content\/uploads\/2024\/01\/files-7252442_1280-768x512.jpg 768w, https:\/\/asinorge.no\/wp-content\/uploads\/2024\/01\/files-7252442_1280-18x12.jpg 18w, https:\/\/asinorge.no\/wp-content\/uploads\/2024\/01\/files-7252442_1280.jpg 1280w\" sizes=\"auto, (max-width: 1024px) 100vw, 1024px\" \/><\/figure>\n<\/div>\n<\/div><\/div>\n\n\n\n<div style=\"height:81px\" aria-hidden=\"true\" class=\"wp-block-spacer\"><\/div>","protected":false},"excerpt":{"rendered":"<p>\u00c5RSRAPPORTERING MATS\/VREG Vannverkene rapporterer \u00e5rlig inn sine resultater elektronisk til Mattilsynet (MATS) med frist 15.februar. Ved foresp\u00f8rsel kan vi sende v\u00e5re kunder en \u00e5rlig statistikk hentet fra v\u00e5rt labsystem p\u00e5 vannpr\u00f8vene sendt inn til oss. BIOMAP OG GURUSOFT V\u00e5rt laboratoriesystem genererer CSV og PDF filer som sendes direkte til onlineportaler som for eksempel Gurusoft eller [&hellip;]<\/p>\n","protected":false},"author":1,"featured_media":0,"parent":0,"menu_order":0,"comment_status":"closed","ping_status":"closed","template":"","meta":{"_uag_custom_page_level_css":"","site-sidebar-layout":"default","site-content-layout":"","ast-site-content-layout":"default","site-content-style":"default","site-sidebar-style":"default","ast-global-header-display":"","ast-banner-title-visibility":"","ast-main-header-display":"","ast-hfb-above-header-display":"","ast-hfb-below-header-display":"","ast-hfb-mobile-header-display":"","site-post-title":"disabled","ast-breadcrumbs-content":"","ast-featured-img":"","footer-sml-layout":"","ast-disable-related-posts":"","theme-transparent-header-meta":"default","adv-header-id-meta":"","stick-header-meta":"","header-above-stick-meta":"","header-main-stick-meta":"","header-below-stick-meta":"","astra-migrate-meta-layouts":"set","ast-page-background-enabled":"default","ast-page-background-meta":{"desktop":{"background-color":"var(--ast-global-color-4)","background-image":"","background-repeat":"repeat","background-position":"center center","background-size":"auto","background-attachment":"scroll","background-type":"","background-media":"","overlay-type":"","overlay-color":"","overlay-opacity":"","overlay-gradient":""},"tablet":{"background-color":"","background-image":"","background-repeat":"repeat","background-position":"center center","background-size":"auto","background-attachment":"scroll","background-type":"","background-media":"","overlay-type":"","overlay-color":"","overlay-opacity":"","overlay-gradient":""},"mobile":{"background-color":"","background-image":"","background-repeat":"repeat","background-position":"center center","background-size":"auto","background-attachment":"scroll","background-type":"","background-media":"","overlay-type":"","overlay-color":"","overlay-opacity":"","overlay-gradient":""}},"ast-content-background-meta":{"desktop":{"background-color":"var(--ast-global-color-5)","background-image":"","background-repeat":"repeat","background-position":"center center","background-size":"auto","background-attachment":"scroll","background-type":"","background-media":"","overlay-type":"","overlay-color":"","overlay-opacity":"","overlay-gradient":""},"tablet":{"background-color":"var(--ast-global-color-5)","background-image":"","background-repeat":"repeat","background-position":"center center","background-size":"auto","background-attachment":"scroll","background-type":"","background-media":"","overlay-type":"","overlay-color":"","overlay-opacity":"","overlay-gradient":""},"mobile":{"background-color":"var(--ast-global-color-5)","background-image":"","background-repeat":"repeat","background-position":"center center","background-size":"auto","background-attachment":"scroll","background-type":"","background-media":"","overlay-type":"","overlay-color":"","overlay-opacity":"","overlay-gradient":""}},"footnotes":""},"class_list":["post-508","page","type-page","status-publish","hentry"],"yoast_head":"<!-- This site is optimized with the Yoast SEO plugin v27.4 - https:\/\/yoast.com\/product\/yoast-seo-wordpress\/ -->\n<title>VREG RAPPORTERING OG BIOMAP - Alex Stewart International Norge AS<\/title>\n<meta name=\"description\" content=\"Vannverkene rapporterer \u00e5rlig inn sine resultater elektronisk til Mattilsynet (MATS) med frist 15.februar. Ved foresp\u00f8rsel kan vi sende v\u00e5re kunder en \u00e5rlig statistikk hentet fra v\u00e5rt labsystem p\u00e5 vannpr\u00f8vene sendt inn til oss. V\u00e5rt laboratoriesystem genererer CSV og PDF filer som sendes direkte til onlineportaler som for eksempel Gurusoft eller Biomap\" \/>\n<meta name=\"robots\" content=\"index, follow, max-snippet:-1, max-image-preview:large, max-video-preview:-1\" \/>\n<link rel=\"canonical\" href=\"https:\/\/asinorge.no\/en\/vreg-rapportering-og-biomap\/\" \/>\n<meta property=\"og:locale\" content=\"en_US\" \/>\n<meta property=\"og:type\" content=\"article\" \/>\n<meta property=\"og:title\" content=\"VREG RAPPORTERING OG BIOMAP - Alex Stewart International Norge AS\" \/>\n<meta property=\"og:description\" content=\"Vannverkene rapporterer \u00e5rlig inn sine resultater elektronisk til Mattilsynet (MATS) med frist 15.februar. Ved foresp\u00f8rsel kan vi sende v\u00e5re kunder en \u00e5rlig statistikk hentet fra v\u00e5rt labsystem p\u00e5 vannpr\u00f8vene sendt inn til oss. V\u00e5rt laboratoriesystem genererer CSV og PDF filer som sendes direkte til onlineportaler som for eksempel Gurusoft eller Biomap\" \/>\n<meta property=\"og:url\" content=\"https:\/\/asinorge.no\/en\/vreg-rapportering-og-biomap\/\" \/>\n<meta property=\"og:site_name\" content=\"Alex Stewart International Norge AS\" \/>\n<meta property=\"article:publisher\" content=\"https:\/\/www.facebook.com\/slabstord\/\" \/>\n<meta property=\"article:modified_time\" content=\"2024-02-16T12:56:51+00:00\" \/>\n<meta property=\"og:image\" content=\"https:\/\/asinorge.no\/wp-content\/uploads\/2024\/01\/business-925900_1280.jpg\" \/>\n<meta name=\"twitter:card\" content=\"summary_large_image\" \/>\n<meta name=\"twitter:label1\" content=\"Est. reading time\" \/>\n\t<meta name=\"twitter:data1\" content=\"1 minute\" \/>\n<script type=\"application\/ld+json\" class=\"yoast-schema-graph\">{\"@context\":\"https:\\\/\\\/schema.org\",\"@graph\":[{\"@type\":\"WebPage\",\"@id\":\"https:\\\/\\\/asinorge.no\\\/vreg-rapportering-og-biomap\\\/\",\"url\":\"https:\\\/\\\/asinorge.no\\\/vreg-rapportering-og-biomap\\\/\",\"name\":\"VREG RAPPORTERING OG BIOMAP - Alex Stewart International Norge AS\",\"isPartOf\":{\"@id\":\"https:\\\/\\\/asinorge.no\\\/#website\"},\"primaryImageOfPage\":{\"@id\":\"https:\\\/\\\/asinorge.no\\\/vreg-rapportering-og-biomap\\\/#primaryimage\"},\"image\":{\"@id\":\"https:\\\/\\\/asinorge.no\\\/vreg-rapportering-og-biomap\\\/#primaryimage\"},\"thumbnailUrl\":\"https:\\\/\\\/asinorge.no\\\/wp-content\\\/uploads\\\/2024\\\/01\\\/business-925900_1280.jpg\",\"datePublished\":\"2024-01-04T14:35:07+00:00\",\"dateModified\":\"2024-02-16T12:56:51+00:00\",\"description\":\"Vannverkene rapporterer \u00e5rlig inn sine resultater elektronisk til Mattilsynet (MATS) med frist 15.februar. Ved foresp\u00f8rsel kan vi sende v\u00e5re kunder en \u00e5rlig statistikk hentet fra v\u00e5rt labsystem p\u00e5 vannpr\u00f8vene sendt inn til oss. V\u00e5rt laboratoriesystem genererer CSV og PDF filer som sendes direkte til onlineportaler som for eksempel Gurusoft eller Biomap\",\"breadcrumb\":{\"@id\":\"https:\\\/\\\/asinorge.no\\\/vreg-rapportering-og-biomap\\\/#breadcrumb\"},\"inLanguage\":\"en-US\",\"potentialAction\":[{\"@type\":\"ReadAction\",\"target\":[\"https:\\\/\\\/asinorge.no\\\/vreg-rapportering-og-biomap\\\/\"]}]},{\"@type\":\"ImageObject\",\"inLanguage\":\"en-US\",\"@id\":\"https:\\\/\\\/asinorge.no\\\/vreg-rapportering-og-biomap\\\/#primaryimage\",\"url\":\"https:\\\/\\\/asinorge.no\\\/wp-content\\\/uploads\\\/2024\\\/01\\\/business-925900_1280.jpg\",\"contentUrl\":\"https:\\\/\\\/asinorge.no\\\/wp-content\\\/uploads\\\/2024\\\/01\\\/business-925900_1280.jpg\"},{\"@type\":\"BreadcrumbList\",\"@id\":\"https:\\\/\\\/asinorge.no\\\/vreg-rapportering-og-biomap\\\/#breadcrumb\",\"itemListElement\":[{\"@type\":\"ListItem\",\"position\":1,\"name\":\"Hjem\",\"item\":\"https:\\\/\\\/asinorge.no\\\/\"},{\"@type\":\"ListItem\",\"position\":2,\"name\":\"VREG RAPPORTERING OG BIOMAP\"}]},{\"@type\":\"WebSite\",\"@id\":\"https:\\\/\\\/asinorge.no\\\/#website\",\"url\":\"https:\\\/\\\/asinorge.no\\\/\",\"name\":\"Alex Stewart International Norge AS\",\"description\":\"Konsulent og laboratorietjenester\",\"publisher\":{\"@id\":\"https:\\\/\\\/asinorge.no\\\/#organization\"},\"alternateName\":\"ASI NORGE AS\",\"potentialAction\":[{\"@type\":\"SearchAction\",\"target\":{\"@type\":\"EntryPoint\",\"urlTemplate\":\"https:\\\/\\\/asinorge.no\\\/?s={search_term_string}\"},\"query-input\":{\"@type\":\"PropertyValueSpecification\",\"valueRequired\":true,\"valueName\":\"search_term_string\"}}],\"inLanguage\":\"en-US\"},{\"@type\":\"Organization\",\"@id\":\"https:\\\/\\\/asinorge.no\\\/#organization\",\"name\":\"Alex Stewart International Norge AS\",\"url\":\"https:\\\/\\\/asinorge.no\\\/\",\"logo\":{\"@type\":\"ImageObject\",\"inLanguage\":\"en-US\",\"@id\":\"https:\\\/\\\/asinorge.no\\\/#\\\/schema\\\/logo\\\/image\\\/\",\"url\":\"https:\\\/\\\/asinorge.no\\\/wp-content\\\/uploads\\\/2023\\\/11\\\/cropped-ASi-Logony.png\",\"contentUrl\":\"https:\\\/\\\/asinorge.no\\\/wp-content\\\/uploads\\\/2023\\\/11\\\/cropped-ASi-Logony.png\",\"width\":943,\"height\":246,\"caption\":\"Alex Stewart International Norge AS\"},\"image\":{\"@id\":\"https:\\\/\\\/asinorge.no\\\/#\\\/schema\\\/logo\\\/image\\\/\"},\"sameAs\":[\"https:\\\/\\\/www.facebook.com\\\/slabstord\\\/\",\"https:\\\/\\\/no.linkedin.com\\\/in\\\/alex-stewart-international-norge-as-avd-stord-11a5421a3\"]}]}<\/script>\n<!-- \/ Yoast SEO plugin. -->","yoast_head_json":{"title":"VREG RAPPORTERING OG BIOMAP - Alex Stewart International Norge AS","description":"Vannverkene rapporterer \u00e5rlig inn sine resultater elektronisk til Mattilsynet (MATS) med frist 15.februar. Ved foresp\u00f8rsel kan vi sende v\u00e5re kunder en \u00e5rlig statistikk hentet fra v\u00e5rt labsystem p\u00e5 vannpr\u00f8vene sendt inn til oss. V\u00e5rt laboratoriesystem genererer CSV og PDF filer som sendes direkte til onlineportaler som for eksempel Gurusoft eller Biomap","robots":{"index":"index","follow":"follow","max-snippet":"max-snippet:-1","max-image-preview":"max-image-preview:large","max-video-preview":"max-video-preview:-1"},"canonical":"https:\/\/asinorge.no\/en\/vreg-rapportering-og-biomap\/","og_locale":"en_US","og_type":"article","og_title":"VREG RAPPORTERING OG BIOMAP - Alex Stewart International Norge AS","og_description":"Vannverkene rapporterer \u00e5rlig inn sine resultater elektronisk til Mattilsynet (MATS) med frist 15.februar. Ved foresp\u00f8rsel kan vi sende v\u00e5re kunder en \u00e5rlig statistikk hentet fra v\u00e5rt labsystem p\u00e5 vannpr\u00f8vene sendt inn til oss. V\u00e5rt laboratoriesystem genererer CSV og PDF filer som sendes direkte til onlineportaler som for eksempel Gurusoft eller Biomap","og_url":"https:\/\/asinorge.no\/en\/vreg-rapportering-og-biomap\/","og_site_name":"Alex Stewart International Norge AS","article_publisher":"https:\/\/www.facebook.com\/slabstord\/","article_modified_time":"2024-02-16T12:56:51+00:00","og_image":[{"url":"https:\/\/asinorge.no\/wp-content\/uploads\/2024\/01\/business-925900_1280.jpg","type":"","width":"","height":""}],"twitter_card":"summary_large_image","twitter_misc":{"Est. reading time":"1 minute"},"schema":{"@context":"https:\/\/schema.org","@graph":[{"@type":"WebPage","@id":"https:\/\/asinorge.no\/vreg-rapportering-og-biomap\/","url":"https:\/\/asinorge.no\/vreg-rapportering-og-biomap\/","name":"VREG RAPPORTERING OG BIOMAP - Alex Stewart International Norge AS","isPartOf":{"@id":"https:\/\/asinorge.no\/#website"},"primaryImageOfPage":{"@id":"https:\/\/asinorge.no\/vreg-rapportering-og-biomap\/#primaryimage"},"image":{"@id":"https:\/\/asinorge.no\/vreg-rapportering-og-biomap\/#primaryimage"},"thumbnailUrl":"https:\/\/asinorge.no\/wp-content\/uploads\/2024\/01\/business-925900_1280.jpg","datePublished":"2024-01-04T14:35:07+00:00","dateModified":"2024-02-16T12:56:51+00:00","description":"Vannverkene rapporterer \u00e5rlig inn sine resultater elektronisk til Mattilsynet (MATS) med frist 15.februar. Ved foresp\u00f8rsel kan vi sende v\u00e5re kunder en \u00e5rlig statistikk hentet fra v\u00e5rt labsystem p\u00e5 vannpr\u00f8vene sendt inn til oss. V\u00e5rt laboratoriesystem genererer CSV og PDF filer som sendes direkte til onlineportaler som for eksempel Gurusoft eller Biomap","breadcrumb":{"@id":"https:\/\/asinorge.no\/vreg-rapportering-og-biomap\/#breadcrumb"},"inLanguage":"en-US","potentialAction":[{"@type":"ReadAction","target":["https:\/\/asinorge.no\/vreg-rapportering-og-biomap\/"]}]},{"@type":"ImageObject","inLanguage":"en-US","@id":"https:\/\/asinorge.no\/vreg-rapportering-og-biomap\/#primaryimage","url":"https:\/\/asinorge.no\/wp-content\/uploads\/2024\/01\/business-925900_1280.jpg","contentUrl":"https:\/\/asinorge.no\/wp-content\/uploads\/2024\/01\/business-925900_1280.jpg"},{"@type":"BreadcrumbList","@id":"https:\/\/asinorge.no\/vreg-rapportering-og-biomap\/#breadcrumb","itemListElement":[{"@type":"ListItem","position":1,"name":"Hjem","item":"https:\/\/asinorge.no\/"},{"@type":"ListItem","position":2,"name":"VREG RAPPORTERING OG BIOMAP"}]},{"@type":"WebSite","@id":"https:\/\/asinorge.no\/#website","url":"https:\/\/asinorge.no\/","name":"Alex Stewart International Norge AS","description":"Konsulent og laboratorietjenester","publisher":{"@id":"https:\/\/asinorge.no\/#organization"},"alternateName":"ASI NORGE AS","potentialAction":[{"@type":"SearchAction","target":{"@type":"EntryPoint","urlTemplate":"https:\/\/asinorge.no\/?s={search_term_string}"},"query-input":{"@type":"PropertyValueSpecification","valueRequired":true,"valueName":"search_term_string"}}],"inLanguage":"en-US"},{"@type":"Organization","@id":"https:\/\/asinorge.no\/#organization","name":"Alex Stewart International Norge AS","url":"https:\/\/asinorge.no\/","logo":{"@type":"ImageObject","inLanguage":"en-US","@id":"https:\/\/asinorge.no\/#\/schema\/logo\/image\/","url":"https:\/\/asinorge.no\/wp-content\/uploads\/2023\/11\/cropped-ASi-Logony.png","contentUrl":"https:\/\/asinorge.no\/wp-content\/uploads\/2023\/11\/cropped-ASi-Logony.png","width":943,"height":246,"caption":"Alex Stewart International Norge AS"},"image":{"@id":"https:\/\/asinorge.no\/#\/schema\/logo\/image\/"},"sameAs":["https:\/\/www.facebook.com\/slabstord\/","https:\/\/no.linkedin.com\/in\/alex-stewart-international-norge-as-avd-stord-11a5421a3"]}]}},"uagb_featured_image_src":{"full":false,"thumbnail":false,"medium":false,"medium_large":false,"large":false,"1536x1536":false,"2048x2048":false,"trp-custom-language-flag":false},"uagb_author_info":{"display_name":"ASI Norge AS","author_link":"https:\/\/asinorge.no\/en\/author\/malin_brady\/"},"uagb_comment_info":0,"uagb_excerpt":"\u00c5RSRAPPORTERING MATS\/VREG Vannverkene rapporterer \u00e5rlig inn sine resultater elektronisk til Mattilsynet (MATS) med frist 15.februar. Ved foresp\u00f8rsel kan vi sende v\u00e5re kunder en \u00e5rlig statistikk hentet fra v\u00e5rt labsystem p\u00e5 vannpr\u00f8vene sendt inn til oss. BIOMAP OG GURUSOFT V\u00e5rt laboratoriesystem genererer CSV og PDF filer som sendes direkte til onlineportaler som for eksempel Gurusoft eller&hellip;","jetpack_sharing_enabled":true,"_links":{"self":[{"href":"https:\/\/asinorge.no\/en\/wp-json\/wp\/v2\/pages\/508","targetHints":{"allow":["GET"]}}],"collection":[{"href":"https:\/\/asinorge.no\/en\/wp-json\/wp\/v2\/pages"}],"about":[{"href":"https:\/\/asinorge.no\/en\/wp-json\/wp\/v2\/types\/page"}],"author":[{"embeddable":true,"href":"https:\/\/asinorge.no\/en\/wp-json\/wp\/v2\/users\/1"}],"replies":[{"embeddable":true,"href":"https:\/\/asinorge.no\/en\/wp-json\/wp\/v2\/comments?post=508"}],"version-history":[{"count":3,"href":"https:\/\/asinorge.no\/en\/wp-json\/wp\/v2\/pages\/508\/revisions"}],"predecessor-version":[{"id":515,"href":"https:\/\/asinorge.no\/en\/wp-json\/wp\/v2\/pages\/508\/revisions\/515"}],"wp:attachment":[{"href":"https:\/\/asinorge.no\/en\/wp-json\/wp\/v2\/media?parent=508"}],"curies":[{"name":"wp","href":"https:\/\/api.w.org\/{rel}","templated":true}]}}