{"id":478,"date":"2024-01-03T22:42:51","date_gmt":"2024-01-03T21:42:51","guid":{"rendered":"https:\/\/asinorge.no\/?page_id=478"},"modified":"2024-02-16T13:34:08","modified_gmt":"2024-02-16T12:34:08","slug":"kompost-og-slam","status":"publish","type":"page","link":"https:\/\/asinorge.no\/en\/kompost-og-slam\/","title":{"rendered":"KOMPOST OG SLAM"},"content":{"rendered":"<div class=\"wp-block-cover alignfull\" style=\"min-height:625px;aspect-ratio:unset;\"><span aria-hidden=\"true\" class=\"wp-block-cover__background has-background-dim-70 has-background-dim wp-block-cover__gradient-background has-background-gradient\" style=\"background:linear-gradient(135deg,rgb(255,255,255) 0%,rgb(125,0,0) 48%,rgb(64,0,0) 100%)\"><\/span><img loading=\"lazy\" decoding=\"async\" width=\"1280\" height=\"853\" class=\"wp-block-cover__image-background wp-image-479\" alt=\"\" src=\"https:\/\/asinorge.no\/wp-content\/uploads\/2024\/01\/soil-918006_1280.jpg\" data-object-fit=\"cover\" srcset=\"https:\/\/asinorge.no\/wp-content\/uploads\/2024\/01\/soil-918006_1280.jpg 1280w, https:\/\/asinorge.no\/wp-content\/uploads\/2024\/01\/soil-918006_1280-300x200.jpg 300w, https:\/\/asinorge.no\/wp-content\/uploads\/2024\/01\/soil-918006_1280-1024x682.jpg 1024w, https:\/\/asinorge.no\/wp-content\/uploads\/2024\/01\/soil-918006_1280-768x512.jpg 768w, https:\/\/asinorge.no\/wp-content\/uploads\/2024\/01\/soil-918006_1280-18x12.jpg 18w\" sizes=\"auto, (max-width: 1280px) 100vw, 1280px\" \/><div class=\"wp-block-cover__inner-container is-layout-flow wp-block-cover-is-layout-flow\">\n<div style=\"height:106px\" aria-hidden=\"true\" class=\"wp-block-spacer\"><\/div>\n\n\n\n<h1 class=\"wp-block-heading has-text-align-center\">KOMPOST OG SLAM<\/h1>\n\n\n\n<p class=\"has-text-align-center has-medium-font-size\">Mikrobiologiske- og kjemiske analyser<\/p>\n<\/div><\/div>\n\n\n\n<div style=\"height:99px\" aria-hidden=\"true\" class=\"wp-block-spacer\"><\/div>\n\n\n\n<p>Slam, kompost, biomasse og andre produkter basert p\u00e5 avfall m\u00e5 kvalitetssjekkes for \u00e5 forebygge forurensingsmessige, helsemessige og hygieniske ulemper ved tilvirkning, lagring og bruk.<\/p>\n\n\n\n<p>I tillegg til n\u00e6ringsinnhold og produktegenskaper som er viktig for brukeren skal det ogs\u00e5 sjekkes for tungmetaller, hygienisk kvalitet og andre parametere som sikrer at produktet er trygt \u00e5 bruke <\/p>\n\n\n\n<p>ASI Norge AS utf\u00f8rer mikrobiologiske og kjemiske analyser basert p\u00e5 kravene fra myndighetene<\/p>\n\n\n\n<div class=\"wp-block-uagb-container uagb-block-b19bc92f alignfull uagb-is-root-container\"><div class=\"uagb-container-inner-blocks-wrap\">\n<div class=\"wp-block-uagb-container uagb-block-3434725c\">\n<p>Mikrobiologiske analyser :<\/p>\n\n\n\n<ul class=\"wp-block-list\">\n<li>E.coli<\/li>\n\n\n\n<li>Salmonella<\/li>\n\n\n\n<li>Termotolerante koliforme bakterier (TKB)<\/li>\n\n\n\n<li>Enterokokker<\/li>\n<\/ul>\n\n\n\n<p>Kjemiske analyser :<\/p>\n\n\n\n<ul class=\"wp-block-list\">\n<li>Tungmetaller<\/li>\n\n\n\n<li>T\u00f8rrstoff<\/li>\n\n\n\n<li>Gl\u00f8detap<\/li>\n\n\n\n<li>pH<\/li>\n\n\n\n<li>Spiretest (ugressfr\u00f8)<\/li>\n\n\n\n<li>Total Nitrogen (Kjeldahl)<\/li>\n\n\n\n<li>Fosfor<\/li>\n\n\n\n<li>Ammonium<\/li>\n\n\n\n<li>Kalsium<\/li>\n\n\n\n<li>Kalium<\/li>\n\n\n\n<li>Ledningsevne (Konduktivitet)<\/li>\n\n\n\n<li>Magnesium<\/li>\n\n\n\n<li>Natrium<\/li>\n\n\n\n<li>Nitrat<\/li>\n<\/ul>\n\n\n\n<p>Er du usikker hva du trenger av analyser og hvilken pr\u00f8veglass du skal bruke kan du ta kontakt med laboratoriet. Pr\u00f8veglass- og emballasje f\u00e5r du gratis hos oss.<\/p>\n<\/div>\n\n\n\n<div class=\"wp-block-uagb-container uagb-block-3f3d9202\">\n<figure class=\"wp-block-image aligncenter size-large is-resized\"><img loading=\"lazy\" decoding=\"async\" width=\"1024\" height=\"723\" src=\"https:\/\/asinorge.no\/wp-content\/uploads\/2024\/01\/IMG_2183-1024x723.jpg\" alt=\"\" class=\"wp-image-481\" style=\"width:616px;height:auto\" srcset=\"https:\/\/asinorge.no\/wp-content\/uploads\/2024\/01\/IMG_2183-1024x723.jpg 1024w, https:\/\/asinorge.no\/wp-content\/uploads\/2024\/01\/IMG_2183-300x212.jpg 300w, https:\/\/asinorge.no\/wp-content\/uploads\/2024\/01\/IMG_2183-768x542.jpg 768w, https:\/\/asinorge.no\/wp-content\/uploads\/2024\/01\/IMG_2183-1536x1085.jpg 1536w, https:\/\/asinorge.no\/wp-content\/uploads\/2024\/01\/IMG_2183-18x12.jpg 18w, https:\/\/asinorge.no\/wp-content\/uploads\/2024\/01\/IMG_2183.jpg 1604w\" sizes=\"auto, (max-width: 1024px) 100vw, 1024px\" \/><figcaption class=\"wp-element-caption\">E.coli i en kompostpr\u00f8ve<\/figcaption><\/figure>\n<\/div>\n<\/div><\/div>\n\n\n\n<p> <\/p>","protected":false},"excerpt":{"rendered":"<p>Slam, kompost, biomasse og andre produkter basert p\u00e5 avfall m\u00e5 kvalitetssjekkes for \u00e5 forebygge forurensingsmessige, helsemessige og hygieniske ulemper ved tilvirkning, lagring og bruk. I tillegg til n\u00e6ringsinnhold og produktegenskaper som er viktig for brukeren skal det ogs\u00e5 sjekkes for tungmetaller, hygienisk kvalitet og andre parametere som sikrer at produktet er trygt \u00e5 bruke ASI [&hellip;]<\/p>\n","protected":false},"author":1,"featured_media":0,"parent":0,"menu_order":0,"comment_status":"closed","ping_status":"closed","template":"","meta":{"_uag_custom_page_level_css":"","site-sidebar-layout":"default","site-content-layout":"","ast-site-content-layout":"default","site-content-style":"default","site-sidebar-style":"default","ast-global-header-display":"","ast-banner-title-visibility":"","ast-main-header-display":"","ast-hfb-above-header-display":"","ast-hfb-below-header-display":"","ast-hfb-mobile-header-display":"","site-post-title":"disabled","ast-breadcrumbs-content":"","ast-featured-img":"","footer-sml-layout":"","ast-disable-related-posts":"","theme-transparent-header-meta":"disabled","adv-header-id-meta":"","stick-header-meta":"","header-above-stick-meta":"","header-main-stick-meta":"","header-below-stick-meta":"","astra-migrate-meta-layouts":"set","ast-page-background-enabled":"default","ast-page-background-meta":{"desktop":{"background-color":"var(--ast-global-color-4)","background-image":"","background-repeat":"repeat","background-position":"center center","background-size":"auto","background-attachment":"scroll","background-type":"","background-media":"","overlay-type":"","overlay-color":"","overlay-opacity":"","overlay-gradient":""},"tablet":{"background-color":"","background-image":"","background-repeat":"repeat","background-position":"center center","background-size":"auto","background-attachment":"scroll","background-type":"","background-media":"","overlay-type":"","overlay-color":"","overlay-opacity":"","overlay-gradient":""},"mobile":{"background-color":"","background-image":"","background-repeat":"repeat","background-position":"center center","background-size":"auto","background-attachment":"scroll","background-type":"","background-media":"","overlay-type":"","overlay-color":"","overlay-opacity":"","overlay-gradient":""}},"ast-content-background-meta":{"desktop":{"background-color":"var(--ast-global-color-5)","background-image":"","background-repeat":"repeat","background-position":"center center","background-size":"auto","background-attachment":"scroll","background-type":"","background-media":"","overlay-type":"","overlay-color":"","overlay-opacity":"","overlay-gradient":""},"tablet":{"background-color":"var(--ast-global-color-5)","background-image":"","background-repeat":"repeat","background-position":"center center","background-size":"auto","background-attachment":"scroll","background-type":"","background-media":"","overlay-type":"","overlay-color":"","overlay-opacity":"","overlay-gradient":""},"mobile":{"background-color":"var(--ast-global-color-5)","background-image":"","background-repeat":"repeat","background-position":"center center","background-size":"auto","background-attachment":"scroll","background-type":"","background-media":"","overlay-type":"","overlay-color":"","overlay-opacity":"","overlay-gradient":""}},"footnotes":""},"class_list":["post-478","page","type-page","status-publish","hentry"],"yoast_head":"<!-- This site is optimized with the Yoast SEO plugin v27.4 - https:\/\/yoast.com\/product\/yoast-seo-wordpress\/ -->\n<title>KOMPOST OG SLAM - Alex Stewart International Norge AS<\/title>\n<meta name=\"description\" content=\"Slam, kompost, biomasse og andre produkter basert p\u00e5 avfall m\u00e5 kvalitetssjekkes for \u00e5 forebygge forurensingsmessige, helsemessige og hygieniske ulemper ved tilvirkning, lagring og bruk.I tillegg til n\u00e6ringsinnhold og produktegenskaper som er viktig for brukeren skal det ogs\u00e5 sjekkes for tungmetaller, hygienisk kvalitet og andre parametere som sikrer at produktet er trygt \u00e5 bruke\" \/>\n<meta name=\"robots\" content=\"index, follow, max-snippet:-1, max-image-preview:large, max-video-preview:-1\" \/>\n<link rel=\"canonical\" href=\"https:\/\/asinorge.no\/en\/kompost-og-slam\/\" \/>\n<meta property=\"og:locale\" content=\"en_US\" \/>\n<meta property=\"og:type\" content=\"article\" \/>\n<meta property=\"og:title\" content=\"KOMPOST OG SLAM - Alex Stewart International Norge AS\" \/>\n<meta property=\"og:description\" content=\"Slam, kompost, biomasse og andre produkter basert p\u00e5 avfall m\u00e5 kvalitetssjekkes for \u00e5 forebygge forurensingsmessige, helsemessige og hygieniske ulemper ved tilvirkning, lagring og bruk.I tillegg til n\u00e6ringsinnhold og produktegenskaper som er viktig for brukeren skal det ogs\u00e5 sjekkes for tungmetaller, hygienisk kvalitet og andre parametere som sikrer at produktet er trygt \u00e5 bruke\" \/>\n<meta property=\"og:url\" content=\"https:\/\/asinorge.no\/en\/kompost-og-slam\/\" \/>\n<meta property=\"og:site_name\" content=\"Alex Stewart International Norge AS\" \/>\n<meta property=\"article:publisher\" content=\"https:\/\/www.facebook.com\/slabstord\/\" \/>\n<meta property=\"article:modified_time\" content=\"2024-02-16T12:34:08+00:00\" \/>\n<meta property=\"og:image\" content=\"https:\/\/asinorge.no\/wp-content\/uploads\/2024\/01\/soil-918006_1280.jpg\" \/>\n<meta name=\"twitter:card\" content=\"summary_large_image\" \/>\n<meta name=\"twitter:label1\" content=\"Est. reading time\" \/>\n\t<meta name=\"twitter:data1\" content=\"2 minutes\" \/>\n<script type=\"application\/ld+json\" class=\"yoast-schema-graph\">{\"@context\":\"https:\\\/\\\/schema.org\",\"@graph\":[{\"@type\":\"WebPage\",\"@id\":\"https:\\\/\\\/asinorge.no\\\/kompost-og-slam\\\/\",\"url\":\"https:\\\/\\\/asinorge.no\\\/kompost-og-slam\\\/\",\"name\":\"KOMPOST OG SLAM - Alex Stewart International Norge AS\",\"isPartOf\":{\"@id\":\"https:\\\/\\\/asinorge.no\\\/#website\"},\"primaryImageOfPage\":{\"@id\":\"https:\\\/\\\/asinorge.no\\\/kompost-og-slam\\\/#primaryimage\"},\"image\":{\"@id\":\"https:\\\/\\\/asinorge.no\\\/kompost-og-slam\\\/#primaryimage\"},\"thumbnailUrl\":\"https:\\\/\\\/asinorge.no\\\/wp-content\\\/uploads\\\/2024\\\/01\\\/soil-918006_1280.jpg\",\"datePublished\":\"2024-01-03T21:42:51+00:00\",\"dateModified\":\"2024-02-16T12:34:08+00:00\",\"description\":\"Slam, kompost, biomasse og andre produkter basert p\u00e5 avfall m\u00e5 kvalitetssjekkes for \u00e5 forebygge forurensingsmessige, helsemessige og hygieniske ulemper ved tilvirkning, lagring og bruk.I tillegg til n\u00e6ringsinnhold og produktegenskaper som er viktig for brukeren skal det ogs\u00e5 sjekkes for tungmetaller, hygienisk kvalitet og andre parametere som sikrer at produktet er trygt \u00e5 bruke\",\"breadcrumb\":{\"@id\":\"https:\\\/\\\/asinorge.no\\\/kompost-og-slam\\\/#breadcrumb\"},\"inLanguage\":\"en-US\",\"potentialAction\":[{\"@type\":\"ReadAction\",\"target\":[\"https:\\\/\\\/asinorge.no\\\/kompost-og-slam\\\/\"]}]},{\"@type\":\"ImageObject\",\"inLanguage\":\"en-US\",\"@id\":\"https:\\\/\\\/asinorge.no\\\/kompost-og-slam\\\/#primaryimage\",\"url\":\"https:\\\/\\\/asinorge.no\\\/wp-content\\\/uploads\\\/2024\\\/01\\\/soil-918006_1280.jpg\",\"contentUrl\":\"https:\\\/\\\/asinorge.no\\\/wp-content\\\/uploads\\\/2024\\\/01\\\/soil-918006_1280.jpg\"},{\"@type\":\"BreadcrumbList\",\"@id\":\"https:\\\/\\\/asinorge.no\\\/kompost-og-slam\\\/#breadcrumb\",\"itemListElement\":[{\"@type\":\"ListItem\",\"position\":1,\"name\":\"Hjem\",\"item\":\"https:\\\/\\\/asinorge.no\\\/\"},{\"@type\":\"ListItem\",\"position\":2,\"name\":\"KOMPOST OG SLAM\"}]},{\"@type\":\"WebSite\",\"@id\":\"https:\\\/\\\/asinorge.no\\\/#website\",\"url\":\"https:\\\/\\\/asinorge.no\\\/\",\"name\":\"Alex Stewart International Norge AS\",\"description\":\"Konsulent og laboratorietjenester\",\"publisher\":{\"@id\":\"https:\\\/\\\/asinorge.no\\\/#organization\"},\"alternateName\":\"ASI NORGE AS\",\"potentialAction\":[{\"@type\":\"SearchAction\",\"target\":{\"@type\":\"EntryPoint\",\"urlTemplate\":\"https:\\\/\\\/asinorge.no\\\/?s={search_term_string}\"},\"query-input\":{\"@type\":\"PropertyValueSpecification\",\"valueRequired\":true,\"valueName\":\"search_term_string\"}}],\"inLanguage\":\"en-US\"},{\"@type\":\"Organization\",\"@id\":\"https:\\\/\\\/asinorge.no\\\/#organization\",\"name\":\"Alex Stewart International Norge AS\",\"url\":\"https:\\\/\\\/asinorge.no\\\/\",\"logo\":{\"@type\":\"ImageObject\",\"inLanguage\":\"en-US\",\"@id\":\"https:\\\/\\\/asinorge.no\\\/#\\\/schema\\\/logo\\\/image\\\/\",\"url\":\"https:\\\/\\\/asinorge.no\\\/wp-content\\\/uploads\\\/2023\\\/11\\\/cropped-ASi-Logony.png\",\"contentUrl\":\"https:\\\/\\\/asinorge.no\\\/wp-content\\\/uploads\\\/2023\\\/11\\\/cropped-ASi-Logony.png\",\"width\":943,\"height\":246,\"caption\":\"Alex Stewart International Norge AS\"},\"image\":{\"@id\":\"https:\\\/\\\/asinorge.no\\\/#\\\/schema\\\/logo\\\/image\\\/\"},\"sameAs\":[\"https:\\\/\\\/www.facebook.com\\\/slabstord\\\/\",\"https:\\\/\\\/no.linkedin.com\\\/in\\\/alex-stewart-international-norge-as-avd-stord-11a5421a3\"]}]}<\/script>\n<!-- \/ Yoast SEO plugin. -->","yoast_head_json":{"title":"KOMPOST OG SLAM - Alex Stewart International Norge AS","description":"Slam, kompost, biomasse og andre produkter basert p\u00e5 avfall m\u00e5 kvalitetssjekkes for \u00e5 forebygge forurensingsmessige, helsemessige og hygieniske ulemper ved tilvirkning, lagring og bruk.I tillegg til n\u00e6ringsinnhold og produktegenskaper som er viktig for brukeren skal det ogs\u00e5 sjekkes for tungmetaller, hygienisk kvalitet og andre parametere som sikrer at produktet er trygt \u00e5 bruke","robots":{"index":"index","follow":"follow","max-snippet":"max-snippet:-1","max-image-preview":"max-image-preview:large","max-video-preview":"max-video-preview:-1"},"canonical":"https:\/\/asinorge.no\/en\/kompost-og-slam\/","og_locale":"en_US","og_type":"article","og_title":"KOMPOST OG SLAM - Alex Stewart International Norge AS","og_description":"Slam, kompost, biomasse og andre produkter basert p\u00e5 avfall m\u00e5 kvalitetssjekkes for \u00e5 forebygge forurensingsmessige, helsemessige og hygieniske ulemper ved tilvirkning, lagring og bruk.I tillegg til n\u00e6ringsinnhold og produktegenskaper som er viktig for brukeren skal det ogs\u00e5 sjekkes for tungmetaller, hygienisk kvalitet og andre parametere som sikrer at produktet er trygt \u00e5 bruke","og_url":"https:\/\/asinorge.no\/en\/kompost-og-slam\/","og_site_name":"Alex Stewart International Norge AS","article_publisher":"https:\/\/www.facebook.com\/slabstord\/","article_modified_time":"2024-02-16T12:34:08+00:00","og_image":[{"url":"https:\/\/asinorge.no\/wp-content\/uploads\/2024\/01\/soil-918006_1280.jpg","type":"","width":"","height":""}],"twitter_card":"summary_large_image","twitter_misc":{"Est. reading time":"2 minutes"},"schema":{"@context":"https:\/\/schema.org","@graph":[{"@type":"WebPage","@id":"https:\/\/asinorge.no\/kompost-og-slam\/","url":"https:\/\/asinorge.no\/kompost-og-slam\/","name":"KOMPOST OG SLAM - Alex Stewart International Norge AS","isPartOf":{"@id":"https:\/\/asinorge.no\/#website"},"primaryImageOfPage":{"@id":"https:\/\/asinorge.no\/kompost-og-slam\/#primaryimage"},"image":{"@id":"https:\/\/asinorge.no\/kompost-og-slam\/#primaryimage"},"thumbnailUrl":"https:\/\/asinorge.no\/wp-content\/uploads\/2024\/01\/soil-918006_1280.jpg","datePublished":"2024-01-03T21:42:51+00:00","dateModified":"2024-02-16T12:34:08+00:00","description":"Slam, kompost, biomasse og andre produkter basert p\u00e5 avfall m\u00e5 kvalitetssjekkes for \u00e5 forebygge forurensingsmessige, helsemessige og hygieniske ulemper ved tilvirkning, lagring og bruk.I tillegg til n\u00e6ringsinnhold og produktegenskaper som er viktig for brukeren skal det ogs\u00e5 sjekkes for tungmetaller, hygienisk kvalitet og andre parametere som sikrer at produktet er trygt \u00e5 bruke","breadcrumb":{"@id":"https:\/\/asinorge.no\/kompost-og-slam\/#breadcrumb"},"inLanguage":"en-US","potentialAction":[{"@type":"ReadAction","target":["https:\/\/asinorge.no\/kompost-og-slam\/"]}]},{"@type":"ImageObject","inLanguage":"en-US","@id":"https:\/\/asinorge.no\/kompost-og-slam\/#primaryimage","url":"https:\/\/asinorge.no\/wp-content\/uploads\/2024\/01\/soil-918006_1280.jpg","contentUrl":"https:\/\/asinorge.no\/wp-content\/uploads\/2024\/01\/soil-918006_1280.jpg"},{"@type":"BreadcrumbList","@id":"https:\/\/asinorge.no\/kompost-og-slam\/#breadcrumb","itemListElement":[{"@type":"ListItem","position":1,"name":"Hjem","item":"https:\/\/asinorge.no\/"},{"@type":"ListItem","position":2,"name":"KOMPOST OG SLAM"}]},{"@type":"WebSite","@id":"https:\/\/asinorge.no\/#website","url":"https:\/\/asinorge.no\/","name":"Alex Stewart International Norge AS","description":"Konsulent og laboratorietjenester","publisher":{"@id":"https:\/\/asinorge.no\/#organization"},"alternateName":"ASI NORGE AS","potentialAction":[{"@type":"SearchAction","target":{"@type":"EntryPoint","urlTemplate":"https:\/\/asinorge.no\/?s={search_term_string}"},"query-input":{"@type":"PropertyValueSpecification","valueRequired":true,"valueName":"search_term_string"}}],"inLanguage":"en-US"},{"@type":"Organization","@id":"https:\/\/asinorge.no\/#organization","name":"Alex Stewart International Norge AS","url":"https:\/\/asinorge.no\/","logo":{"@type":"ImageObject","inLanguage":"en-US","@id":"https:\/\/asinorge.no\/#\/schema\/logo\/image\/","url":"https:\/\/asinorge.no\/wp-content\/uploads\/2023\/11\/cropped-ASi-Logony.png","contentUrl":"https:\/\/asinorge.no\/wp-content\/uploads\/2023\/11\/cropped-ASi-Logony.png","width":943,"height":246,"caption":"Alex Stewart International Norge AS"},"image":{"@id":"https:\/\/asinorge.no\/#\/schema\/logo\/image\/"},"sameAs":["https:\/\/www.facebook.com\/slabstord\/","https:\/\/no.linkedin.com\/in\/alex-stewart-international-norge-as-avd-stord-11a5421a3"]}]}},"uagb_featured_image_src":{"full":false,"thumbnail":false,"medium":false,"medium_large":false,"large":false,"1536x1536":false,"2048x2048":false,"trp-custom-language-flag":false},"uagb_author_info":{"display_name":"ASI Norge AS","author_link":"https:\/\/asinorge.no\/en\/author\/malin_brady\/"},"uagb_comment_info":0,"uagb_excerpt":"Slam, kompost, biomasse og andre produkter basert p\u00e5 avfall m\u00e5 kvalitetssjekkes for \u00e5 forebygge forurensingsmessige, helsemessige og hygieniske ulemper ved tilvirkning, lagring og bruk. I tillegg til n\u00e6ringsinnhold og produktegenskaper som er viktig for brukeren skal det ogs\u00e5 sjekkes for tungmetaller, hygienisk kvalitet og andre parametere som sikrer at produktet er trygt \u00e5 bruke ASI&hellip;","jetpack_sharing_enabled":true,"_links":{"self":[{"href":"https:\/\/asinorge.no\/en\/wp-json\/wp\/v2\/pages\/478","targetHints":{"allow":["GET"]}}],"collection":[{"href":"https:\/\/asinorge.no\/en\/wp-json\/wp\/v2\/pages"}],"about":[{"href":"https:\/\/asinorge.no\/en\/wp-json\/wp\/v2\/types\/page"}],"author":[{"embeddable":true,"href":"https:\/\/asinorge.no\/en\/wp-json\/wp\/v2\/users\/1"}],"replies":[{"embeddable":true,"href":"https:\/\/asinorge.no\/en\/wp-json\/wp\/v2\/comments?post=478"}],"version-history":[{"count":2,"href":"https:\/\/asinorge.no\/en\/wp-json\/wp\/v2\/pages\/478\/revisions"}],"predecessor-version":[{"id":484,"href":"https:\/\/asinorge.no\/en\/wp-json\/wp\/v2\/pages\/478\/revisions\/484"}],"wp:attachment":[{"href":"https:\/\/asinorge.no\/en\/wp-json\/wp\/v2\/media?parent=478"}],"curies":[{"name":"wp","href":"https:\/\/api.w.org\/{rel}","templated":true}]}}