{"id":467,"date":"2024-01-03T16:53:59","date_gmt":"2024-01-03T15:53:59","guid":{"rendered":"https:\/\/asinorge.no\/?page_id=467"},"modified":"2024-02-16T13:31:39","modified_gmt":"2024-02-16T12:31:39","slug":"grunnundersokelse-og-analyse-av-jordprove","status":"publish","type":"page","link":"https:\/\/asinorge.no\/en\/grunnundersokelse-og-analyse-av-jordprove\/","title":{"rendered":"GRUNNUNDERS\u00d8KELSE OG ANALYSE AV JORDPR\u00d8VE"},"content":{"rendered":"<div class=\"wp-block-cover alignfull\" style=\"min-height:625px;aspect-ratio:unset;\"><span aria-hidden=\"true\" class=\"wp-block-cover__background has-background-dim-70 has-background-dim wp-block-cover__gradient-background has-background-gradient\" style=\"background:linear-gradient(135deg,rgb(255,255,255) 0%,rgb(125,0,0) 48%,rgb(64,0,0) 100%)\"><\/span><img loading=\"lazy\" decoding=\"async\" width=\"1280\" height=\"851\" class=\"wp-block-cover__image-background wp-image-468\" alt=\"\" src=\"https:\/\/asinorge.no\/wp-content\/uploads\/2024\/01\/soil-766281_1280.jpg\" style=\"object-position:47% 44%\" data-object-fit=\"cover\" data-object-position=\"47% 44%\" srcset=\"https:\/\/asinorge.no\/wp-content\/uploads\/2024\/01\/soil-766281_1280.jpg 1280w, https:\/\/asinorge.no\/wp-content\/uploads\/2024\/01\/soil-766281_1280-300x199.jpg 300w, https:\/\/asinorge.no\/wp-content\/uploads\/2024\/01\/soil-766281_1280-1024x681.jpg 1024w, https:\/\/asinorge.no\/wp-content\/uploads\/2024\/01\/soil-766281_1280-768x511.jpg 768w, https:\/\/asinorge.no\/wp-content\/uploads\/2024\/01\/soil-766281_1280-18x12.jpg 18w\" sizes=\"auto, (max-width: 1280px) 100vw, 1280px\" \/><div class=\"wp-block-cover__inner-container is-layout-flow wp-block-cover-is-layout-flow\">\n<div style=\"height:106px\" aria-hidden=\"true\" class=\"wp-block-spacer\"><\/div>\n\n\n\n<h1 class=\"wp-block-heading has-text-align-center\">GRUNNUNDERS\u00d8KELSE OG ANALYSE AV JORDPR\u00d8VE<\/h1>\n\n\n\n<p class=\"has-text-align-center has-medium-font-size\"><\/p>\n<\/div><\/div>\n\n\n\n<div style=\"height:99px\" aria-hidden=\"true\" class=\"wp-block-spacer\"><\/div>\n\n\n\n<p>I forbindelse med mistanke om forurensing i grunnen eller i sj\u00f8sedimenter kan ASI Norge bist\u00e5 med pr\u00f8vetaking av grunn \/ sediment, opparbeiding og akkrediterte analyser av pr\u00f8ver. Det kan ogs\u00e5 utarbeides skriftlige rapporter for \u00e5 dokumentere milj\u00f8kvalitet til grunnpr\u00f8vene eller sedimentene. Vurderingen gjennomf\u00f8res med utgangspunkt i gjeldende veileder og konsentrasjonsgrenser fastsatt av milj\u00f8myndighetene, og utfra disse vurderingene kan eventuelle tiltak utarbeides. Eventuelle forurensede jordmasser m\u00e5 fjernes fra det forurensede omr\u00e5det og deponeres p\u00e5 godkjent mottak. Mottakene av forurensede sand og jordmasser vil vanligvis kreve analysebevis for jordmassene f\u00f8r massene kan tas imot.<\/p>\n\n\n\n<div class=\"wp-block-uagb-container uagb-block-b19bc92f alignfull uagb-is-root-container\"><div class=\"uagb-container-inner-blocks-wrap\">\n<div class=\"wp-block-uagb-container uagb-block-3434725c\">\n<p>Milj\u00f8unders\u00f8kelser for \u00e5 unders\u00f8ke grunnen p\u00e5 et omr\u00e5de kan gjennomf\u00f8res i samarbeid med personell fra kunden for \u00e5 redusere kostnadene i forbindelse med feltpr\u00f8vetakingen. Det betyr ogs\u00e5 at kundene selv kan ta pr\u00f8vene og sende disse inn for analyse.<\/p>\n\n\n\n<p>De akkrediterte analysene kan utf\u00f8res p\u00e5 jordpr\u00f8vene eller sedimentpr\u00f8vene for \u00e5 fastsl\u00e5 innholdet av tungmetall, oljeforurensing eller generelle milj\u00f8gifter. Ved behov kan pr\u00f8veglass for pr\u00f8vene sendes ut, men generelt kan sand og jordpr\u00f8ver tas i plastposer.<\/p>\n<\/div>\n\n\n\n<div class=\"wp-block-uagb-container uagb-block-3f3d9202\">\n<figure class=\"wp-block-image size-full is-resized is-style-default\"><img loading=\"lazy\" decoding=\"async\" width=\"450\" height=\"338\" src=\"https:\/\/asinorge.no\/wp-content\/uploads\/2024\/01\/sedimentprovetaking-e1522751939501.jpg\" alt=\"Uttak av sedimentkjerne etter pr\u00f8vetaking av sj\u00f8sedimenter.\" class=\"wp-image-469\" style=\"width:571px;height:auto\" srcset=\"https:\/\/asinorge.no\/wp-content\/uploads\/2024\/01\/sedimentprovetaking-e1522751939501.jpg 450w, https:\/\/asinorge.no\/wp-content\/uploads\/2024\/01\/sedimentprovetaking-e1522751939501-300x225.jpg 300w, https:\/\/asinorge.no\/wp-content\/uploads\/2024\/01\/sedimentprovetaking-e1522751939501-16x12.jpg 16w\" sizes=\"auto, (max-width: 450px) 100vw, 450px\" \/><figcaption class=\"wp-element-caption\"><em>Uttak av sedimentkjerne etter pr\u00f8vetaking av sj\u00f8sedimenter.<br><\/em><\/figcaption><\/figure>\n<\/div>\n<\/div><\/div>\n\n\n\n<p><\/p>","protected":false},"excerpt":{"rendered":"<p>I forbindelse med mistanke om forurensing i grunnen eller i sj\u00f8sedimenter kan ASI Norge bist\u00e5 med pr\u00f8vetaking av grunn \/ sediment, opparbeiding og akkrediterte analyser av pr\u00f8ver. Det kan ogs\u00e5 utarbeides skriftlige rapporter for \u00e5 dokumentere milj\u00f8kvalitet til grunnpr\u00f8vene eller sedimentene. Vurderingen gjennomf\u00f8res med utgangspunkt i gjeldende veileder og konsentrasjonsgrenser fastsatt av milj\u00f8myndighetene, og utfra [&hellip;]<\/p>\n","protected":false},"author":1,"featured_media":0,"parent":0,"menu_order":0,"comment_status":"closed","ping_status":"closed","template":"","meta":{"_uag_custom_page_level_css":"","site-sidebar-layout":"default","site-content-layout":"","ast-site-content-layout":"default","site-content-style":"default","site-sidebar-style":"default","ast-global-header-display":"","ast-banner-title-visibility":"","ast-main-header-display":"","ast-hfb-above-header-display":"","ast-hfb-below-header-display":"","ast-hfb-mobile-header-display":"","site-post-title":"disabled","ast-breadcrumbs-content":"","ast-featured-img":"","footer-sml-layout":"","ast-disable-related-posts":"","theme-transparent-header-meta":"disabled","adv-header-id-meta":"","stick-header-meta":"","header-above-stick-meta":"","header-main-stick-meta":"","header-below-stick-meta":"","astra-migrate-meta-layouts":"set","ast-page-background-enabled":"default","ast-page-background-meta":{"desktop":{"background-color":"var(--ast-global-color-4)","background-image":"","background-repeat":"repeat","background-position":"center center","background-size":"auto","background-attachment":"scroll","background-type":"","background-media":"","overlay-type":"","overlay-color":"","overlay-opacity":"","overlay-gradient":""},"tablet":{"background-color":"","background-image":"","background-repeat":"repeat","background-position":"center center","background-size":"auto","background-attachment":"scroll","background-type":"","background-media":"","overlay-type":"","overlay-color":"","overlay-opacity":"","overlay-gradient":""},"mobile":{"background-color":"","background-image":"","background-repeat":"repeat","background-position":"center center","background-size":"auto","background-attachment":"scroll","background-type":"","background-media":"","overlay-type":"","overlay-color":"","overlay-opacity":"","overlay-gradient":""}},"ast-content-background-meta":{"desktop":{"background-color":"var(--ast-global-color-5)","background-image":"","background-repeat":"repeat","background-position":"center center","background-size":"auto","background-attachment":"scroll","background-type":"","background-media":"","overlay-type":"","overlay-color":"","overlay-opacity":"","overlay-gradient":""},"tablet":{"background-color":"var(--ast-global-color-5)","background-image":"","background-repeat":"repeat","background-position":"center center","background-size":"auto","background-attachment":"scroll","background-type":"","background-media":"","overlay-type":"","overlay-color":"","overlay-opacity":"","overlay-gradient":""},"mobile":{"background-color":"var(--ast-global-color-5)","background-image":"","background-repeat":"repeat","background-position":"center center","background-size":"auto","background-attachment":"scroll","background-type":"","background-media":"","overlay-type":"","overlay-color":"","overlay-opacity":"","overlay-gradient":""}},"footnotes":""},"class_list":["post-467","page","type-page","status-publish","hentry"],"yoast_head":"<!-- This site is optimized with the Yoast SEO plugin v27.3 - https:\/\/yoast.com\/product\/yoast-seo-wordpress\/ -->\n<title>GRUNNUNDERS\u00d8KELSE OG ANALYSE AV JORDPR\u00d8VE - Alex Stewart International Norge AS<\/title>\n<meta name=\"description\" content=\"I forbindelse med mistanke om forurensing i grunnen eller i sj\u00f8sedimenter kan ASI Norge bist\u00e5 med pr\u00f8vetaking av grunn \/ sediment, opparbeiding og akkrediterte analyser av pr\u00f8ver. Det kan ogs\u00e5 utarbeides skriftlige rapporter for \u00e5 dokumentere milj\u00f8kvalitet til grunnpr\u00f8vene eller sedimentene. Vurderingen gjennomf\u00f8res med utgangspunkt i gjeldende veileder og konsentrasjonsgrenser fastsatt av milj\u00f8myndighetene, og utfra disse vurderingene kan eventuelle tiltak utarbeides. Eventuelle forurensede jordmasser m\u00e5 fjernes fra det forurensede omr\u00e5det og deponeres p\u00e5 godkjent mottak. Mottakene av forurensede sand og jordmasser vil vanligvis kreve analysebevis for jordmassene f\u00f8r massene kan tas imot.\" \/>\n<meta name=\"robots\" content=\"index, follow, max-snippet:-1, max-image-preview:large, max-video-preview:-1\" \/>\n<link rel=\"canonical\" href=\"https:\/\/asinorge.no\/en\/grunnundersokelse-og-analyse-av-jordprove\/\" \/>\n<meta property=\"og:locale\" content=\"en_US\" \/>\n<meta property=\"og:type\" content=\"article\" \/>\n<meta property=\"og:title\" content=\"GRUNNUNDERS\u00d8KELSE OG ANALYSE AV JORDPR\u00d8VE - Alex Stewart International Norge AS\" \/>\n<meta property=\"og:description\" content=\"I forbindelse med mistanke om forurensing i grunnen eller i sj\u00f8sedimenter kan ASI Norge bist\u00e5 med pr\u00f8vetaking av grunn \/ sediment, opparbeiding og akkrediterte analyser av pr\u00f8ver. Det kan ogs\u00e5 utarbeides skriftlige rapporter for \u00e5 dokumentere milj\u00f8kvalitet til grunnpr\u00f8vene eller sedimentene. Vurderingen gjennomf\u00f8res med utgangspunkt i gjeldende veileder og konsentrasjonsgrenser fastsatt av milj\u00f8myndighetene, og utfra disse vurderingene kan eventuelle tiltak utarbeides. Eventuelle forurensede jordmasser m\u00e5 fjernes fra det forurensede omr\u00e5det og deponeres p\u00e5 godkjent mottak. Mottakene av forurensede sand og jordmasser vil vanligvis kreve analysebevis for jordmassene f\u00f8r massene kan tas imot.\" \/>\n<meta property=\"og:url\" content=\"https:\/\/asinorge.no\/en\/grunnundersokelse-og-analyse-av-jordprove\/\" \/>\n<meta property=\"og:site_name\" content=\"Alex Stewart International Norge AS\" \/>\n<meta property=\"article:publisher\" content=\"https:\/\/www.facebook.com\/slabstord\/\" \/>\n<meta property=\"article:modified_time\" content=\"2024-02-16T12:31:39+00:00\" \/>\n<meta property=\"og:image\" content=\"https:\/\/asinorge.no\/wp-content\/uploads\/2024\/01\/soil-766281_1280.jpg\" \/>\n<meta name=\"twitter:card\" content=\"summary_large_image\" \/>\n<meta name=\"twitter:label1\" content=\"Est. reading time\" \/>\n\t<meta name=\"twitter:data1\" content=\"2 minutes\" \/>\n<script type=\"application\/ld+json\" class=\"yoast-schema-graph\">{\"@context\":\"https:\\\/\\\/schema.org\",\"@graph\":[{\"@type\":\"WebPage\",\"@id\":\"https:\\\/\\\/asinorge.no\\\/grunnundersokelse-og-analyse-av-jordprove\\\/\",\"url\":\"https:\\\/\\\/asinorge.no\\\/grunnundersokelse-og-analyse-av-jordprove\\\/\",\"name\":\"GRUNNUNDERS\u00d8KELSE OG ANALYSE AV JORDPR\u00d8VE - Alex Stewart International Norge AS\",\"isPartOf\":{\"@id\":\"https:\\\/\\\/asinorge.no\\\/#website\"},\"primaryImageOfPage\":{\"@id\":\"https:\\\/\\\/asinorge.no\\\/grunnundersokelse-og-analyse-av-jordprove\\\/#primaryimage\"},\"image\":{\"@id\":\"https:\\\/\\\/asinorge.no\\\/grunnundersokelse-og-analyse-av-jordprove\\\/#primaryimage\"},\"thumbnailUrl\":\"https:\\\/\\\/asinorge.no\\\/wp-content\\\/uploads\\\/2024\\\/01\\\/soil-766281_1280.jpg\",\"datePublished\":\"2024-01-03T15:53:59+00:00\",\"dateModified\":\"2024-02-16T12:31:39+00:00\",\"description\":\"I forbindelse med mistanke om forurensing i grunnen eller i sj\u00f8sedimenter kan ASI Norge bist\u00e5 med pr\u00f8vetaking av grunn \\\/ sediment, opparbeiding og akkrediterte analyser av pr\u00f8ver. Det kan ogs\u00e5 utarbeides skriftlige rapporter for \u00e5 dokumentere milj\u00f8kvalitet til grunnpr\u00f8vene eller sedimentene. Vurderingen gjennomf\u00f8res med utgangspunkt i gjeldende veileder og konsentrasjonsgrenser fastsatt av milj\u00f8myndighetene, og utfra disse vurderingene kan eventuelle tiltak utarbeides. Eventuelle forurensede jordmasser m\u00e5 fjernes fra det forurensede omr\u00e5det og deponeres p\u00e5 godkjent mottak. Mottakene av forurensede sand og jordmasser vil vanligvis kreve analysebevis for jordmassene f\u00f8r massene kan tas imot.\",\"breadcrumb\":{\"@id\":\"https:\\\/\\\/asinorge.no\\\/grunnundersokelse-og-analyse-av-jordprove\\\/#breadcrumb\"},\"inLanguage\":\"en-US\",\"potentialAction\":[{\"@type\":\"ReadAction\",\"target\":[\"https:\\\/\\\/asinorge.no\\\/grunnundersokelse-og-analyse-av-jordprove\\\/\"]}]},{\"@type\":\"ImageObject\",\"inLanguage\":\"en-US\",\"@id\":\"https:\\\/\\\/asinorge.no\\\/grunnundersokelse-og-analyse-av-jordprove\\\/#primaryimage\",\"url\":\"https:\\\/\\\/asinorge.no\\\/wp-content\\\/uploads\\\/2024\\\/01\\\/soil-766281_1280.jpg\",\"contentUrl\":\"https:\\\/\\\/asinorge.no\\\/wp-content\\\/uploads\\\/2024\\\/01\\\/soil-766281_1280.jpg\"},{\"@type\":\"BreadcrumbList\",\"@id\":\"https:\\\/\\\/asinorge.no\\\/grunnundersokelse-og-analyse-av-jordprove\\\/#breadcrumb\",\"itemListElement\":[{\"@type\":\"ListItem\",\"position\":1,\"name\":\"Hjem\",\"item\":\"https:\\\/\\\/asinorge.no\\\/\"},{\"@type\":\"ListItem\",\"position\":2,\"name\":\"GRUNNUNDERS\u00d8KELSE OG ANALYSE AV JORDPR\u00d8VE\"}]},{\"@type\":\"WebSite\",\"@id\":\"https:\\\/\\\/asinorge.no\\\/#website\",\"url\":\"https:\\\/\\\/asinorge.no\\\/\",\"name\":\"Alex Stewart International Norge AS\",\"description\":\"Konsulent og laboratorietjenester\",\"publisher\":{\"@id\":\"https:\\\/\\\/asinorge.no\\\/#organization\"},\"alternateName\":\"ASI NORGE AS\",\"potentialAction\":[{\"@type\":\"SearchAction\",\"target\":{\"@type\":\"EntryPoint\",\"urlTemplate\":\"https:\\\/\\\/asinorge.no\\\/?s={search_term_string}\"},\"query-input\":{\"@type\":\"PropertyValueSpecification\",\"valueRequired\":true,\"valueName\":\"search_term_string\"}}],\"inLanguage\":\"en-US\"},{\"@type\":\"Organization\",\"@id\":\"https:\\\/\\\/asinorge.no\\\/#organization\",\"name\":\"Alex Stewart International Norge AS\",\"url\":\"https:\\\/\\\/asinorge.no\\\/\",\"logo\":{\"@type\":\"ImageObject\",\"inLanguage\":\"en-US\",\"@id\":\"https:\\\/\\\/asinorge.no\\\/#\\\/schema\\\/logo\\\/image\\\/\",\"url\":\"https:\\\/\\\/asinorge.no\\\/wp-content\\\/uploads\\\/2023\\\/11\\\/cropped-ASi-Logony.png\",\"contentUrl\":\"https:\\\/\\\/asinorge.no\\\/wp-content\\\/uploads\\\/2023\\\/11\\\/cropped-ASi-Logony.png\",\"width\":943,\"height\":246,\"caption\":\"Alex Stewart International Norge AS\"},\"image\":{\"@id\":\"https:\\\/\\\/asinorge.no\\\/#\\\/schema\\\/logo\\\/image\\\/\"},\"sameAs\":[\"https:\\\/\\\/www.facebook.com\\\/slabstord\\\/\",\"https:\\\/\\\/no.linkedin.com\\\/in\\\/alex-stewart-international-norge-as-avd-stord-11a5421a3\"]}]}<\/script>\n<!-- \/ Yoast SEO plugin. -->","yoast_head_json":{"title":"GRUNNUNDERS\u00d8KELSE OG ANALYSE AV JORDPR\u00d8VE - Alex Stewart International Norge AS","description":"I forbindelse med mistanke om forurensing i grunnen eller i sj\u00f8sedimenter kan ASI Norge bist\u00e5 med pr\u00f8vetaking av grunn \/ sediment, opparbeiding og akkrediterte analyser av pr\u00f8ver. Det kan ogs\u00e5 utarbeides skriftlige rapporter for \u00e5 dokumentere milj\u00f8kvalitet til grunnpr\u00f8vene eller sedimentene. Vurderingen gjennomf\u00f8res med utgangspunkt i gjeldende veileder og konsentrasjonsgrenser fastsatt av milj\u00f8myndighetene, og utfra disse vurderingene kan eventuelle tiltak utarbeides. Eventuelle forurensede jordmasser m\u00e5 fjernes fra det forurensede omr\u00e5det og deponeres p\u00e5 godkjent mottak. Mottakene av forurensede sand og jordmasser vil vanligvis kreve analysebevis for jordmassene f\u00f8r massene kan tas imot.","robots":{"index":"index","follow":"follow","max-snippet":"max-snippet:-1","max-image-preview":"max-image-preview:large","max-video-preview":"max-video-preview:-1"},"canonical":"https:\/\/asinorge.no\/en\/grunnundersokelse-og-analyse-av-jordprove\/","og_locale":"en_US","og_type":"article","og_title":"GRUNNUNDERS\u00d8KELSE OG ANALYSE AV JORDPR\u00d8VE - Alex Stewart International Norge AS","og_description":"I forbindelse med mistanke om forurensing i grunnen eller i sj\u00f8sedimenter kan ASI Norge bist\u00e5 med pr\u00f8vetaking av grunn \/ sediment, opparbeiding og akkrediterte analyser av pr\u00f8ver. Det kan ogs\u00e5 utarbeides skriftlige rapporter for \u00e5 dokumentere milj\u00f8kvalitet til grunnpr\u00f8vene eller sedimentene. Vurderingen gjennomf\u00f8res med utgangspunkt i gjeldende veileder og konsentrasjonsgrenser fastsatt av milj\u00f8myndighetene, og utfra disse vurderingene kan eventuelle tiltak utarbeides. Eventuelle forurensede jordmasser m\u00e5 fjernes fra det forurensede omr\u00e5det og deponeres p\u00e5 godkjent mottak. Mottakene av forurensede sand og jordmasser vil vanligvis kreve analysebevis for jordmassene f\u00f8r massene kan tas imot.","og_url":"https:\/\/asinorge.no\/en\/grunnundersokelse-og-analyse-av-jordprove\/","og_site_name":"Alex Stewart International Norge AS","article_publisher":"https:\/\/www.facebook.com\/slabstord\/","article_modified_time":"2024-02-16T12:31:39+00:00","og_image":[{"url":"https:\/\/asinorge.no\/wp-content\/uploads\/2024\/01\/soil-766281_1280.jpg","type":"","width":"","height":""}],"twitter_card":"summary_large_image","twitter_misc":{"Est. reading time":"2 minutes"},"schema":{"@context":"https:\/\/schema.org","@graph":[{"@type":"WebPage","@id":"https:\/\/asinorge.no\/grunnundersokelse-og-analyse-av-jordprove\/","url":"https:\/\/asinorge.no\/grunnundersokelse-og-analyse-av-jordprove\/","name":"GRUNNUNDERS\u00d8KELSE OG ANALYSE AV JORDPR\u00d8VE - Alex Stewart International Norge AS","isPartOf":{"@id":"https:\/\/asinorge.no\/#website"},"primaryImageOfPage":{"@id":"https:\/\/asinorge.no\/grunnundersokelse-og-analyse-av-jordprove\/#primaryimage"},"image":{"@id":"https:\/\/asinorge.no\/grunnundersokelse-og-analyse-av-jordprove\/#primaryimage"},"thumbnailUrl":"https:\/\/asinorge.no\/wp-content\/uploads\/2024\/01\/soil-766281_1280.jpg","datePublished":"2024-01-03T15:53:59+00:00","dateModified":"2024-02-16T12:31:39+00:00","description":"I forbindelse med mistanke om forurensing i grunnen eller i sj\u00f8sedimenter kan ASI Norge bist\u00e5 med pr\u00f8vetaking av grunn \/ sediment, opparbeiding og akkrediterte analyser av pr\u00f8ver. Det kan ogs\u00e5 utarbeides skriftlige rapporter for \u00e5 dokumentere milj\u00f8kvalitet til grunnpr\u00f8vene eller sedimentene. Vurderingen gjennomf\u00f8res med utgangspunkt i gjeldende veileder og konsentrasjonsgrenser fastsatt av milj\u00f8myndighetene, og utfra disse vurderingene kan eventuelle tiltak utarbeides. Eventuelle forurensede jordmasser m\u00e5 fjernes fra det forurensede omr\u00e5det og deponeres p\u00e5 godkjent mottak. Mottakene av forurensede sand og jordmasser vil vanligvis kreve analysebevis for jordmassene f\u00f8r massene kan tas imot.","breadcrumb":{"@id":"https:\/\/asinorge.no\/grunnundersokelse-og-analyse-av-jordprove\/#breadcrumb"},"inLanguage":"en-US","potentialAction":[{"@type":"ReadAction","target":["https:\/\/asinorge.no\/grunnundersokelse-og-analyse-av-jordprove\/"]}]},{"@type":"ImageObject","inLanguage":"en-US","@id":"https:\/\/asinorge.no\/grunnundersokelse-og-analyse-av-jordprove\/#primaryimage","url":"https:\/\/asinorge.no\/wp-content\/uploads\/2024\/01\/soil-766281_1280.jpg","contentUrl":"https:\/\/asinorge.no\/wp-content\/uploads\/2024\/01\/soil-766281_1280.jpg"},{"@type":"BreadcrumbList","@id":"https:\/\/asinorge.no\/grunnundersokelse-og-analyse-av-jordprove\/#breadcrumb","itemListElement":[{"@type":"ListItem","position":1,"name":"Hjem","item":"https:\/\/asinorge.no\/"},{"@type":"ListItem","position":2,"name":"GRUNNUNDERS\u00d8KELSE OG ANALYSE AV JORDPR\u00d8VE"}]},{"@type":"WebSite","@id":"https:\/\/asinorge.no\/#website","url":"https:\/\/asinorge.no\/","name":"Alex Stewart International Norge AS","description":"Konsulent og laboratorietjenester","publisher":{"@id":"https:\/\/asinorge.no\/#organization"},"alternateName":"ASI NORGE AS","potentialAction":[{"@type":"SearchAction","target":{"@type":"EntryPoint","urlTemplate":"https:\/\/asinorge.no\/?s={search_term_string}"},"query-input":{"@type":"PropertyValueSpecification","valueRequired":true,"valueName":"search_term_string"}}],"inLanguage":"en-US"},{"@type":"Organization","@id":"https:\/\/asinorge.no\/#organization","name":"Alex Stewart International Norge AS","url":"https:\/\/asinorge.no\/","logo":{"@type":"ImageObject","inLanguage":"en-US","@id":"https:\/\/asinorge.no\/#\/schema\/logo\/image\/","url":"https:\/\/asinorge.no\/wp-content\/uploads\/2023\/11\/cropped-ASi-Logony.png","contentUrl":"https:\/\/asinorge.no\/wp-content\/uploads\/2023\/11\/cropped-ASi-Logony.png","width":943,"height":246,"caption":"Alex Stewart International Norge AS"},"image":{"@id":"https:\/\/asinorge.no\/#\/schema\/logo\/image\/"},"sameAs":["https:\/\/www.facebook.com\/slabstord\/","https:\/\/no.linkedin.com\/in\/alex-stewart-international-norge-as-avd-stord-11a5421a3"]}]}},"uagb_featured_image_src":{"full":false,"thumbnail":false,"medium":false,"medium_large":false,"large":false,"1536x1536":false,"2048x2048":false,"trp-custom-language-flag":false},"uagb_author_info":{"display_name":"ASI Norge AS","author_link":"https:\/\/asinorge.no\/en\/author\/malin_brady\/"},"uagb_comment_info":0,"uagb_excerpt":"I forbindelse med mistanke om forurensing i grunnen eller i sj\u00f8sedimenter kan ASI Norge bist\u00e5 med pr\u00f8vetaking av grunn \/ sediment, opparbeiding og akkrediterte analyser av pr\u00f8ver. Det kan ogs\u00e5 utarbeides skriftlige rapporter for \u00e5 dokumentere milj\u00f8kvalitet til grunnpr\u00f8vene eller sedimentene. Vurderingen gjennomf\u00f8res med utgangspunkt i gjeldende veileder og konsentrasjonsgrenser fastsatt av milj\u00f8myndighetene, og utfra&hellip;","jetpack_sharing_enabled":true,"_links":{"self":[{"href":"https:\/\/asinorge.no\/en\/wp-json\/wp\/v2\/pages\/467","targetHints":{"allow":["GET"]}}],"collection":[{"href":"https:\/\/asinorge.no\/en\/wp-json\/wp\/v2\/pages"}],"about":[{"href":"https:\/\/asinorge.no\/en\/wp-json\/wp\/v2\/types\/page"}],"author":[{"embeddable":true,"href":"https:\/\/asinorge.no\/en\/wp-json\/wp\/v2\/users\/1"}],"replies":[{"embeddable":true,"href":"https:\/\/asinorge.no\/en\/wp-json\/wp\/v2\/comments?post=467"}],"version-history":[{"count":6,"href":"https:\/\/asinorge.no\/en\/wp-json\/wp\/v2\/pages\/467\/revisions"}],"predecessor-version":[{"id":476,"href":"https:\/\/asinorge.no\/en\/wp-json\/wp\/v2\/pages\/467\/revisions\/476"}],"wp:attachment":[{"href":"https:\/\/asinorge.no\/en\/wp-json\/wp\/v2\/media?parent=467"}],"curies":[{"name":"wp","href":"https:\/\/api.w.org\/{rel}","templated":true}]}}