{"id":462,"date":"2024-01-03T16:41:18","date_gmt":"2024-01-03T15:41:18","guid":{"rendered":"https:\/\/asinorge.no\/?page_id=462"},"modified":"2024-02-16T13:33:31","modified_gmt":"2024-02-16T12:33:31","slug":"inspeksjon-og-kontroll-provetaking","status":"publish","type":"page","link":"https:\/\/asinorge.no\/en\/inspeksjon-og-kontroll-provetaking\/","title":{"rendered":"INSPEKSJON OG KONTROLL, PR\u00d8VETAKING"},"content":{"rendered":"<div class=\"wp-block-cover alignfull\" style=\"min-height:620px;aspect-ratio:unset;\"><span aria-hidden=\"true\" class=\"wp-block-cover__background has-background-dim-70 has-background-dim wp-block-cover__gradient-background has-background-gradient\" style=\"background:linear-gradient(135deg,rgb(255,255,255) 0%,rgb(125,0,0) 48%,rgb(64,0,0) 100%)\"><\/span><img loading=\"lazy\" decoding=\"async\" width=\"1280\" height=\"853\" class=\"wp-block-cover__image-background wp-image-463\" alt=\"\" src=\"https:\/\/asinorge.no\/wp-content\/uploads\/2024\/01\/ship-5810249_1280.jpg\" style=\"object-position:64% 69%\" data-object-fit=\"cover\" data-object-position=\"64% 69%\" srcset=\"https:\/\/asinorge.no\/wp-content\/uploads\/2024\/01\/ship-5810249_1280.jpg 1280w, https:\/\/asinorge.no\/wp-content\/uploads\/2024\/01\/ship-5810249_1280-300x200.jpg 300w, https:\/\/asinorge.no\/wp-content\/uploads\/2024\/01\/ship-5810249_1280-1024x682.jpg 1024w, https:\/\/asinorge.no\/wp-content\/uploads\/2024\/01\/ship-5810249_1280-768x512.jpg 768w, https:\/\/asinorge.no\/wp-content\/uploads\/2024\/01\/ship-5810249_1280-18x12.jpg 18w\" sizes=\"auto, (max-width: 1280px) 100vw, 1280px\" \/><div class=\"wp-block-cover__inner-container is-layout-flow wp-block-cover-is-layout-flow\">\n<div style=\"height:57px\" aria-hidden=\"true\" class=\"wp-block-spacer\"><\/div>\n\n\n\n<h1 class=\"wp-block-heading has-text-align-center\">INSPEKSJON, KONTROLL OG PR\u00d8VETAKING<\/h1>\n\n\n\n<p class=\"has-text-align-center has-large-font-size\" style=\"text-transform:capitalize\"><\/p>\n<\/div><\/div>\n\n\n\n<div style=\"height:80px\" aria-hidden=\"true\" class=\"wp-block-spacer\"><\/div>\n\n\n\n<p class=\"has-vivid-red-color has-text-color has-link-color wp-elements-2b77bf71d76714dc46b8a26384fec68b\"><strong>INTERNASJONAL INSPEKSJON OG KONTROLL<\/strong><\/p>\n\n\n\n<p>Dette er hovedarbeidsomr\u00e5det til&nbsp;<a href=\"http:\/\/www.alexstewartinternational.com\/\" target=\"_blank\" rel=\"noreferrer noopener\">Alex Stewart International<\/a>, som ASI Norge AS er en del av. Siden vi har kontakter over hele verden kan for eksempel skipslaster f\u00f8lges fra utskipping til ankomsthavn. Per i dag utf\u00f8res inspeksjonsoppdrag hovedsakelig p\u00e5 Vestlandet, men vi kan bist\u00e5 med inspeksjon der kunden \u00f8nsker det.<\/p>\n\n\n\n<p>ASI Norge AS bist\u00e5r med f\u00f8lgende p\u00e5 dette omr\u00e5det:<\/p>\n\n\n\n<ul class=\"wp-block-list\">\n<li>Kontroll av r\u00e5varer til prossessindustrien<\/li>\n\n\n\n<li>Vekt og fuktighetskontroll ved lossing<\/li>\n\n\n\n<li>Tredjeparts akt\u00f8r ved kvalitetskontroll av malm<\/li>\n<\/ul>\n\n\n\n<p><strong>Referanseprosjekter<\/strong><\/p>\n\n\n\n<ul class=\"wp-block-list\">\n<li>Inspeksjon og kontroll av r\u00e5varer til prosessindustrien ved flere bedrifter i S\u00f8r-Norge (Boliden Odda AS, Tizir Titanium &amp; Iron)<\/li>\n\n\n\n<li>Pre shipping kontroll av utg\u00e5ende varer<\/li>\n<\/ul>\n\n\n\n<p><\/p>\n\n\n\n<p>Personell fra ASI Norge AS vil v\u00e6re tilstede under loggingen av lasten som skal inspiseres<\/p>\n\n\n\n<p><\/p>\n\n\n\n<p><strong>Sampling<\/strong><\/p>\n\n\n\n<p>Mange bedrifter \u00f8nsker at ASI Norge AS tar uavhengige og faglige forsvarlige pr\u00f8ver, i tillegg til \u00e5 analysere disse. Vi har omfattende kompetanse innen ulike typer pr\u00f8vetaking. Vi har lang erfaring med pr\u00f8vetakingstokt. Siden 1993 har vi m\u00e5lt et bredt spekter av parameter p\u00e5 ulike dyp i S\u00f8rfjorden, som underleverand\u00f8r til NIVA\u2019s milj\u00f8prosjekt. ASI Norge AS har egen b\u00e5t med tilhenger og utstyr for dypvannspr\u00f8ver. Vi utf\u00f8rer oppdrag p\u00e5 hele Vestlandet.<\/p>\n\n\n\n<p>ASI Norge AS utf\u00f8rer f\u00f8lgende pr\u00f8vetakingsoppdrag:<\/p>\n\n\n\n<ul class=\"wp-block-list\">\n<li>Pr\u00f8vetaking av fersk- og sj\u00f8vann<\/li>\n\n\n\n<li>Pr\u00f8vetaking av biota (bl\u00e5skjell og tang)<\/li>\n\n\n\n<li>Tokt med utstyr for bl.a. temperatur og salinitet, siktedyp, opphenting av pr\u00f8ver fra forskjellige dyp<\/li>\n\n\n\n<li>Innsamling av fisk for milj\u00f8overv\u00e5kningsoppdrag<\/li>\n\n\n\n<li>Grunnunders\u00f8kelser<\/li>\n\n\n\n<li>Sedimentunders\u00f8kelser<\/li>\n\n\n\n<li>R\u00e5dgiving knyttet til pr\u00f8vetakingsresultatene<\/li>\n<\/ul>\n\n\n\n<p><\/p>\n\n\n\n<div class=\"wp-block-uagb-container uagb-block-4774caec alignfull uagb-is-root-container\"><div class=\"uagb-container-inner-blocks-wrap\"><\/div><\/div>","protected":false},"excerpt":{"rendered":"<p>INTERNASJONAL INSPEKSJON OG KONTROLL Dette er hovedarbeidsomr\u00e5det til&nbsp;Alex Stewart International, som ASI Norge AS er en del av. Siden vi har kontakter over hele verden kan for eksempel skipslaster f\u00f8lges fra utskipping til ankomsthavn. Per i dag utf\u00f8res inspeksjonsoppdrag hovedsakelig p\u00e5 Vestlandet, men vi kan bist\u00e5 med inspeksjon der kunden \u00f8nsker det. ASI Norge AS [&hellip;]<\/p>\n","protected":false},"author":1,"featured_media":0,"parent":0,"menu_order":0,"comment_status":"closed","ping_status":"closed","template":"","meta":{"_uag_custom_page_level_css":"","site-sidebar-layout":"default","site-content-layout":"","ast-site-content-layout":"default","site-content-style":"default","site-sidebar-style":"default","ast-global-header-display":"","ast-banner-title-visibility":"","ast-main-header-display":"","ast-hfb-above-header-display":"","ast-hfb-below-header-display":"","ast-hfb-mobile-header-display":"","site-post-title":"disabled","ast-breadcrumbs-content":"","ast-featured-img":"","footer-sml-layout":"","ast-disable-related-posts":"","theme-transparent-header-meta":"default","adv-header-id-meta":"","stick-header-meta":"","header-above-stick-meta":"","header-main-stick-meta":"","header-below-stick-meta":"","astra-migrate-meta-layouts":"set","ast-page-background-enabled":"default","ast-page-background-meta":{"desktop":{"background-color":"var(--ast-global-color-4)","background-image":"","background-repeat":"repeat","background-position":"center center","background-size":"auto","background-attachment":"scroll","background-type":"","background-media":"","overlay-type":"","overlay-color":"","overlay-opacity":"","overlay-gradient":""},"tablet":{"background-color":"","background-image":"","background-repeat":"repeat","background-position":"center center","background-size":"auto","background-attachment":"scroll","background-type":"","background-media":"","overlay-type":"","overlay-color":"","overlay-opacity":"","overlay-gradient":""},"mobile":{"background-color":"","background-image":"","background-repeat":"repeat","background-position":"center center","background-size":"auto","background-attachment":"scroll","background-type":"","background-media":"","overlay-type":"","overlay-color":"","overlay-opacity":"","overlay-gradient":""}},"ast-content-background-meta":{"desktop":{"background-color":"var(--ast-global-color-5)","background-image":"","background-repeat":"repeat","background-position":"center center","background-size":"auto","background-attachment":"scroll","background-type":"","background-media":"","overlay-type":"","overlay-color":"","overlay-opacity":"","overlay-gradient":""},"tablet":{"background-color":"var(--ast-global-color-5)","background-image":"","background-repeat":"repeat","background-position":"center center","background-size":"auto","background-attachment":"scroll","background-type":"","background-media":"","overlay-type":"","overlay-color":"","overlay-opacity":"","overlay-gradient":""},"mobile":{"background-color":"var(--ast-global-color-5)","background-image":"","background-repeat":"repeat","background-position":"center center","background-size":"auto","background-attachment":"scroll","background-type":"","background-media":"","overlay-type":"","overlay-color":"","overlay-opacity":"","overlay-gradient":""}},"footnotes":""},"class_list":["post-462","page","type-page","status-publish","hentry"],"yoast_head":"<!-- This site is optimized with the Yoast SEO plugin v27.5 - https:\/\/yoast.com\/product\/yoast-seo-wordpress\/ -->\n<title>INSPEKSJON OG KONTROLL, PR\u00d8VETAKING - Alex Stewart International Norge AS<\/title>\n<meta name=\"description\" content=\"Dette er hovedarbeidsomr\u00e5det til\u00a0Alex Stewart International, som ASI Norge AS er en del av. Siden vi har kontakter over hele verden kan for eksempel skipslaster f\u00f8lges fra utskipping til ankomsthavn. Per i dag utf\u00f8res inspeksjonsoppdrag hovedsakelig p\u00e5 Vestlandet, men vi kan bist\u00e5 med inspeksjon der kunden \u00f8nsker det.\" \/>\n<meta name=\"robots\" content=\"index, follow, max-snippet:-1, max-image-preview:large, max-video-preview:-1\" \/>\n<link rel=\"canonical\" href=\"https:\/\/asinorge.no\/en\/inspeksjon-og-kontroll-provetaking\/\" \/>\n<meta property=\"og:locale\" content=\"en_US\" \/>\n<meta property=\"og:type\" content=\"article\" \/>\n<meta property=\"og:title\" content=\"INSPEKSJON OG KONTROLL, PR\u00d8VETAKING - Alex Stewart International Norge AS\" \/>\n<meta property=\"og:description\" content=\"Dette er hovedarbeidsomr\u00e5det til\u00a0Alex Stewart International, som ASI Norge AS er en del av. Siden vi har kontakter over hele verden kan for eksempel skipslaster f\u00f8lges fra utskipping til ankomsthavn. Per i dag utf\u00f8res inspeksjonsoppdrag hovedsakelig p\u00e5 Vestlandet, men vi kan bist\u00e5 med inspeksjon der kunden \u00f8nsker det.\" \/>\n<meta property=\"og:url\" content=\"https:\/\/asinorge.no\/en\/inspeksjon-og-kontroll-provetaking\/\" \/>\n<meta property=\"og:site_name\" content=\"Alex Stewart International Norge AS\" \/>\n<meta property=\"article:publisher\" content=\"https:\/\/www.facebook.com\/slabstord\/\" \/>\n<meta property=\"article:modified_time\" content=\"2024-02-16T12:33:31+00:00\" \/>\n<meta property=\"og:image\" content=\"https:\/\/asinorge.no\/wp-content\/uploads\/2024\/01\/ship-5810249_1280.jpg\" \/>\n<meta name=\"twitter:card\" content=\"summary_large_image\" \/>\n<meta name=\"twitter:label1\" content=\"Est. reading time\" \/>\n\t<meta name=\"twitter:data1\" content=\"2 minutes\" \/>\n<script type=\"application\/ld+json\" class=\"yoast-schema-graph\">{\"@context\":\"https:\\\/\\\/schema.org\",\"@graph\":[{\"@type\":\"WebPage\",\"@id\":\"https:\\\/\\\/asinorge.no\\\/inspeksjon-og-kontroll-provetaking\\\/\",\"url\":\"https:\\\/\\\/asinorge.no\\\/inspeksjon-og-kontroll-provetaking\\\/\",\"name\":\"INSPEKSJON OG KONTROLL, PR\u00d8VETAKING - Alex Stewart International Norge AS\",\"isPartOf\":{\"@id\":\"https:\\\/\\\/asinorge.no\\\/#website\"},\"primaryImageOfPage\":{\"@id\":\"https:\\\/\\\/asinorge.no\\\/inspeksjon-og-kontroll-provetaking\\\/#primaryimage\"},\"image\":{\"@id\":\"https:\\\/\\\/asinorge.no\\\/inspeksjon-og-kontroll-provetaking\\\/#primaryimage\"},\"thumbnailUrl\":\"https:\\\/\\\/asinorge.no\\\/wp-content\\\/uploads\\\/2024\\\/01\\\/ship-5810249_1280.jpg\",\"datePublished\":\"2024-01-03T15:41:18+00:00\",\"dateModified\":\"2024-02-16T12:33:31+00:00\",\"description\":\"Dette er hovedarbeidsomr\u00e5det til\u00a0Alex Stewart International, som ASI Norge AS er en del av. Siden vi har kontakter over hele verden kan for eksempel skipslaster f\u00f8lges fra utskipping til ankomsthavn. Per i dag utf\u00f8res inspeksjonsoppdrag hovedsakelig p\u00e5 Vestlandet, men vi kan bist\u00e5 med inspeksjon der kunden \u00f8nsker det.\",\"breadcrumb\":{\"@id\":\"https:\\\/\\\/asinorge.no\\\/inspeksjon-og-kontroll-provetaking\\\/#breadcrumb\"},\"inLanguage\":\"en-US\",\"potentialAction\":[{\"@type\":\"ReadAction\",\"target\":[\"https:\\\/\\\/asinorge.no\\\/inspeksjon-og-kontroll-provetaking\\\/\"]}]},{\"@type\":\"ImageObject\",\"inLanguage\":\"en-US\",\"@id\":\"https:\\\/\\\/asinorge.no\\\/inspeksjon-og-kontroll-provetaking\\\/#primaryimage\",\"url\":\"https:\\\/\\\/asinorge.no\\\/wp-content\\\/uploads\\\/2024\\\/01\\\/ship-5810249_1280.jpg\",\"contentUrl\":\"https:\\\/\\\/asinorge.no\\\/wp-content\\\/uploads\\\/2024\\\/01\\\/ship-5810249_1280.jpg\"},{\"@type\":\"BreadcrumbList\",\"@id\":\"https:\\\/\\\/asinorge.no\\\/inspeksjon-og-kontroll-provetaking\\\/#breadcrumb\",\"itemListElement\":[{\"@type\":\"ListItem\",\"position\":1,\"name\":\"Hjem\",\"item\":\"https:\\\/\\\/asinorge.no\\\/\"},{\"@type\":\"ListItem\",\"position\":2,\"name\":\"INSPEKSJON OG KONTROLL, PR\u00d8VETAKING\"}]},{\"@type\":\"WebSite\",\"@id\":\"https:\\\/\\\/asinorge.no\\\/#website\",\"url\":\"https:\\\/\\\/asinorge.no\\\/\",\"name\":\"Alex Stewart International Norge AS\",\"description\":\"Konsulent og laboratorietjenester\",\"publisher\":{\"@id\":\"https:\\\/\\\/asinorge.no\\\/#organization\"},\"alternateName\":\"ASI NORGE AS\",\"potentialAction\":[{\"@type\":\"SearchAction\",\"target\":{\"@type\":\"EntryPoint\",\"urlTemplate\":\"https:\\\/\\\/asinorge.no\\\/?s={search_term_string}\"},\"query-input\":{\"@type\":\"PropertyValueSpecification\",\"valueRequired\":true,\"valueName\":\"search_term_string\"}}],\"inLanguage\":\"en-US\"},{\"@type\":\"Organization\",\"@id\":\"https:\\\/\\\/asinorge.no\\\/#organization\",\"name\":\"Alex Stewart International Norge AS\",\"url\":\"https:\\\/\\\/asinorge.no\\\/\",\"logo\":{\"@type\":\"ImageObject\",\"inLanguage\":\"en-US\",\"@id\":\"https:\\\/\\\/asinorge.no\\\/#\\\/schema\\\/logo\\\/image\\\/\",\"url\":\"https:\\\/\\\/asinorge.no\\\/wp-content\\\/uploads\\\/2023\\\/11\\\/cropped-ASi-Logony.png\",\"contentUrl\":\"https:\\\/\\\/asinorge.no\\\/wp-content\\\/uploads\\\/2023\\\/11\\\/cropped-ASi-Logony.png\",\"width\":943,\"height\":246,\"caption\":\"Alex Stewart International Norge AS\"},\"image\":{\"@id\":\"https:\\\/\\\/asinorge.no\\\/#\\\/schema\\\/logo\\\/image\\\/\"},\"sameAs\":[\"https:\\\/\\\/www.facebook.com\\\/slabstord\\\/\",\"https:\\\/\\\/no.linkedin.com\\\/in\\\/alex-stewart-international-norge-as-avd-stord-11a5421a3\"]}]}<\/script>\n<!-- \/ Yoast SEO plugin. -->","yoast_head_json":{"title":"INSPEKSJON OG KONTROLL, PR\u00d8VETAKING - Alex Stewart International Norge AS","description":"Dette er hovedarbeidsomr\u00e5det til\u00a0Alex Stewart International, som ASI Norge AS er en del av. Siden vi har kontakter over hele verden kan for eksempel skipslaster f\u00f8lges fra utskipping til ankomsthavn. Per i dag utf\u00f8res inspeksjonsoppdrag hovedsakelig p\u00e5 Vestlandet, men vi kan bist\u00e5 med inspeksjon der kunden \u00f8nsker det.","robots":{"index":"index","follow":"follow","max-snippet":"max-snippet:-1","max-image-preview":"max-image-preview:large","max-video-preview":"max-video-preview:-1"},"canonical":"https:\/\/asinorge.no\/en\/inspeksjon-og-kontroll-provetaking\/","og_locale":"en_US","og_type":"article","og_title":"INSPEKSJON OG KONTROLL, PR\u00d8VETAKING - Alex Stewart International Norge AS","og_description":"Dette er hovedarbeidsomr\u00e5det til\u00a0Alex Stewart International, som ASI Norge AS er en del av. Siden vi har kontakter over hele verden kan for eksempel skipslaster f\u00f8lges fra utskipping til ankomsthavn. Per i dag utf\u00f8res inspeksjonsoppdrag hovedsakelig p\u00e5 Vestlandet, men vi kan bist\u00e5 med inspeksjon der kunden \u00f8nsker det.","og_url":"https:\/\/asinorge.no\/en\/inspeksjon-og-kontroll-provetaking\/","og_site_name":"Alex Stewart International Norge AS","article_publisher":"https:\/\/www.facebook.com\/slabstord\/","article_modified_time":"2024-02-16T12:33:31+00:00","og_image":[{"url":"https:\/\/asinorge.no\/wp-content\/uploads\/2024\/01\/ship-5810249_1280.jpg","type":"","width":"","height":""}],"twitter_card":"summary_large_image","twitter_misc":{"Est. reading time":"2 minutes"},"schema":{"@context":"https:\/\/schema.org","@graph":[{"@type":"WebPage","@id":"https:\/\/asinorge.no\/inspeksjon-og-kontroll-provetaking\/","url":"https:\/\/asinorge.no\/inspeksjon-og-kontroll-provetaking\/","name":"INSPEKSJON OG KONTROLL, PR\u00d8VETAKING - Alex Stewart International Norge AS","isPartOf":{"@id":"https:\/\/asinorge.no\/#website"},"primaryImageOfPage":{"@id":"https:\/\/asinorge.no\/inspeksjon-og-kontroll-provetaking\/#primaryimage"},"image":{"@id":"https:\/\/asinorge.no\/inspeksjon-og-kontroll-provetaking\/#primaryimage"},"thumbnailUrl":"https:\/\/asinorge.no\/wp-content\/uploads\/2024\/01\/ship-5810249_1280.jpg","datePublished":"2024-01-03T15:41:18+00:00","dateModified":"2024-02-16T12:33:31+00:00","description":"Dette er hovedarbeidsomr\u00e5det til\u00a0Alex Stewart International, som ASI Norge AS er en del av. Siden vi har kontakter over hele verden kan for eksempel skipslaster f\u00f8lges fra utskipping til ankomsthavn. Per i dag utf\u00f8res inspeksjonsoppdrag hovedsakelig p\u00e5 Vestlandet, men vi kan bist\u00e5 med inspeksjon der kunden \u00f8nsker det.","breadcrumb":{"@id":"https:\/\/asinorge.no\/inspeksjon-og-kontroll-provetaking\/#breadcrumb"},"inLanguage":"en-US","potentialAction":[{"@type":"ReadAction","target":["https:\/\/asinorge.no\/inspeksjon-og-kontroll-provetaking\/"]}]},{"@type":"ImageObject","inLanguage":"en-US","@id":"https:\/\/asinorge.no\/inspeksjon-og-kontroll-provetaking\/#primaryimage","url":"https:\/\/asinorge.no\/wp-content\/uploads\/2024\/01\/ship-5810249_1280.jpg","contentUrl":"https:\/\/asinorge.no\/wp-content\/uploads\/2024\/01\/ship-5810249_1280.jpg"},{"@type":"BreadcrumbList","@id":"https:\/\/asinorge.no\/inspeksjon-og-kontroll-provetaking\/#breadcrumb","itemListElement":[{"@type":"ListItem","position":1,"name":"Hjem","item":"https:\/\/asinorge.no\/"},{"@type":"ListItem","position":2,"name":"INSPEKSJON OG KONTROLL, PR\u00d8VETAKING"}]},{"@type":"WebSite","@id":"https:\/\/asinorge.no\/#website","url":"https:\/\/asinorge.no\/","name":"Alex Stewart International Norge AS","description":"Konsulent og laboratorietjenester","publisher":{"@id":"https:\/\/asinorge.no\/#organization"},"alternateName":"ASI NORGE AS","potentialAction":[{"@type":"SearchAction","target":{"@type":"EntryPoint","urlTemplate":"https:\/\/asinorge.no\/?s={search_term_string}"},"query-input":{"@type":"PropertyValueSpecification","valueRequired":true,"valueName":"search_term_string"}}],"inLanguage":"en-US"},{"@type":"Organization","@id":"https:\/\/asinorge.no\/#organization","name":"Alex Stewart International Norge AS","url":"https:\/\/asinorge.no\/","logo":{"@type":"ImageObject","inLanguage":"en-US","@id":"https:\/\/asinorge.no\/#\/schema\/logo\/image\/","url":"https:\/\/asinorge.no\/wp-content\/uploads\/2023\/11\/cropped-ASi-Logony.png","contentUrl":"https:\/\/asinorge.no\/wp-content\/uploads\/2023\/11\/cropped-ASi-Logony.png","width":943,"height":246,"caption":"Alex Stewart International Norge AS"},"image":{"@id":"https:\/\/asinorge.no\/#\/schema\/logo\/image\/"},"sameAs":["https:\/\/www.facebook.com\/slabstord\/","https:\/\/no.linkedin.com\/in\/alex-stewart-international-norge-as-avd-stord-11a5421a3"]}]}},"uagb_featured_image_src":{"full":false,"thumbnail":false,"medium":false,"medium_large":false,"large":false,"1536x1536":false,"2048x2048":false,"trp-custom-language-flag":false},"uagb_author_info":{"display_name":"ASI Norge AS","author_link":"https:\/\/asinorge.no\/en\/author\/malin_brady\/"},"uagb_comment_info":0,"uagb_excerpt":"INTERNASJONAL INSPEKSJON OG KONTROLL Dette er hovedarbeidsomr\u00e5det til&nbsp;Alex Stewart International, som ASI Norge AS er en del av. Siden vi har kontakter over hele verden kan for eksempel skipslaster f\u00f8lges fra utskipping til ankomsthavn. Per i dag utf\u00f8res inspeksjonsoppdrag hovedsakelig p\u00e5 Vestlandet, men vi kan bist\u00e5 med inspeksjon der kunden \u00f8nsker det. ASI Norge AS&hellip;","jetpack_sharing_enabled":true,"_links":{"self":[{"href":"https:\/\/asinorge.no\/en\/wp-json\/wp\/v2\/pages\/462","targetHints":{"allow":["GET"]}}],"collection":[{"href":"https:\/\/asinorge.no\/en\/wp-json\/wp\/v2\/pages"}],"about":[{"href":"https:\/\/asinorge.no\/en\/wp-json\/wp\/v2\/types\/page"}],"author":[{"embeddable":true,"href":"https:\/\/asinorge.no\/en\/wp-json\/wp\/v2\/users\/1"}],"replies":[{"embeddable":true,"href":"https:\/\/asinorge.no\/en\/wp-json\/wp\/v2\/comments?post=462"}],"version-history":[{"count":4,"href":"https:\/\/asinorge.no\/en\/wp-json\/wp\/v2\/pages\/462\/revisions"}],"predecessor-version":[{"id":1000,"href":"https:\/\/asinorge.no\/en\/wp-json\/wp\/v2\/pages\/462\/revisions\/1000"}],"wp:attachment":[{"href":"https:\/\/asinorge.no\/en\/wp-json\/wp\/v2\/media?parent=462"}],"curies":[{"name":"wp","href":"https:\/\/api.w.org\/{rel}","templated":true}]}}