{"id":456,"date":"2024-01-03T16:21:43","date_gmt":"2024-01-03T15:21:43","guid":{"rendered":"https:\/\/asinorge.no\/?page_id=456"},"modified":"2024-02-16T13:34:44","modified_gmt":"2024-02-16T12:34:44","slug":"konsulenttjenester","status":"publish","type":"page","link":"https:\/\/asinorge.no\/en\/konsulenttjenester\/","title":{"rendered":"KONSULENTTJENESTER"},"content":{"rendered":"<div class=\"wp-block-cover alignfull\" style=\"min-height:589px;aspect-ratio:unset;\"><span aria-hidden=\"true\" class=\"wp-block-cover__background has-background-dim-70 has-background-dim wp-block-cover__gradient-background has-background-gradient\" style=\"background:linear-gradient(135deg,rgb(255,255,255) 0%,rgb(125,0,0) 48%,rgb(64,0,0) 100%)\"><\/span><img loading=\"lazy\" decoding=\"async\" width=\"1277\" height=\"1915\" class=\"wp-block-cover__image-background wp-image-457\" alt=\"\" src=\"https:\/\/asinorge.no\/wp-content\/uploads\/2024\/01\/business-people-office.jpg\" style=\"object-position:47% 100%\" data-object-fit=\"cover\" data-object-position=\"47% 100%\" srcset=\"https:\/\/asinorge.no\/wp-content\/uploads\/2024\/01\/business-people-office.jpg 1277w, https:\/\/asinorge.no\/wp-content\/uploads\/2024\/01\/business-people-office-200x300.jpg 200w, https:\/\/asinorge.no\/wp-content\/uploads\/2024\/01\/business-people-office-683x1024.jpg 683w, https:\/\/asinorge.no\/wp-content\/uploads\/2024\/01\/business-people-office-768x1152.jpg 768w, https:\/\/asinorge.no\/wp-content\/uploads\/2024\/01\/business-people-office-1024x1536.jpg 1024w, https:\/\/asinorge.no\/wp-content\/uploads\/2024\/01\/business-people-office-8x12.jpg 8w\" sizes=\"auto, (max-width: 1277px) 100vw, 1277px\" \/><div class=\"wp-block-cover__inner-container is-layout-flow wp-block-cover-is-layout-flow\">\n<div style=\"height:57px\" aria-hidden=\"true\" class=\"wp-block-spacer\"><\/div>\n\n\n\n<h1 class=\"wp-block-heading has-text-align-center\">KONSULENTTJENESTER<\/h1>\n\n\n\n<p class=\"has-text-align-center has-large-font-size\" style=\"text-transform:none\"><\/p>\n<\/div><\/div>\n\n\n\n<div style=\"height:76px\" aria-hidden=\"true\" class=\"wp-block-spacer\"><\/div>\n\n\n\n<p>ASI Norge AS kan hjelpe deg med en rekke problemstillinger knyttet til milj\u00f8 og n\u00e6ring. Milj\u00f8kjemiske konsulenttjenester er knyttet til erfaringen og kompetansen innen biologi\/kjemi\/milj\u00f8 som bedriften har opparbeidet seg, slik at vi kan vurdere og kommentere analyseresultatene. Vi kan ut fra dette bist\u00e5 med r\u00e5d, veiledning og forslag til tiltak.<\/p>\n\n\n\n<p><strong>Typer konsulenttjenester som vi kan bist\u00e5 med:<\/strong><\/p>\n\n\n\n<p>ASI Norge AS tilbyr konsulenttjenester relatert til:<\/p>\n\n\n\n<ul class=\"wp-block-list\">\n<li>Milj\u00f8 og milj\u00f8overv\u00e5king<\/li>\n\n\n\n<li>Forurensing<\/li>\n\n\n\n<li>Forurenset grunn og sediment<\/li>\n\n\n\n<li>Milj\u00f8gifter<\/li>\n\n\n\n<li>Vannkvalitet<\/li>\n<\/ul>\n\n\n\n<p><strong>Referanseprosjekter<\/strong><\/p>\n\n\n\n<p>Utredningsarbeid relatert til:<\/p>\n\n\n\n<ul class=\"wp-block-list\">\n<li>Milj\u00f8overv\u00e5kning av avfallsdeponi<\/li>\n\n\n\n<li>Forurenset grunn og sj\u00f8sediment<\/li>\n\n\n\n<li>Kompostering av slam og v\u00e5torganisk avfall<\/li>\n\n\n\n<li>Vurdering av sigevannsutslipp<\/li>\n\n\n\n<li>Milj\u00f8vurdering av rivingsklar bygningsmasse<\/li>\n\n\n\n<li>Milj\u00f8- og renhold i produksjonsmilj\u00f8<\/li>\n<\/ul>\n\n\n\n<div style=\"height:100px\" aria-hidden=\"true\" class=\"wp-block-spacer\"><\/div>","protected":false},"excerpt":{"rendered":"<p>ASI Norge AS kan hjelpe deg med en rekke problemstillinger knyttet til milj\u00f8 og n\u00e6ring. Milj\u00f8kjemiske konsulenttjenester er knyttet til erfaringen og kompetansen innen biologi\/kjemi\/milj\u00f8 som bedriften har opparbeidet seg, slik at vi kan vurdere og kommentere analyseresultatene. Vi kan ut fra dette bist\u00e5 med r\u00e5d, veiledning og forslag til tiltak. Typer konsulenttjenester som vi [&hellip;]<\/p>\n","protected":false},"author":1,"featured_media":0,"parent":0,"menu_order":0,"comment_status":"closed","ping_status":"closed","template":"","meta":{"_uag_custom_page_level_css":"","site-sidebar-layout":"default","site-content-layout":"","ast-site-content-layout":"default","site-content-style":"default","site-sidebar-style":"default","ast-global-header-display":"","ast-banner-title-visibility":"","ast-main-header-display":"","ast-hfb-above-header-display":"","ast-hfb-below-header-display":"","ast-hfb-mobile-header-display":"","site-post-title":"disabled","ast-breadcrumbs-content":"","ast-featured-img":"","footer-sml-layout":"","ast-disable-related-posts":"","theme-transparent-header-meta":"default","adv-header-id-meta":"","stick-header-meta":"","header-above-stick-meta":"","header-main-stick-meta":"","header-below-stick-meta":"","astra-migrate-meta-layouts":"set","ast-page-background-enabled":"default","ast-page-background-meta":{"desktop":{"background-color":"var(--ast-global-color-4)","background-image":"","background-repeat":"repeat","background-position":"center center","background-size":"auto","background-attachment":"scroll","background-type":"","background-media":"","overlay-type":"","overlay-color":"","overlay-opacity":"","overlay-gradient":""},"tablet":{"background-color":"","background-image":"","background-repeat":"repeat","background-position":"center center","background-size":"auto","background-attachment":"scroll","background-type":"","background-media":"","overlay-type":"","overlay-color":"","overlay-opacity":"","overlay-gradient":""},"mobile":{"background-color":"","background-image":"","background-repeat":"repeat","background-position":"center center","background-size":"auto","background-attachment":"scroll","background-type":"","background-media":"","overlay-type":"","overlay-color":"","overlay-opacity":"","overlay-gradient":""}},"ast-content-background-meta":{"desktop":{"background-color":"var(--ast-global-color-5)","background-image":"","background-repeat":"repeat","background-position":"center center","background-size":"auto","background-attachment":"scroll","background-type":"","background-media":"","overlay-type":"","overlay-color":"","overlay-opacity":"","overlay-gradient":""},"tablet":{"background-color":"var(--ast-global-color-5)","background-image":"","background-repeat":"repeat","background-position":"center center","background-size":"auto","background-attachment":"scroll","background-type":"","background-media":"","overlay-type":"","overlay-color":"","overlay-opacity":"","overlay-gradient":""},"mobile":{"background-color":"var(--ast-global-color-5)","background-image":"","background-repeat":"repeat","background-position":"center center","background-size":"auto","background-attachment":"scroll","background-type":"","background-media":"","overlay-type":"","overlay-color":"","overlay-opacity":"","overlay-gradient":""}},"footnotes":""},"class_list":["post-456","page","type-page","status-publish","hentry"],"yoast_head":"<!-- This site is optimized with the Yoast SEO plugin v27.5 - https:\/\/yoast.com\/product\/yoast-seo-wordpress\/ -->\n<title>KONSULENTTJENESTER - Alex Stewart International Norge AS<\/title>\n<meta name=\"description\" content=\"ASI Norge AS kan hjelpe deg med en rekke problemstillinger knyttet til milj\u00f8 og n\u00e6ring. Milj\u00f8kjemiske konsulenttjenester er knyttet til erfaringen og kompetansen innen biologi\/kjemi\/milj\u00f8 som bedriften har opparbeidet seg, slik at vi kan vurdere og kommentere analyseresultatene. Vi kan ut fra dette bist\u00e5 med r\u00e5d, veiledning og forslag til tiltak.\" \/>\n<meta name=\"robots\" content=\"index, follow, max-snippet:-1, max-image-preview:large, max-video-preview:-1\" \/>\n<link rel=\"canonical\" href=\"https:\/\/asinorge.no\/en\/konsulenttjenester\/\" \/>\n<meta property=\"og:locale\" content=\"en_US\" \/>\n<meta property=\"og:type\" content=\"article\" \/>\n<meta property=\"og:title\" content=\"KONSULENTTJENESTER - Alex Stewart International Norge AS\" \/>\n<meta property=\"og:description\" content=\"ASI Norge AS kan hjelpe deg med en rekke problemstillinger knyttet til milj\u00f8 og n\u00e6ring. Milj\u00f8kjemiske konsulenttjenester er knyttet til erfaringen og kompetansen innen biologi\/kjemi\/milj\u00f8 som bedriften har opparbeidet seg, slik at vi kan vurdere og kommentere analyseresultatene. Vi kan ut fra dette bist\u00e5 med r\u00e5d, veiledning og forslag til tiltak.\" \/>\n<meta property=\"og:url\" content=\"https:\/\/asinorge.no\/en\/konsulenttjenester\/\" \/>\n<meta property=\"og:site_name\" content=\"Alex Stewart International Norge AS\" \/>\n<meta property=\"article:publisher\" content=\"https:\/\/www.facebook.com\/slabstord\/\" \/>\n<meta property=\"article:modified_time\" content=\"2024-02-16T12:34:44+00:00\" \/>\n<meta property=\"og:image\" content=\"https:\/\/asinorge.no\/wp-content\/uploads\/2024\/01\/business-people-office.jpg\" \/>\n<meta name=\"twitter:card\" content=\"summary_large_image\" \/>\n<meta name=\"twitter:label1\" content=\"Est. reading time\" \/>\n\t<meta name=\"twitter:data1\" content=\"1 minute\" \/>\n<script type=\"application\/ld+json\" class=\"yoast-schema-graph\">{\"@context\":\"https:\\\/\\\/schema.org\",\"@graph\":[{\"@type\":\"WebPage\",\"@id\":\"https:\\\/\\\/asinorge.no\\\/konsulenttjenester\\\/\",\"url\":\"https:\\\/\\\/asinorge.no\\\/konsulenttjenester\\\/\",\"name\":\"KONSULENTTJENESTER - Alex Stewart International Norge AS\",\"isPartOf\":{\"@id\":\"https:\\\/\\\/asinorge.no\\\/#website\"},\"primaryImageOfPage\":{\"@id\":\"https:\\\/\\\/asinorge.no\\\/konsulenttjenester\\\/#primaryimage\"},\"image\":{\"@id\":\"https:\\\/\\\/asinorge.no\\\/konsulenttjenester\\\/#primaryimage\"},\"thumbnailUrl\":\"https:\\\/\\\/asinorge.no\\\/wp-content\\\/uploads\\\/2024\\\/01\\\/business-people-office.jpg\",\"datePublished\":\"2024-01-03T15:21:43+00:00\",\"dateModified\":\"2024-02-16T12:34:44+00:00\",\"description\":\"ASI Norge AS kan hjelpe deg med en rekke problemstillinger knyttet til milj\u00f8 og n\u00e6ring. Milj\u00f8kjemiske konsulenttjenester er knyttet til erfaringen og kompetansen innen biologi\\\/kjemi\\\/milj\u00f8 som bedriften har opparbeidet seg, slik at vi kan vurdere og kommentere analyseresultatene. Vi kan ut fra dette bist\u00e5 med r\u00e5d, veiledning og forslag til tiltak.\",\"breadcrumb\":{\"@id\":\"https:\\\/\\\/asinorge.no\\\/konsulenttjenester\\\/#breadcrumb\"},\"inLanguage\":\"en-US\",\"potentialAction\":[{\"@type\":\"ReadAction\",\"target\":[\"https:\\\/\\\/asinorge.no\\\/konsulenttjenester\\\/\"]}]},{\"@type\":\"ImageObject\",\"inLanguage\":\"en-US\",\"@id\":\"https:\\\/\\\/asinorge.no\\\/konsulenttjenester\\\/#primaryimage\",\"url\":\"https:\\\/\\\/asinorge.no\\\/wp-content\\\/uploads\\\/2024\\\/01\\\/business-people-office.jpg\",\"contentUrl\":\"https:\\\/\\\/asinorge.no\\\/wp-content\\\/uploads\\\/2024\\\/01\\\/business-people-office.jpg\"},{\"@type\":\"BreadcrumbList\",\"@id\":\"https:\\\/\\\/asinorge.no\\\/konsulenttjenester\\\/#breadcrumb\",\"itemListElement\":[{\"@type\":\"ListItem\",\"position\":1,\"name\":\"Hjem\",\"item\":\"https:\\\/\\\/asinorge.no\\\/\"},{\"@type\":\"ListItem\",\"position\":2,\"name\":\"KONSULENTTJENESTER\"}]},{\"@type\":\"WebSite\",\"@id\":\"https:\\\/\\\/asinorge.no\\\/#website\",\"url\":\"https:\\\/\\\/asinorge.no\\\/\",\"name\":\"Alex Stewart International Norge AS\",\"description\":\"Konsulent og laboratorietjenester\",\"publisher\":{\"@id\":\"https:\\\/\\\/asinorge.no\\\/#organization\"},\"alternateName\":\"ASI NORGE AS\",\"potentialAction\":[{\"@type\":\"SearchAction\",\"target\":{\"@type\":\"EntryPoint\",\"urlTemplate\":\"https:\\\/\\\/asinorge.no\\\/?s={search_term_string}\"},\"query-input\":{\"@type\":\"PropertyValueSpecification\",\"valueRequired\":true,\"valueName\":\"search_term_string\"}}],\"inLanguage\":\"en-US\"},{\"@type\":\"Organization\",\"@id\":\"https:\\\/\\\/asinorge.no\\\/#organization\",\"name\":\"Alex Stewart International Norge AS\",\"url\":\"https:\\\/\\\/asinorge.no\\\/\",\"logo\":{\"@type\":\"ImageObject\",\"inLanguage\":\"en-US\",\"@id\":\"https:\\\/\\\/asinorge.no\\\/#\\\/schema\\\/logo\\\/image\\\/\",\"url\":\"https:\\\/\\\/asinorge.no\\\/wp-content\\\/uploads\\\/2023\\\/11\\\/cropped-ASi-Logony.png\",\"contentUrl\":\"https:\\\/\\\/asinorge.no\\\/wp-content\\\/uploads\\\/2023\\\/11\\\/cropped-ASi-Logony.png\",\"width\":943,\"height\":246,\"caption\":\"Alex Stewart International Norge AS\"},\"image\":{\"@id\":\"https:\\\/\\\/asinorge.no\\\/#\\\/schema\\\/logo\\\/image\\\/\"},\"sameAs\":[\"https:\\\/\\\/www.facebook.com\\\/slabstord\\\/\",\"https:\\\/\\\/no.linkedin.com\\\/in\\\/alex-stewart-international-norge-as-avd-stord-11a5421a3\"]}]}<\/script>\n<!-- \/ Yoast SEO plugin. -->","yoast_head_json":{"title":"KONSULENTTJENESTER - Alex Stewart International Norge AS","description":"ASI Norge AS kan hjelpe deg med en rekke problemstillinger knyttet til milj\u00f8 og n\u00e6ring. Milj\u00f8kjemiske konsulenttjenester er knyttet til erfaringen og kompetansen innen biologi\/kjemi\/milj\u00f8 som bedriften har opparbeidet seg, slik at vi kan vurdere og kommentere analyseresultatene. Vi kan ut fra dette bist\u00e5 med r\u00e5d, veiledning og forslag til tiltak.","robots":{"index":"index","follow":"follow","max-snippet":"max-snippet:-1","max-image-preview":"max-image-preview:large","max-video-preview":"max-video-preview:-1"},"canonical":"https:\/\/asinorge.no\/en\/konsulenttjenester\/","og_locale":"en_US","og_type":"article","og_title":"KONSULENTTJENESTER - Alex Stewart International Norge AS","og_description":"ASI Norge AS kan hjelpe deg med en rekke problemstillinger knyttet til milj\u00f8 og n\u00e6ring. Milj\u00f8kjemiske konsulenttjenester er knyttet til erfaringen og kompetansen innen biologi\/kjemi\/milj\u00f8 som bedriften har opparbeidet seg, slik at vi kan vurdere og kommentere analyseresultatene. Vi kan ut fra dette bist\u00e5 med r\u00e5d, veiledning og forslag til tiltak.","og_url":"https:\/\/asinorge.no\/en\/konsulenttjenester\/","og_site_name":"Alex Stewart International Norge AS","article_publisher":"https:\/\/www.facebook.com\/slabstord\/","article_modified_time":"2024-02-16T12:34:44+00:00","og_image":[{"url":"https:\/\/asinorge.no\/wp-content\/uploads\/2024\/01\/business-people-office.jpg","type":"","width":"","height":""}],"twitter_card":"summary_large_image","twitter_misc":{"Est. reading time":"1 minute"},"schema":{"@context":"https:\/\/schema.org","@graph":[{"@type":"WebPage","@id":"https:\/\/asinorge.no\/konsulenttjenester\/","url":"https:\/\/asinorge.no\/konsulenttjenester\/","name":"KONSULENTTJENESTER - Alex Stewart International Norge AS","isPartOf":{"@id":"https:\/\/asinorge.no\/#website"},"primaryImageOfPage":{"@id":"https:\/\/asinorge.no\/konsulenttjenester\/#primaryimage"},"image":{"@id":"https:\/\/asinorge.no\/konsulenttjenester\/#primaryimage"},"thumbnailUrl":"https:\/\/asinorge.no\/wp-content\/uploads\/2024\/01\/business-people-office.jpg","datePublished":"2024-01-03T15:21:43+00:00","dateModified":"2024-02-16T12:34:44+00:00","description":"ASI Norge AS kan hjelpe deg med en rekke problemstillinger knyttet til milj\u00f8 og n\u00e6ring. Milj\u00f8kjemiske konsulenttjenester er knyttet til erfaringen og kompetansen innen biologi\/kjemi\/milj\u00f8 som bedriften har opparbeidet seg, slik at vi kan vurdere og kommentere analyseresultatene. Vi kan ut fra dette bist\u00e5 med r\u00e5d, veiledning og forslag til tiltak.","breadcrumb":{"@id":"https:\/\/asinorge.no\/konsulenttjenester\/#breadcrumb"},"inLanguage":"en-US","potentialAction":[{"@type":"ReadAction","target":["https:\/\/asinorge.no\/konsulenttjenester\/"]}]},{"@type":"ImageObject","inLanguage":"en-US","@id":"https:\/\/asinorge.no\/konsulenttjenester\/#primaryimage","url":"https:\/\/asinorge.no\/wp-content\/uploads\/2024\/01\/business-people-office.jpg","contentUrl":"https:\/\/asinorge.no\/wp-content\/uploads\/2024\/01\/business-people-office.jpg"},{"@type":"BreadcrumbList","@id":"https:\/\/asinorge.no\/konsulenttjenester\/#breadcrumb","itemListElement":[{"@type":"ListItem","position":1,"name":"Hjem","item":"https:\/\/asinorge.no\/"},{"@type":"ListItem","position":2,"name":"KONSULENTTJENESTER"}]},{"@type":"WebSite","@id":"https:\/\/asinorge.no\/#website","url":"https:\/\/asinorge.no\/","name":"Alex Stewart International Norge AS","description":"Konsulent og laboratorietjenester","publisher":{"@id":"https:\/\/asinorge.no\/#organization"},"alternateName":"ASI NORGE AS","potentialAction":[{"@type":"SearchAction","target":{"@type":"EntryPoint","urlTemplate":"https:\/\/asinorge.no\/?s={search_term_string}"},"query-input":{"@type":"PropertyValueSpecification","valueRequired":true,"valueName":"search_term_string"}}],"inLanguage":"en-US"},{"@type":"Organization","@id":"https:\/\/asinorge.no\/#organization","name":"Alex Stewart International Norge AS","url":"https:\/\/asinorge.no\/","logo":{"@type":"ImageObject","inLanguage":"en-US","@id":"https:\/\/asinorge.no\/#\/schema\/logo\/image\/","url":"https:\/\/asinorge.no\/wp-content\/uploads\/2023\/11\/cropped-ASi-Logony.png","contentUrl":"https:\/\/asinorge.no\/wp-content\/uploads\/2023\/11\/cropped-ASi-Logony.png","width":943,"height":246,"caption":"Alex Stewart International Norge AS"},"image":{"@id":"https:\/\/asinorge.no\/#\/schema\/logo\/image\/"},"sameAs":["https:\/\/www.facebook.com\/slabstord\/","https:\/\/no.linkedin.com\/in\/alex-stewart-international-norge-as-avd-stord-11a5421a3"]}]}},"uagb_featured_image_src":{"full":false,"thumbnail":false,"medium":false,"medium_large":false,"large":false,"1536x1536":false,"2048x2048":false,"trp-custom-language-flag":false},"uagb_author_info":{"display_name":"ASI Norge AS","author_link":"https:\/\/asinorge.no\/en\/author\/malin_brady\/"},"uagb_comment_info":0,"uagb_excerpt":"ASI Norge AS kan hjelpe deg med en rekke problemstillinger knyttet til milj\u00f8 og n\u00e6ring. Milj\u00f8kjemiske konsulenttjenester er knyttet til erfaringen og kompetansen innen biologi\/kjemi\/milj\u00f8 som bedriften har opparbeidet seg, slik at vi kan vurdere og kommentere analyseresultatene. Vi kan ut fra dette bist\u00e5 med r\u00e5d, veiledning og forslag til tiltak. Typer konsulenttjenester som vi&hellip;","jetpack_sharing_enabled":true,"_links":{"self":[{"href":"https:\/\/asinorge.no\/en\/wp-json\/wp\/v2\/pages\/456","targetHints":{"allow":["GET"]}}],"collection":[{"href":"https:\/\/asinorge.no\/en\/wp-json\/wp\/v2\/pages"}],"about":[{"href":"https:\/\/asinorge.no\/en\/wp-json\/wp\/v2\/types\/page"}],"author":[{"embeddable":true,"href":"https:\/\/asinorge.no\/en\/wp-json\/wp\/v2\/users\/1"}],"replies":[{"embeddable":true,"href":"https:\/\/asinorge.no\/en\/wp-json\/wp\/v2\/comments?post=456"}],"version-history":[{"count":2,"href":"https:\/\/asinorge.no\/en\/wp-json\/wp\/v2\/pages\/456\/revisions"}],"predecessor-version":[{"id":459,"href":"https:\/\/asinorge.no\/en\/wp-json\/wp\/v2\/pages\/456\/revisions\/459"}],"wp:attachment":[{"href":"https:\/\/asinorge.no\/en\/wp-json\/wp\/v2\/media?parent=456"}],"curies":[{"name":"wp","href":"https:\/\/api.w.org\/{rel}","templated":true}]}}