{"id":233,"date":"2023-05-19T12:18:42","date_gmt":"2023-05-19T10:18:42","guid":{"rendered":"https:\/\/asinorge.no\/?page_id=233"},"modified":"2024-02-16T13:23:48","modified_gmt":"2024-02-16T12:23:48","slug":"analyse-av-produksjonsmiljo","status":"publish","type":"page","link":"https:\/\/asinorge.no\/en\/analyse-av-produksjonsmiljo\/","title":{"rendered":"ANALYSE AV PRODUKSJONSMILJ\u00d8"},"content":{"rendered":"<div class=\"wp-block-cover alignfull is-light\" style=\"min-height:580px;aspect-ratio:unset;\"><span aria-hidden=\"true\" class=\"wp-block-cover__background has-background-dim wp-block-cover__gradient-background has-background-gradient\" style=\"background:linear-gradient(135deg,rgb(209,169,140) 0%,rgb(162,20,20) 48%,rgb(53,2,2) 100%)\"><\/span><img loading=\"lazy\" decoding=\"async\" width=\"1280\" height=\"853\" class=\"wp-block-cover__image-background wp-image-236\" alt=\"\" src=\"https:\/\/asinorge.no\/wp-content\/uploads\/2023\/05\/cut-g7c94dd145_1280.jpg\" style=\"object-position:69% 77%\" data-object-fit=\"cover\" data-object-position=\"69% 77%\" srcset=\"https:\/\/asinorge.no\/wp-content\/uploads\/2023\/05\/cut-g7c94dd145_1280.jpg 1280w, https:\/\/asinorge.no\/wp-content\/uploads\/2023\/05\/cut-g7c94dd145_1280-300x200.jpg 300w, https:\/\/asinorge.no\/wp-content\/uploads\/2023\/05\/cut-g7c94dd145_1280-1024x682.jpg 1024w, https:\/\/asinorge.no\/wp-content\/uploads\/2023\/05\/cut-g7c94dd145_1280-768x512.jpg 768w\" sizes=\"auto, (max-width: 1280px) 100vw, 1280px\" \/><div class=\"wp-block-cover__inner-container is-layout-flow wp-block-cover-is-layout-flow\">\n<div style=\"height:70px\" aria-hidden=\"true\" class=\"wp-block-spacer\"><\/div>\n\n\n\n<h1 class=\"wp-block-heading has-text-align-center\">ANALYSE AV PRODUKSJONSMILJ\u00d8<\/h1>\n\n\n\n<p class=\"has-text-align-center has-medium-font-size\"><em>Listeria monocytogenes, ATP m\u00e5linger, produksjon- og avl\u00f8psvann<\/em><\/p>\n<\/div><\/div>\n\n\n\n<div style=\"height:77px\" aria-hidden=\"true\" class=\"wp-block-spacer\"><\/div>\n\n\n\n<p>Dersom det finnes&nbsp;<em>Listeria monocytogenes<\/em>&nbsp;i produksjonsmilj\u00f8et vil det kunne v\u00e6re risiko for at&nbsp;<em>Listeria<\/em>&nbsp;ogs\u00e5 kan finnes i produkt. Derfor er det viktig \u00e5 sjekke produksjonsmilj\u00f8et rutinemessig. Dette gj\u00f8res ved \u00e5 svabre kritiske omr\u00e5der som kan komme i kontakt med produkt.<\/p>\n\n\n\n<p>Kluter, svabrer og tamponger (slukpr\u00f8ve) kan du bestille via laboratoriet, som oftest er dette gratis dersom du bestiller analysene hos oss.<\/p>\n\n\n\n<p>ATP m\u00e5ling av produksjonsmilj\u00f8et er en enkel og rask metode for \u00e5 sjekke renhold. De fleste av v\u00e5re kunder bruker SystemSure ATP m\u00e5ler &#8211; SystemSure samt Ultrasnap svaber kan bestilles via ASI Norge. Vi kan ogs\u00e5 bist\u00e5 med hjelp av oppsett p\u00e5 nye ATP m\u00e5lere.<\/p>\n\n\n\n<p>Produksjonsvann som brukes i produksjon av n\u00e6ringsmidler er ogs\u00e5 viktig \u00e5 teste rutinemessig. Her er det nok med \u00e5 teste full kjemi\/mikrobiologi p\u00e5 hovedtappepunktet og bare mikrobiologiske analyser p\u00e5 andre uttakssteder. <\/p>\n\n\n\n<p>En b\u00f8r utf\u00f8re analyser av kimtall (total antall mikroorganismer), koliforme, e. coli og intestinale entrokokker. Dette er gode indikatorbakterier for det generelle bakterieniv\u00e5et i vannet. I tillegg b\u00f8r fysikalske parameter som pH, ledningsevne, farge og turbiditet kontrolleres.<\/p>\n\n\n\n<p>Noen n\u00e6ringsmiddelprodusenter har ogs\u00e5 krav om \u00e5 sende inn avl\u00f8pspr\u00f8ver. <br>pH, Suspendert Stoff, BOF-5, KOF-cr, Fett\/olje, total fosfor og nitrogen er noen av analysene vi kan tilby &#8211; Er du usikker p\u00e5 hva analyser du trenger kan du ta kontakt med oss.<\/p>\n\n\n\n<div style=\"height:100px\" aria-hidden=\"true\" class=\"wp-block-spacer\"><\/div>","protected":false},"excerpt":{"rendered":"<p>Dersom det finnes&nbsp;Listeria monocytogenes&nbsp;i produksjonsmilj\u00f8et vil det kunne v\u00e6re risiko for at&nbsp;Listeria&nbsp;ogs\u00e5 kan finnes i produkt. Derfor er det viktig \u00e5 sjekke produksjonsmilj\u00f8et rutinemessig. Dette gj\u00f8res ved \u00e5 svabre kritiske omr\u00e5der som kan komme i kontakt med produkt. Kluter, svabrer og tamponger (slukpr\u00f8ve) kan du bestille via laboratoriet, som oftest er dette gratis dersom du [&hellip;]<\/p>\n","protected":false},"author":1,"featured_media":0,"parent":0,"menu_order":0,"comment_status":"closed","ping_status":"closed","template":"","meta":{"_uag_custom_page_level_css":"","site-sidebar-layout":"default","site-content-layout":"","ast-site-content-layout":"default","site-content-style":"default","site-sidebar-style":"default","ast-global-header-display":"","ast-banner-title-visibility":"","ast-main-header-display":"","ast-hfb-above-header-display":"","ast-hfb-below-header-display":"","ast-hfb-mobile-header-display":"","site-post-title":"disabled","ast-breadcrumbs-content":"","ast-featured-img":"","footer-sml-layout":"","ast-disable-related-posts":"","theme-transparent-header-meta":"disabled","adv-header-id-meta":"","stick-header-meta":"","header-above-stick-meta":"","header-main-stick-meta":"","header-below-stick-meta":"","astra-migrate-meta-layouts":"set","ast-page-background-enabled":"default","ast-page-background-meta":{"desktop":{"background-color":"var(--ast-global-color-4)","background-image":"","background-repeat":"repeat","background-position":"center center","background-size":"auto","background-attachment":"scroll","background-type":"","background-media":"","overlay-type":"","overlay-color":"","overlay-opacity":"","overlay-gradient":""},"tablet":{"background-color":"","background-image":"","background-repeat":"repeat","background-position":"center center","background-size":"auto","background-attachment":"scroll","background-type":"","background-media":"","overlay-type":"","overlay-color":"","overlay-opacity":"","overlay-gradient":""},"mobile":{"background-color":"","background-image":"","background-repeat":"repeat","background-position":"center center","background-size":"auto","background-attachment":"scroll","background-type":"","background-media":"","overlay-type":"","overlay-color":"","overlay-opacity":"","overlay-gradient":""}},"ast-content-background-meta":{"desktop":{"background-color":"var(--ast-global-color-5)","background-image":"","background-repeat":"repeat","background-position":"center center","background-size":"auto","background-attachment":"scroll","background-type":"","background-media":"","overlay-type":"","overlay-color":"","overlay-opacity":"","overlay-gradient":""},"tablet":{"background-color":"var(--ast-global-color-5)","background-image":"","background-repeat":"repeat","background-position":"center center","background-size":"auto","background-attachment":"scroll","background-type":"","background-media":"","overlay-type":"","overlay-color":"","overlay-opacity":"","overlay-gradient":""},"mobile":{"background-color":"var(--ast-global-color-5)","background-image":"","background-repeat":"repeat","background-position":"center center","background-size":"auto","background-attachment":"scroll","background-type":"","background-media":"","overlay-type":"","overlay-color":"","overlay-opacity":"","overlay-gradient":""}},"footnotes":""},"class_list":["post-233","page","type-page","status-publish","hentry"],"yoast_head":"<!-- This site is optimized with the Yoast SEO plugin v27.5 - https:\/\/yoast.com\/product\/yoast-seo-wordpress\/ -->\n<title>ANALYSE AV PRODUKSJONSMILJ\u00d8 - Alex Stewart International Norge AS<\/title>\n<meta name=\"description\" content=\"Dersom det finnes\u00a0Listeria monocytogenes\u00a0i produksjonsmilj\u00f8et vil det kunne v\u00e6re risiko for at\u00a0Listeria\u00a0ogs\u00e5 kan finnes i produkt. Derfor er det viktig \u00e5 sjekke produksjonsmilj\u00f8et rutinemessig. Dette gj\u00f8res ved \u00e5 svabre kritiske omr\u00e5der som kan komme i kontakt med produkt.\" \/>\n<meta name=\"robots\" content=\"index, follow, max-snippet:-1, max-image-preview:large, max-video-preview:-1\" \/>\n<link rel=\"canonical\" href=\"https:\/\/asinorge.no\/en\/analyse-av-produksjonsmiljo\/\" \/>\n<meta property=\"og:locale\" content=\"en_US\" \/>\n<meta property=\"og:type\" content=\"article\" \/>\n<meta property=\"og:title\" content=\"ANALYSE AV PRODUKSJONSMILJ\u00d8 - Alex Stewart International Norge AS\" \/>\n<meta property=\"og:description\" content=\"Dersom det finnes\u00a0Listeria monocytogenes\u00a0i produksjonsmilj\u00f8et vil det kunne v\u00e6re risiko for at\u00a0Listeria\u00a0ogs\u00e5 kan finnes i produkt. Derfor er det viktig \u00e5 sjekke produksjonsmilj\u00f8et rutinemessig. Dette gj\u00f8res ved \u00e5 svabre kritiske omr\u00e5der som kan komme i kontakt med produkt.\" \/>\n<meta property=\"og:url\" content=\"https:\/\/asinorge.no\/en\/analyse-av-produksjonsmiljo\/\" \/>\n<meta property=\"og:site_name\" content=\"Alex Stewart International Norge AS\" \/>\n<meta property=\"article:publisher\" content=\"https:\/\/www.facebook.com\/slabstord\/\" \/>\n<meta property=\"article:modified_time\" content=\"2024-02-16T12:23:48+00:00\" \/>\n<meta property=\"og:image\" content=\"https:\/\/asinorge.no\/wp-content\/uploads\/2023\/05\/cut-g7c94dd145_1280.jpg\" \/>\n<meta name=\"twitter:card\" content=\"summary_large_image\" \/>\n<meta name=\"twitter:label1\" content=\"Est. reading time\" \/>\n\t<meta name=\"twitter:data1\" content=\"2 minutes\" \/>\n<script type=\"application\/ld+json\" class=\"yoast-schema-graph\">{\"@context\":\"https:\\\/\\\/schema.org\",\"@graph\":[{\"@type\":\"WebPage\",\"@id\":\"https:\\\/\\\/asinorge.no\\\/analyse-av-produksjonsmiljo\\\/\",\"url\":\"https:\\\/\\\/asinorge.no\\\/analyse-av-produksjonsmiljo\\\/\",\"name\":\"ANALYSE AV PRODUKSJONSMILJ\u00d8 - Alex Stewart International Norge AS\",\"isPartOf\":{\"@id\":\"https:\\\/\\\/asinorge.no\\\/#website\"},\"primaryImageOfPage\":{\"@id\":\"https:\\\/\\\/asinorge.no\\\/analyse-av-produksjonsmiljo\\\/#primaryimage\"},\"image\":{\"@id\":\"https:\\\/\\\/asinorge.no\\\/analyse-av-produksjonsmiljo\\\/#primaryimage\"},\"thumbnailUrl\":\"https:\\\/\\\/asinorge.no\\\/wp-content\\\/uploads\\\/2023\\\/05\\\/cut-g7c94dd145_1280.jpg\",\"datePublished\":\"2023-05-19T10:18:42+00:00\",\"dateModified\":\"2024-02-16T12:23:48+00:00\",\"description\":\"Dersom det finnes\u00a0Listeria monocytogenes\u00a0i produksjonsmilj\u00f8et vil det kunne v\u00e6re risiko for at\u00a0Listeria\u00a0ogs\u00e5 kan finnes i produkt. Derfor er det viktig \u00e5 sjekke produksjonsmilj\u00f8et rutinemessig. Dette gj\u00f8res ved \u00e5 svabre kritiske omr\u00e5der som kan komme i kontakt med produkt.\",\"breadcrumb\":{\"@id\":\"https:\\\/\\\/asinorge.no\\\/analyse-av-produksjonsmiljo\\\/#breadcrumb\"},\"inLanguage\":\"en-US\",\"potentialAction\":[{\"@type\":\"ReadAction\",\"target\":[\"https:\\\/\\\/asinorge.no\\\/analyse-av-produksjonsmiljo\\\/\"]}]},{\"@type\":\"ImageObject\",\"inLanguage\":\"en-US\",\"@id\":\"https:\\\/\\\/asinorge.no\\\/analyse-av-produksjonsmiljo\\\/#primaryimage\",\"url\":\"https:\\\/\\\/asinorge.no\\\/wp-content\\\/uploads\\\/2023\\\/05\\\/cut-g7c94dd145_1280.jpg\",\"contentUrl\":\"https:\\\/\\\/asinorge.no\\\/wp-content\\\/uploads\\\/2023\\\/05\\\/cut-g7c94dd145_1280.jpg\"},{\"@type\":\"BreadcrumbList\",\"@id\":\"https:\\\/\\\/asinorge.no\\\/analyse-av-produksjonsmiljo\\\/#breadcrumb\",\"itemListElement\":[{\"@type\":\"ListItem\",\"position\":1,\"name\":\"Hjem\",\"item\":\"https:\\\/\\\/asinorge.no\\\/\"},{\"@type\":\"ListItem\",\"position\":2,\"name\":\"ANALYSE AV PRODUKSJONSMILJ\u00d8\"}]},{\"@type\":\"WebSite\",\"@id\":\"https:\\\/\\\/asinorge.no\\\/#website\",\"url\":\"https:\\\/\\\/asinorge.no\\\/\",\"name\":\"Alex Stewart International Norge AS\",\"description\":\"Konsulent og laboratorietjenester\",\"publisher\":{\"@id\":\"https:\\\/\\\/asinorge.no\\\/#organization\"},\"alternateName\":\"ASI NORGE AS\",\"potentialAction\":[{\"@type\":\"SearchAction\",\"target\":{\"@type\":\"EntryPoint\",\"urlTemplate\":\"https:\\\/\\\/asinorge.no\\\/?s={search_term_string}\"},\"query-input\":{\"@type\":\"PropertyValueSpecification\",\"valueRequired\":true,\"valueName\":\"search_term_string\"}}],\"inLanguage\":\"en-US\"},{\"@type\":\"Organization\",\"@id\":\"https:\\\/\\\/asinorge.no\\\/#organization\",\"name\":\"Alex Stewart International Norge AS\",\"url\":\"https:\\\/\\\/asinorge.no\\\/\",\"logo\":{\"@type\":\"ImageObject\",\"inLanguage\":\"en-US\",\"@id\":\"https:\\\/\\\/asinorge.no\\\/#\\\/schema\\\/logo\\\/image\\\/\",\"url\":\"https:\\\/\\\/asinorge.no\\\/wp-content\\\/uploads\\\/2023\\\/11\\\/cropped-ASi-Logony.png\",\"contentUrl\":\"https:\\\/\\\/asinorge.no\\\/wp-content\\\/uploads\\\/2023\\\/11\\\/cropped-ASi-Logony.png\",\"width\":943,\"height\":246,\"caption\":\"Alex Stewart International Norge AS\"},\"image\":{\"@id\":\"https:\\\/\\\/asinorge.no\\\/#\\\/schema\\\/logo\\\/image\\\/\"},\"sameAs\":[\"https:\\\/\\\/www.facebook.com\\\/slabstord\\\/\",\"https:\\\/\\\/no.linkedin.com\\\/in\\\/alex-stewart-international-norge-as-avd-stord-11a5421a3\"]}]}<\/script>\n<!-- \/ Yoast SEO plugin. -->","yoast_head_json":{"title":"ANALYSE AV PRODUKSJONSMILJ\u00d8 - Alex Stewart International Norge AS","description":"Dersom det finnes\u00a0Listeria monocytogenes\u00a0i produksjonsmilj\u00f8et vil det kunne v\u00e6re risiko for at\u00a0Listeria\u00a0ogs\u00e5 kan finnes i produkt. Derfor er det viktig \u00e5 sjekke produksjonsmilj\u00f8et rutinemessig. Dette gj\u00f8res ved \u00e5 svabre kritiske omr\u00e5der som kan komme i kontakt med produkt.","robots":{"index":"index","follow":"follow","max-snippet":"max-snippet:-1","max-image-preview":"max-image-preview:large","max-video-preview":"max-video-preview:-1"},"canonical":"https:\/\/asinorge.no\/en\/analyse-av-produksjonsmiljo\/","og_locale":"en_US","og_type":"article","og_title":"ANALYSE AV PRODUKSJONSMILJ\u00d8 - Alex Stewart International Norge AS","og_description":"Dersom det finnes\u00a0Listeria monocytogenes\u00a0i produksjonsmilj\u00f8et vil det kunne v\u00e6re risiko for at\u00a0Listeria\u00a0ogs\u00e5 kan finnes i produkt. Derfor er det viktig \u00e5 sjekke produksjonsmilj\u00f8et rutinemessig. Dette gj\u00f8res ved \u00e5 svabre kritiske omr\u00e5der som kan komme i kontakt med produkt.","og_url":"https:\/\/asinorge.no\/en\/analyse-av-produksjonsmiljo\/","og_site_name":"Alex Stewart International Norge AS","article_publisher":"https:\/\/www.facebook.com\/slabstord\/","article_modified_time":"2024-02-16T12:23:48+00:00","og_image":[{"url":"https:\/\/asinorge.no\/wp-content\/uploads\/2023\/05\/cut-g7c94dd145_1280.jpg","type":"","width":"","height":""}],"twitter_card":"summary_large_image","twitter_misc":{"Est. reading time":"2 minutes"},"schema":{"@context":"https:\/\/schema.org","@graph":[{"@type":"WebPage","@id":"https:\/\/asinorge.no\/analyse-av-produksjonsmiljo\/","url":"https:\/\/asinorge.no\/analyse-av-produksjonsmiljo\/","name":"ANALYSE AV PRODUKSJONSMILJ\u00d8 - Alex Stewart International Norge AS","isPartOf":{"@id":"https:\/\/asinorge.no\/#website"},"primaryImageOfPage":{"@id":"https:\/\/asinorge.no\/analyse-av-produksjonsmiljo\/#primaryimage"},"image":{"@id":"https:\/\/asinorge.no\/analyse-av-produksjonsmiljo\/#primaryimage"},"thumbnailUrl":"https:\/\/asinorge.no\/wp-content\/uploads\/2023\/05\/cut-g7c94dd145_1280.jpg","datePublished":"2023-05-19T10:18:42+00:00","dateModified":"2024-02-16T12:23:48+00:00","description":"Dersom det finnes\u00a0Listeria monocytogenes\u00a0i produksjonsmilj\u00f8et vil det kunne v\u00e6re risiko for at\u00a0Listeria\u00a0ogs\u00e5 kan finnes i produkt. Derfor er det viktig \u00e5 sjekke produksjonsmilj\u00f8et rutinemessig. Dette gj\u00f8res ved \u00e5 svabre kritiske omr\u00e5der som kan komme i kontakt med produkt.","breadcrumb":{"@id":"https:\/\/asinorge.no\/analyse-av-produksjonsmiljo\/#breadcrumb"},"inLanguage":"en-US","potentialAction":[{"@type":"ReadAction","target":["https:\/\/asinorge.no\/analyse-av-produksjonsmiljo\/"]}]},{"@type":"ImageObject","inLanguage":"en-US","@id":"https:\/\/asinorge.no\/analyse-av-produksjonsmiljo\/#primaryimage","url":"https:\/\/asinorge.no\/wp-content\/uploads\/2023\/05\/cut-g7c94dd145_1280.jpg","contentUrl":"https:\/\/asinorge.no\/wp-content\/uploads\/2023\/05\/cut-g7c94dd145_1280.jpg"},{"@type":"BreadcrumbList","@id":"https:\/\/asinorge.no\/analyse-av-produksjonsmiljo\/#breadcrumb","itemListElement":[{"@type":"ListItem","position":1,"name":"Hjem","item":"https:\/\/asinorge.no\/"},{"@type":"ListItem","position":2,"name":"ANALYSE AV PRODUKSJONSMILJ\u00d8"}]},{"@type":"WebSite","@id":"https:\/\/asinorge.no\/#website","url":"https:\/\/asinorge.no\/","name":"Alex Stewart International Norge AS","description":"Konsulent og laboratorietjenester","publisher":{"@id":"https:\/\/asinorge.no\/#organization"},"alternateName":"ASI NORGE AS","potentialAction":[{"@type":"SearchAction","target":{"@type":"EntryPoint","urlTemplate":"https:\/\/asinorge.no\/?s={search_term_string}"},"query-input":{"@type":"PropertyValueSpecification","valueRequired":true,"valueName":"search_term_string"}}],"inLanguage":"en-US"},{"@type":"Organization","@id":"https:\/\/asinorge.no\/#organization","name":"Alex Stewart International Norge AS","url":"https:\/\/asinorge.no\/","logo":{"@type":"ImageObject","inLanguage":"en-US","@id":"https:\/\/asinorge.no\/#\/schema\/logo\/image\/","url":"https:\/\/asinorge.no\/wp-content\/uploads\/2023\/11\/cropped-ASi-Logony.png","contentUrl":"https:\/\/asinorge.no\/wp-content\/uploads\/2023\/11\/cropped-ASi-Logony.png","width":943,"height":246,"caption":"Alex Stewart International Norge AS"},"image":{"@id":"https:\/\/asinorge.no\/#\/schema\/logo\/image\/"},"sameAs":["https:\/\/www.facebook.com\/slabstord\/","https:\/\/no.linkedin.com\/in\/alex-stewart-international-norge-as-avd-stord-11a5421a3"]}]}},"uagb_featured_image_src":{"full":false,"thumbnail":false,"medium":false,"medium_large":false,"large":false,"1536x1536":false,"2048x2048":false,"trp-custom-language-flag":false},"uagb_author_info":{"display_name":"ASI Norge AS","author_link":"https:\/\/asinorge.no\/en\/author\/malin_brady\/"},"uagb_comment_info":0,"uagb_excerpt":"Dersom det finnes&nbsp;Listeria monocytogenes&nbsp;i produksjonsmilj\u00f8et vil det kunne v\u00e6re risiko for at&nbsp;Listeria&nbsp;ogs\u00e5 kan finnes i produkt. Derfor er det viktig \u00e5 sjekke produksjonsmilj\u00f8et rutinemessig. Dette gj\u00f8res ved \u00e5 svabre kritiske omr\u00e5der som kan komme i kontakt med produkt. Kluter, svabrer og tamponger (slukpr\u00f8ve) kan du bestille via laboratoriet, som oftest er dette gratis dersom du&hellip;","jetpack_sharing_enabled":true,"_links":{"self":[{"href":"https:\/\/asinorge.no\/en\/wp-json\/wp\/v2\/pages\/233","targetHints":{"allow":["GET"]}}],"collection":[{"href":"https:\/\/asinorge.no\/en\/wp-json\/wp\/v2\/pages"}],"about":[{"href":"https:\/\/asinorge.no\/en\/wp-json\/wp\/v2\/types\/page"}],"author":[{"embeddable":true,"href":"https:\/\/asinorge.no\/en\/wp-json\/wp\/v2\/users\/1"}],"replies":[{"embeddable":true,"href":"https:\/\/asinorge.no\/en\/wp-json\/wp\/v2\/comments?post=233"}],"version-history":[{"count":7,"href":"https:\/\/asinorge.no\/en\/wp-json\/wp\/v2\/pages\/233\/revisions"}],"predecessor-version":[{"id":959,"href":"https:\/\/asinorge.no\/en\/wp-json\/wp\/v2\/pages\/233\/revisions\/959"}],"wp:attachment":[{"href":"https:\/\/asinorge.no\/en\/wp-json\/wp\/v2\/media?parent=233"}],"curies":[{"name":"wp","href":"https:\/\/api.w.org\/{rel}","templated":true}]}}