{"id":224,"date":"2023-05-19T11:24:11","date_gmt":"2023-05-19T09:24:11","guid":{"rendered":"https:\/\/asinorge.no\/?page_id=224"},"modified":"2024-02-16T13:21:58","modified_gmt":"2024-02-16T12:21:58","slug":"analyse-av-friluftsbad-og-svommebasseng","status":"publish","type":"page","link":"https:\/\/asinorge.no\/en\/analyse-av-friluftsbad-og-svommebasseng\/","title":{"rendered":"ANALYSE AV FRILUFTSBAD OG SV\u00d8MMEBASSENG"},"content":{"rendered":"<div class=\"wp-block-cover alignfull\" style=\"min-height:601px;aspect-ratio:unset;\"><span aria-hidden=\"true\" class=\"wp-block-cover__background has-background-dim-70 has-background-dim wp-block-cover__gradient-background has-background-gradient\" style=\"background:linear-gradient(135deg,rgb(255,255,255) 0%,rgb(125,0,0) 48%,rgb(64,0,0) 100%)\"><\/span><img loading=\"lazy\" decoding=\"async\" width=\"1920\" height=\"1282\" class=\"wp-block-cover__image-background wp-image-226\" alt=\"\" src=\"https:\/\/asinorge.no\/wp-content\/uploads\/2023\/05\/swimming-g152a2acc4_1920.jpg\" style=\"object-position:43% 0%\" data-object-fit=\"cover\" data-object-position=\"43% 0%\" srcset=\"https:\/\/asinorge.no\/wp-content\/uploads\/2023\/05\/swimming-g152a2acc4_1920.jpg 1920w, https:\/\/asinorge.no\/wp-content\/uploads\/2023\/05\/swimming-g152a2acc4_1920-300x200.jpg 300w, https:\/\/asinorge.no\/wp-content\/uploads\/2023\/05\/swimming-g152a2acc4_1920-1024x684.jpg 1024w, https:\/\/asinorge.no\/wp-content\/uploads\/2023\/05\/swimming-g152a2acc4_1920-768x513.jpg 768w, https:\/\/asinorge.no\/wp-content\/uploads\/2023\/05\/swimming-g152a2acc4_1920-1536x1026.jpg 1536w\" sizes=\"auto, (max-width: 1920px) 100vw, 1920px\" \/><div class=\"wp-block-cover__inner-container is-layout-flow wp-block-cover-is-layout-flow\">\n<div style=\"height:86px\" aria-hidden=\"true\" class=\"wp-block-spacer\"><\/div>\n\n\n\n<h1 class=\"wp-block-heading has-text-align-center\">ANALYSE AV FRILUFTSBAD, SV\u00d8MMEBASSENG OG DUSJANLEGG<\/h1>\n\n\n\n<p class=\"has-text-align-center has-medium-font-size\"><em>Offentlig- og privatkunder<\/em><\/p>\n<\/div><\/div>\n\n\n\n<div style=\"height:67px\" aria-hidden=\"true\" class=\"wp-block-spacer\"><\/div>\n\n\n\n<p class=\"has-vivid-red-color has-text-color has-link-color has-medium-font-size wp-elements-411740ffad1995a545ce214966c778d0\"><strong>Sv\u00f8mmebasseng og dusjanlegg<\/strong><\/p>\n\n\n\n<p>For offentlige sv\u00f8mmehaller\/badeanlegg skal det tas analyser av vannkvalitetsparametre med tilstrekkelig pr\u00f8vetakingsfrekvens for \u00e5 holde oversikt over bassengvannets kvalitet, og for \u00e5 sikre tilfredsstillende hygieniske forhold ved drift av bassengbadet.<\/p>\n\n\n\n<p>N\u00e5r klor (hypokloritt) brukes som desinfeksjonsmiddel, skal det med jevne mellomrom tas pr\u00f8ver av fritt og bundet klor.<\/p>\n\n\n\n<p>Det er viktig \u00e5 ha kontroll p\u00e5 dosering av desinfeksjonsmiddel og justering av pH for \u00e5 sikre at sikre god badevannskvalitet.&nbsp; Feil bruk av kjemikalier kan gi irritasjon i \u00f8yne og \u00f8kt bakterievekst kan for\u00e5rsake infeksjoner og utslett.<\/p>\n\n\n\n<p>Er badevannet offentlig er vannkvaliteten regulert gjennom \u00ab<a href=\"https:\/\/lovdata.no\/dokument\/SF\/forskrift\/1996-06-13-592\">Bassengvannforskriften<\/a>\u00bb og skal analyseres jevnlig.<\/p>\n\n\n\n<p>For sv\u00f8mmebasseng (offentlig og privat) b\u00f8r det unders\u00f8kes for <\/p>\n\n\n\n<ul class=\"wp-block-list\">\n<li><em>Total antall bakterier 37 \u00b0C<\/em><\/li>\n\n\n\n<li><em>Pseudomonas aeruginosa<\/em><\/li>\n\n\n\n<li><em>pH<\/em><\/li>\n\n\n\n<li><em>Turbiditet<\/em><\/li>\n\n\n\n<li><em>Fargetall<\/em><\/li>\n\n\n\n<li><em>KOF-Mn<\/em><\/li>\n<\/ul>\n\n\n\n<p><\/p>\n\n\n\n<p>Ved dusjanlegg kan det v\u00e6re tilr\u00e5delig \u00e5 vurdere forekomst av\u00a0<em>Legionella<\/em><\/p>\n\n\n\n<p>Grenseverdier for sv\u00f8mmebasseng finner du i <a href=\"https:\/\/lovdata.no\/dokument\/SF\/forskrift\/1996-06-13-592\" target=\"_blank\" rel=\"noreferrer noopener\">Forskriften for badeanlegg, bassengbad og badstu<\/a><\/p>\n\n\n\n<p><\/p>\n\n\n\n<p class=\"has-vivid-red-color has-text-color has-link-color has-medium-font-size wp-elements-b5be30e93efb501030084a8928d010d9\"><strong>Sj\u00f8vann og ferskvann (Friluftsbad)<\/strong><\/p>\n\n\n\n<p>For friluftsbad\/strand sj\u00f8- og ferskvann b\u00f8r det i badesesongen unders\u00f8kes for<\/p>\n\n\n\n<ul class=\"wp-block-list\">\n<li><em>E.coli<\/em><\/li>\n\n\n\n<li><em>Intestinale enterokokker<\/em><\/li>\n<\/ul>\n\n\n\n<p>Pr\u00f8vetakingshyppighet m\u00e5 en vurdere basert p\u00e5 resultat av tidligere pr\u00f8ver og om stranden\/badeplassen er lite eller mye bes\u00f8kt.<br>Tabell over grenseverdier og pr\u00f8vetakingshyppighet finner dere p\u00e5 <a href=\"https:\/\/www.fhi.no\/sm\/badevann\/badevann--forurensning-og-regler\/\" target=\"_blank\" rel=\"noreferrer noopener\">Kontroll av badevannskvalitet<\/a><\/p>\n\n\n\n<div style=\"height:100px\" aria-hidden=\"true\" class=\"wp-block-spacer\"><\/div>","protected":false},"excerpt":{"rendered":"<p>Sv\u00f8mmebasseng og dusjanlegg For offentlige sv\u00f8mmehaller\/badeanlegg skal det tas analyser av vannkvalitetsparametre med tilstrekkelig pr\u00f8vetakingsfrekvens for \u00e5 holde oversikt over bassengvannets kvalitet, og for \u00e5 sikre tilfredsstillende hygieniske forhold ved drift av bassengbadet. N\u00e5r klor (hypokloritt) brukes som desinfeksjonsmiddel, skal det med jevne mellomrom tas pr\u00f8ver av fritt og bundet klor. Det er viktig \u00e5 [&hellip;]<\/p>\n","protected":false},"author":1,"featured_media":0,"parent":0,"menu_order":0,"comment_status":"closed","ping_status":"closed","template":"","meta":{"_uag_custom_page_level_css":"","site-sidebar-layout":"default","site-content-layout":"","ast-site-content-layout":"default","site-content-style":"default","site-sidebar-style":"default","ast-global-header-display":"","ast-banner-title-visibility":"","ast-main-header-display":"","ast-hfb-above-header-display":"","ast-hfb-below-header-display":"","ast-hfb-mobile-header-display":"","site-post-title":"disabled","ast-breadcrumbs-content":"","ast-featured-img":"","footer-sml-layout":"","ast-disable-related-posts":"","theme-transparent-header-meta":"disabled","adv-header-id-meta":"","stick-header-meta":"","header-above-stick-meta":"","header-main-stick-meta":"","header-below-stick-meta":"","astra-migrate-meta-layouts":"set","ast-page-background-enabled":"default","ast-page-background-meta":{"desktop":{"background-color":"var(--ast-global-color-4)","background-image":"","background-repeat":"repeat","background-position":"center center","background-size":"auto","background-attachment":"scroll","background-type":"","background-media":"","overlay-type":"","overlay-color":"","overlay-opacity":"","overlay-gradient":""},"tablet":{"background-color":"","background-image":"","background-repeat":"repeat","background-position":"center center","background-size":"auto","background-attachment":"scroll","background-type":"","background-media":"","overlay-type":"","overlay-color":"","overlay-opacity":"","overlay-gradient":""},"mobile":{"background-color":"","background-image":"","background-repeat":"repeat","background-position":"center center","background-size":"auto","background-attachment":"scroll","background-type":"","background-media":"","overlay-type":"","overlay-color":"","overlay-opacity":"","overlay-gradient":""}},"ast-content-background-meta":{"desktop":{"background-color":"var(--ast-global-color-5)","background-image":"","background-repeat":"repeat","background-position":"center center","background-size":"auto","background-attachment":"scroll","background-type":"","background-media":"","overlay-type":"","overlay-color":"","overlay-opacity":"","overlay-gradient":""},"tablet":{"background-color":"var(--ast-global-color-5)","background-image":"","background-repeat":"repeat","background-position":"center center","background-size":"auto","background-attachment":"scroll","background-type":"","background-media":"","overlay-type":"","overlay-color":"","overlay-opacity":"","overlay-gradient":""},"mobile":{"background-color":"var(--ast-global-color-5)","background-image":"","background-repeat":"repeat","background-position":"center center","background-size":"auto","background-attachment":"scroll","background-type":"","background-media":"","overlay-type":"","overlay-color":"","overlay-opacity":"","overlay-gradient":""}},"footnotes":""},"class_list":["post-224","page","type-page","status-publish","hentry"],"yoast_head":"<!-- This site is optimized with the Yoast SEO plugin v27.5 - https:\/\/yoast.com\/product\/yoast-seo-wordpress\/ -->\n<title>ANALYSE AV FRILUFTSBAD OG SV\u00d8MMEBASSENG - Alex Stewart International Norge AS<\/title>\n<meta name=\"description\" content=\"For offentlige sv\u00f8mmehaller\/badeanlegg skal det tas analyser av vannkvalitetsparametre med tilstrekkelig pr\u00f8vetakingsfrekvens for \u00e5 holde oversikt over bassengvannets kvalitet, og for \u00e5 sikre tilfredsstillende hygieniske forhold ved drift av bassengbadet.\" \/>\n<meta name=\"robots\" content=\"index, follow, max-snippet:-1, max-image-preview:large, max-video-preview:-1\" \/>\n<link rel=\"canonical\" href=\"https:\/\/asinorge.no\/en\/analyse-av-friluftsbad-og-svommebasseng\/\" \/>\n<meta property=\"og:locale\" content=\"en_US\" \/>\n<meta property=\"og:type\" content=\"article\" \/>\n<meta property=\"og:title\" content=\"ANALYSE AV FRILUFTSBAD OG SV\u00d8MMEBASSENG - Alex Stewart International Norge AS\" \/>\n<meta property=\"og:description\" content=\"For offentlige sv\u00f8mmehaller\/badeanlegg skal det tas analyser av vannkvalitetsparametre med tilstrekkelig pr\u00f8vetakingsfrekvens for \u00e5 holde oversikt over bassengvannets kvalitet, og for \u00e5 sikre tilfredsstillende hygieniske forhold ved drift av bassengbadet.\" \/>\n<meta property=\"og:url\" content=\"https:\/\/asinorge.no\/en\/analyse-av-friluftsbad-og-svommebasseng\/\" \/>\n<meta property=\"og:site_name\" content=\"Alex Stewart International Norge AS\" \/>\n<meta property=\"article:publisher\" content=\"https:\/\/www.facebook.com\/slabstord\/\" \/>\n<meta property=\"article:modified_time\" content=\"2024-02-16T12:21:58+00:00\" \/>\n<meta property=\"og:image\" content=\"https:\/\/asinorge.no\/wp-content\/uploads\/2023\/05\/swimming-g152a2acc4_1920.jpg\" \/>\n<meta name=\"twitter:card\" content=\"summary_large_image\" \/>\n<meta name=\"twitter:label1\" content=\"Est. reading time\" \/>\n\t<meta name=\"twitter:data1\" content=\"2 minutes\" \/>\n<script type=\"application\/ld+json\" class=\"yoast-schema-graph\">{\"@context\":\"https:\\\/\\\/schema.org\",\"@graph\":[{\"@type\":\"WebPage\",\"@id\":\"https:\\\/\\\/asinorge.no\\\/analyse-av-friluftsbad-og-svommebasseng\\\/\",\"url\":\"https:\\\/\\\/asinorge.no\\\/analyse-av-friluftsbad-og-svommebasseng\\\/\",\"name\":\"ANALYSE AV FRILUFTSBAD OG SV\u00d8MMEBASSENG - Alex Stewart International Norge AS\",\"isPartOf\":{\"@id\":\"https:\\\/\\\/asinorge.no\\\/#website\"},\"primaryImageOfPage\":{\"@id\":\"https:\\\/\\\/asinorge.no\\\/analyse-av-friluftsbad-og-svommebasseng\\\/#primaryimage\"},\"image\":{\"@id\":\"https:\\\/\\\/asinorge.no\\\/analyse-av-friluftsbad-og-svommebasseng\\\/#primaryimage\"},\"thumbnailUrl\":\"https:\\\/\\\/asinorge.no\\\/wp-content\\\/uploads\\\/2023\\\/05\\\/swimming-g152a2acc4_1920.jpg\",\"datePublished\":\"2023-05-19T09:24:11+00:00\",\"dateModified\":\"2024-02-16T12:21:58+00:00\",\"description\":\"For offentlige sv\u00f8mmehaller\\\/badeanlegg skal det tas analyser av vannkvalitetsparametre med tilstrekkelig pr\u00f8vetakingsfrekvens for \u00e5 holde oversikt over bassengvannets kvalitet, og for \u00e5 sikre tilfredsstillende hygieniske forhold ved drift av bassengbadet.\",\"breadcrumb\":{\"@id\":\"https:\\\/\\\/asinorge.no\\\/analyse-av-friluftsbad-og-svommebasseng\\\/#breadcrumb\"},\"inLanguage\":\"en-US\",\"potentialAction\":[{\"@type\":\"ReadAction\",\"target\":[\"https:\\\/\\\/asinorge.no\\\/analyse-av-friluftsbad-og-svommebasseng\\\/\"]}]},{\"@type\":\"ImageObject\",\"inLanguage\":\"en-US\",\"@id\":\"https:\\\/\\\/asinorge.no\\\/analyse-av-friluftsbad-og-svommebasseng\\\/#primaryimage\",\"url\":\"https:\\\/\\\/asinorge.no\\\/wp-content\\\/uploads\\\/2023\\\/05\\\/swimming-g152a2acc4_1920.jpg\",\"contentUrl\":\"https:\\\/\\\/asinorge.no\\\/wp-content\\\/uploads\\\/2023\\\/05\\\/swimming-g152a2acc4_1920.jpg\"},{\"@type\":\"BreadcrumbList\",\"@id\":\"https:\\\/\\\/asinorge.no\\\/analyse-av-friluftsbad-og-svommebasseng\\\/#breadcrumb\",\"itemListElement\":[{\"@type\":\"ListItem\",\"position\":1,\"name\":\"Hjem\",\"item\":\"https:\\\/\\\/asinorge.no\\\/\"},{\"@type\":\"ListItem\",\"position\":2,\"name\":\"ANALYSE AV FRILUFTSBAD OG SV\u00d8MMEBASSENG\"}]},{\"@type\":\"WebSite\",\"@id\":\"https:\\\/\\\/asinorge.no\\\/#website\",\"url\":\"https:\\\/\\\/asinorge.no\\\/\",\"name\":\"Alex Stewart International Norge AS\",\"description\":\"Konsulent og laboratorietjenester\",\"publisher\":{\"@id\":\"https:\\\/\\\/asinorge.no\\\/#organization\"},\"alternateName\":\"ASI NORGE AS\",\"potentialAction\":[{\"@type\":\"SearchAction\",\"target\":{\"@type\":\"EntryPoint\",\"urlTemplate\":\"https:\\\/\\\/asinorge.no\\\/?s={search_term_string}\"},\"query-input\":{\"@type\":\"PropertyValueSpecification\",\"valueRequired\":true,\"valueName\":\"search_term_string\"}}],\"inLanguage\":\"en-US\"},{\"@type\":\"Organization\",\"@id\":\"https:\\\/\\\/asinorge.no\\\/#organization\",\"name\":\"Alex Stewart International Norge AS\",\"url\":\"https:\\\/\\\/asinorge.no\\\/\",\"logo\":{\"@type\":\"ImageObject\",\"inLanguage\":\"en-US\",\"@id\":\"https:\\\/\\\/asinorge.no\\\/#\\\/schema\\\/logo\\\/image\\\/\",\"url\":\"https:\\\/\\\/asinorge.no\\\/wp-content\\\/uploads\\\/2023\\\/11\\\/cropped-ASi-Logony.png\",\"contentUrl\":\"https:\\\/\\\/asinorge.no\\\/wp-content\\\/uploads\\\/2023\\\/11\\\/cropped-ASi-Logony.png\",\"width\":943,\"height\":246,\"caption\":\"Alex Stewart International Norge AS\"},\"image\":{\"@id\":\"https:\\\/\\\/asinorge.no\\\/#\\\/schema\\\/logo\\\/image\\\/\"},\"sameAs\":[\"https:\\\/\\\/www.facebook.com\\\/slabstord\\\/\",\"https:\\\/\\\/no.linkedin.com\\\/in\\\/alex-stewart-international-norge-as-avd-stord-11a5421a3\"]}]}<\/script>\n<!-- \/ Yoast SEO plugin. -->","yoast_head_json":{"title":"ANALYSE AV FRILUFTSBAD OG SV\u00d8MMEBASSENG - Alex Stewart International Norge AS","description":"For offentlige sv\u00f8mmehaller\/badeanlegg skal det tas analyser av vannkvalitetsparametre med tilstrekkelig pr\u00f8vetakingsfrekvens for \u00e5 holde oversikt over bassengvannets kvalitet, og for \u00e5 sikre tilfredsstillende hygieniske forhold ved drift av bassengbadet.","robots":{"index":"index","follow":"follow","max-snippet":"max-snippet:-1","max-image-preview":"max-image-preview:large","max-video-preview":"max-video-preview:-1"},"canonical":"https:\/\/asinorge.no\/en\/analyse-av-friluftsbad-og-svommebasseng\/","og_locale":"en_US","og_type":"article","og_title":"ANALYSE AV FRILUFTSBAD OG SV\u00d8MMEBASSENG - Alex Stewart International Norge AS","og_description":"For offentlige sv\u00f8mmehaller\/badeanlegg skal det tas analyser av vannkvalitetsparametre med tilstrekkelig pr\u00f8vetakingsfrekvens for \u00e5 holde oversikt over bassengvannets kvalitet, og for \u00e5 sikre tilfredsstillende hygieniske forhold ved drift av bassengbadet.","og_url":"https:\/\/asinorge.no\/en\/analyse-av-friluftsbad-og-svommebasseng\/","og_site_name":"Alex Stewart International Norge AS","article_publisher":"https:\/\/www.facebook.com\/slabstord\/","article_modified_time":"2024-02-16T12:21:58+00:00","og_image":[{"url":"https:\/\/asinorge.no\/wp-content\/uploads\/2023\/05\/swimming-g152a2acc4_1920.jpg","type":"","width":"","height":""}],"twitter_card":"summary_large_image","twitter_misc":{"Est. reading time":"2 minutes"},"schema":{"@context":"https:\/\/schema.org","@graph":[{"@type":"WebPage","@id":"https:\/\/asinorge.no\/analyse-av-friluftsbad-og-svommebasseng\/","url":"https:\/\/asinorge.no\/analyse-av-friluftsbad-og-svommebasseng\/","name":"ANALYSE AV FRILUFTSBAD OG SV\u00d8MMEBASSENG - Alex Stewart International Norge AS","isPartOf":{"@id":"https:\/\/asinorge.no\/#website"},"primaryImageOfPage":{"@id":"https:\/\/asinorge.no\/analyse-av-friluftsbad-og-svommebasseng\/#primaryimage"},"image":{"@id":"https:\/\/asinorge.no\/analyse-av-friluftsbad-og-svommebasseng\/#primaryimage"},"thumbnailUrl":"https:\/\/asinorge.no\/wp-content\/uploads\/2023\/05\/swimming-g152a2acc4_1920.jpg","datePublished":"2023-05-19T09:24:11+00:00","dateModified":"2024-02-16T12:21:58+00:00","description":"For offentlige sv\u00f8mmehaller\/badeanlegg skal det tas analyser av vannkvalitetsparametre med tilstrekkelig pr\u00f8vetakingsfrekvens for \u00e5 holde oversikt over bassengvannets kvalitet, og for \u00e5 sikre tilfredsstillende hygieniske forhold ved drift av bassengbadet.","breadcrumb":{"@id":"https:\/\/asinorge.no\/analyse-av-friluftsbad-og-svommebasseng\/#breadcrumb"},"inLanguage":"en-US","potentialAction":[{"@type":"ReadAction","target":["https:\/\/asinorge.no\/analyse-av-friluftsbad-og-svommebasseng\/"]}]},{"@type":"ImageObject","inLanguage":"en-US","@id":"https:\/\/asinorge.no\/analyse-av-friluftsbad-og-svommebasseng\/#primaryimage","url":"https:\/\/asinorge.no\/wp-content\/uploads\/2023\/05\/swimming-g152a2acc4_1920.jpg","contentUrl":"https:\/\/asinorge.no\/wp-content\/uploads\/2023\/05\/swimming-g152a2acc4_1920.jpg"},{"@type":"BreadcrumbList","@id":"https:\/\/asinorge.no\/analyse-av-friluftsbad-og-svommebasseng\/#breadcrumb","itemListElement":[{"@type":"ListItem","position":1,"name":"Hjem","item":"https:\/\/asinorge.no\/"},{"@type":"ListItem","position":2,"name":"ANALYSE AV FRILUFTSBAD OG SV\u00d8MMEBASSENG"}]},{"@type":"WebSite","@id":"https:\/\/asinorge.no\/#website","url":"https:\/\/asinorge.no\/","name":"Alex Stewart International Norge AS","description":"Konsulent og laboratorietjenester","publisher":{"@id":"https:\/\/asinorge.no\/#organization"},"alternateName":"ASI NORGE AS","potentialAction":[{"@type":"SearchAction","target":{"@type":"EntryPoint","urlTemplate":"https:\/\/asinorge.no\/?s={search_term_string}"},"query-input":{"@type":"PropertyValueSpecification","valueRequired":true,"valueName":"search_term_string"}}],"inLanguage":"en-US"},{"@type":"Organization","@id":"https:\/\/asinorge.no\/#organization","name":"Alex Stewart International Norge AS","url":"https:\/\/asinorge.no\/","logo":{"@type":"ImageObject","inLanguage":"en-US","@id":"https:\/\/asinorge.no\/#\/schema\/logo\/image\/","url":"https:\/\/asinorge.no\/wp-content\/uploads\/2023\/11\/cropped-ASi-Logony.png","contentUrl":"https:\/\/asinorge.no\/wp-content\/uploads\/2023\/11\/cropped-ASi-Logony.png","width":943,"height":246,"caption":"Alex Stewart International Norge AS"},"image":{"@id":"https:\/\/asinorge.no\/#\/schema\/logo\/image\/"},"sameAs":["https:\/\/www.facebook.com\/slabstord\/","https:\/\/no.linkedin.com\/in\/alex-stewart-international-norge-as-avd-stord-11a5421a3"]}]}},"uagb_featured_image_src":{"full":false,"thumbnail":false,"medium":false,"medium_large":false,"large":false,"1536x1536":false,"2048x2048":false,"trp-custom-language-flag":false},"uagb_author_info":{"display_name":"ASI Norge AS","author_link":"https:\/\/asinorge.no\/en\/author\/malin_brady\/"},"uagb_comment_info":0,"uagb_excerpt":"Sv\u00f8mmebasseng og dusjanlegg For offentlige sv\u00f8mmehaller\/badeanlegg skal det tas analyser av vannkvalitetsparametre med tilstrekkelig pr\u00f8vetakingsfrekvens for \u00e5 holde oversikt over bassengvannets kvalitet, og for \u00e5 sikre tilfredsstillende hygieniske forhold ved drift av bassengbadet. N\u00e5r klor (hypokloritt) brukes som desinfeksjonsmiddel, skal det med jevne mellomrom tas pr\u00f8ver av fritt og bundet klor. Det er viktig \u00e5&hellip;","jetpack_sharing_enabled":true,"_links":{"self":[{"href":"https:\/\/asinorge.no\/en\/wp-json\/wp\/v2\/pages\/224","targetHints":{"allow":["GET"]}}],"collection":[{"href":"https:\/\/asinorge.no\/en\/wp-json\/wp\/v2\/pages"}],"about":[{"href":"https:\/\/asinorge.no\/en\/wp-json\/wp\/v2\/types\/page"}],"author":[{"embeddable":true,"href":"https:\/\/asinorge.no\/en\/wp-json\/wp\/v2\/users\/1"}],"replies":[{"embeddable":true,"href":"https:\/\/asinorge.no\/en\/wp-json\/wp\/v2\/comments?post=224"}],"version-history":[{"count":9,"href":"https:\/\/asinorge.no\/en\/wp-json\/wp\/v2\/pages\/224\/revisions"}],"predecessor-version":[{"id":723,"href":"https:\/\/asinorge.no\/en\/wp-json\/wp\/v2\/pages\/224\/revisions\/723"}],"wp:attachment":[{"href":"https:\/\/asinorge.no\/en\/wp-json\/wp\/v2\/media?parent=224"}],"curies":[{"name":"wp","href":"https:\/\/api.w.org\/{rel}","templated":true}]}}