{"id":218,"date":"2023-05-19T11:09:07","date_gmt":"2023-05-19T09:09:07","guid":{"rendered":"https:\/\/asinorge.no\/?page_id=218"},"modified":"2024-02-16T13:24:36","modified_gmt":"2024-02-16T12:24:36","slug":"analyse-av-vann-fra-oljeutskiller","status":"publish","type":"page","link":"https:\/\/asinorge.no\/en\/analyse-av-vann-fra-oljeutskiller\/","title":{"rendered":"ANALYSE AV VANN FRA OLJEUTSKILLER"},"content":{"rendered":"<div class=\"wp-block-cover alignfull\" style=\"min-height:625px;aspect-ratio:unset;\"><span aria-hidden=\"true\" class=\"wp-block-cover__background has-background-dim-70 has-background-dim wp-block-cover__gradient-background has-background-gradient\" style=\"background:linear-gradient(135deg,rgb(255,255,255) 0%,rgb(125,0,0) 48%,rgb(64,0,0) 100%)\"><\/span><img loading=\"lazy\" decoding=\"async\" width=\"726\" height=\"483\" class=\"wp-block-cover__image-background wp-image-219\" alt=\"\" src=\"https:\/\/asinorge.no\/wp-content\/uploads\/2023\/05\/outdoors-cobblestone-texture-with-manhole.jpg\" data-object-fit=\"cover\" srcset=\"https:\/\/asinorge.no\/wp-content\/uploads\/2023\/05\/outdoors-cobblestone-texture-with-manhole.jpg 726w, https:\/\/asinorge.no\/wp-content\/uploads\/2023\/05\/outdoors-cobblestone-texture-with-manhole-300x200.jpg 300w\" sizes=\"auto, (max-width: 726px) 100vw, 726px\" \/><div class=\"wp-block-cover__inner-container is-layout-flow wp-block-cover-is-layout-flow\">\n<div style=\"height:106px\" aria-hidden=\"true\" class=\"wp-block-spacer\"><\/div>\n\n\n\n<h1 class=\"wp-block-heading has-text-align-center\">ANALYSE AV VANN FRA OLJEUTSKILLER<\/h1>\n\n\n\n<p class=\"has-text-align-center has-medium-font-size\"><\/p>\n<\/div><\/div>\n\n\n\n<div style=\"height:99px\" aria-hidden=\"true\" class=\"wp-block-spacer\"><\/div>\n\n\n\n<p>ASI Norge tilbyr analyse av oljeutskillervann. I henhold til forurensingsforskriften kapittel 15 (Krav til utslipp av oljeholdig avl\u00f8psvann\u00a0<a rel=\"noreferrer noopener\" href=\"https:\/\/lovdata.no\/dokument\/SF\/forskrift\/2004-06-01-931\/KAPITTEL_4-5#%C2%A715\" target=\"_blank\">https:\/\/lovdata.no\/dokument\/SF\/forskrift\/2004-06-01-931\/KAPITTEL_4-5#\u00a715<\/a>) er den \u00f8vre grense for oljeinnhold i oljeholdig avl\u00f8psvann 50 mg\/l. Eieren av utslippskilden m\u00e5 kunne dokumentere at utslippsvannet er innenfor grensen, og analyse av vannet m\u00e5 da gj\u00f8res av akkreditert analyselaboratorium.<\/p>\n\n\n\n<p>I tillegg til oljeinnholdet kan Hardanger Milj\u00f8senter utf\u00f8re akkreditert analyse av f\u00f8lgende i avl\u00f8psvann:<\/p>\n\n\n\n<ul class=\"wp-block-list\">\n<li>pH-verdi<\/li>\n\n\n\n<li>Suspendert stoff<\/li>\n\n\n\n<li>Nitrogen<\/li>\n\n\n\n<li>KOF \/ BOF<\/li>\n\n\n\n<li>Metall inklusiv kvikks\u00f8lv<\/li>\n<\/ul>\n\n\n\n<p class=\"has-text-align-left\">Bedriftene kan selv ta ut pr\u00f8ver av utl\u00f8psvannet fra oljeavskilleren. Pr\u00f8veflasker mottas fra laboratoriet.<\/p>\n\n\n\n<p>Vi sender egnede pr\u00f8veflasker og transportemballasje til deres bedrift, og sender analyserapport via epost innen 10 arbeidsdager etter mottak av pr\u00f8vene. Ved innsending b\u00f8r et f\u00f8lgeskjema vedlegges pr\u00f8vene.<\/p>\n\n\n\n<div style=\"height:100px\" aria-hidden=\"true\" class=\"wp-block-spacer\"><\/div>","protected":false},"excerpt":{"rendered":"<p>ASI Norge tilbyr analyse av oljeutskillervann. I henhold til forurensingsforskriften kapittel 15 (Krav til utslipp av oljeholdig avl\u00f8psvann\u00a0https:\/\/lovdata.no\/dokument\/SF\/forskrift\/2004-06-01-931\/KAPITTEL_4-5#\u00a715) er den \u00f8vre grense for oljeinnhold i oljeholdig avl\u00f8psvann 50 mg\/l. Eieren av utslippskilden m\u00e5 kunne dokumentere at utslippsvannet er innenfor grensen, og analyse av vannet m\u00e5 da gj\u00f8res av akkreditert analyselaboratorium. I tillegg til oljeinnholdet kan [&hellip;]<\/p>\n","protected":false},"author":1,"featured_media":0,"parent":0,"menu_order":0,"comment_status":"closed","ping_status":"closed","template":"","meta":{"_uag_custom_page_level_css":"","site-sidebar-layout":"default","site-content-layout":"","ast-site-content-layout":"default","site-content-style":"default","site-sidebar-style":"default","ast-global-header-display":"","ast-banner-title-visibility":"","ast-main-header-display":"","ast-hfb-above-header-display":"","ast-hfb-below-header-display":"","ast-hfb-mobile-header-display":"","site-post-title":"disabled","ast-breadcrumbs-content":"","ast-featured-img":"","footer-sml-layout":"","ast-disable-related-posts":"","theme-transparent-header-meta":"disabled","adv-header-id-meta":"","stick-header-meta":"","header-above-stick-meta":"","header-main-stick-meta":"","header-below-stick-meta":"","astra-migrate-meta-layouts":"set","ast-page-background-enabled":"default","ast-page-background-meta":{"desktop":{"background-color":"var(--ast-global-color-4)","background-image":"","background-repeat":"repeat","background-position":"center center","background-size":"auto","background-attachment":"scroll","background-type":"","background-media":"","overlay-type":"","overlay-color":"","overlay-opacity":"","overlay-gradient":""},"tablet":{"background-color":"","background-image":"","background-repeat":"repeat","background-position":"center center","background-size":"auto","background-attachment":"scroll","background-type":"","background-media":"","overlay-type":"","overlay-color":"","overlay-opacity":"","overlay-gradient":""},"mobile":{"background-color":"","background-image":"","background-repeat":"repeat","background-position":"center center","background-size":"auto","background-attachment":"scroll","background-type":"","background-media":"","overlay-type":"","overlay-color":"","overlay-opacity":"","overlay-gradient":""}},"ast-content-background-meta":{"desktop":{"background-color":"var(--ast-global-color-5)","background-image":"","background-repeat":"repeat","background-position":"center center","background-size":"auto","background-attachment":"scroll","background-type":"","background-media":"","overlay-type":"","overlay-color":"","overlay-opacity":"","overlay-gradient":""},"tablet":{"background-color":"var(--ast-global-color-5)","background-image":"","background-repeat":"repeat","background-position":"center center","background-size":"auto","background-attachment":"scroll","background-type":"","background-media":"","overlay-type":"","overlay-color":"","overlay-opacity":"","overlay-gradient":""},"mobile":{"background-color":"var(--ast-global-color-5)","background-image":"","background-repeat":"repeat","background-position":"center center","background-size":"auto","background-attachment":"scroll","background-type":"","background-media":"","overlay-type":"","overlay-color":"","overlay-opacity":"","overlay-gradient":""}},"footnotes":""},"class_list":["post-218","page","type-page","status-publish","hentry"],"yoast_head":"<!-- This site is optimized with the Yoast SEO plugin v27.5 - https:\/\/yoast.com\/product\/yoast-seo-wordpress\/ -->\n<title>ANALYSE AV VANN FRA OLJEUTSKILLER - Alex Stewart International Norge AS<\/title>\n<meta name=\"description\" content=\"ASI Norge tilbyr analyse av oljeutskillervann. I henhold til forurensingsforskriften kapittel 15 (Krav til utslipp av oljeholdig avl\u00f8psvann\u00a0https:\/\/lovdata.no\/dokument\/SF\/forskrift\/2004-06-01-931\/KAPITTEL_4-5#\u00a715) er den \u00f8vre grense for oljeinnhold i oljeholdig avl\u00f8psvann 50 mg\/l. Eieren av utslippskilden m\u00e5 kunne dokumentere at utslippsvannet er innenfor grensen, og analyse av vannet m\u00e5 da gj\u00f8res av akkreditert analyselaboratorium.\" \/>\n<meta name=\"robots\" content=\"index, follow, max-snippet:-1, max-image-preview:large, max-video-preview:-1\" \/>\n<link rel=\"canonical\" href=\"https:\/\/asinorge.no\/en\/analyse-av-vann-fra-oljeutskiller\/\" \/>\n<meta property=\"og:locale\" content=\"en_US\" \/>\n<meta property=\"og:type\" content=\"article\" \/>\n<meta property=\"og:title\" content=\"ANALYSE AV VANN FRA OLJEUTSKILLER - Alex Stewart International Norge AS\" \/>\n<meta property=\"og:description\" content=\"ASI Norge tilbyr analyse av oljeutskillervann. I henhold til forurensingsforskriften kapittel 15 (Krav til utslipp av oljeholdig avl\u00f8psvann\u00a0https:\/\/lovdata.no\/dokument\/SF\/forskrift\/2004-06-01-931\/KAPITTEL_4-5#\u00a715) er den \u00f8vre grense for oljeinnhold i oljeholdig avl\u00f8psvann 50 mg\/l. Eieren av utslippskilden m\u00e5 kunne dokumentere at utslippsvannet er innenfor grensen, og analyse av vannet m\u00e5 da gj\u00f8res av akkreditert analyselaboratorium.\" \/>\n<meta property=\"og:url\" content=\"https:\/\/asinorge.no\/en\/analyse-av-vann-fra-oljeutskiller\/\" \/>\n<meta property=\"og:site_name\" content=\"Alex Stewart International Norge AS\" \/>\n<meta property=\"article:publisher\" content=\"https:\/\/www.facebook.com\/slabstord\/\" \/>\n<meta property=\"article:modified_time\" content=\"2024-02-16T12:24:36+00:00\" \/>\n<meta property=\"og:image\" content=\"https:\/\/asinorge.no\/wp-content\/uploads\/2023\/05\/outdoors-cobblestone-texture-with-manhole.jpg\" \/>\n<meta name=\"twitter:card\" content=\"summary_large_image\" \/>\n<meta name=\"twitter:label1\" content=\"Est. reading time\" \/>\n\t<meta name=\"twitter:data1\" content=\"1 minute\" \/>\n<script type=\"application\/ld+json\" class=\"yoast-schema-graph\">{\"@context\":\"https:\\\/\\\/schema.org\",\"@graph\":[{\"@type\":\"WebPage\",\"@id\":\"https:\\\/\\\/asinorge.no\\\/analyse-av-vann-fra-oljeutskiller\\\/\",\"url\":\"https:\\\/\\\/asinorge.no\\\/analyse-av-vann-fra-oljeutskiller\\\/\",\"name\":\"ANALYSE AV VANN FRA OLJEUTSKILLER - Alex Stewart International Norge AS\",\"isPartOf\":{\"@id\":\"https:\\\/\\\/asinorge.no\\\/#website\"},\"primaryImageOfPage\":{\"@id\":\"https:\\\/\\\/asinorge.no\\\/analyse-av-vann-fra-oljeutskiller\\\/#primaryimage\"},\"image\":{\"@id\":\"https:\\\/\\\/asinorge.no\\\/analyse-av-vann-fra-oljeutskiller\\\/#primaryimage\"},\"thumbnailUrl\":\"https:\\\/\\\/asinorge.no\\\/wp-content\\\/uploads\\\/2023\\\/05\\\/outdoors-cobblestone-texture-with-manhole.jpg\",\"datePublished\":\"2023-05-19T09:09:07+00:00\",\"dateModified\":\"2024-02-16T12:24:36+00:00\",\"description\":\"ASI Norge tilbyr analyse av oljeutskillervann. I henhold til forurensingsforskriften kapittel 15 (Krav til utslipp av oljeholdig avl\u00f8psvann\u00a0https:\\\/\\\/lovdata.no\\\/dokument\\\/SF\\\/forskrift\\\/2004-06-01-931\\\/KAPITTEL_4-5#\u00a715) er den \u00f8vre grense for oljeinnhold i oljeholdig avl\u00f8psvann 50 mg\\\/l. Eieren av utslippskilden m\u00e5 kunne dokumentere at utslippsvannet er innenfor grensen, og analyse av vannet m\u00e5 da gj\u00f8res av akkreditert analyselaboratorium.\",\"breadcrumb\":{\"@id\":\"https:\\\/\\\/asinorge.no\\\/analyse-av-vann-fra-oljeutskiller\\\/#breadcrumb\"},\"inLanguage\":\"en-US\",\"potentialAction\":[{\"@type\":\"ReadAction\",\"target\":[\"https:\\\/\\\/asinorge.no\\\/analyse-av-vann-fra-oljeutskiller\\\/\"]}]},{\"@type\":\"ImageObject\",\"inLanguage\":\"en-US\",\"@id\":\"https:\\\/\\\/asinorge.no\\\/analyse-av-vann-fra-oljeutskiller\\\/#primaryimage\",\"url\":\"https:\\\/\\\/asinorge.no\\\/wp-content\\\/uploads\\\/2023\\\/05\\\/outdoors-cobblestone-texture-with-manhole.jpg\",\"contentUrl\":\"https:\\\/\\\/asinorge.no\\\/wp-content\\\/uploads\\\/2023\\\/05\\\/outdoors-cobblestone-texture-with-manhole.jpg\"},{\"@type\":\"BreadcrumbList\",\"@id\":\"https:\\\/\\\/asinorge.no\\\/analyse-av-vann-fra-oljeutskiller\\\/#breadcrumb\",\"itemListElement\":[{\"@type\":\"ListItem\",\"position\":1,\"name\":\"Hjem\",\"item\":\"https:\\\/\\\/asinorge.no\\\/\"},{\"@type\":\"ListItem\",\"position\":2,\"name\":\"ANALYSE AV VANN FRA OLJEUTSKILLER\"}]},{\"@type\":\"WebSite\",\"@id\":\"https:\\\/\\\/asinorge.no\\\/#website\",\"url\":\"https:\\\/\\\/asinorge.no\\\/\",\"name\":\"Alex Stewart International Norge AS\",\"description\":\"Konsulent og laboratorietjenester\",\"publisher\":{\"@id\":\"https:\\\/\\\/asinorge.no\\\/#organization\"},\"alternateName\":\"ASI NORGE AS\",\"potentialAction\":[{\"@type\":\"SearchAction\",\"target\":{\"@type\":\"EntryPoint\",\"urlTemplate\":\"https:\\\/\\\/asinorge.no\\\/?s={search_term_string}\"},\"query-input\":{\"@type\":\"PropertyValueSpecification\",\"valueRequired\":true,\"valueName\":\"search_term_string\"}}],\"inLanguage\":\"en-US\"},{\"@type\":\"Organization\",\"@id\":\"https:\\\/\\\/asinorge.no\\\/#organization\",\"name\":\"Alex Stewart International Norge AS\",\"url\":\"https:\\\/\\\/asinorge.no\\\/\",\"logo\":{\"@type\":\"ImageObject\",\"inLanguage\":\"en-US\",\"@id\":\"https:\\\/\\\/asinorge.no\\\/#\\\/schema\\\/logo\\\/image\\\/\",\"url\":\"https:\\\/\\\/asinorge.no\\\/wp-content\\\/uploads\\\/2023\\\/11\\\/cropped-ASi-Logony.png\",\"contentUrl\":\"https:\\\/\\\/asinorge.no\\\/wp-content\\\/uploads\\\/2023\\\/11\\\/cropped-ASi-Logony.png\",\"width\":943,\"height\":246,\"caption\":\"Alex Stewart International Norge AS\"},\"image\":{\"@id\":\"https:\\\/\\\/asinorge.no\\\/#\\\/schema\\\/logo\\\/image\\\/\"},\"sameAs\":[\"https:\\\/\\\/www.facebook.com\\\/slabstord\\\/\",\"https:\\\/\\\/no.linkedin.com\\\/in\\\/alex-stewart-international-norge-as-avd-stord-11a5421a3\"]}]}<\/script>\n<!-- \/ Yoast SEO plugin. -->","yoast_head_json":{"title":"ANALYSE AV VANN FRA OLJEUTSKILLER - Alex Stewart International Norge AS","description":"ASI Norge tilbyr analyse av oljeutskillervann. I henhold til forurensingsforskriften kapittel 15 (Krav til utslipp av oljeholdig avl\u00f8psvann\u00a0https:\/\/lovdata.no\/dokument\/SF\/forskrift\/2004-06-01-931\/KAPITTEL_4-5#\u00a715) er den \u00f8vre grense for oljeinnhold i oljeholdig avl\u00f8psvann 50 mg\/l. Eieren av utslippskilden m\u00e5 kunne dokumentere at utslippsvannet er innenfor grensen, og analyse av vannet m\u00e5 da gj\u00f8res av akkreditert analyselaboratorium.","robots":{"index":"index","follow":"follow","max-snippet":"max-snippet:-1","max-image-preview":"max-image-preview:large","max-video-preview":"max-video-preview:-1"},"canonical":"https:\/\/asinorge.no\/en\/analyse-av-vann-fra-oljeutskiller\/","og_locale":"en_US","og_type":"article","og_title":"ANALYSE AV VANN FRA OLJEUTSKILLER - Alex Stewart International Norge AS","og_description":"ASI Norge tilbyr analyse av oljeutskillervann. I henhold til forurensingsforskriften kapittel 15 (Krav til utslipp av oljeholdig avl\u00f8psvann\u00a0https:\/\/lovdata.no\/dokument\/SF\/forskrift\/2004-06-01-931\/KAPITTEL_4-5#\u00a715) er den \u00f8vre grense for oljeinnhold i oljeholdig avl\u00f8psvann 50 mg\/l. Eieren av utslippskilden m\u00e5 kunne dokumentere at utslippsvannet er innenfor grensen, og analyse av vannet m\u00e5 da gj\u00f8res av akkreditert analyselaboratorium.","og_url":"https:\/\/asinorge.no\/en\/analyse-av-vann-fra-oljeutskiller\/","og_site_name":"Alex Stewart International Norge AS","article_publisher":"https:\/\/www.facebook.com\/slabstord\/","article_modified_time":"2024-02-16T12:24:36+00:00","og_image":[{"url":"https:\/\/asinorge.no\/wp-content\/uploads\/2023\/05\/outdoors-cobblestone-texture-with-manhole.jpg","type":"","width":"","height":""}],"twitter_card":"summary_large_image","twitter_misc":{"Est. reading time":"1 minute"},"schema":{"@context":"https:\/\/schema.org","@graph":[{"@type":"WebPage","@id":"https:\/\/asinorge.no\/analyse-av-vann-fra-oljeutskiller\/","url":"https:\/\/asinorge.no\/analyse-av-vann-fra-oljeutskiller\/","name":"ANALYSE AV VANN FRA OLJEUTSKILLER - Alex Stewart International Norge AS","isPartOf":{"@id":"https:\/\/asinorge.no\/#website"},"primaryImageOfPage":{"@id":"https:\/\/asinorge.no\/analyse-av-vann-fra-oljeutskiller\/#primaryimage"},"image":{"@id":"https:\/\/asinorge.no\/analyse-av-vann-fra-oljeutskiller\/#primaryimage"},"thumbnailUrl":"https:\/\/asinorge.no\/wp-content\/uploads\/2023\/05\/outdoors-cobblestone-texture-with-manhole.jpg","datePublished":"2023-05-19T09:09:07+00:00","dateModified":"2024-02-16T12:24:36+00:00","description":"ASI Norge tilbyr analyse av oljeutskillervann. I henhold til forurensingsforskriften kapittel 15 (Krav til utslipp av oljeholdig avl\u00f8psvann\u00a0https:\/\/lovdata.no\/dokument\/SF\/forskrift\/2004-06-01-931\/KAPITTEL_4-5#\u00a715) er den \u00f8vre grense for oljeinnhold i oljeholdig avl\u00f8psvann 50 mg\/l. Eieren av utslippskilden m\u00e5 kunne dokumentere at utslippsvannet er innenfor grensen, og analyse av vannet m\u00e5 da gj\u00f8res av akkreditert analyselaboratorium.","breadcrumb":{"@id":"https:\/\/asinorge.no\/analyse-av-vann-fra-oljeutskiller\/#breadcrumb"},"inLanguage":"en-US","potentialAction":[{"@type":"ReadAction","target":["https:\/\/asinorge.no\/analyse-av-vann-fra-oljeutskiller\/"]}]},{"@type":"ImageObject","inLanguage":"en-US","@id":"https:\/\/asinorge.no\/analyse-av-vann-fra-oljeutskiller\/#primaryimage","url":"https:\/\/asinorge.no\/wp-content\/uploads\/2023\/05\/outdoors-cobblestone-texture-with-manhole.jpg","contentUrl":"https:\/\/asinorge.no\/wp-content\/uploads\/2023\/05\/outdoors-cobblestone-texture-with-manhole.jpg"},{"@type":"BreadcrumbList","@id":"https:\/\/asinorge.no\/analyse-av-vann-fra-oljeutskiller\/#breadcrumb","itemListElement":[{"@type":"ListItem","position":1,"name":"Hjem","item":"https:\/\/asinorge.no\/"},{"@type":"ListItem","position":2,"name":"ANALYSE AV VANN FRA OLJEUTSKILLER"}]},{"@type":"WebSite","@id":"https:\/\/asinorge.no\/#website","url":"https:\/\/asinorge.no\/","name":"Alex Stewart International Norge AS","description":"Konsulent og laboratorietjenester","publisher":{"@id":"https:\/\/asinorge.no\/#organization"},"alternateName":"ASI NORGE AS","potentialAction":[{"@type":"SearchAction","target":{"@type":"EntryPoint","urlTemplate":"https:\/\/asinorge.no\/?s={search_term_string}"},"query-input":{"@type":"PropertyValueSpecification","valueRequired":true,"valueName":"search_term_string"}}],"inLanguage":"en-US"},{"@type":"Organization","@id":"https:\/\/asinorge.no\/#organization","name":"Alex Stewart International Norge AS","url":"https:\/\/asinorge.no\/","logo":{"@type":"ImageObject","inLanguage":"en-US","@id":"https:\/\/asinorge.no\/#\/schema\/logo\/image\/","url":"https:\/\/asinorge.no\/wp-content\/uploads\/2023\/11\/cropped-ASi-Logony.png","contentUrl":"https:\/\/asinorge.no\/wp-content\/uploads\/2023\/11\/cropped-ASi-Logony.png","width":943,"height":246,"caption":"Alex Stewart International Norge AS"},"image":{"@id":"https:\/\/asinorge.no\/#\/schema\/logo\/image\/"},"sameAs":["https:\/\/www.facebook.com\/slabstord\/","https:\/\/no.linkedin.com\/in\/alex-stewart-international-norge-as-avd-stord-11a5421a3"]}]}},"uagb_featured_image_src":{"full":false,"thumbnail":false,"medium":false,"medium_large":false,"large":false,"1536x1536":false,"2048x2048":false,"trp-custom-language-flag":false},"uagb_author_info":{"display_name":"ASI Norge AS","author_link":"https:\/\/asinorge.no\/en\/author\/malin_brady\/"},"uagb_comment_info":0,"uagb_excerpt":"ASI Norge tilbyr analyse av oljeutskillervann. I henhold til forurensingsforskriften kapittel 15 (Krav til utslipp av oljeholdig avl\u00f8psvann\u00a0https:\/\/lovdata.no\/dokument\/SF\/forskrift\/2004-06-01-931\/KAPITTEL_4-5#\u00a715) er den \u00f8vre grense for oljeinnhold i oljeholdig avl\u00f8psvann 50 mg\/l. Eieren av utslippskilden m\u00e5 kunne dokumentere at utslippsvannet er innenfor grensen, og analyse av vannet m\u00e5 da gj\u00f8res av akkreditert analyselaboratorium. I tillegg til oljeinnholdet kan&hellip;","jetpack_sharing_enabled":true,"_links":{"self":[{"href":"https:\/\/asinorge.no\/en\/wp-json\/wp\/v2\/pages\/218","targetHints":{"allow":["GET"]}}],"collection":[{"href":"https:\/\/asinorge.no\/en\/wp-json\/wp\/v2\/pages"}],"about":[{"href":"https:\/\/asinorge.no\/en\/wp-json\/wp\/v2\/types\/page"}],"author":[{"embeddable":true,"href":"https:\/\/asinorge.no\/en\/wp-json\/wp\/v2\/users\/1"}],"replies":[{"embeddable":true,"href":"https:\/\/asinorge.no\/en\/wp-json\/wp\/v2\/comments?post=218"}],"version-history":[{"count":7,"href":"https:\/\/asinorge.no\/en\/wp-json\/wp\/v2\/pages\/218\/revisions"}],"predecessor-version":[{"id":1072,"href":"https:\/\/asinorge.no\/en\/wp-json\/wp\/v2\/pages\/218\/revisions\/1072"}],"wp:attachment":[{"href":"https:\/\/asinorge.no\/en\/wp-json\/wp\/v2\/media?parent=218"}],"curies":[{"name":"wp","href":"https:\/\/api.w.org\/{rel}","templated":true}]}}