{"id":210,"date":"2023-05-19T10:55:50","date_gmt":"2023-05-19T08:55:50","guid":{"rendered":"https:\/\/asinorge.no\/?page_id=210"},"modified":"2024-02-16T13:16:21","modified_gmt":"2024-02-16T12:16:21","slug":"analyse-av-avlopsvann","status":"publish","type":"page","link":"https:\/\/asinorge.no\/en\/analyse-av-avlopsvann\/","title":{"rendered":"ANALYSE AV AVL\u00d8PSVANN"},"content":{"rendered":"<div class=\"wp-block-cover alignfull\" style=\"min-height:625px;aspect-ratio:unset;\"><span aria-hidden=\"true\" class=\"wp-block-cover__background has-background-dim-70 has-background-dim wp-block-cover__gradient-background has-background-gradient\" style=\"background:linear-gradient(135deg,rgb(255,255,255) 0%,rgb(125,0,0) 48%,rgb(64,0,0) 100%)\"><\/span><img loading=\"lazy\" decoding=\"async\" width=\"1496\" height=\"997\" class=\"wp-block-cover__image-background wp-image-213\" alt=\"\" src=\"https:\/\/asinorge.no\/wp-content\/uploads\/2023\/05\/full-shot-environmental-engineer-getting-water-sample.jpg\" style=\"object-position:77% 43%\" data-object-fit=\"cover\" data-object-position=\"77% 43%\" srcset=\"https:\/\/asinorge.no\/wp-content\/uploads\/2023\/05\/full-shot-environmental-engineer-getting-water-sample.jpg 1496w, https:\/\/asinorge.no\/wp-content\/uploads\/2023\/05\/full-shot-environmental-engineer-getting-water-sample-300x200.jpg 300w, https:\/\/asinorge.no\/wp-content\/uploads\/2023\/05\/full-shot-environmental-engineer-getting-water-sample-1024x682.jpg 1024w, https:\/\/asinorge.no\/wp-content\/uploads\/2023\/05\/full-shot-environmental-engineer-getting-water-sample-768x512.jpg 768w\" sizes=\"auto, (max-width: 1496px) 100vw, 1496px\" \/><div class=\"wp-block-cover__inner-container is-layout-flow wp-block-cover-is-layout-flow\">\n<div style=\"height:106px\" aria-hidden=\"true\" class=\"wp-block-spacer\"><\/div>\n\n\n\n<h1 class=\"wp-block-heading has-text-align-center\">ANALYSE AV AVL\u00d8PSVANN<\/h1>\n\n\n\n<p class=\"has-text-align-center has-medium-font-size\"><\/p>\n<\/div><\/div>\n\n\n\n<p><\/p>\n\n\n\n<p>Utslipp av avl\u00f8psvann til sj\u00f8 \/ vann eller kommunalt avl\u00f8psnett er regulert av&nbsp;<a href=\"https:\/\/lovdata.no\/dokument\/SF\/forskrift\/2004-06-01-931\/KAPITTEL_4#KAPITTEL_4\" target=\"_blank\" rel=\"noreferrer noopener\">forurensingsforskriften del 4<\/a>&nbsp;(Avl\u00f8p). I denne forskriften blir b\u00e5de sanit\u00e6rt avl\u00f8psvann (fra private og kommunalt avl\u00f8psnett), industriavl\u00f8psvann og oljeholdig avl\u00f8psvann (fra olje eller fettavskiller) omtalt, og kravene til utslippsvannet blir definert.<\/p>\n\n\n\n<p>For sanit\u00e6rt avl\u00f8psvann s\u00e5 vil&nbsp;<a href=\"https:\/\/lovdata.no\/forskrift\/2004-06-01-931\/%C2%A713-1\" target=\"_blank\" rel=\"noreferrer noopener\">kravene om rensing og dokumentasjon avhenge av st\u00f8rrelsen<\/a>&nbsp;(antall person enheter) p\u00e5 avl\u00f8psnettet, og hvor vannet slippes ut til (ferskvann eller sj\u00f8). Det er da i f\u00f8rste omgang&nbsp;konsentrasjon av suspendert stoff (SS) og biologisk oksygen forbruk (BOF) som det er krav om \u00e5 m\u00e5le i avl\u00f8psvannet.<\/p>\n\n\n\n<p>For industriavl\u00f8psvann angir reglementet at det i utgangspunkt ikke er tillatt \u00e5 slippe ut noe som har \u00abmilj\u00f8messig betydning\u00bb. Dersom stoff i avl\u00f8psvannet kan foreligge i konsentrasjoner som er h\u00f8yere enn det som er antatt \u00e5 ha milj\u00f8messig betydning, s\u00e5 m\u00e5 virksomheten som er kilden til avl\u00f8psvannet s\u00f8ke om utslippstillatelse fra forurensingsmyndighetene. Utslippstillatelsen som blir gitt vil da angi maksimale konsentrasjoner av spesifikke stoff som det vil v\u00e6re tillatt \u00e5 slippe ut til resipienten. Dette kan v\u00e6re alt fra forskjellige metall, n\u00e6ringssalt, salter eller organiske stoff. For \u00e5 dokumentere overholdelse av utslippstillatelsen vil det v\u00e6re behov for \u00e5 ta pr\u00f8ver av avl\u00f8psvannet med fastsatte frekvenser igjennom \u00e5ret. Pr\u00f8vene som er tatt m\u00e5 bedriftene analysere for innhold av de aktuelle stoffene omtalt i tillatelsen.<\/p>\n\n\n\n<p>ASI Norge kan utf\u00f8re akkrediterte analyser i sanit\u00e6rt og industriavl\u00f8psvann p\u00e5 metall, n\u00e6ringssalt, suspendert stoff (SS), biologisk oksygen forbruk (BOF) og organiske milj\u00f8gifter. Vi kan ogs\u00e5 hjelpe med s\u00f8knader for utslippstillatelsen eller oppsett av pr\u00f8veprogram. Ta kontakt, s\u00e5 l\u00f8ser vi dine utfordringer p\u00e5 avl\u00f8psvannoverv\u00e5kning.<\/p>\n\n\n\n<div style=\"height:100px\" aria-hidden=\"true\" class=\"wp-block-spacer\"><\/div>","protected":false},"excerpt":{"rendered":"<p>Utslipp av avl\u00f8psvann til sj\u00f8 \/ vann eller kommunalt avl\u00f8psnett er regulert av&nbsp;forurensingsforskriften del 4&nbsp;(Avl\u00f8p). I denne forskriften blir b\u00e5de sanit\u00e6rt avl\u00f8psvann (fra private og kommunalt avl\u00f8psnett), industriavl\u00f8psvann og oljeholdig avl\u00f8psvann (fra olje eller fettavskiller) omtalt, og kravene til utslippsvannet blir definert. For sanit\u00e6rt avl\u00f8psvann s\u00e5 vil&nbsp;kravene om rensing og dokumentasjon avhenge av st\u00f8rrelsen&nbsp;(antall person [&hellip;]<\/p>\n","protected":false},"author":1,"featured_media":0,"parent":0,"menu_order":0,"comment_status":"closed","ping_status":"closed","template":"","meta":{"_uag_custom_page_level_css":"","site-sidebar-layout":"default","site-content-layout":"","ast-site-content-layout":"default","site-content-style":"default","site-sidebar-style":"default","ast-global-header-display":"","ast-banner-title-visibility":"","ast-main-header-display":"","ast-hfb-above-header-display":"","ast-hfb-below-header-display":"","ast-hfb-mobile-header-display":"","site-post-title":"disabled","ast-breadcrumbs-content":"","ast-featured-img":"","footer-sml-layout":"","ast-disable-related-posts":"","theme-transparent-header-meta":"default","adv-header-id-meta":"","stick-header-meta":"","header-above-stick-meta":"","header-main-stick-meta":"","header-below-stick-meta":"","astra-migrate-meta-layouts":"set","ast-page-background-enabled":"default","ast-page-background-meta":{"desktop":{"background-color":"var(--ast-global-color-4)","background-image":"","background-repeat":"repeat","background-position":"center center","background-size":"auto","background-attachment":"scroll","background-type":"","background-media":"","overlay-type":"","overlay-color":"","overlay-opacity":"","overlay-gradient":""},"tablet":{"background-color":"","background-image":"","background-repeat":"repeat","background-position":"center center","background-size":"auto","background-attachment":"scroll","background-type":"","background-media":"","overlay-type":"","overlay-color":"","overlay-opacity":"","overlay-gradient":""},"mobile":{"background-color":"","background-image":"","background-repeat":"repeat","background-position":"center center","background-size":"auto","background-attachment":"scroll","background-type":"","background-media":"","overlay-type":"","overlay-color":"","overlay-opacity":"","overlay-gradient":""}},"ast-content-background-meta":{"desktop":{"background-color":"var(--ast-global-color-5)","background-image":"","background-repeat":"repeat","background-position":"center center","background-size":"auto","background-attachment":"scroll","background-type":"","background-media":"","overlay-type":"","overlay-color":"","overlay-opacity":"","overlay-gradient":""},"tablet":{"background-color":"var(--ast-global-color-5)","background-image":"","background-repeat":"repeat","background-position":"center center","background-size":"auto","background-attachment":"scroll","background-type":"","background-media":"","overlay-type":"","overlay-color":"","overlay-opacity":"","overlay-gradient":""},"mobile":{"background-color":"var(--ast-global-color-5)","background-image":"","background-repeat":"repeat","background-position":"center center","background-size":"auto","background-attachment":"scroll","background-type":"","background-media":"","overlay-type":"","overlay-color":"","overlay-opacity":"","overlay-gradient":""}},"footnotes":""},"class_list":["post-210","page","type-page","status-publish","hentry"],"yoast_head":"<!-- This site is optimized with the Yoast SEO plugin v27.5 - https:\/\/yoast.com\/product\/yoast-seo-wordpress\/ -->\n<title>ANALYSE AV AVL\u00d8PSVANN - Alex Stewart International Norge AS<\/title>\n<meta name=\"description\" content=\"Utslipp av avl\u00f8psvann til sj\u00f8 \/ vann eller kommunalt avl\u00f8psnett er regulert av\u00a0forurensingsforskriften del 4\u00a0(Avl\u00f8p). I denne forskriften blir b\u00e5de sanit\u00e6rt avl\u00f8psvann (fra private og kommunalt avl\u00f8psnett), industriavl\u00f8psvann og oljeholdig avl\u00f8psvann (fra olje eller fettavskiller) omtalt, og kravene til utslippsvannet blir definert.\" \/>\n<meta name=\"robots\" content=\"index, follow, max-snippet:-1, max-image-preview:large, max-video-preview:-1\" \/>\n<link rel=\"canonical\" href=\"https:\/\/asinorge.no\/en\/analyse-av-avlopsvann\/\" \/>\n<meta property=\"og:locale\" content=\"en_US\" \/>\n<meta property=\"og:type\" content=\"article\" \/>\n<meta property=\"og:title\" content=\"ANALYSE AV AVL\u00d8PSVANN - Alex Stewart International Norge AS\" \/>\n<meta property=\"og:description\" content=\"Utslipp av avl\u00f8psvann til sj\u00f8 \/ vann eller kommunalt avl\u00f8psnett er regulert av\u00a0forurensingsforskriften del 4\u00a0(Avl\u00f8p). I denne forskriften blir b\u00e5de sanit\u00e6rt avl\u00f8psvann (fra private og kommunalt avl\u00f8psnett), industriavl\u00f8psvann og oljeholdig avl\u00f8psvann (fra olje eller fettavskiller) omtalt, og kravene til utslippsvannet blir definert.\" \/>\n<meta property=\"og:url\" content=\"https:\/\/asinorge.no\/en\/analyse-av-avlopsvann\/\" \/>\n<meta property=\"og:site_name\" content=\"Alex Stewart International Norge AS\" \/>\n<meta property=\"article:publisher\" content=\"https:\/\/www.facebook.com\/slabstord\/\" \/>\n<meta property=\"article:modified_time\" content=\"2024-02-16T12:16:21+00:00\" \/>\n<meta property=\"og:image\" content=\"https:\/\/asinorge.no\/wp-content\/uploads\/2023\/05\/full-shot-environmental-engineer-getting-water-sample.jpg\" \/>\n<meta name=\"twitter:card\" content=\"summary_large_image\" \/>\n<meta name=\"twitter:label1\" content=\"Est. reading time\" \/>\n\t<meta name=\"twitter:data1\" content=\"2 minutes\" \/>\n<script type=\"application\/ld+json\" class=\"yoast-schema-graph\">{\"@context\":\"https:\\\/\\\/schema.org\",\"@graph\":[{\"@type\":\"WebPage\",\"@id\":\"https:\\\/\\\/asinorge.no\\\/analyse-av-avlopsvann\\\/\",\"url\":\"https:\\\/\\\/asinorge.no\\\/analyse-av-avlopsvann\\\/\",\"name\":\"ANALYSE AV AVL\u00d8PSVANN - Alex Stewart International Norge AS\",\"isPartOf\":{\"@id\":\"https:\\\/\\\/asinorge.no\\\/#website\"},\"primaryImageOfPage\":{\"@id\":\"https:\\\/\\\/asinorge.no\\\/analyse-av-avlopsvann\\\/#primaryimage\"},\"image\":{\"@id\":\"https:\\\/\\\/asinorge.no\\\/analyse-av-avlopsvann\\\/#primaryimage\"},\"thumbnailUrl\":\"https:\\\/\\\/asinorge.no\\\/wp-content\\\/uploads\\\/2023\\\/05\\\/full-shot-environmental-engineer-getting-water-sample.jpg\",\"datePublished\":\"2023-05-19T08:55:50+00:00\",\"dateModified\":\"2024-02-16T12:16:21+00:00\",\"description\":\"Utslipp av avl\u00f8psvann til sj\u00f8 \\\/ vann eller kommunalt avl\u00f8psnett er regulert av\u00a0forurensingsforskriften del 4\u00a0(Avl\u00f8p). I denne forskriften blir b\u00e5de sanit\u00e6rt avl\u00f8psvann (fra private og kommunalt avl\u00f8psnett), industriavl\u00f8psvann og oljeholdig avl\u00f8psvann (fra olje eller fettavskiller) omtalt, og kravene til utslippsvannet blir definert.\",\"breadcrumb\":{\"@id\":\"https:\\\/\\\/asinorge.no\\\/analyse-av-avlopsvann\\\/#breadcrumb\"},\"inLanguage\":\"en-US\",\"potentialAction\":[{\"@type\":\"ReadAction\",\"target\":[\"https:\\\/\\\/asinorge.no\\\/analyse-av-avlopsvann\\\/\"]}]},{\"@type\":\"ImageObject\",\"inLanguage\":\"en-US\",\"@id\":\"https:\\\/\\\/asinorge.no\\\/analyse-av-avlopsvann\\\/#primaryimage\",\"url\":\"https:\\\/\\\/asinorge.no\\\/wp-content\\\/uploads\\\/2023\\\/05\\\/full-shot-environmental-engineer-getting-water-sample.jpg\",\"contentUrl\":\"https:\\\/\\\/asinorge.no\\\/wp-content\\\/uploads\\\/2023\\\/05\\\/full-shot-environmental-engineer-getting-water-sample.jpg\"},{\"@type\":\"BreadcrumbList\",\"@id\":\"https:\\\/\\\/asinorge.no\\\/analyse-av-avlopsvann\\\/#breadcrumb\",\"itemListElement\":[{\"@type\":\"ListItem\",\"position\":1,\"name\":\"Hjem\",\"item\":\"https:\\\/\\\/asinorge.no\\\/\"},{\"@type\":\"ListItem\",\"position\":2,\"name\":\"ANALYSE AV AVL\u00d8PSVANN\"}]},{\"@type\":\"WebSite\",\"@id\":\"https:\\\/\\\/asinorge.no\\\/#website\",\"url\":\"https:\\\/\\\/asinorge.no\\\/\",\"name\":\"Alex Stewart International Norge AS\",\"description\":\"Konsulent og laboratorietjenester\",\"publisher\":{\"@id\":\"https:\\\/\\\/asinorge.no\\\/#organization\"},\"alternateName\":\"ASI NORGE AS\",\"potentialAction\":[{\"@type\":\"SearchAction\",\"target\":{\"@type\":\"EntryPoint\",\"urlTemplate\":\"https:\\\/\\\/asinorge.no\\\/?s={search_term_string}\"},\"query-input\":{\"@type\":\"PropertyValueSpecification\",\"valueRequired\":true,\"valueName\":\"search_term_string\"}}],\"inLanguage\":\"en-US\"},{\"@type\":\"Organization\",\"@id\":\"https:\\\/\\\/asinorge.no\\\/#organization\",\"name\":\"Alex Stewart International Norge AS\",\"url\":\"https:\\\/\\\/asinorge.no\\\/\",\"logo\":{\"@type\":\"ImageObject\",\"inLanguage\":\"en-US\",\"@id\":\"https:\\\/\\\/asinorge.no\\\/#\\\/schema\\\/logo\\\/image\\\/\",\"url\":\"https:\\\/\\\/asinorge.no\\\/wp-content\\\/uploads\\\/2023\\\/11\\\/cropped-ASi-Logony.png\",\"contentUrl\":\"https:\\\/\\\/asinorge.no\\\/wp-content\\\/uploads\\\/2023\\\/11\\\/cropped-ASi-Logony.png\",\"width\":943,\"height\":246,\"caption\":\"Alex Stewart International Norge AS\"},\"image\":{\"@id\":\"https:\\\/\\\/asinorge.no\\\/#\\\/schema\\\/logo\\\/image\\\/\"},\"sameAs\":[\"https:\\\/\\\/www.facebook.com\\\/slabstord\\\/\",\"https:\\\/\\\/no.linkedin.com\\\/in\\\/alex-stewart-international-norge-as-avd-stord-11a5421a3\"]}]}<\/script>\n<!-- \/ Yoast SEO plugin. -->","yoast_head_json":{"title":"ANALYSE AV AVL\u00d8PSVANN - Alex Stewart International Norge AS","description":"Utslipp av avl\u00f8psvann til sj\u00f8 \/ vann eller kommunalt avl\u00f8psnett er regulert av\u00a0forurensingsforskriften del 4\u00a0(Avl\u00f8p). I denne forskriften blir b\u00e5de sanit\u00e6rt avl\u00f8psvann (fra private og kommunalt avl\u00f8psnett), industriavl\u00f8psvann og oljeholdig avl\u00f8psvann (fra olje eller fettavskiller) omtalt, og kravene til utslippsvannet blir definert.","robots":{"index":"index","follow":"follow","max-snippet":"max-snippet:-1","max-image-preview":"max-image-preview:large","max-video-preview":"max-video-preview:-1"},"canonical":"https:\/\/asinorge.no\/en\/analyse-av-avlopsvann\/","og_locale":"en_US","og_type":"article","og_title":"ANALYSE AV AVL\u00d8PSVANN - Alex Stewart International Norge AS","og_description":"Utslipp av avl\u00f8psvann til sj\u00f8 \/ vann eller kommunalt avl\u00f8psnett er regulert av\u00a0forurensingsforskriften del 4\u00a0(Avl\u00f8p). I denne forskriften blir b\u00e5de sanit\u00e6rt avl\u00f8psvann (fra private og kommunalt avl\u00f8psnett), industriavl\u00f8psvann og oljeholdig avl\u00f8psvann (fra olje eller fettavskiller) omtalt, og kravene til utslippsvannet blir definert.","og_url":"https:\/\/asinorge.no\/en\/analyse-av-avlopsvann\/","og_site_name":"Alex Stewart International Norge AS","article_publisher":"https:\/\/www.facebook.com\/slabstord\/","article_modified_time":"2024-02-16T12:16:21+00:00","og_image":[{"url":"https:\/\/asinorge.no\/wp-content\/uploads\/2023\/05\/full-shot-environmental-engineer-getting-water-sample.jpg","type":"","width":"","height":""}],"twitter_card":"summary_large_image","twitter_misc":{"Est. reading time":"2 minutes"},"schema":{"@context":"https:\/\/schema.org","@graph":[{"@type":"WebPage","@id":"https:\/\/asinorge.no\/analyse-av-avlopsvann\/","url":"https:\/\/asinorge.no\/analyse-av-avlopsvann\/","name":"ANALYSE AV AVL\u00d8PSVANN - Alex Stewart International Norge AS","isPartOf":{"@id":"https:\/\/asinorge.no\/#website"},"primaryImageOfPage":{"@id":"https:\/\/asinorge.no\/analyse-av-avlopsvann\/#primaryimage"},"image":{"@id":"https:\/\/asinorge.no\/analyse-av-avlopsvann\/#primaryimage"},"thumbnailUrl":"https:\/\/asinorge.no\/wp-content\/uploads\/2023\/05\/full-shot-environmental-engineer-getting-water-sample.jpg","datePublished":"2023-05-19T08:55:50+00:00","dateModified":"2024-02-16T12:16:21+00:00","description":"Utslipp av avl\u00f8psvann til sj\u00f8 \/ vann eller kommunalt avl\u00f8psnett er regulert av\u00a0forurensingsforskriften del 4\u00a0(Avl\u00f8p). I denne forskriften blir b\u00e5de sanit\u00e6rt avl\u00f8psvann (fra private og kommunalt avl\u00f8psnett), industriavl\u00f8psvann og oljeholdig avl\u00f8psvann (fra olje eller fettavskiller) omtalt, og kravene til utslippsvannet blir definert.","breadcrumb":{"@id":"https:\/\/asinorge.no\/analyse-av-avlopsvann\/#breadcrumb"},"inLanguage":"en-US","potentialAction":[{"@type":"ReadAction","target":["https:\/\/asinorge.no\/analyse-av-avlopsvann\/"]}]},{"@type":"ImageObject","inLanguage":"en-US","@id":"https:\/\/asinorge.no\/analyse-av-avlopsvann\/#primaryimage","url":"https:\/\/asinorge.no\/wp-content\/uploads\/2023\/05\/full-shot-environmental-engineer-getting-water-sample.jpg","contentUrl":"https:\/\/asinorge.no\/wp-content\/uploads\/2023\/05\/full-shot-environmental-engineer-getting-water-sample.jpg"},{"@type":"BreadcrumbList","@id":"https:\/\/asinorge.no\/analyse-av-avlopsvann\/#breadcrumb","itemListElement":[{"@type":"ListItem","position":1,"name":"Hjem","item":"https:\/\/asinorge.no\/"},{"@type":"ListItem","position":2,"name":"ANALYSE AV AVL\u00d8PSVANN"}]},{"@type":"WebSite","@id":"https:\/\/asinorge.no\/#website","url":"https:\/\/asinorge.no\/","name":"Alex Stewart International Norge AS","description":"Konsulent og laboratorietjenester","publisher":{"@id":"https:\/\/asinorge.no\/#organization"},"alternateName":"ASI NORGE AS","potentialAction":[{"@type":"SearchAction","target":{"@type":"EntryPoint","urlTemplate":"https:\/\/asinorge.no\/?s={search_term_string}"},"query-input":{"@type":"PropertyValueSpecification","valueRequired":true,"valueName":"search_term_string"}}],"inLanguage":"en-US"},{"@type":"Organization","@id":"https:\/\/asinorge.no\/#organization","name":"Alex Stewart International Norge AS","url":"https:\/\/asinorge.no\/","logo":{"@type":"ImageObject","inLanguage":"en-US","@id":"https:\/\/asinorge.no\/#\/schema\/logo\/image\/","url":"https:\/\/asinorge.no\/wp-content\/uploads\/2023\/11\/cropped-ASi-Logony.png","contentUrl":"https:\/\/asinorge.no\/wp-content\/uploads\/2023\/11\/cropped-ASi-Logony.png","width":943,"height":246,"caption":"Alex Stewart International Norge AS"},"image":{"@id":"https:\/\/asinorge.no\/#\/schema\/logo\/image\/"},"sameAs":["https:\/\/www.facebook.com\/slabstord\/","https:\/\/no.linkedin.com\/in\/alex-stewart-international-norge-as-avd-stord-11a5421a3"]}]}},"uagb_featured_image_src":{"full":false,"thumbnail":false,"medium":false,"medium_large":false,"large":false,"1536x1536":false,"2048x2048":false,"trp-custom-language-flag":false},"uagb_author_info":{"display_name":"ASI Norge AS","author_link":"https:\/\/asinorge.no\/en\/author\/malin_brady\/"},"uagb_comment_info":0,"uagb_excerpt":"Utslipp av avl\u00f8psvann til sj\u00f8 \/ vann eller kommunalt avl\u00f8psnett er regulert av&nbsp;forurensingsforskriften del 4&nbsp;(Avl\u00f8p). I denne forskriften blir b\u00e5de sanit\u00e6rt avl\u00f8psvann (fra private og kommunalt avl\u00f8psnett), industriavl\u00f8psvann og oljeholdig avl\u00f8psvann (fra olje eller fettavskiller) omtalt, og kravene til utslippsvannet blir definert. For sanit\u00e6rt avl\u00f8psvann s\u00e5 vil&nbsp;kravene om rensing og dokumentasjon avhenge av st\u00f8rrelsen&nbsp;(antall person&hellip;","jetpack_sharing_enabled":true,"_links":{"self":[{"href":"https:\/\/asinorge.no\/en\/wp-json\/wp\/v2\/pages\/210","targetHints":{"allow":["GET"]}}],"collection":[{"href":"https:\/\/asinorge.no\/en\/wp-json\/wp\/v2\/pages"}],"about":[{"href":"https:\/\/asinorge.no\/en\/wp-json\/wp\/v2\/types\/page"}],"author":[{"embeddable":true,"href":"https:\/\/asinorge.no\/en\/wp-json\/wp\/v2\/users\/1"}],"replies":[{"embeddable":true,"href":"https:\/\/asinorge.no\/en\/wp-json\/wp\/v2\/comments?post=210"}],"version-history":[{"count":7,"href":"https:\/\/asinorge.no\/en\/wp-json\/wp\/v2\/pages\/210\/revisions"}],"predecessor-version":[{"id":1135,"href":"https:\/\/asinorge.no\/en\/wp-json\/wp\/v2\/pages\/210\/revisions\/1135"}],"wp:attachment":[{"href":"https:\/\/asinorge.no\/en\/wp-json\/wp\/v2\/media?parent=210"}],"curies":[{"name":"wp","href":"https:\/\/api.w.org\/{rel}","templated":true}]}}