{"id":204,"date":"2023-05-19T11:00:37","date_gmt":"2023-05-19T09:00:37","guid":{"rendered":"https:\/\/asinorge.no\/?page_id=204"},"modified":"2024-02-16T13:20:52","modified_gmt":"2024-02-16T12:20:52","slug":"analyse-av-drikkevann","status":"publish","type":"page","link":"https:\/\/asinorge.no\/en\/analyse-av-drikkevann\/","title":{"rendered":"ANALYSE AV DRIKKEVANN"},"content":{"rendered":"<div class=\"wp-block-cover alignfull\" style=\"min-height:569px;aspect-ratio:unset;\"><span aria-hidden=\"true\" class=\"wp-block-cover__background has-background-dim-70 has-background-dim wp-block-cover__gradient-background has-background-gradient\" style=\"background:linear-gradient(135deg,rgb(255,255,255) 0%,rgb(125,0,0) 48%,rgb(64,0,0) 100%)\"><\/span><img loading=\"lazy\" decoding=\"async\" width=\"2560\" height=\"1707\" class=\"wp-block-cover__image-background wp-image-199\" alt=\"\" src=\"https:\/\/asinorge.no\/wp-content\/uploads\/2023\/05\/glass-water-macro-shot-2-scaled.jpg\" data-object-fit=\"cover\" srcset=\"https:\/\/asinorge.no\/wp-content\/uploads\/2023\/05\/glass-water-macro-shot-2-scaled.jpg 2560w, https:\/\/asinorge.no\/wp-content\/uploads\/2023\/05\/glass-water-macro-shot-2-300x200.jpg 300w, https:\/\/asinorge.no\/wp-content\/uploads\/2023\/05\/glass-water-macro-shot-2-1024x683.jpg 1024w, https:\/\/asinorge.no\/wp-content\/uploads\/2023\/05\/glass-water-macro-shot-2-768x512.jpg 768w, https:\/\/asinorge.no\/wp-content\/uploads\/2023\/05\/glass-water-macro-shot-2-1536x1024.jpg 1536w, https:\/\/asinorge.no\/wp-content\/uploads\/2023\/05\/glass-water-macro-shot-2-2048x1366.jpg 2048w\" sizes=\"auto, (max-width: 2560px) 100vw, 2560px\" \/><div class=\"wp-block-cover__inner-container is-layout-flow wp-block-cover-is-layout-flow\">\n<div style=\"height:106px\" aria-hidden=\"true\" class=\"wp-block-spacer\"><\/div>\n\n\n\n<h1 class=\"wp-block-heading has-text-align-center\">ANALYSE AV DRIKKEVANN<\/h1>\n\n\n\n<p class=\"has-text-align-center has-medium-font-size\"><em>Offentlig- og private vannverk, offshore, privatekunder m.m.<\/em><\/p>\n<\/div><\/div>\n\n\n\n<div style=\"height:87px\" aria-hidden=\"true\" class=\"wp-block-spacer\"><\/div>\n\n\n\n<p>ASI Norge AS utf\u00f8rer akkrediterte analyser av drikkevann for kommuner, bedrifter, private vannverk og privatpersoner. Godt drikkevann er et av v\u00e5re viktigste n\u00e6ringsmidler. Kommuner har krav om regelmessig kontroll av drikkevannet for \u00e5 sikre vannkvaliteten ut fra renseanlegget, men ogs\u00e5 p\u00e5 nettet ute hos abonnement. Ogs\u00e5 mindre private vannverk knyttet til et f\u00e5tall hus eller hytter har krav om kontroll av drikkevannet.<\/p>\n\n\n\n<p>Frekvensen for kontroll av drikkevann er fastsatt i drikkevannsforskriften (<a rel=\"noreferrer noopener\" href=\"https:\/\/lovdata.no\/dokument\/SF\/forskrift\/2016-12-22-1868\" target=\"_blank\">https:\/\/lovdata.no\/dokument\/SF\/forskrift\/2016-12-22-1868<\/a>), og avhenger av hvor mange abonnenter som er tilkoblet vannverket. Dersom det er 1 til 10 abonnenter tilkoblet vannverket s\u00e5 er det satt krav om at en pr\u00f8ve analyseres per \u00e5r, mens kravet er minst 4 pr\u00f8ver ved 10 eller flere tilkoblede abonnenter.<\/p>\n\n\n\n<p>Vannverkene b\u00f8r utf\u00f8re analyser av kimtall (total antall mikroorganismer), koliforme bakterier og E. Coli bakterier. Dette er gode indikatorbakterier for det generelle bakterieniv\u00e5et i vannet. I tillegg b\u00f8r fysikalske parameter som pH, ledningsevne, farge og turbiditet kontrolleres, og en kan gjerne ogs\u00e5 unders\u00f8ke innholdet av mineral som jern, mangan og kalsium. Utfra disse analysene kan en fastsl\u00e5 kvaliteten p\u00e5 drikkevannet og avgj\u00f8re om tiltak eventuelt m\u00e5 gjennomf\u00f8res. Kvaliteten av drikkevannet fastsl\u00e5s utfra grenseverdier oppgitt i drikkevannsforskriften.<\/p>\n\n\n\n<p>ASI Norge kan bist\u00e5 med pr\u00f8vetakingsplan for vannverkene, og vil ved henvendelse gratis dele ut sterile pr\u00f8veflasker og gi r\u00e5d knyttet til pr\u00f8vetakingen. Pr\u00f8vene m\u00e5 leveres til laboratoriet s\u00e5 snart som mulig, og kan da leveres direkte til laboratoriet eller sendes med ekspresspost over natten. <\/p>\n\n\n\n<div style=\"height:53px\" aria-hidden=\"true\" class=\"wp-block-spacer\"><\/div>","protected":false},"excerpt":{"rendered":"<p>ASI Norge AS utf\u00f8rer akkrediterte analyser av drikkevann for kommuner, bedrifter, private vannverk og privatpersoner. Godt drikkevann er et av v\u00e5re viktigste n\u00e6ringsmidler. Kommuner har krav om regelmessig kontroll av drikkevannet for \u00e5 sikre vannkvaliteten ut fra renseanlegget, men ogs\u00e5 p\u00e5 nettet ute hos abonnement. Ogs\u00e5 mindre private vannverk knyttet til et f\u00e5tall hus eller [&hellip;]<\/p>\n","protected":false},"author":1,"featured_media":0,"parent":0,"menu_order":0,"comment_status":"closed","ping_status":"closed","template":"","meta":{"_uag_custom_page_level_css":"","site-sidebar-layout":"default","site-content-layout":"","ast-site-content-layout":"default","site-content-style":"default","site-sidebar-style":"default","ast-global-header-display":"","ast-banner-title-visibility":"","ast-main-header-display":"","ast-hfb-above-header-display":"","ast-hfb-below-header-display":"","ast-hfb-mobile-header-display":"","site-post-title":"disabled","ast-breadcrumbs-content":"","ast-featured-img":"","footer-sml-layout":"","ast-disable-related-posts":"","theme-transparent-header-meta":"disabled","adv-header-id-meta":"","stick-header-meta":"","header-above-stick-meta":"","header-main-stick-meta":"","header-below-stick-meta":"","astra-migrate-meta-layouts":"set","ast-page-background-enabled":"default","ast-page-background-meta":{"desktop":{"background-color":"var(--ast-global-color-4)","background-image":"","background-repeat":"repeat","background-position":"center center","background-size":"auto","background-attachment":"scroll","background-type":"","background-media":"","overlay-type":"","overlay-color":"","overlay-opacity":"","overlay-gradient":""},"tablet":{"background-color":"","background-image":"","background-repeat":"repeat","background-position":"center center","background-size":"auto","background-attachment":"scroll","background-type":"","background-media":"","overlay-type":"","overlay-color":"","overlay-opacity":"","overlay-gradient":""},"mobile":{"background-color":"","background-image":"","background-repeat":"repeat","background-position":"center center","background-size":"auto","background-attachment":"scroll","background-type":"","background-media":"","overlay-type":"","overlay-color":"","overlay-opacity":"","overlay-gradient":""}},"ast-content-background-meta":{"desktop":{"background-color":"var(--ast-global-color-5)","background-image":"","background-repeat":"repeat","background-position":"center center","background-size":"auto","background-attachment":"scroll","background-type":"","background-media":"","overlay-type":"","overlay-color":"","overlay-opacity":"","overlay-gradient":""},"tablet":{"background-color":"var(--ast-global-color-5)","background-image":"","background-repeat":"repeat","background-position":"center center","background-size":"auto","background-attachment":"scroll","background-type":"","background-media":"","overlay-type":"","overlay-color":"","overlay-opacity":"","overlay-gradient":""},"mobile":{"background-color":"var(--ast-global-color-5)","background-image":"","background-repeat":"repeat","background-position":"center center","background-size":"auto","background-attachment":"scroll","background-type":"","background-media":"","overlay-type":"","overlay-color":"","overlay-opacity":"","overlay-gradient":""}},"footnotes":""},"class_list":["post-204","page","type-page","status-publish","hentry"],"yoast_head":"<!-- This site is optimized with the Yoast SEO plugin v27.4 - https:\/\/yoast.com\/product\/yoast-seo-wordpress\/ -->\n<title>ANALYSE AV DRIKKEVANN - Alex Stewart International Norge AS<\/title>\n<meta name=\"description\" content=\"ASI Norge AS utf\u00f8rer akkrediterte analyser av drikkevann for kommuner, bedrifter, private vannverk og privatpersoner. Godt drikkevann er et av v\u00e5re viktigste n\u00e6ringsmidler. Kommuner har krav om regelmessig kontroll av drikkevannet for \u00e5 sikre vannkvaliteten ut fra renseanlegget, men ogs\u00e5 p\u00e5 nettet ute hos abonnement. Ogs\u00e5 mindre private vannverk knyttet til et f\u00e5tall hus eller hytter har krav om kontroll av drikkevannet.\" \/>\n<meta name=\"robots\" content=\"index, follow, max-snippet:-1, max-image-preview:large, max-video-preview:-1\" \/>\n<link rel=\"canonical\" href=\"https:\/\/asinorge.no\/en\/analyse-av-drikkevann\/\" \/>\n<meta property=\"og:locale\" content=\"en_US\" \/>\n<meta property=\"og:type\" content=\"article\" \/>\n<meta property=\"og:title\" content=\"ANALYSE AV DRIKKEVANN - Alex Stewart International Norge AS\" \/>\n<meta property=\"og:description\" content=\"ASI Norge AS utf\u00f8rer akkrediterte analyser av drikkevann for kommuner, bedrifter, private vannverk og privatpersoner. Godt drikkevann er et av v\u00e5re viktigste n\u00e6ringsmidler. Kommuner har krav om regelmessig kontroll av drikkevannet for \u00e5 sikre vannkvaliteten ut fra renseanlegget, men ogs\u00e5 p\u00e5 nettet ute hos abonnement. Ogs\u00e5 mindre private vannverk knyttet til et f\u00e5tall hus eller hytter har krav om kontroll av drikkevannet.\" \/>\n<meta property=\"og:url\" content=\"https:\/\/asinorge.no\/en\/analyse-av-drikkevann\/\" \/>\n<meta property=\"og:site_name\" content=\"Alex Stewart International Norge AS\" \/>\n<meta property=\"article:publisher\" content=\"https:\/\/www.facebook.com\/slabstord\/\" \/>\n<meta property=\"article:modified_time\" content=\"2024-02-16T12:20:52+00:00\" \/>\n<meta property=\"og:image\" content=\"https:\/\/asinorge.no\/wp-content\/uploads\/2023\/05\/glass-water-macro-shot-2-scaled.jpg\" \/>\n<meta name=\"twitter:card\" content=\"summary_large_image\" \/>\n<meta name=\"twitter:label1\" content=\"Est. reading time\" \/>\n\t<meta name=\"twitter:data1\" content=\"2 minutes\" \/>\n<script type=\"application\/ld+json\" class=\"yoast-schema-graph\">{\"@context\":\"https:\\\/\\\/schema.org\",\"@graph\":[{\"@type\":\"WebPage\",\"@id\":\"https:\\\/\\\/asinorge.no\\\/analyse-av-drikkevann\\\/\",\"url\":\"https:\\\/\\\/asinorge.no\\\/analyse-av-drikkevann\\\/\",\"name\":\"ANALYSE AV DRIKKEVANN - Alex Stewart International Norge AS\",\"isPartOf\":{\"@id\":\"https:\\\/\\\/asinorge.no\\\/#website\"},\"primaryImageOfPage\":{\"@id\":\"https:\\\/\\\/asinorge.no\\\/analyse-av-drikkevann\\\/#primaryimage\"},\"image\":{\"@id\":\"https:\\\/\\\/asinorge.no\\\/analyse-av-drikkevann\\\/#primaryimage\"},\"thumbnailUrl\":\"https:\\\/\\\/asinorge.no\\\/wp-content\\\/uploads\\\/2023\\\/05\\\/glass-water-macro-shot-2-scaled.jpg\",\"datePublished\":\"2023-05-19T09:00:37+00:00\",\"dateModified\":\"2024-02-16T12:20:52+00:00\",\"description\":\"ASI Norge AS utf\u00f8rer akkrediterte analyser av drikkevann for kommuner, bedrifter, private vannverk og privatpersoner. Godt drikkevann er et av v\u00e5re viktigste n\u00e6ringsmidler. Kommuner har krav om regelmessig kontroll av drikkevannet for \u00e5 sikre vannkvaliteten ut fra renseanlegget, men ogs\u00e5 p\u00e5 nettet ute hos abonnement. Ogs\u00e5 mindre private vannverk knyttet til et f\u00e5tall hus eller hytter har krav om kontroll av drikkevannet.\",\"breadcrumb\":{\"@id\":\"https:\\\/\\\/asinorge.no\\\/analyse-av-drikkevann\\\/#breadcrumb\"},\"inLanguage\":\"en-US\",\"potentialAction\":[{\"@type\":\"ReadAction\",\"target\":[\"https:\\\/\\\/asinorge.no\\\/analyse-av-drikkevann\\\/\"]}]},{\"@type\":\"ImageObject\",\"inLanguage\":\"en-US\",\"@id\":\"https:\\\/\\\/asinorge.no\\\/analyse-av-drikkevann\\\/#primaryimage\",\"url\":\"https:\\\/\\\/asinorge.no\\\/wp-content\\\/uploads\\\/2023\\\/05\\\/glass-water-macro-shot-2-scaled.jpg\",\"contentUrl\":\"https:\\\/\\\/asinorge.no\\\/wp-content\\\/uploads\\\/2023\\\/05\\\/glass-water-macro-shot-2-scaled.jpg\"},{\"@type\":\"BreadcrumbList\",\"@id\":\"https:\\\/\\\/asinorge.no\\\/analyse-av-drikkevann\\\/#breadcrumb\",\"itemListElement\":[{\"@type\":\"ListItem\",\"position\":1,\"name\":\"Hjem\",\"item\":\"https:\\\/\\\/asinorge.no\\\/\"},{\"@type\":\"ListItem\",\"position\":2,\"name\":\"ANALYSE AV DRIKKEVANN\"}]},{\"@type\":\"WebSite\",\"@id\":\"https:\\\/\\\/asinorge.no\\\/#website\",\"url\":\"https:\\\/\\\/asinorge.no\\\/\",\"name\":\"Alex Stewart International Norge AS\",\"description\":\"Konsulent og laboratorietjenester\",\"publisher\":{\"@id\":\"https:\\\/\\\/asinorge.no\\\/#organization\"},\"alternateName\":\"ASI NORGE AS\",\"potentialAction\":[{\"@type\":\"SearchAction\",\"target\":{\"@type\":\"EntryPoint\",\"urlTemplate\":\"https:\\\/\\\/asinorge.no\\\/?s={search_term_string}\"},\"query-input\":{\"@type\":\"PropertyValueSpecification\",\"valueRequired\":true,\"valueName\":\"search_term_string\"}}],\"inLanguage\":\"en-US\"},{\"@type\":\"Organization\",\"@id\":\"https:\\\/\\\/asinorge.no\\\/#organization\",\"name\":\"Alex Stewart International Norge AS\",\"url\":\"https:\\\/\\\/asinorge.no\\\/\",\"logo\":{\"@type\":\"ImageObject\",\"inLanguage\":\"en-US\",\"@id\":\"https:\\\/\\\/asinorge.no\\\/#\\\/schema\\\/logo\\\/image\\\/\",\"url\":\"https:\\\/\\\/asinorge.no\\\/wp-content\\\/uploads\\\/2023\\\/11\\\/cropped-ASi-Logony.png\",\"contentUrl\":\"https:\\\/\\\/asinorge.no\\\/wp-content\\\/uploads\\\/2023\\\/11\\\/cropped-ASi-Logony.png\",\"width\":943,\"height\":246,\"caption\":\"Alex Stewart International Norge AS\"},\"image\":{\"@id\":\"https:\\\/\\\/asinorge.no\\\/#\\\/schema\\\/logo\\\/image\\\/\"},\"sameAs\":[\"https:\\\/\\\/www.facebook.com\\\/slabstord\\\/\",\"https:\\\/\\\/no.linkedin.com\\\/in\\\/alex-stewart-international-norge-as-avd-stord-11a5421a3\"]}]}<\/script>\n<!-- \/ Yoast SEO plugin. -->","yoast_head_json":{"title":"ANALYSE AV DRIKKEVANN - Alex Stewart International Norge AS","description":"ASI Norge AS utf\u00f8rer akkrediterte analyser av drikkevann for kommuner, bedrifter, private vannverk og privatpersoner. Godt drikkevann er et av v\u00e5re viktigste n\u00e6ringsmidler. Kommuner har krav om regelmessig kontroll av drikkevannet for \u00e5 sikre vannkvaliteten ut fra renseanlegget, men ogs\u00e5 p\u00e5 nettet ute hos abonnement. Ogs\u00e5 mindre private vannverk knyttet til et f\u00e5tall hus eller hytter har krav om kontroll av drikkevannet.","robots":{"index":"index","follow":"follow","max-snippet":"max-snippet:-1","max-image-preview":"max-image-preview:large","max-video-preview":"max-video-preview:-1"},"canonical":"https:\/\/asinorge.no\/en\/analyse-av-drikkevann\/","og_locale":"en_US","og_type":"article","og_title":"ANALYSE AV DRIKKEVANN - Alex Stewart International Norge AS","og_description":"ASI Norge AS utf\u00f8rer akkrediterte analyser av drikkevann for kommuner, bedrifter, private vannverk og privatpersoner. Godt drikkevann er et av v\u00e5re viktigste n\u00e6ringsmidler. Kommuner har krav om regelmessig kontroll av drikkevannet for \u00e5 sikre vannkvaliteten ut fra renseanlegget, men ogs\u00e5 p\u00e5 nettet ute hos abonnement. Ogs\u00e5 mindre private vannverk knyttet til et f\u00e5tall hus eller hytter har krav om kontroll av drikkevannet.","og_url":"https:\/\/asinorge.no\/en\/analyse-av-drikkevann\/","og_site_name":"Alex Stewart International Norge AS","article_publisher":"https:\/\/www.facebook.com\/slabstord\/","article_modified_time":"2024-02-16T12:20:52+00:00","og_image":[{"url":"https:\/\/asinorge.no\/wp-content\/uploads\/2023\/05\/glass-water-macro-shot-2-scaled.jpg","type":"","width":"","height":""}],"twitter_card":"summary_large_image","twitter_misc":{"Est. reading time":"2 minutes"},"schema":{"@context":"https:\/\/schema.org","@graph":[{"@type":"WebPage","@id":"https:\/\/asinorge.no\/analyse-av-drikkevann\/","url":"https:\/\/asinorge.no\/analyse-av-drikkevann\/","name":"ANALYSE AV DRIKKEVANN - Alex Stewart International Norge AS","isPartOf":{"@id":"https:\/\/asinorge.no\/#website"},"primaryImageOfPage":{"@id":"https:\/\/asinorge.no\/analyse-av-drikkevann\/#primaryimage"},"image":{"@id":"https:\/\/asinorge.no\/analyse-av-drikkevann\/#primaryimage"},"thumbnailUrl":"https:\/\/asinorge.no\/wp-content\/uploads\/2023\/05\/glass-water-macro-shot-2-scaled.jpg","datePublished":"2023-05-19T09:00:37+00:00","dateModified":"2024-02-16T12:20:52+00:00","description":"ASI Norge AS utf\u00f8rer akkrediterte analyser av drikkevann for kommuner, bedrifter, private vannverk og privatpersoner. Godt drikkevann er et av v\u00e5re viktigste n\u00e6ringsmidler. Kommuner har krav om regelmessig kontroll av drikkevannet for \u00e5 sikre vannkvaliteten ut fra renseanlegget, men ogs\u00e5 p\u00e5 nettet ute hos abonnement. Ogs\u00e5 mindre private vannverk knyttet til et f\u00e5tall hus eller hytter har krav om kontroll av drikkevannet.","breadcrumb":{"@id":"https:\/\/asinorge.no\/analyse-av-drikkevann\/#breadcrumb"},"inLanguage":"en-US","potentialAction":[{"@type":"ReadAction","target":["https:\/\/asinorge.no\/analyse-av-drikkevann\/"]}]},{"@type":"ImageObject","inLanguage":"en-US","@id":"https:\/\/asinorge.no\/analyse-av-drikkevann\/#primaryimage","url":"https:\/\/asinorge.no\/wp-content\/uploads\/2023\/05\/glass-water-macro-shot-2-scaled.jpg","contentUrl":"https:\/\/asinorge.no\/wp-content\/uploads\/2023\/05\/glass-water-macro-shot-2-scaled.jpg"},{"@type":"BreadcrumbList","@id":"https:\/\/asinorge.no\/analyse-av-drikkevann\/#breadcrumb","itemListElement":[{"@type":"ListItem","position":1,"name":"Hjem","item":"https:\/\/asinorge.no\/"},{"@type":"ListItem","position":2,"name":"ANALYSE AV DRIKKEVANN"}]},{"@type":"WebSite","@id":"https:\/\/asinorge.no\/#website","url":"https:\/\/asinorge.no\/","name":"Alex Stewart International Norge AS","description":"Konsulent og laboratorietjenester","publisher":{"@id":"https:\/\/asinorge.no\/#organization"},"alternateName":"ASI NORGE AS","potentialAction":[{"@type":"SearchAction","target":{"@type":"EntryPoint","urlTemplate":"https:\/\/asinorge.no\/?s={search_term_string}"},"query-input":{"@type":"PropertyValueSpecification","valueRequired":true,"valueName":"search_term_string"}}],"inLanguage":"en-US"},{"@type":"Organization","@id":"https:\/\/asinorge.no\/#organization","name":"Alex Stewart International Norge AS","url":"https:\/\/asinorge.no\/","logo":{"@type":"ImageObject","inLanguage":"en-US","@id":"https:\/\/asinorge.no\/#\/schema\/logo\/image\/","url":"https:\/\/asinorge.no\/wp-content\/uploads\/2023\/11\/cropped-ASi-Logony.png","contentUrl":"https:\/\/asinorge.no\/wp-content\/uploads\/2023\/11\/cropped-ASi-Logony.png","width":943,"height":246,"caption":"Alex Stewart International Norge AS"},"image":{"@id":"https:\/\/asinorge.no\/#\/schema\/logo\/image\/"},"sameAs":["https:\/\/www.facebook.com\/slabstord\/","https:\/\/no.linkedin.com\/in\/alex-stewart-international-norge-as-avd-stord-11a5421a3"]}]}},"uagb_featured_image_src":{"full":false,"thumbnail":false,"medium":false,"medium_large":false,"large":false,"1536x1536":false,"2048x2048":false,"trp-custom-language-flag":false},"uagb_author_info":{"display_name":"ASI Norge AS","author_link":"https:\/\/asinorge.no\/en\/author\/malin_brady\/"},"uagb_comment_info":0,"uagb_excerpt":"ASI Norge AS utf\u00f8rer akkrediterte analyser av drikkevann for kommuner, bedrifter, private vannverk og privatpersoner. Godt drikkevann er et av v\u00e5re viktigste n\u00e6ringsmidler. Kommuner har krav om regelmessig kontroll av drikkevannet for \u00e5 sikre vannkvaliteten ut fra renseanlegget, men ogs\u00e5 p\u00e5 nettet ute hos abonnement. Ogs\u00e5 mindre private vannverk knyttet til et f\u00e5tall hus eller&hellip;","jetpack_sharing_enabled":true,"_links":{"self":[{"href":"https:\/\/asinorge.no\/en\/wp-json\/wp\/v2\/pages\/204","targetHints":{"allow":["GET"]}}],"collection":[{"href":"https:\/\/asinorge.no\/en\/wp-json\/wp\/v2\/pages"}],"about":[{"href":"https:\/\/asinorge.no\/en\/wp-json\/wp\/v2\/types\/page"}],"author":[{"embeddable":true,"href":"https:\/\/asinorge.no\/en\/wp-json\/wp\/v2\/users\/1"}],"replies":[{"embeddable":true,"href":"https:\/\/asinorge.no\/en\/wp-json\/wp\/v2\/comments?post=204"}],"version-history":[{"count":8,"href":"https:\/\/asinorge.no\/en\/wp-json\/wp\/v2\/pages\/204\/revisions"}],"predecessor-version":[{"id":501,"href":"https:\/\/asinorge.no\/en\/wp-json\/wp\/v2\/pages\/204\/revisions\/501"}],"wp:attachment":[{"href":"https:\/\/asinorge.no\/en\/wp-json\/wp\/v2\/media?parent=204"}],"curies":[{"name":"wp","href":"https:\/\/api.w.org\/{rel}","templated":true}]}}