{"id":109,"date":"2023-05-05T10:26:51","date_gmt":"2023-05-05T08:26:51","guid":{"rendered":"https:\/\/asinorge.no\/?page_id=109"},"modified":"2026-03-13T16:07:25","modified_gmt":"2026-03-13T15:07:25","slug":"om-asi-norge","status":"publish","type":"page","link":"https:\/\/asinorge.no\/en\/om-asi-norge\/","title":{"rendered":"About us"},"content":{"rendered":"<div class=\"wp-block-cover alignfull\" style=\"min-height:595px;aspect-ratio:unset;\"><img loading=\"lazy\" decoding=\"async\" width=\"1920\" height=\"1281\" class=\"wp-block-cover__image-background wp-image-74\" alt=\"\" src=\"https:\/\/asinorge.no\/wp-content\/uploads\/2023\/05\/analysis-4402809_1920.jpg\" style=\"object-position:52% 100%\" data-object-fit=\"cover\" data-object-position=\"52% 100%\" srcset=\"https:\/\/asinorge.no\/wp-content\/uploads\/2023\/05\/analysis-4402809_1920.jpg 1920w, https:\/\/asinorge.no\/wp-content\/uploads\/2023\/05\/analysis-4402809_1920-300x200.jpg 300w, https:\/\/asinorge.no\/wp-content\/uploads\/2023\/05\/analysis-4402809_1920-1024x683.jpg 1024w, https:\/\/asinorge.no\/wp-content\/uploads\/2023\/05\/analysis-4402809_1920-768x512.jpg 768w, https:\/\/asinorge.no\/wp-content\/uploads\/2023\/05\/analysis-4402809_1920-1536x1025.jpg 1536w\" sizes=\"auto, (max-width: 1920px) 100vw, 1920px\" \/><span aria-hidden=\"true\" class=\"wp-block-cover__background has-background-dim-80 has-background-dim wp-block-cover__gradient-background has-background-gradient\" style=\"background:linear-gradient(135deg,rgb(209,169,140) 0%,rgb(162,20,20) 48%,rgb(53,2,2) 100%)\"><\/span><div class=\"wp-block-cover__inner-container is-layout-flow wp-block-cover-is-layout-flow\">\n<div style=\"height:19px\" aria-hidden=\"true\" class=\"wp-block-spacer\"><\/div>\n\n\n\n<h1 class=\"wp-block-heading has-text-align-center has-ast-global-color-5-color has-text-color has-link-color wp-elements-2f58da9c0ecfd44d83ba9f1b340f3d20\">ALEX STEWART <br>INTERNATIONAL NORGE AS<\/h1>\n\n\n\n<p class=\"has-text-align-center has-ast-global-color-5-color has-text-color has-link-color wp-elements-d3253f2640300250250bcfc100aae85d\" style=\"font-size:23px;font-style:normal;font-weight:100\"><em>Laboratoriet p\u00e5 Vestlandet med tjenester til hele Norge<\/em><\/p>\n<\/div><\/div>\n\n\n\n<div style=\"height:36px\" aria-hidden=\"true\" class=\"wp-block-spacer\"><\/div>\n\n\n\n<div class=\"wp-block-columns is-layout-flex wp-container-core-columns-is-layout-28f84493 wp-block-columns-is-layout-flex\">\n<div class=\"wp-block-column is-layout-flow wp-block-column-is-layout-flow\">\n<p class=\"has-text-color has-medium-font-size\" style=\"color:#ae1a1a\"><strong>Kort historikk<\/strong><\/p>\n\n\n\n<p><em><strong>Alex Stewart International Norge AS<\/strong><\/em> (forkortelse ASI Norge AS) best\u00e5r av to laboratorier, avdeling Odda og avdeling Stord. Bedriften ble registrert i 2023, men laboratoriene bak har historikk heilt tilbake til 1980.<br><br>Avdelingen i Odda er tidligere kjent som <em>Hardanger Milj\u00f8senter AS<\/em> og hadde sin oppstart i 1990 etter initiativ fra Odda Kommune (under navnet KOM-senteret). Hensikten var \u00e5 kunne skape arbeidsplasser i Odda\/Indre Hardanger relatert til milj\u00f8analyser og kompetansetjenester innen milj\u00f8omr\u00e5det. <br>I 1994 gikk det engelske selskapet Alex Stewart ASA inn p\u00e5 eiersiden. Selskapet heter n\u00e5 Alex Stewart International og er et ledende verdensomspennende selskap innen <a href=\"https:\/\/alexstewartinternational.com\/\" target=\"_blank\" rel=\"noreferrer noopener\">analyse, pr\u00f8vetaking, inspeksjon og sertifisering<\/a><\/p>\n\n\n\n<p>Avdelingen p\u00e5 Stord er tidligere kjent som <em>SLab AS<\/em> og hadde sin oppstart heilt tilbake til 1980, og var i utgangspunktet N\u00e6ringsmiddeltilsynet sitt laboratorium p\u00e5 Stord. Da det kom krav om at laboratorier av dette slaget skulle v\u00e6re uavhengige, f\u00f8rte det til at SLab AS ble oppretta i 2004.<br>SLab hadde hovedsakelig arbeidsoppgaver tilknyttet vann, akvakultur, n\u00e6ringsmiddel og industri. I 2022 fusjonerte SLab AS med Hardanger Milj\u00f8senter AS og ble kalt &laquo;Hardanger Milj\u00f8senter AS avd. SLab&raquo;<\/p>\n\n\n\n<p>I 2023 kom vi frem til at vi vil bytte navn, men fortsatt beholde den samme gode laboratoriedriften, akkrediteringen og samarbeidet til kundene v\u00e5re. Alex Stewart International Norge AS var det som var mest passende for oss.<\/p>\n\n\n\n<div style=\"height:59px\" aria-hidden=\"true\" class=\"wp-block-spacer\"><\/div>\n\n\n\n<p class=\"has-text-align-left has-text-color has-medium-font-size\" style=\"color:#aa1616\"><strong>V\u00e5r visjon<\/strong><\/p>\n\n\n\n<p class=\"has-text-align-left has-medium-font-size\">Tilby et bredt spekter av p\u00e5litelige tjenester for b\u00e5de private kunder og offentlige etater<\/p>\n<\/div>\n<\/div>\n\n\n\n<div style=\"height:64px\" aria-hidden=\"true\" class=\"wp-block-spacer\"><\/div>","protected":false},"excerpt":{"rendered":"<p>Kort historikk Alex Stewart International Norge AS (forkortelse ASI Norge AS) best\u00e5r av to laboratorier, avdeling Odda og avdeling Stord. Bedriften ble registrert i 2023, men laboratoriene bak har historikk heilt tilbake til 1980. Avdelingen i Odda er tidligere kjent som Hardanger Milj\u00f8senter AS og hadde sin oppstart i 1990 etter initiativ fra Odda Kommune [&hellip;]<\/p>\n","protected":false},"author":1,"featured_media":0,"parent":0,"menu_order":0,"comment_status":"closed","ping_status":"closed","template":"","meta":{"_uag_custom_page_level_css":"","site-sidebar-layout":"default","site-content-layout":"page-builder","ast-site-content-layout":"full-width-container","site-content-style":"unboxed","site-sidebar-style":"unboxed","ast-global-header-display":"","ast-banner-title-visibility":"","ast-main-header-display":"","ast-hfb-above-header-display":"","ast-hfb-below-header-display":"","ast-hfb-mobile-header-display":"","site-post-title":"disabled","ast-breadcrumbs-content":"","ast-featured-img":"","footer-sml-layout":"","ast-disable-related-posts":"","theme-transparent-header-meta":"disabled","adv-header-id-meta":"","stick-header-meta":"","header-above-stick-meta":"","header-main-stick-meta":"","header-below-stick-meta":"","astra-migrate-meta-layouts":"set","ast-page-background-enabled":"default","ast-page-background-meta":{"desktop":{"background-color":"var(--ast-global-color-4)","background-image":"","background-repeat":"repeat","background-position":"center center","background-size":"auto","background-attachment":"scroll","background-type":"","background-media":"","overlay-type":"","overlay-color":"","overlay-opacity":"","overlay-gradient":""},"tablet":{"background-color":"","background-image":"","background-repeat":"repeat","background-position":"center center","background-size":"auto","background-attachment":"scroll","background-type":"","background-media":"","overlay-type":"","overlay-color":"","overlay-opacity":"","overlay-gradient":""},"mobile":{"background-color":"","background-image":"","background-repeat":"repeat","background-position":"center center","background-size":"auto","background-attachment":"scroll","background-type":"","background-media":"","overlay-type":"","overlay-color":"","overlay-opacity":"","overlay-gradient":""}},"ast-content-background-meta":{"desktop":{"background-color":"var(--ast-global-color-5)","background-image":"","background-repeat":"repeat","background-position":"center center","background-size":"auto","background-attachment":"scroll","background-type":"","background-media":"","overlay-type":"","overlay-color":"","overlay-opacity":"","overlay-gradient":""},"tablet":{"background-color":"var(--ast-global-color-5)","background-image":"","background-repeat":"repeat","background-position":"center center","background-size":"auto","background-attachment":"scroll","background-type":"","background-media":"","overlay-type":"","overlay-color":"","overlay-opacity":"","overlay-gradient":""},"mobile":{"background-color":"var(--ast-global-color-5)","background-image":"","background-repeat":"repeat","background-position":"center center","background-size":"auto","background-attachment":"scroll","background-type":"","background-media":"","overlay-type":"","overlay-color":"","overlay-opacity":"","overlay-gradient":""}},"footnotes":""},"class_list":["post-109","page","type-page","status-publish","hentry"],"yoast_head":"<!-- This site is optimized with the Yoast SEO plugin v27.5 - https:\/\/yoast.com\/product\/yoast-seo-wordpress\/ -->\n<title>Om ASI Norge - Alex Stewart International Norge AS<\/title>\n<meta name=\"description\" content=\"Alex Stewart International Norge AS (forkortelse ASI Norge AS) best\u00e5r av to laboratorier, avdeling Odda og avdeling Stord. Bedriften ble registrert i 2023, men laboratoriene bak har historikk heilt tilbake til 1980.\" \/>\n<meta name=\"robots\" content=\"index, follow, max-snippet:-1, max-image-preview:large, max-video-preview:-1\" \/>\n<link rel=\"canonical\" href=\"https:\/\/asinorge.no\/en\/om-asi-norge\/\" \/>\n<meta property=\"og:locale\" content=\"en_US\" \/>\n<meta property=\"og:type\" content=\"article\" \/>\n<meta property=\"og:title\" content=\"Om ASI Norge - Alex Stewart International Norge AS\" \/>\n<meta property=\"og:description\" content=\"Alex Stewart International Norge AS (forkortelse ASI Norge AS) best\u00e5r av to laboratorier, avdeling Odda og avdeling Stord. Bedriften ble registrert i 2023, men laboratoriene bak har historikk heilt tilbake til 1980.\" \/>\n<meta property=\"og:url\" content=\"https:\/\/asinorge.no\/en\/om-asi-norge\/\" \/>\n<meta property=\"og:site_name\" content=\"Alex Stewart International Norge AS\" \/>\n<meta property=\"article:publisher\" content=\"https:\/\/www.facebook.com\/slabstord\/\" \/>\n<meta property=\"article:modified_time\" content=\"2026-03-13T15:07:25+00:00\" \/>\n<meta property=\"og:image\" content=\"https:\/\/asinorge.no\/wp-content\/uploads\/2023\/05\/analysis-4402809_1920.jpg\" \/>\n\t<meta property=\"og:image:width\" content=\"1920\" \/>\n\t<meta property=\"og:image:height\" content=\"1281\" \/>\n\t<meta property=\"og:image:type\" content=\"image\/jpeg\" \/>\n<meta name=\"twitter:card\" content=\"summary_large_image\" \/>\n<meta name=\"twitter:label1\" content=\"Est. reading time\" \/>\n\t<meta name=\"twitter:data1\" content=\"2 minutes\" \/>\n<script type=\"application\/ld+json\" class=\"yoast-schema-graph\">{\"@context\":\"https:\\\/\\\/schema.org\",\"@graph\":[{\"@type\":\"WebPage\",\"@id\":\"https:\\\/\\\/asinorge.no\\\/om-asi-norge\\\/\",\"url\":\"https:\\\/\\\/asinorge.no\\\/om-asi-norge\\\/\",\"name\":\"Om ASI Norge - Alex Stewart International Norge AS\",\"isPartOf\":{\"@id\":\"https:\\\/\\\/asinorge.no\\\/#website\"},\"primaryImageOfPage\":{\"@id\":\"https:\\\/\\\/asinorge.no\\\/om-asi-norge\\\/#primaryimage\"},\"image\":{\"@id\":\"https:\\\/\\\/asinorge.no\\\/om-asi-norge\\\/#primaryimage\"},\"thumbnailUrl\":\"https:\\\/\\\/asinorge.no\\\/wp-content\\\/uploads\\\/2023\\\/05\\\/analysis-4402809_1920.jpg\",\"datePublished\":\"2023-05-05T08:26:51+00:00\",\"dateModified\":\"2026-03-13T15:07:25+00:00\",\"description\":\"Alex Stewart International Norge AS (forkortelse ASI Norge AS) best\u00e5r av to laboratorier, avdeling Odda og avdeling Stord. Bedriften ble registrert i 2023, men laboratoriene bak har historikk heilt tilbake til 1980.\",\"breadcrumb\":{\"@id\":\"https:\\\/\\\/asinorge.no\\\/om-asi-norge\\\/#breadcrumb\"},\"inLanguage\":\"en-US\",\"potentialAction\":[{\"@type\":\"ReadAction\",\"target\":[\"https:\\\/\\\/asinorge.no\\\/om-asi-norge\\\/\"]}]},{\"@type\":\"ImageObject\",\"inLanguage\":\"en-US\",\"@id\":\"https:\\\/\\\/asinorge.no\\\/om-asi-norge\\\/#primaryimage\",\"url\":\"https:\\\/\\\/asinorge.no\\\/wp-content\\\/uploads\\\/2023\\\/05\\\/analysis-4402809_1920.jpg\",\"contentUrl\":\"https:\\\/\\\/asinorge.no\\\/wp-content\\\/uploads\\\/2023\\\/05\\\/analysis-4402809_1920.jpg\"},{\"@type\":\"BreadcrumbList\",\"@id\":\"https:\\\/\\\/asinorge.no\\\/om-asi-norge\\\/#breadcrumb\",\"itemListElement\":[{\"@type\":\"ListItem\",\"position\":1,\"name\":\"Hjem\",\"item\":\"https:\\\/\\\/asinorge.no\\\/\"},{\"@type\":\"ListItem\",\"position\":2,\"name\":\"Om ASI Norge\"}]},{\"@type\":\"WebSite\",\"@id\":\"https:\\\/\\\/asinorge.no\\\/#website\",\"url\":\"https:\\\/\\\/asinorge.no\\\/\",\"name\":\"Alex Stewart International Norge AS\",\"description\":\"Konsulent og laboratorietjenester\",\"publisher\":{\"@id\":\"https:\\\/\\\/asinorge.no\\\/#organization\"},\"alternateName\":\"ASI NORGE AS\",\"potentialAction\":[{\"@type\":\"SearchAction\",\"target\":{\"@type\":\"EntryPoint\",\"urlTemplate\":\"https:\\\/\\\/asinorge.no\\\/?s={search_term_string}\"},\"query-input\":{\"@type\":\"PropertyValueSpecification\",\"valueRequired\":true,\"valueName\":\"search_term_string\"}}],\"inLanguage\":\"en-US\"},{\"@type\":\"Organization\",\"@id\":\"https:\\\/\\\/asinorge.no\\\/#organization\",\"name\":\"Alex Stewart International Norge AS\",\"url\":\"https:\\\/\\\/asinorge.no\\\/\",\"logo\":{\"@type\":\"ImageObject\",\"inLanguage\":\"en-US\",\"@id\":\"https:\\\/\\\/asinorge.no\\\/#\\\/schema\\\/logo\\\/image\\\/\",\"url\":\"https:\\\/\\\/asinorge.no\\\/wp-content\\\/uploads\\\/2023\\\/11\\\/cropped-ASi-Logony.png\",\"contentUrl\":\"https:\\\/\\\/asinorge.no\\\/wp-content\\\/uploads\\\/2023\\\/11\\\/cropped-ASi-Logony.png\",\"width\":943,\"height\":246,\"caption\":\"Alex Stewart International Norge AS\"},\"image\":{\"@id\":\"https:\\\/\\\/asinorge.no\\\/#\\\/schema\\\/logo\\\/image\\\/\"},\"sameAs\":[\"https:\\\/\\\/www.facebook.com\\\/slabstord\\\/\",\"https:\\\/\\\/no.linkedin.com\\\/in\\\/alex-stewart-international-norge-as-avd-stord-11a5421a3\"]}]}<\/script>\n<!-- \/ Yoast SEO plugin. -->","yoast_head_json":{"title":"Om ASI Norge - Alex Stewart International Norge AS","description":"Alex Stewart International Norge AS (forkortelse ASI Norge AS) best\u00e5r av to laboratorier, avdeling Odda og avdeling Stord. Bedriften ble registrert i 2023, men laboratoriene bak har historikk heilt tilbake til 1980.","robots":{"index":"index","follow":"follow","max-snippet":"max-snippet:-1","max-image-preview":"max-image-preview:large","max-video-preview":"max-video-preview:-1"},"canonical":"https:\/\/asinorge.no\/en\/om-asi-norge\/","og_locale":"en_US","og_type":"article","og_title":"Om ASI Norge - Alex Stewart International Norge AS","og_description":"Alex Stewart International Norge AS (forkortelse ASI Norge AS) best\u00e5r av to laboratorier, avdeling Odda og avdeling Stord. Bedriften ble registrert i 2023, men laboratoriene bak har historikk heilt tilbake til 1980.","og_url":"https:\/\/asinorge.no\/en\/om-asi-norge\/","og_site_name":"Alex Stewart International Norge AS","article_publisher":"https:\/\/www.facebook.com\/slabstord\/","article_modified_time":"2026-03-13T15:07:25+00:00","og_image":[{"width":1920,"height":1281,"url":"https:\/\/asinorge.no\/wp-content\/uploads\/2023\/05\/analysis-4402809_1920.jpg","type":"image\/jpeg"}],"twitter_card":"summary_large_image","twitter_misc":{"Est. reading time":"2 minutes"},"schema":{"@context":"https:\/\/schema.org","@graph":[{"@type":"WebPage","@id":"https:\/\/asinorge.no\/om-asi-norge\/","url":"https:\/\/asinorge.no\/om-asi-norge\/","name":"Om ASI Norge - Alex Stewart International Norge AS","isPartOf":{"@id":"https:\/\/asinorge.no\/#website"},"primaryImageOfPage":{"@id":"https:\/\/asinorge.no\/om-asi-norge\/#primaryimage"},"image":{"@id":"https:\/\/asinorge.no\/om-asi-norge\/#primaryimage"},"thumbnailUrl":"https:\/\/asinorge.no\/wp-content\/uploads\/2023\/05\/analysis-4402809_1920.jpg","datePublished":"2023-05-05T08:26:51+00:00","dateModified":"2026-03-13T15:07:25+00:00","description":"Alex Stewart International Norge AS (forkortelse ASI Norge AS) best\u00e5r av to laboratorier, avdeling Odda og avdeling Stord. Bedriften ble registrert i 2023, men laboratoriene bak har historikk heilt tilbake til 1980.","breadcrumb":{"@id":"https:\/\/asinorge.no\/om-asi-norge\/#breadcrumb"},"inLanguage":"en-US","potentialAction":[{"@type":"ReadAction","target":["https:\/\/asinorge.no\/om-asi-norge\/"]}]},{"@type":"ImageObject","inLanguage":"en-US","@id":"https:\/\/asinorge.no\/om-asi-norge\/#primaryimage","url":"https:\/\/asinorge.no\/wp-content\/uploads\/2023\/05\/analysis-4402809_1920.jpg","contentUrl":"https:\/\/asinorge.no\/wp-content\/uploads\/2023\/05\/analysis-4402809_1920.jpg"},{"@type":"BreadcrumbList","@id":"https:\/\/asinorge.no\/om-asi-norge\/#breadcrumb","itemListElement":[{"@type":"ListItem","position":1,"name":"Hjem","item":"https:\/\/asinorge.no\/"},{"@type":"ListItem","position":2,"name":"Om ASI Norge"}]},{"@type":"WebSite","@id":"https:\/\/asinorge.no\/#website","url":"https:\/\/asinorge.no\/","name":"Alex Stewart International Norge AS","description":"Konsulent og laboratorietjenester","publisher":{"@id":"https:\/\/asinorge.no\/#organization"},"alternateName":"ASI NORGE AS","potentialAction":[{"@type":"SearchAction","target":{"@type":"EntryPoint","urlTemplate":"https:\/\/asinorge.no\/?s={search_term_string}"},"query-input":{"@type":"PropertyValueSpecification","valueRequired":true,"valueName":"search_term_string"}}],"inLanguage":"en-US"},{"@type":"Organization","@id":"https:\/\/asinorge.no\/#organization","name":"Alex Stewart International Norge AS","url":"https:\/\/asinorge.no\/","logo":{"@type":"ImageObject","inLanguage":"en-US","@id":"https:\/\/asinorge.no\/#\/schema\/logo\/image\/","url":"https:\/\/asinorge.no\/wp-content\/uploads\/2023\/11\/cropped-ASi-Logony.png","contentUrl":"https:\/\/asinorge.no\/wp-content\/uploads\/2023\/11\/cropped-ASi-Logony.png","width":943,"height":246,"caption":"Alex Stewart International Norge AS"},"image":{"@id":"https:\/\/asinorge.no\/#\/schema\/logo\/image\/"},"sameAs":["https:\/\/www.facebook.com\/slabstord\/","https:\/\/no.linkedin.com\/in\/alex-stewart-international-norge-as-avd-stord-11a5421a3"]}]}},"uagb_featured_image_src":{"full":false,"thumbnail":false,"medium":false,"medium_large":false,"large":false,"1536x1536":false,"2048x2048":false,"trp-custom-language-flag":false},"uagb_author_info":{"display_name":"ASI Norge AS","author_link":"https:\/\/asinorge.no\/en\/author\/malin_brady\/"},"uagb_comment_info":0,"uagb_excerpt":"Kort historikk Alex Stewart International Norge AS (forkortelse ASI Norge AS) best\u00e5r av to laboratorier, avdeling Odda og avdeling Stord. Bedriften ble registrert i 2023, men laboratoriene bak har historikk heilt tilbake til 1980. Avdelingen i Odda er tidligere kjent som Hardanger Milj\u00f8senter AS og hadde sin oppstart i 1990 etter initiativ fra Odda Kommune&hellip;","jetpack_sharing_enabled":true,"_links":{"self":[{"href":"https:\/\/asinorge.no\/en\/wp-json\/wp\/v2\/pages\/109","targetHints":{"allow":["GET"]}}],"collection":[{"href":"https:\/\/asinorge.no\/en\/wp-json\/wp\/v2\/pages"}],"about":[{"href":"https:\/\/asinorge.no\/en\/wp-json\/wp\/v2\/types\/page"}],"author":[{"embeddable":true,"href":"https:\/\/asinorge.no\/en\/wp-json\/wp\/v2\/users\/1"}],"replies":[{"embeddable":true,"href":"https:\/\/asinorge.no\/en\/wp-json\/wp\/v2\/comments?post=109"}],"version-history":[{"count":40,"href":"https:\/\/asinorge.no\/en\/wp-json\/wp\/v2\/pages\/109\/revisions"}],"predecessor-version":[{"id":1314,"href":"https:\/\/asinorge.no\/en\/wp-json\/wp\/v2\/pages\/109\/revisions\/1314"}],"wp:attachment":[{"href":"https:\/\/asinorge.no\/en\/wp-json\/wp\/v2\/media?parent=109"}],"curies":[{"name":"wp","href":"https:\/\/api.w.org\/{rel}","templated":true}]}}