{"id":1065,"date":"2024-02-14T14:44:40","date_gmt":"2024-02-14T13:44:40","guid":{"rendered":"https:\/\/asinorge.no\/?page_id=1065"},"modified":"2024-02-29T15:32:16","modified_gmt":"2024-02-29T14:32:16","slug":"provetaking-listeria","status":"publish","type":"page","link":"https:\/\/asinorge.no\/en\/provetaking-listeria\/","title":{"rendered":"PR\u00d8VETAKING LISTERIA OG SALMONELLA"},"content":{"rendered":"<div class=\"wp-block-cover alignfull\" style=\"min-height:608px;aspect-ratio:unset;\"><span aria-hidden=\"true\" class=\"wp-block-cover__background has-background-dim-80 has-background-dim wp-block-cover__gradient-background has-background-gradient\" style=\"background:linear-gradient(135deg,rgb(209,169,140) 0%,rgb(162,20,20) 48%,rgb(53,2,2) 100%)\"><\/span><img loading=\"lazy\" decoding=\"async\" width=\"976\" height=\"651\" class=\"wp-block-cover__image-background wp-image-452\" alt=\"\" src=\"https:\/\/asinorge.no\/wp-content\/uploads\/2024\/01\/aluminum-tanks-storage-raw-materials-chemical-industry-sterile-conditions-enterprise.jpg\" style=\"object-position:50% 24%\" data-object-fit=\"cover\" data-object-position=\"50% 24%\" srcset=\"https:\/\/asinorge.no\/wp-content\/uploads\/2024\/01\/aluminum-tanks-storage-raw-materials-chemical-industry-sterile-conditions-enterprise.jpg 976w, https:\/\/asinorge.no\/wp-content\/uploads\/2024\/01\/aluminum-tanks-storage-raw-materials-chemical-industry-sterile-conditions-enterprise-300x200.jpg 300w, https:\/\/asinorge.no\/wp-content\/uploads\/2024\/01\/aluminum-tanks-storage-raw-materials-chemical-industry-sterile-conditions-enterprise-768x512.jpg 768w, https:\/\/asinorge.no\/wp-content\/uploads\/2024\/01\/aluminum-tanks-storage-raw-materials-chemical-industry-sterile-conditions-enterprise-18x12.jpg 18w\" sizes=\"auto, (max-width: 976px) 100vw, 976px\" \/><div class=\"wp-block-cover__inner-container is-layout-flow wp-block-cover-is-layout-flow\">\n<div style=\"height:90px\" aria-hidden=\"true\" class=\"wp-block-spacer\"><\/div>\n\n\n\n<h1 class=\"wp-block-heading has-text-align-center\">AKKREDITERT PR\u00d8VETAKING<\/h1>\n\n\n\n<p class=\"has-text-align-center has-medium-font-size\"><em>Listeria og Salmonella i produksjonsmilj\u00f8<\/em><\/p>\n<\/div><\/div>\n\n\n\n<div style=\"height:76px\" aria-hidden=\"true\" class=\"wp-block-spacer\"><\/div>\n\n\n\n<p>ASI Norge AS er ett av f\u00e5 selskap i Norge som utf\u00f8rer akkreditert pr\u00f8vetaking av b\u00e5de Listeria og Salmonella i produksjonsmilj\u00f8. Pr\u00f8vetakingen utf\u00f8res n\u00e5 i f\u00f8rste omgang p\u00e5 hele Vestlandet for alle n\u00e6ringsmiddelprodusenter, fiskeslakterier og lignende.<\/p>\n\n\n\n<div class=\"wp-block-uagb-container uagb-block-c5bfc40e alignfull uagb-is-root-container\"><div class=\"uagb-container-inner-blocks-wrap\">\n<div class=\"wp-block-uagb-container uagb-block-17286d78\">\n<p>Har ikke bedriften din kapasitet, kvalifisert personell eller andre grunner til \u00e5 ta milj\u00f8pr\u00f8vene selv kan du booke en av v\u00e5re pr\u00f8vetakere som gj\u00f8r jobben for deg. <\/p>\n\n\n\n<p>Pr\u00f8vene tar vi med oss tilbake til laboratoriet og setter i gang analysen du har bestilt.<\/p>\n\n\n\n<p>Det vil st\u00e5 p\u00e5 rapporten om pr\u00f8ven er tatt akkreditert av ASI Norge AS eller av kunden selv (uakkreditert). <\/p>\n\n\n\n<p>Det er viktig \u00e5 informere om at selve analysen er akkreditert uavhengig om det er ASI Norge eller kunden selv som har tatt pr\u00f8ven.<\/p>\n\n\n\n<p>Er dette noe du \u00f8nsker \u00e5 vite mer om kan du ta kontakt med oss.<\/p>\n<\/div>\n\n\n\n<div class=\"wp-block-uagb-container uagb-block-d3ef1d0f\">\n<figure class=\"wp-block-image alignleft size-full is-resized\"><img loading=\"lazy\" decoding=\"async\" width=\"1280\" height=\"853\" src=\"https:\/\/asinorge.no\/wp-content\/uploads\/2024\/01\/laboratory-2815641_1280.jpg\" alt=\"\" class=\"wp-image-919\" style=\"width:542px;height:auto\" srcset=\"https:\/\/asinorge.no\/wp-content\/uploads\/2024\/01\/laboratory-2815641_1280.jpg 1280w, https:\/\/asinorge.no\/wp-content\/uploads\/2024\/01\/laboratory-2815641_1280-300x200.jpg 300w, https:\/\/asinorge.no\/wp-content\/uploads\/2024\/01\/laboratory-2815641_1280-1024x682.jpg 1024w, https:\/\/asinorge.no\/wp-content\/uploads\/2024\/01\/laboratory-2815641_1280-768x512.jpg 768w, https:\/\/asinorge.no\/wp-content\/uploads\/2024\/01\/laboratory-2815641_1280-18x12.jpg 18w\" sizes=\"auto, (max-width: 1280px) 100vw, 1280px\" \/><\/figure>\n<\/div>\n<\/div><\/div>\n\n\n\n<p><\/p>\n\n\n\n<div style=\"height:100px\" aria-hidden=\"true\" class=\"wp-block-spacer\"><\/div>","protected":false},"excerpt":{"rendered":"<p>ASI Norge AS er ett av f\u00e5 selskap i Norge som utf\u00f8rer akkreditert pr\u00f8vetaking av b\u00e5de Listeria og Salmonella i produksjonsmilj\u00f8. Pr\u00f8vetakingen utf\u00f8res n\u00e5 i f\u00f8rste omgang p\u00e5 hele Vestlandet for alle n\u00e6ringsmiddelprodusenter, fiskeslakterier og lignende. Har ikke bedriften din kapasitet, kvalifisert personell eller andre grunner til \u00e5 ta milj\u00f8pr\u00f8vene selv kan du booke en [&hellip;]<\/p>\n","protected":false},"author":1,"featured_media":0,"parent":0,"menu_order":0,"comment_status":"closed","ping_status":"closed","template":"","meta":{"_uag_custom_page_level_css":"","site-sidebar-layout":"default","site-content-layout":"","ast-site-content-layout":"default","site-content-style":"default","site-sidebar-style":"default","ast-global-header-display":"","ast-banner-title-visibility":"","ast-main-header-display":"","ast-hfb-above-header-display":"","ast-hfb-below-header-display":"","ast-hfb-mobile-header-display":"","site-post-title":"disabled","ast-breadcrumbs-content":"","ast-featured-img":"","footer-sml-layout":"","ast-disable-related-posts":"","theme-transparent-header-meta":"disabled","adv-header-id-meta":"","stick-header-meta":"","header-above-stick-meta":"","header-main-stick-meta":"","header-below-stick-meta":"","astra-migrate-meta-layouts":"set","ast-page-background-enabled":"default","ast-page-background-meta":{"desktop":{"background-color":"var(--ast-global-color-4)","background-image":"","background-repeat":"repeat","background-position":"center center","background-size":"auto","background-attachment":"scroll","background-type":"","background-media":"","overlay-type":"","overlay-color":"","overlay-opacity":"","overlay-gradient":""},"tablet":{"background-color":"","background-image":"","background-repeat":"repeat","background-position":"center center","background-size":"auto","background-attachment":"scroll","background-type":"","background-media":"","overlay-type":"","overlay-color":"","overlay-opacity":"","overlay-gradient":""},"mobile":{"background-color":"","background-image":"","background-repeat":"repeat","background-position":"center center","background-size":"auto","background-attachment":"scroll","background-type":"","background-media":"","overlay-type":"","overlay-color":"","overlay-opacity":"","overlay-gradient":""}},"ast-content-background-meta":{"desktop":{"background-color":"var(--ast-global-color-5)","background-image":"","background-repeat":"repeat","background-position":"center center","background-size":"auto","background-attachment":"scroll","background-type":"","background-media":"","overlay-type":"","overlay-color":"","overlay-opacity":"","overlay-gradient":""},"tablet":{"background-color":"var(--ast-global-color-5)","background-image":"","background-repeat":"repeat","background-position":"center center","background-size":"auto","background-attachment":"scroll","background-type":"","background-media":"","overlay-type":"","overlay-color":"","overlay-opacity":"","overlay-gradient":""},"mobile":{"background-color":"var(--ast-global-color-5)","background-image":"","background-repeat":"repeat","background-position":"center center","background-size":"auto","background-attachment":"scroll","background-type":"","background-media":"","overlay-type":"","overlay-color":"","overlay-opacity":"","overlay-gradient":""}},"footnotes":""},"class_list":["post-1065","page","type-page","status-publish","hentry"],"yoast_head":"<!-- This site is optimized with the Yoast SEO plugin v27.6 - https:\/\/yoast.com\/product\/yoast-seo-wordpress\/ -->\n<title>PR\u00d8VETAKING LISTERIA OG SALMONELLA - Alex Stewart International Norge AS<\/title>\n<meta name=\"description\" content=\"ASI Norge AS er ett av f\u00e5 selskap i Norge som utf\u00f8rer akkreditert pr\u00f8vetaking av Listeria og Salmonella i produksjonsmilj\u00f8. Pr\u00f8vetakingen utf\u00f8res n\u00e5 i f\u00f8rste omgang p\u00e5 hele Vestlandet og for alle n\u00e6ringsmiddelprodusenter, fiskeslakterier og lignende.\" \/>\n<meta name=\"robots\" content=\"index, follow, max-snippet:-1, max-image-preview:large, max-video-preview:-1\" \/>\n<link rel=\"canonical\" href=\"https:\/\/asinorge.no\/en\/provetaking-listeria\/\" \/>\n<meta property=\"og:locale\" content=\"en_US\" \/>\n<meta property=\"og:type\" content=\"article\" \/>\n<meta property=\"og:title\" content=\"PR\u00d8VETAKING LISTERIA OG SALMONELLA - Alex Stewart International Norge AS\" \/>\n<meta property=\"og:description\" content=\"ASI Norge AS er ett av f\u00e5 selskap i Norge som utf\u00f8rer akkreditert pr\u00f8vetaking av Listeria og Salmonella i produksjonsmilj\u00f8. Pr\u00f8vetakingen utf\u00f8res n\u00e5 i f\u00f8rste omgang p\u00e5 hele Vestlandet og for alle n\u00e6ringsmiddelprodusenter, fiskeslakterier og lignende.\" \/>\n<meta property=\"og:url\" content=\"https:\/\/asinorge.no\/en\/provetaking-listeria\/\" \/>\n<meta property=\"og:site_name\" content=\"Alex Stewart International Norge AS\" \/>\n<meta property=\"article:publisher\" content=\"https:\/\/www.facebook.com\/slabstord\/\" \/>\n<meta property=\"article:modified_time\" content=\"2024-02-29T14:32:16+00:00\" \/>\n<meta property=\"og:image\" content=\"https:\/\/asinorge.no\/wp-content\/uploads\/2024\/01\/aluminum-tanks-storage-raw-materials-chemical-industry-sterile-conditions-enterprise.jpg\" \/>\n<meta name=\"twitter:card\" content=\"summary_large_image\" \/>\n<meta name=\"twitter:label1\" content=\"Est. reading time\" \/>\n\t<meta name=\"twitter:data1\" content=\"2 minutes\" \/>\n<script type=\"application\/ld+json\" class=\"yoast-schema-graph\">{\"@context\":\"https:\\\/\\\/schema.org\",\"@graph\":[{\"@type\":\"WebPage\",\"@id\":\"https:\\\/\\\/asinorge.no\\\/provetaking-listeria\\\/\",\"url\":\"https:\\\/\\\/asinorge.no\\\/provetaking-listeria\\\/\",\"name\":\"PR\u00d8VETAKING LISTERIA OG SALMONELLA - Alex Stewart International Norge AS\",\"isPartOf\":{\"@id\":\"https:\\\/\\\/asinorge.no\\\/#website\"},\"primaryImageOfPage\":{\"@id\":\"https:\\\/\\\/asinorge.no\\\/provetaking-listeria\\\/#primaryimage\"},\"image\":{\"@id\":\"https:\\\/\\\/asinorge.no\\\/provetaking-listeria\\\/#primaryimage\"},\"thumbnailUrl\":\"https:\\\/\\\/asinorge.no\\\/wp-content\\\/uploads\\\/2024\\\/01\\\/aluminum-tanks-storage-raw-materials-chemical-industry-sterile-conditions-enterprise.jpg\",\"datePublished\":\"2024-02-14T13:44:40+00:00\",\"dateModified\":\"2024-02-29T14:32:16+00:00\",\"description\":\"ASI Norge AS er ett av f\u00e5 selskap i Norge som utf\u00f8rer akkreditert pr\u00f8vetaking av Listeria og Salmonella i produksjonsmilj\u00f8. Pr\u00f8vetakingen utf\u00f8res n\u00e5 i f\u00f8rste omgang p\u00e5 hele Vestlandet og for alle n\u00e6ringsmiddelprodusenter, fiskeslakterier og lignende.\",\"breadcrumb\":{\"@id\":\"https:\\\/\\\/asinorge.no\\\/provetaking-listeria\\\/#breadcrumb\"},\"inLanguage\":\"en-US\",\"potentialAction\":[{\"@type\":\"ReadAction\",\"target\":[\"https:\\\/\\\/asinorge.no\\\/provetaking-listeria\\\/\"]}]},{\"@type\":\"ImageObject\",\"inLanguage\":\"en-US\",\"@id\":\"https:\\\/\\\/asinorge.no\\\/provetaking-listeria\\\/#primaryimage\",\"url\":\"https:\\\/\\\/asinorge.no\\\/wp-content\\\/uploads\\\/2024\\\/01\\\/aluminum-tanks-storage-raw-materials-chemical-industry-sterile-conditions-enterprise.jpg\",\"contentUrl\":\"https:\\\/\\\/asinorge.no\\\/wp-content\\\/uploads\\\/2024\\\/01\\\/aluminum-tanks-storage-raw-materials-chemical-industry-sterile-conditions-enterprise.jpg\"},{\"@type\":\"BreadcrumbList\",\"@id\":\"https:\\\/\\\/asinorge.no\\\/provetaking-listeria\\\/#breadcrumb\",\"itemListElement\":[{\"@type\":\"ListItem\",\"position\":1,\"name\":\"Hjem\",\"item\":\"https:\\\/\\\/asinorge.no\\\/\"},{\"@type\":\"ListItem\",\"position\":2,\"name\":\"PR\u00d8VETAKING LISTERIA OG SALMONELLA\"}]},{\"@type\":\"WebSite\",\"@id\":\"https:\\\/\\\/asinorge.no\\\/#website\",\"url\":\"https:\\\/\\\/asinorge.no\\\/\",\"name\":\"Alex Stewart International Norge AS\",\"description\":\"Konsulent og laboratorietjenester\",\"publisher\":{\"@id\":\"https:\\\/\\\/asinorge.no\\\/#organization\"},\"alternateName\":\"ASI NORGE AS\",\"potentialAction\":[{\"@type\":\"SearchAction\",\"target\":{\"@type\":\"EntryPoint\",\"urlTemplate\":\"https:\\\/\\\/asinorge.no\\\/?s={search_term_string}\"},\"query-input\":{\"@type\":\"PropertyValueSpecification\",\"valueRequired\":true,\"valueName\":\"search_term_string\"}}],\"inLanguage\":\"en-US\"},{\"@type\":\"Organization\",\"@id\":\"https:\\\/\\\/asinorge.no\\\/#organization\",\"name\":\"Alex Stewart International Norge AS\",\"url\":\"https:\\\/\\\/asinorge.no\\\/\",\"logo\":{\"@type\":\"ImageObject\",\"inLanguage\":\"en-US\",\"@id\":\"https:\\\/\\\/asinorge.no\\\/#\\\/schema\\\/logo\\\/image\\\/\",\"url\":\"https:\\\/\\\/asinorge.no\\\/wp-content\\\/uploads\\\/2023\\\/11\\\/cropped-ASi-Logony.png\",\"contentUrl\":\"https:\\\/\\\/asinorge.no\\\/wp-content\\\/uploads\\\/2023\\\/11\\\/cropped-ASi-Logony.png\",\"width\":943,\"height\":246,\"caption\":\"Alex Stewart International Norge AS\"},\"image\":{\"@id\":\"https:\\\/\\\/asinorge.no\\\/#\\\/schema\\\/logo\\\/image\\\/\"},\"sameAs\":[\"https:\\\/\\\/www.facebook.com\\\/slabstord\\\/\",\"https:\\\/\\\/no.linkedin.com\\\/in\\\/alex-stewart-international-norge-as-avd-stord-11a5421a3\"]}]}<\/script>\n<!-- \/ Yoast SEO plugin. -->","yoast_head_json":{"title":"PR\u00d8VETAKING LISTERIA OG SALMONELLA - Alex Stewart International Norge AS","description":"ASI Norge AS er ett av f\u00e5 selskap i Norge som utf\u00f8rer akkreditert pr\u00f8vetaking av Listeria og Salmonella i produksjonsmilj\u00f8. Pr\u00f8vetakingen utf\u00f8res n\u00e5 i f\u00f8rste omgang p\u00e5 hele Vestlandet og for alle n\u00e6ringsmiddelprodusenter, fiskeslakterier og lignende.","robots":{"index":"index","follow":"follow","max-snippet":"max-snippet:-1","max-image-preview":"max-image-preview:large","max-video-preview":"max-video-preview:-1"},"canonical":"https:\/\/asinorge.no\/en\/provetaking-listeria\/","og_locale":"en_US","og_type":"article","og_title":"PR\u00d8VETAKING LISTERIA OG SALMONELLA - Alex Stewart International Norge AS","og_description":"ASI Norge AS er ett av f\u00e5 selskap i Norge som utf\u00f8rer akkreditert pr\u00f8vetaking av Listeria og Salmonella i produksjonsmilj\u00f8. Pr\u00f8vetakingen utf\u00f8res n\u00e5 i f\u00f8rste omgang p\u00e5 hele Vestlandet og for alle n\u00e6ringsmiddelprodusenter, fiskeslakterier og lignende.","og_url":"https:\/\/asinorge.no\/en\/provetaking-listeria\/","og_site_name":"Alex Stewart International Norge AS","article_publisher":"https:\/\/www.facebook.com\/slabstord\/","article_modified_time":"2024-02-29T14:32:16+00:00","og_image":[{"url":"https:\/\/asinorge.no\/wp-content\/uploads\/2024\/01\/aluminum-tanks-storage-raw-materials-chemical-industry-sterile-conditions-enterprise.jpg","type":"","width":"","height":""}],"twitter_card":"summary_large_image","twitter_misc":{"Est. reading time":"2 minutes"},"schema":{"@context":"https:\/\/schema.org","@graph":[{"@type":"WebPage","@id":"https:\/\/asinorge.no\/provetaking-listeria\/","url":"https:\/\/asinorge.no\/provetaking-listeria\/","name":"PR\u00d8VETAKING LISTERIA OG SALMONELLA - Alex Stewart International Norge AS","isPartOf":{"@id":"https:\/\/asinorge.no\/#website"},"primaryImageOfPage":{"@id":"https:\/\/asinorge.no\/provetaking-listeria\/#primaryimage"},"image":{"@id":"https:\/\/asinorge.no\/provetaking-listeria\/#primaryimage"},"thumbnailUrl":"https:\/\/asinorge.no\/wp-content\/uploads\/2024\/01\/aluminum-tanks-storage-raw-materials-chemical-industry-sterile-conditions-enterprise.jpg","datePublished":"2024-02-14T13:44:40+00:00","dateModified":"2024-02-29T14:32:16+00:00","description":"ASI Norge AS er ett av f\u00e5 selskap i Norge som utf\u00f8rer akkreditert pr\u00f8vetaking av Listeria og Salmonella i produksjonsmilj\u00f8. Pr\u00f8vetakingen utf\u00f8res n\u00e5 i f\u00f8rste omgang p\u00e5 hele Vestlandet og for alle n\u00e6ringsmiddelprodusenter, fiskeslakterier og lignende.","breadcrumb":{"@id":"https:\/\/asinorge.no\/provetaking-listeria\/#breadcrumb"},"inLanguage":"en-US","potentialAction":[{"@type":"ReadAction","target":["https:\/\/asinorge.no\/provetaking-listeria\/"]}]},{"@type":"ImageObject","inLanguage":"en-US","@id":"https:\/\/asinorge.no\/provetaking-listeria\/#primaryimage","url":"https:\/\/asinorge.no\/wp-content\/uploads\/2024\/01\/aluminum-tanks-storage-raw-materials-chemical-industry-sterile-conditions-enterprise.jpg","contentUrl":"https:\/\/asinorge.no\/wp-content\/uploads\/2024\/01\/aluminum-tanks-storage-raw-materials-chemical-industry-sterile-conditions-enterprise.jpg"},{"@type":"BreadcrumbList","@id":"https:\/\/asinorge.no\/provetaking-listeria\/#breadcrumb","itemListElement":[{"@type":"ListItem","position":1,"name":"Hjem","item":"https:\/\/asinorge.no\/"},{"@type":"ListItem","position":2,"name":"PR\u00d8VETAKING LISTERIA OG SALMONELLA"}]},{"@type":"WebSite","@id":"https:\/\/asinorge.no\/#website","url":"https:\/\/asinorge.no\/","name":"Alex Stewart International Norge AS","description":"Konsulent og laboratorietjenester","publisher":{"@id":"https:\/\/asinorge.no\/#organization"},"alternateName":"ASI NORGE AS","potentialAction":[{"@type":"SearchAction","target":{"@type":"EntryPoint","urlTemplate":"https:\/\/asinorge.no\/?s={search_term_string}"},"query-input":{"@type":"PropertyValueSpecification","valueRequired":true,"valueName":"search_term_string"}}],"inLanguage":"en-US"},{"@type":"Organization","@id":"https:\/\/asinorge.no\/#organization","name":"Alex Stewart International Norge AS","url":"https:\/\/asinorge.no\/","logo":{"@type":"ImageObject","inLanguage":"en-US","@id":"https:\/\/asinorge.no\/#\/schema\/logo\/image\/","url":"https:\/\/asinorge.no\/wp-content\/uploads\/2023\/11\/cropped-ASi-Logony.png","contentUrl":"https:\/\/asinorge.no\/wp-content\/uploads\/2023\/11\/cropped-ASi-Logony.png","width":943,"height":246,"caption":"Alex Stewart International Norge AS"},"image":{"@id":"https:\/\/asinorge.no\/#\/schema\/logo\/image\/"},"sameAs":["https:\/\/www.facebook.com\/slabstord\/","https:\/\/no.linkedin.com\/in\/alex-stewart-international-norge-as-avd-stord-11a5421a3"]}]}},"uagb_featured_image_src":{"full":false,"thumbnail":false,"medium":false,"medium_large":false,"large":false,"1536x1536":false,"2048x2048":false,"trp-custom-language-flag":false},"uagb_author_info":{"display_name":"ASI Norge AS","author_link":"https:\/\/asinorge.no\/en\/author\/malin_brady\/"},"uagb_comment_info":0,"uagb_excerpt":"ASI Norge AS er ett av f\u00e5 selskap i Norge som utf\u00f8rer akkreditert pr\u00f8vetaking av b\u00e5de Listeria og Salmonella i produksjonsmilj\u00f8. Pr\u00f8vetakingen utf\u00f8res n\u00e5 i f\u00f8rste omgang p\u00e5 hele Vestlandet for alle n\u00e6ringsmiddelprodusenter, fiskeslakterier og lignende. Har ikke bedriften din kapasitet, kvalifisert personell eller andre grunner til \u00e5 ta milj\u00f8pr\u00f8vene selv kan du booke en&hellip;","jetpack_sharing_enabled":true,"_links":{"self":[{"href":"https:\/\/asinorge.no\/en\/wp-json\/wp\/v2\/pages\/1065","targetHints":{"allow":["GET"]}}],"collection":[{"href":"https:\/\/asinorge.no\/en\/wp-json\/wp\/v2\/pages"}],"about":[{"href":"https:\/\/asinorge.no\/en\/wp-json\/wp\/v2\/types\/page"}],"author":[{"embeddable":true,"href":"https:\/\/asinorge.no\/en\/wp-json\/wp\/v2\/users\/1"}],"replies":[{"embeddable":true,"href":"https:\/\/asinorge.no\/en\/wp-json\/wp\/v2\/comments?post=1065"}],"version-history":[{"count":4,"href":"https:\/\/asinorge.no\/en\/wp-json\/wp\/v2\/pages\/1065\/revisions"}],"predecessor-version":[{"id":1080,"href":"https:\/\/asinorge.no\/en\/wp-json\/wp\/v2\/pages\/1065\/revisions\/1080"}],"wp:attachment":[{"href":"https:\/\/asinorge.no\/en\/wp-json\/wp\/v2\/media?parent=1065"}],"curies":[{"name":"wp","href":"https:\/\/api.w.org\/{rel}","templated":true}]}}