{"id":1010,"date":"2024-02-13T15:57:12","date_gmt":"2024-02-13T14:57:12","guid":{"rendered":"https:\/\/asinorge.no\/?page_id=1010"},"modified":"2025-11-04T10:34:18","modified_gmt":"2025-11-04T09:34:18","slug":"lagringsforsok","status":"publish","type":"page","link":"https:\/\/asinorge.no\/en\/lagringsforsok\/","title":{"rendered":"LAGRINGSFORS\u00d8K"},"content":{"rendered":"<div class=\"wp-block-cover alignfull\" style=\"min-height:560px;aspect-ratio:unset;\"><img loading=\"lazy\" decoding=\"async\" width=\"1872\" height=\"1196\" class=\"wp-block-cover__image-background wp-image-1004\" alt=\"\" src=\"https:\/\/asinorge.no\/wp-content\/uploads\/2024\/02\/bildesma.jpg\" style=\"object-position:49% 100%\" data-object-fit=\"cover\" data-object-position=\"49% 100%\" srcset=\"https:\/\/asinorge.no\/wp-content\/uploads\/2024\/02\/bildesma.jpg 1872w, https:\/\/asinorge.no\/wp-content\/uploads\/2024\/02\/bildesma-300x192.jpg 300w, https:\/\/asinorge.no\/wp-content\/uploads\/2024\/02\/bildesma-1024x654.jpg 1024w, https:\/\/asinorge.no\/wp-content\/uploads\/2024\/02\/bildesma-768x491.jpg 768w, https:\/\/asinorge.no\/wp-content\/uploads\/2024\/02\/bildesma-1536x981.jpg 1536w, https:\/\/asinorge.no\/wp-content\/uploads\/2024\/02\/bildesma-18x12.jpg 18w\" sizes=\"auto, (max-width: 1872px) 100vw, 1872px\" \/><span aria-hidden=\"true\" class=\"wp-block-cover__background has-background-dim-80 has-background-dim wp-block-cover__gradient-background has-background-gradient\" style=\"background:linear-gradient(135deg,rgb(209,169,140) 0%,rgb(162,20,20) 48%,rgb(53,2,2) 100%)\"><\/span><div class=\"wp-block-cover__inner-container is-layout-flow wp-block-cover-is-layout-flow\">\n<div style=\"height:39px\" aria-hidden=\"true\" class=\"wp-block-spacer\"><\/div>\n\n\n\n<h1 class=\"wp-block-heading has-text-align-center has-ast-global-color-5-color has-text-color has-link-color wp-elements-97e9385c2bd3c2c1906a21c3b0622ed5\">LAGRINGSFORS\u00d8K<\/h1>\n\n\n\n<p class=\"has-text-align-center has-medium-font-size\"><\/p>\n<\/div><\/div>\n\n\n\n<div style=\"height:76px\" aria-hidden=\"true\" class=\"wp-block-spacer\"><\/div>\n\n\n\n<p>ASI Norge tilbyr lagringsfors\u00f8k av alle typer n\u00e6ringsmidler som for eksempel fisk, kj\u00f8ttprodukter eller lignende. Vi bruker akkrediterte metoder i henhold til kundens kriterier.<\/p>\n\n\n\n<p>Eksempel p\u00e5 et lagringsfors\u00f8k (Laks, sl\u00f8yd) er test p\u00e5 dag 0, dag 10, dag 14 og dag 18 for diverse bakterier:<\/p>\n\n\n\n<ul class=\"wp-block-list\">\n<li>Total antall bakterier 20\u00b0C \/ bedervelsesbakterier (<em>H<sub>2<\/sub>S<\/em>)<\/li>\n\n\n\n<li>Enterobacteriaceae<\/li>\n\n\n\n<li>Termotolerante koliforme<\/li>\n\n\n\n<li>P\u00e5visning og\/eller mengdebestemmelse av Listeria monocytogenes.<\/li>\n\n\n\n<li>Sensorisk evaluering (lukt, utseende m.m)<\/li>\n<\/ul>\n\n\n\n<p><\/p>\n\n\n\n<p>Dette er &laquo;grunnpakken&raquo; som vi ville foresl\u00e5tt til en fiskeprodusent, men kunde kan selv legge til eller fjerne analyser og analysedager etter behov. <br><br>Etter endt lagringsfors\u00f8k vil vi skrive en vurdering med oppsummering av resultater inkl. grafer som dere kan bruke til \u00e5 vurdere produktets generelle mikrobiologiske utvikling.<\/p>\n\n\n\n<p>Ta kontakt med oss for mer informasjon og planlegging av lagringsfors\u00f8k!<\/p>\n\n\n\n<p><\/p>\n\n\n\n<p><\/p>\n\n\n\n<p><em>Vi gj\u00f8r oppmerksom p\u00e5 at lagringstest ikke er det samme som belastningstest<\/em><\/p>\n\n\n\n<div style=\"height:100px\" aria-hidden=\"true\" class=\"wp-block-spacer\"><\/div>\n\n\n\n<p><\/p>","protected":false},"excerpt":{"rendered":"<p>ASI Norge tilbyr lagringsfors\u00f8k av alle typer n\u00e6ringsmidler som for eksempel fisk, kj\u00f8ttprodukter eller lignende. Vi bruker akkrediterte metoder i henhold til kundens kriterier. Eksempel p\u00e5 et lagringsfors\u00f8k (Laks, sl\u00f8yd) er test p\u00e5 dag 0, dag 10, dag 14 og dag 18 for diverse bakterier: Dette er &laquo;grunnpakken&raquo; som vi ville foresl\u00e5tt til en fiskeprodusent, [&hellip;]<\/p>\n","protected":false},"author":1,"featured_media":0,"parent":0,"menu_order":0,"comment_status":"closed","ping_status":"closed","template":"","meta":{"_uag_custom_page_level_css":"","site-sidebar-layout":"default","site-content-layout":"","ast-site-content-layout":"default","site-content-style":"default","site-sidebar-style":"default","ast-global-header-display":"","ast-banner-title-visibility":"","ast-main-header-display":"","ast-hfb-above-header-display":"","ast-hfb-below-header-display":"","ast-hfb-mobile-header-display":"","site-post-title":"disabled","ast-breadcrumbs-content":"","ast-featured-img":"","footer-sml-layout":"","ast-disable-related-posts":"","theme-transparent-header-meta":"disabled","adv-header-id-meta":"","stick-header-meta":"","header-above-stick-meta":"","header-main-stick-meta":"","header-below-stick-meta":"","astra-migrate-meta-layouts":"set","ast-page-background-enabled":"default","ast-page-background-meta":{"desktop":{"background-color":"var(--ast-global-color-4)","background-image":"","background-repeat":"repeat","background-position":"center center","background-size":"auto","background-attachment":"scroll","background-type":"","background-media":"","overlay-type":"","overlay-color":"","overlay-opacity":"","overlay-gradient":""},"tablet":{"background-color":"","background-image":"","background-repeat":"repeat","background-position":"center center","background-size":"auto","background-attachment":"scroll","background-type":"","background-media":"","overlay-type":"","overlay-color":"","overlay-opacity":"","overlay-gradient":""},"mobile":{"background-color":"","background-image":"","background-repeat":"repeat","background-position":"center center","background-size":"auto","background-attachment":"scroll","background-type":"","background-media":"","overlay-type":"","overlay-color":"","overlay-opacity":"","overlay-gradient":""}},"ast-content-background-meta":{"desktop":{"background-color":"var(--ast-global-color-5)","background-image":"","background-repeat":"repeat","background-position":"center center","background-size":"auto","background-attachment":"scroll","background-type":"","background-media":"","overlay-type":"","overlay-color":"","overlay-opacity":"","overlay-gradient":""},"tablet":{"background-color":"var(--ast-global-color-5)","background-image":"","background-repeat":"repeat","background-position":"center center","background-size":"auto","background-attachment":"scroll","background-type":"","background-media":"","overlay-type":"","overlay-color":"","overlay-opacity":"","overlay-gradient":""},"mobile":{"background-color":"var(--ast-global-color-5)","background-image":"","background-repeat":"repeat","background-position":"center center","background-size":"auto","background-attachment":"scroll","background-type":"","background-media":"","overlay-type":"","overlay-color":"","overlay-opacity":"","overlay-gradient":""}},"footnotes":""},"class_list":["post-1010","page","type-page","status-publish","hentry"],"yoast_head":"<!-- This site is optimized with the Yoast SEO plugin v27.5 - https:\/\/yoast.com\/product\/yoast-seo-wordpress\/ -->\n<title>LAGRINGSFORS\u00d8K - Alex Stewart International Norge AS<\/title>\n<meta name=\"description\" content=\"ASI Norge tilbyr lagringsfors\u00f8k (holdbarhetstester) av alle typer n\u00e6ringsmidler som for eksempel fisk, kj\u00f8ttprodukter eller lignende. Vi bruker akkrediterte metoder i henhold til kundens kriterier.\" \/>\n<meta name=\"robots\" content=\"index, follow, max-snippet:-1, max-image-preview:large, max-video-preview:-1\" \/>\n<link rel=\"canonical\" href=\"https:\/\/asinorge.no\/en\/lagringsforsok\/\" \/>\n<meta property=\"og:locale\" content=\"en_US\" \/>\n<meta property=\"og:type\" content=\"article\" \/>\n<meta property=\"og:title\" content=\"LAGRINGSFORS\u00d8K - Alex Stewart International Norge AS\" \/>\n<meta property=\"og:description\" content=\"ASI Norge tilbyr lagringsfors\u00f8k (holdbarhetstester) av alle typer n\u00e6ringsmidler som for eksempel fisk, kj\u00f8ttprodukter eller lignende. Vi bruker akkrediterte metoder i henhold til kundens kriterier.\" \/>\n<meta property=\"og:url\" content=\"https:\/\/asinorge.no\/en\/lagringsforsok\/\" \/>\n<meta property=\"og:site_name\" content=\"Alex Stewart International Norge AS\" \/>\n<meta property=\"article:publisher\" content=\"https:\/\/www.facebook.com\/slabstord\/\" \/>\n<meta property=\"article:modified_time\" content=\"2025-11-04T09:34:18+00:00\" \/>\n<meta property=\"og:image\" content=\"https:\/\/asinorge.no\/wp-content\/uploads\/2024\/02\/bildesma.jpg\" \/>\n\t<meta property=\"og:image:width\" content=\"1872\" \/>\n\t<meta property=\"og:image:height\" content=\"1196\" \/>\n\t<meta property=\"og:image:type\" content=\"image\/jpeg\" \/>\n<meta name=\"twitter:card\" content=\"summary_large_image\" \/>\n<meta name=\"twitter:label1\" content=\"Est. reading time\" \/>\n\t<meta name=\"twitter:data1\" content=\"1 minute\" \/>\n<script type=\"application\/ld+json\" class=\"yoast-schema-graph\">{\"@context\":\"https:\\\/\\\/schema.org\",\"@graph\":[{\"@type\":\"WebPage\",\"@id\":\"https:\\\/\\\/asinorge.no\\\/lagringsforsok\\\/\",\"url\":\"https:\\\/\\\/asinorge.no\\\/lagringsforsok\\\/\",\"name\":\"LAGRINGSFORS\u00d8K - Alex Stewart International Norge AS\",\"isPartOf\":{\"@id\":\"https:\\\/\\\/asinorge.no\\\/#website\"},\"primaryImageOfPage\":{\"@id\":\"https:\\\/\\\/asinorge.no\\\/lagringsforsok\\\/#primaryimage\"},\"image\":{\"@id\":\"https:\\\/\\\/asinorge.no\\\/lagringsforsok\\\/#primaryimage\"},\"thumbnailUrl\":\"https:\\\/\\\/asinorge.no\\\/wp-content\\\/uploads\\\/2024\\\/02\\\/bildesma.jpg\",\"datePublished\":\"2024-02-13T14:57:12+00:00\",\"dateModified\":\"2025-11-04T09:34:18+00:00\",\"description\":\"ASI Norge tilbyr lagringsfors\u00f8k (holdbarhetstester) av alle typer n\u00e6ringsmidler som for eksempel fisk, kj\u00f8ttprodukter eller lignende. Vi bruker akkrediterte metoder i henhold til kundens kriterier.\",\"breadcrumb\":{\"@id\":\"https:\\\/\\\/asinorge.no\\\/lagringsforsok\\\/#breadcrumb\"},\"inLanguage\":\"en-US\",\"potentialAction\":[{\"@type\":\"ReadAction\",\"target\":[\"https:\\\/\\\/asinorge.no\\\/lagringsforsok\\\/\"]}]},{\"@type\":\"ImageObject\",\"inLanguage\":\"en-US\",\"@id\":\"https:\\\/\\\/asinorge.no\\\/lagringsforsok\\\/#primaryimage\",\"url\":\"https:\\\/\\\/asinorge.no\\\/wp-content\\\/uploads\\\/2024\\\/02\\\/bildesma.jpg\",\"contentUrl\":\"https:\\\/\\\/asinorge.no\\\/wp-content\\\/uploads\\\/2024\\\/02\\\/bildesma.jpg\"},{\"@type\":\"BreadcrumbList\",\"@id\":\"https:\\\/\\\/asinorge.no\\\/lagringsforsok\\\/#breadcrumb\",\"itemListElement\":[{\"@type\":\"ListItem\",\"position\":1,\"name\":\"Hjem\",\"item\":\"https:\\\/\\\/asinorge.no\\\/\"},{\"@type\":\"ListItem\",\"position\":2,\"name\":\"LAGRINGSFORS\u00d8K\"}]},{\"@type\":\"WebSite\",\"@id\":\"https:\\\/\\\/asinorge.no\\\/#website\",\"url\":\"https:\\\/\\\/asinorge.no\\\/\",\"name\":\"Alex Stewart International Norge AS\",\"description\":\"Konsulent og laboratorietjenester\",\"publisher\":{\"@id\":\"https:\\\/\\\/asinorge.no\\\/#organization\"},\"alternateName\":\"ASI NORGE AS\",\"potentialAction\":[{\"@type\":\"SearchAction\",\"target\":{\"@type\":\"EntryPoint\",\"urlTemplate\":\"https:\\\/\\\/asinorge.no\\\/?s={search_term_string}\"},\"query-input\":{\"@type\":\"PropertyValueSpecification\",\"valueRequired\":true,\"valueName\":\"search_term_string\"}}],\"inLanguage\":\"en-US\"},{\"@type\":\"Organization\",\"@id\":\"https:\\\/\\\/asinorge.no\\\/#organization\",\"name\":\"Alex Stewart International Norge AS\",\"url\":\"https:\\\/\\\/asinorge.no\\\/\",\"logo\":{\"@type\":\"ImageObject\",\"inLanguage\":\"en-US\",\"@id\":\"https:\\\/\\\/asinorge.no\\\/#\\\/schema\\\/logo\\\/image\\\/\",\"url\":\"https:\\\/\\\/asinorge.no\\\/wp-content\\\/uploads\\\/2023\\\/11\\\/cropped-ASi-Logony.png\",\"contentUrl\":\"https:\\\/\\\/asinorge.no\\\/wp-content\\\/uploads\\\/2023\\\/11\\\/cropped-ASi-Logony.png\",\"width\":943,\"height\":246,\"caption\":\"Alex Stewart International Norge AS\"},\"image\":{\"@id\":\"https:\\\/\\\/asinorge.no\\\/#\\\/schema\\\/logo\\\/image\\\/\"},\"sameAs\":[\"https:\\\/\\\/www.facebook.com\\\/slabstord\\\/\",\"https:\\\/\\\/no.linkedin.com\\\/in\\\/alex-stewart-international-norge-as-avd-stord-11a5421a3\"]}]}<\/script>\n<!-- \/ Yoast SEO plugin. -->","yoast_head_json":{"title":"LAGRINGSFORS\u00d8K - Alex Stewart International Norge AS","description":"ASI Norge tilbyr lagringsfors\u00f8k (holdbarhetstester) av alle typer n\u00e6ringsmidler som for eksempel fisk, kj\u00f8ttprodukter eller lignende. Vi bruker akkrediterte metoder i henhold til kundens kriterier.","robots":{"index":"index","follow":"follow","max-snippet":"max-snippet:-1","max-image-preview":"max-image-preview:large","max-video-preview":"max-video-preview:-1"},"canonical":"https:\/\/asinorge.no\/en\/lagringsforsok\/","og_locale":"en_US","og_type":"article","og_title":"LAGRINGSFORS\u00d8K - Alex Stewart International Norge AS","og_description":"ASI Norge tilbyr lagringsfors\u00f8k (holdbarhetstester) av alle typer n\u00e6ringsmidler som for eksempel fisk, kj\u00f8ttprodukter eller lignende. Vi bruker akkrediterte metoder i henhold til kundens kriterier.","og_url":"https:\/\/asinorge.no\/en\/lagringsforsok\/","og_site_name":"Alex Stewart International Norge AS","article_publisher":"https:\/\/www.facebook.com\/slabstord\/","article_modified_time":"2025-11-04T09:34:18+00:00","og_image":[{"width":1872,"height":1196,"url":"https:\/\/asinorge.no\/wp-content\/uploads\/2024\/02\/bildesma.jpg","type":"image\/jpeg"}],"twitter_card":"summary_large_image","twitter_misc":{"Est. reading time":"1 minute"},"schema":{"@context":"https:\/\/schema.org","@graph":[{"@type":"WebPage","@id":"https:\/\/asinorge.no\/lagringsforsok\/","url":"https:\/\/asinorge.no\/lagringsforsok\/","name":"LAGRINGSFORS\u00d8K - Alex Stewart International Norge AS","isPartOf":{"@id":"https:\/\/asinorge.no\/#website"},"primaryImageOfPage":{"@id":"https:\/\/asinorge.no\/lagringsforsok\/#primaryimage"},"image":{"@id":"https:\/\/asinorge.no\/lagringsforsok\/#primaryimage"},"thumbnailUrl":"https:\/\/asinorge.no\/wp-content\/uploads\/2024\/02\/bildesma.jpg","datePublished":"2024-02-13T14:57:12+00:00","dateModified":"2025-11-04T09:34:18+00:00","description":"ASI Norge tilbyr lagringsfors\u00f8k (holdbarhetstester) av alle typer n\u00e6ringsmidler som for eksempel fisk, kj\u00f8ttprodukter eller lignende. Vi bruker akkrediterte metoder i henhold til kundens kriterier.","breadcrumb":{"@id":"https:\/\/asinorge.no\/lagringsforsok\/#breadcrumb"},"inLanguage":"en-US","potentialAction":[{"@type":"ReadAction","target":["https:\/\/asinorge.no\/lagringsforsok\/"]}]},{"@type":"ImageObject","inLanguage":"en-US","@id":"https:\/\/asinorge.no\/lagringsforsok\/#primaryimage","url":"https:\/\/asinorge.no\/wp-content\/uploads\/2024\/02\/bildesma.jpg","contentUrl":"https:\/\/asinorge.no\/wp-content\/uploads\/2024\/02\/bildesma.jpg"},{"@type":"BreadcrumbList","@id":"https:\/\/asinorge.no\/lagringsforsok\/#breadcrumb","itemListElement":[{"@type":"ListItem","position":1,"name":"Hjem","item":"https:\/\/asinorge.no\/"},{"@type":"ListItem","position":2,"name":"LAGRINGSFORS\u00d8K"}]},{"@type":"WebSite","@id":"https:\/\/asinorge.no\/#website","url":"https:\/\/asinorge.no\/","name":"Alex Stewart International Norge AS","description":"Konsulent og laboratorietjenester","publisher":{"@id":"https:\/\/asinorge.no\/#organization"},"alternateName":"ASI NORGE AS","potentialAction":[{"@type":"SearchAction","target":{"@type":"EntryPoint","urlTemplate":"https:\/\/asinorge.no\/?s={search_term_string}"},"query-input":{"@type":"PropertyValueSpecification","valueRequired":true,"valueName":"search_term_string"}}],"inLanguage":"en-US"},{"@type":"Organization","@id":"https:\/\/asinorge.no\/#organization","name":"Alex Stewart International Norge AS","url":"https:\/\/asinorge.no\/","logo":{"@type":"ImageObject","inLanguage":"en-US","@id":"https:\/\/asinorge.no\/#\/schema\/logo\/image\/","url":"https:\/\/asinorge.no\/wp-content\/uploads\/2023\/11\/cropped-ASi-Logony.png","contentUrl":"https:\/\/asinorge.no\/wp-content\/uploads\/2023\/11\/cropped-ASi-Logony.png","width":943,"height":246,"caption":"Alex Stewart International Norge AS"},"image":{"@id":"https:\/\/asinorge.no\/#\/schema\/logo\/image\/"},"sameAs":["https:\/\/www.facebook.com\/slabstord\/","https:\/\/no.linkedin.com\/in\/alex-stewart-international-norge-as-avd-stord-11a5421a3"]}]}},"uagb_featured_image_src":{"full":false,"thumbnail":false,"medium":false,"medium_large":false,"large":false,"1536x1536":false,"2048x2048":false,"trp-custom-language-flag":false},"uagb_author_info":{"display_name":"ASI Norge AS","author_link":"https:\/\/asinorge.no\/en\/author\/malin_brady\/"},"uagb_comment_info":0,"uagb_excerpt":"ASI Norge tilbyr lagringsfors\u00f8k av alle typer n\u00e6ringsmidler som for eksempel fisk, kj\u00f8ttprodukter eller lignende. Vi bruker akkrediterte metoder i henhold til kundens kriterier. Eksempel p\u00e5 et lagringsfors\u00f8k (Laks, sl\u00f8yd) er test p\u00e5 dag 0, dag 10, dag 14 og dag 18 for diverse bakterier: Dette er &laquo;grunnpakken&raquo; som vi ville foresl\u00e5tt til en fiskeprodusent,&hellip;","jetpack_sharing_enabled":true,"_links":{"self":[{"href":"https:\/\/asinorge.no\/en\/wp-json\/wp\/v2\/pages\/1010","targetHints":{"allow":["GET"]}}],"collection":[{"href":"https:\/\/asinorge.no\/en\/wp-json\/wp\/v2\/pages"}],"about":[{"href":"https:\/\/asinorge.no\/en\/wp-json\/wp\/v2\/types\/page"}],"author":[{"embeddable":true,"href":"https:\/\/asinorge.no\/en\/wp-json\/wp\/v2\/users\/1"}],"replies":[{"embeddable":true,"href":"https:\/\/asinorge.no\/en\/wp-json\/wp\/v2\/comments?post=1010"}],"version-history":[{"count":9,"href":"https:\/\/asinorge.no\/en\/wp-json\/wp\/v2\/pages\/1010\/revisions"}],"predecessor-version":[{"id":1290,"href":"https:\/\/asinorge.no\/en\/wp-json\/wp\/v2\/pages\/1010\/revisions\/1290"}],"wp:attachment":[{"href":"https:\/\/asinorge.no\/en\/wp-json\/wp\/v2\/media?parent=1010"}],"curies":[{"name":"wp","href":"https:\/\/api.w.org\/{rel}","templated":true}]}}